{"id":1332,"date":"2017-10-31T14:25:04","date_gmt":"2017-10-31T16:25:04","guid":{"rendered":"http:\/\/maxipago.com\/developers\/?page_id=1332"},"modified":"2025-01-10T10:53:01","modified_gmt":"2025-01-10T13:53:01","slug":"editar-recorrencia","status":"publish","type":"page","link":"https:\/\/www.maxipago.com\/developers\/apidocs\/maxipago\/cartao-de-credito\/recorrencia\/editar-recorrencia\/","title":{"rendered":"Editar Recorr\u00eancia"},"content":{"rendered":"<p>A maxiPago! oferece 2 possibilidades de uma recorr\u00eancia ser editada:<\/p>\n<ul>\n<li>Quando o cliente quer alterar um dado a qualquer momento;<\/li>\n<li>Quando uma cobran\u00e7a \u00e9 declinada o cliente pode optar por:\n<ul>\n<li>Pular a parcela declinada e dar continuidade as pr\u00f3ximas cobran\u00e7as;<\/li>\n<li>Cancelar a Recorr\u00eancia;<\/li>\n<li>Pausar a Recorr\u00eancia;<\/li>\n<\/ul>\n<\/li>\n<\/ul>\n<p><b><\/b>Para realizar uma altera\u00e7\u00e3o a qualquer momento, siga as instru\u00e7\u00f5es abaixo:<\/p>\n<ul>\n<li style=\"font-size: medium;\">Para a utiliza\u00e7\u00e3o desse m\u00e9todo o comando \u201c<strong>modify-recurring<\/strong>\u201d deve ser informado em uma requisi\u00e7\u00e3o.<\/li>\n<li>Para que a altera\u00e7\u00e3o seja feita, a recorr\u00eancia deve inicialmente ser pausada com o comando: &#8220;<strong>disable<\/strong>&#8220;;<\/li>\n<li>Para que a altera\u00e7\u00e3o realizada tenha efeito, a recorr\u00eancia deve ser ativada novamente com o comando: &#8220;<strong>enable<\/strong>&#8220;<\/li>\n<\/ul>\n<h3 style=\"color: #e06b08;\">Editando a Recorr\u00eancia \u2013 URLs Para Envio dos Dados<\/h3>\n<p align=\"justify; font-size: medium;\"><strong style=\"color: #878787;\">SANDBOX<\/strong>: https:\/\/testapi.maxipago.net\/UniversalAPI\/postAPI<\/p>\n<p align=\"justify; font-size: medium;\"><strong style=\"color: #878787;\">PRODU\u00c7\u00c3O<\/strong>: https:\/\/api.maxipago.net\/UniversalAPI\/postAPI<\/p>\n<h3 style=\"color: #e06b08;\">Editando a Recorr\u00eancia \u2013 Exemplo de Requisi\u00e7\u00e3o<\/h3>\n<pre class=\"EnlighterJSRAW\" data-enlighter-language=\"xml\">&lt;?xml version=\"1.0\" encoding=\"UTF-8\"?&gt;\n&lt;api-request&gt;\n    &lt;verification&gt;\n        &lt;merchantId&gt;store-id&lt;\/merchantId&gt;\n        &lt;merchantKey&gt;store-key&lt;\/merchantKey&gt;\n    &lt;\/verification&gt;\n    &lt;command&gt;modify-recurring&lt;\/command&gt;\n    &lt;request&gt;\n        &lt;orderID&gt;C0A86327:0151B6814FA1:50F7:50212C05&lt;\/orderID&gt;\n        &lt;paymentInfo&gt;\n            &lt;cardInfo&gt;\n                &lt;creditCardNumber&gt;4716870704643843&lt;\/creditCardNumber&gt;\n                &lt;expirationMonth&gt;07&lt;\/expirationMonth&gt;\n                &lt;expirationYear&gt;2018&lt;\/expirationYear&gt;\n            &lt;\/cardInfo&gt;\n            &lt;chargeTotal&gt;50.00&lt;\/chargeTotal&gt;\n        &lt;\/paymentInfo&gt;\n        &lt;recurring&gt;\n            &lt;processorID&gt;1&lt;\/processorID&gt;\n            &lt;action&gt;enable&lt;\/action&gt;\n            &lt;installments&gt;10&lt;\/installments&gt;\n            &lt;nextFireDate&gt;2017-11-05&lt;\/nextFireDate&gt;\n            &lt;fireDay&gt;20&lt;\/fireDay&gt;\n            &lt;period&gt;quarterly&lt;\/period&gt;\n            &lt;lastDate&gt;2018-11-05&lt;\/lastDate&gt;\n            &lt;lastAmount&gt;105.00&lt;\/lastAmount&gt;\n        &lt;\/recurring&gt;\n        &lt;billingInfo&gt;\n            &lt;name&gt;BILLING REC UPD&lt;\/name&gt;\n            &lt;address1&gt;R BILLING STREET, 123&lt;\/address1&gt;\n            &lt;address2&gt;7 ANDAR&lt;\/address2&gt;\n            &lt;city&gt;SAMPA&lt;\/city&gt;\n            &lt;zip&gt;01312000&lt;\/zip&gt;\n            &lt;country&gt;BR&lt;\/country&gt;\n            &lt;email&gt;billing@maxipago.com&lt;\/email&gt;\n            &lt;phone&gt;1132890900&lt;\/phone&gt;\n        &lt;\/billingInfo&gt;\n        &lt;shippingInfo&gt;\n            &lt;name&gt;BILLING REC UPD&lt;\/name&gt;\n            &lt;address1&gt;R BILLING STREET, 123&lt;\/address1&gt;\n            &lt;address2&gt;7 ANDAR&lt;\/address2&gt;\n            &lt;city&gt;SAMPA&lt;\/city&gt;\n            &lt;zip&gt;01312000&lt;\/zip&gt;\n            &lt;country&gt;BR&lt;\/country&gt;\n            &lt;email&gt;billing@maxipago.com&lt;\/email&gt;\n            &lt;phone&gt;1132890900&lt;\/phone&gt;\n        &lt;\/shippingInfo&gt;\n    &lt;\/request&gt;\n&lt;\/api-request&gt;<\/pre>\n<h3 style=\"color: #e06b08;\">Editando a Recorr\u00eancia \u2013 Exemplo de Retorno em Caso de Sucesso<\/h3>\n<pre class=\"lang:default decode:true \">\u00a0<\/pre>\n<pre class=\"EnlighterJSRAW\" data-enlighter-language=\"generic\">&lt;?xml version=\"1.0\" encoding=\"UTF-8\"?&gt;\n&lt;api-response&gt;\n        &lt;errorCode&gt;0&lt;\/errorCode&gt;\n        &lt;errorMessage&gt;&lt;\/errorMessage&gt;\n        &lt;command&gt;modify-recurring&lt;\/command&gt;\n        &lt;time&gt;1509460190738&lt;\/time&gt;\n        &lt;result&gt;&lt;\/result&gt;\n&lt;\/api-response&gt;<\/pre>\n<h3 style=\"color: #e06b08;\">Editando a Recorr\u00eancia \u2013 Exemplo de Retorno em de Erro<\/h3>\n<pre class=\"EnlighterJSRAW\" data-enlighter-language=\"generic\">&lt;?xml version=\"1.0\" encoding=\"UTF-8\" standalone=\"yes\"?&gt;\n&lt;api-error&gt;\n    &lt;errorCode&gt;1&lt;\/errorCode&gt;\n    &lt;errorMsg&gt;\n        &lt;![CDATA[java.lang.Exception: empty element detected in setPsInParams for field=merchant_id]]&gt;\n    &lt;\/errorMsg&gt;\n&lt;\/api-error&gt;\n<\/pre>\n<h3 style=\"color: #e06b08;\">Editando as Parcelas da Recorr\u00eancia<\/h3>\n<p>Sempre considerar o n\u00famero de parcelas da cria\u00e7\u00e3o da recorr\u00eancia como base; lembrando que <strong>n\u00e3o \u00e9 poss\u00edvel<\/strong> colocar um n\u00famero de parcelas inferior aos pagamentos j\u00e1 realizados.<\/p>\n<p>No exemplo a seguir, a cobran\u00e7a inicial era de 10 parcelas e houve a necessidade de cobrar apenas mais 1. Ent\u00e3o considerando que j\u00e1 foram pagas 8 parcelas, o novo n\u00famero de installments ser\u00e1 9.<\/p>\n<pre class=\"EnlighterJSRAW\" data-enlighter-language=\"generic\">&lt;api-request&gt;\n\u00a0\u00a0\u00a0 &lt;version&gt;3.1.1.15&lt;\/version&gt;\n\u00a0\u00a0\u00a0 &lt;verification&gt;\n\u00a0\u00a0\u00a0\u00a0\u00a0\u00a0\u00a0 &lt;merchantId&gt;store-id&lt;\/merchantId&gt;\n\u00a0\u00a0\u00a0\u00a0\u00a0\u00a0\u00a0 &lt;merchantKey&gt;store-key&lt;\/merchantKey&gt;\n\u00a0\u00a0\u00a0 &lt;\/verification&gt;\n\u00a0\u00a0\u00a0 &lt;command&gt;modify-recurring&lt;\/command&gt;\n\u00a0\u00a0\u00a0 &lt;request&gt;\n\u00a0\u00a0\u00a0\u00a0\u00a0\u00a0\u00a0 &lt;orderID&gt;C0A86327:0151B6814FA1:50F7:50212C05&lt;\/orderID&gt;\n\u00a0\u00a0\u00a0\u00a0\u00a0\u00a0\u00a0 &lt;paymentInfo&gt;\n\u00a0\u00a0\u00a0\u00a0\u00a0\u00a0\u00a0\u00a0\u00a0\u00a0\u00a0 &lt;cardInfo&gt;\n\u00a0\u00a0\u00a0\u00a0\u00a0\u00a0\u00a0\u00a0\u00a0\u00a0\u00a0\u00a0\u00a0\u00a0\u00a0 &lt;creditCardNumber&gt;4716870704643843&lt;\/creditCardNumber&gt;\n\u00a0\u00a0\u00a0\u00a0\u00a0\u00a0\u00a0\u00a0\u00a0\u00a0\u00a0\u00a0\u00a0\u00a0\u00a0 &lt;expirationMonth&gt;07&lt;\/expirationMonth&gt;\n\u00a0\u00a0\u00a0\u00a0\u00a0\u00a0\u00a0\u00a0\u00a0\u00a0\u00a0\u00a0\u00a0\u00a0\u00a0 &lt;expirationYear&gt;2022&lt;\/expirationYear&gt;\n\u00a0\u00a0\u00a0\u00a0\u00a0\u00a0\u00a0\u00a0\u00a0\u00a0\u00a0 &lt;\/cardInfo&gt;\n\u00a0\u00a0\u00a0\u00a0\u00a0\u00a0\u00a0 &lt;\/paymentInfo&gt;\n\u00a0\u00a0\u00a0\u00a0\u00a0\u00a0\u00a0 &lt;recurring&gt;\n\u00a0\u00a0\u00a0\u00a0\u00a0\u00a0\u00a0\u00a0\u00a0\u00a0\u00a0 &lt;action&gt;enable&lt;\/action&gt;\n\u00a0\u00a0\u00a0\u00a0\u00a0\u00a0\u00a0\u00a0\u00a0\u00a0\u00a0 &lt;installments&gt;9&lt;\/installments&gt;\n\u00a0\u00a0\u00a0\u00a0\u00a0\u00a0\u00a0 &lt;\/recurring&gt;\n&lt;\/request&gt;\n&lt;\/api-request&gt;<br \/><br \/><\/pre>\n<h3 style=\"color: #e06b08;\">Editando a Recorr\u00eancia \u2013 Tabela de Par\u00e2metros<\/h3>\n<div id=\"footable_parent_4260\"\n         class=\" footable_parent ninja_table_wrapper loading_ninja_table wp_table_data_press_parent semantic_ui \">\n                <table data-ninja_table_instance=\"ninja_table_instance_0\" data-footable_id=\"4260\" data-filter-delay=\"1000\" aria-label=\"Editar Recorr\u00eancia\"            id=\"footable_4260\"\n           data-unique_identifier=\"ninja_table_unique_id_693679402_4260\"\n           class=\" foo-table ninja_footable foo_table_4260 ninja_table_unique_id_693679402_4260 ui table  nt_type_ajax_table selectable celled striped compact  footable-paging-right ninja_table_search_disabled\">\n                <colgroup>\n                            <col class=\"ninja_column_0 \">\n                            <col class=\"ninja_column_1 \">\n                            <col class=\"ninja_column_2 \">\n                            <col class=\"ninja_column_3 \">\n                    <\/colgroup>\n            <\/table>\n                    <style type=\"text\/css\" id='ninja_table_custom_css_4260'>\n                        #footable_4260  {\n        font-family: inherit;\n        font-size: 14px;\n    }\n\n                <\/style>\n                \n    \n    \n<\/div>\n\n\n\n<p><br><br><\/p>\n","protected":false},"excerpt":{"rendered":"<p>A maxiPago! oferece 2 possibilidades de uma recorr\u00eancia ser editada: Quando o cliente quer alterar um dado a qualquer momento; Quando uma cobran\u00e7a \u00e9 declinada o cliente pode optar por: Pular a parcela declinada e dar continuidade as pr\u00f3ximas cobran\u00e7as; Cancelar a Recorr\u00eancia; Pausar a Recorr\u00eancia; Para realizar uma altera\u00e7\u00e3o a qualquer momento, siga as [&hellip;]<\/p>\n","protected":false},"author":2,"featured_media":0,"parent":303,"menu_order":0,"comment_status":"closed","ping_status":"closed","template":"","meta":{"spay_email":"","footnotes":""},"yoast_head":"<!-- This site is optimized with the Yoast SEO plugin v16.2 - https:\/\/yoast.com\/wordpress\/plugins\/seo\/ -->\n<title>Editar Recorr\u00eancia - Gateway Rede! Developers<\/title>\n<meta name=\"robots\" content=\"noindex, follow, max-snippet:-1, max-image-preview:large, max-video-preview:-1\" \/>\n<meta property=\"og:locale\" content=\"pt_BR\" \/>\n<meta property=\"og:type\" content=\"article\" \/>\n<meta property=\"og:title\" content=\"Editar Recorr\u00eancia - Gateway Rede! Developers\" \/>\n<meta property=\"og:description\" content=\"A maxiPago! oferece 2 possibilidades de uma recorr\u00eancia ser editada: Quando o cliente quer alterar um dado a qualquer momento; Quando uma cobran\u00e7a \u00e9 declinada o cliente pode optar por: Pular a parcela declinada e dar continuidade as pr\u00f3ximas cobran\u00e7as; Cancelar a Recorr\u00eancia; Pausar a Recorr\u00eancia; Para realizar uma altera\u00e7\u00e3o a qualquer momento, siga as [&hellip;]\" \/>\n<meta property=\"og:url\" content=\"https:\/\/www.maxipago.com\/developers\/apidocs\/maxipago\/cartao-de-credito\/recorrencia\/editar-recorrencia\/\" \/>\n<meta property=\"og:site_name\" content=\"Gateway Rede! Developers\" \/>\n<meta property=\"article:publisher\" content=\"https:\/\/www.facebook.com\/maxiPago-193308344142172\/?fref=ts\" \/>\n<meta property=\"article:modified_time\" content=\"2025-01-10T13:53:01+00:00\" \/>\n<meta name=\"twitter:card\" content=\"summary\" \/>\n<meta name=\"twitter:label1\" content=\"Est. tempo de leitura\">\n\t<meta name=\"twitter:data1\" content=\"2 minutos\">\n<script type=\"application\/ld+json\" class=\"yoast-schema-graph\">{\"@context\":\"https:\/\/schema.org\",\"@graph\":[{\"@type\":\"WebSite\",\"@id\":\"https:\/\/www.maxipago.com\/developers\/#website\",\"url\":\"https:\/\/www.maxipago.com\/developers\/\",\"name\":\"Gateway Rede! Developers\",\"description\":\"Portal de Desenvolvedores - Gateway Rede!\",\"potentialAction\":[{\"@type\":\"SearchAction\",\"target\":\"https:\/\/www.maxipago.com\/developers\/?s={search_term_string}\",\"query-input\":\"required name=search_term_string\"}],\"inLanguage\":\"pt-BR\"},{\"@type\":\"WebPage\",\"@id\":\"https:\/\/www.maxipago.com\/developers\/apidocs\/maxipago\/cartao-de-credito\/recorrencia\/editar-recorrencia\/#webpage\",\"url\":\"https:\/\/www.maxipago.com\/developers\/apidocs\/maxipago\/cartao-de-credito\/recorrencia\/editar-recorrencia\/\",\"name\":\"Editar Recorr\\u00eancia - Gateway Rede! Developers\",\"isPartOf\":{\"@id\":\"https:\/\/www.maxipago.com\/developers\/#website\"},\"datePublished\":\"2017-10-31T16:25:04+00:00\",\"dateModified\":\"2025-01-10T13:53:01+00:00\",\"breadcrumb\":{\"@id\":\"https:\/\/www.maxipago.com\/developers\/apidocs\/maxipago\/cartao-de-credito\/recorrencia\/editar-recorrencia\/#breadcrumb\"},\"inLanguage\":\"pt-BR\",\"potentialAction\":[{\"@type\":\"ReadAction\",\"target\":[\"https:\/\/www.maxipago.com\/developers\/apidocs\/maxipago\/cartao-de-credito\/recorrencia\/editar-recorrencia\/\"]}]},{\"@type\":\"BreadcrumbList\",\"@id\":\"https:\/\/www.maxipago.com\/developers\/apidocs\/maxipago\/cartao-de-credito\/recorrencia\/editar-recorrencia\/#breadcrumb\",\"itemListElement\":[{\"@type\":\"ListItem\",\"position\":1,\"item\":{\"@type\":\"WebPage\",\"@id\":\"https:\/\/www.maxipago.com\/developers\/\",\"url\":\"https:\/\/www.maxipago.com\/developers\/\",\"name\":\"In\\u00edcio\"}},{\"@type\":\"ListItem\",\"position\":2,\"item\":{\"@type\":\"WebPage\",\"@id\":\"https:\/\/www.maxipago.com\/developers\/apidocs\/\",\"url\":\"https:\/\/www.maxipago.com\/developers\/apidocs\/\",\"name\":\"API Docs\"}},{\"@type\":\"ListItem\",\"position\":3,\"item\":{\"@type\":\"WebPage\",\"@id\":\"https:\/\/www.maxipago.com\/developers\/apidocs\/maxipago\/\",\"url\":\"https:\/\/www.maxipago.com\/developers\/apidocs\/maxipago\/\",\"name\":\"Documenta\\u00e7\\u00f5es Online\"}},{\"@type\":\"ListItem\",\"position\":4,\"item\":{\"@type\":\"WebPage\",\"@id\":\"https:\/\/www.maxipago.com\/developers\/apidocs\/maxipago\/cartao-de-credito\/\",\"url\":\"https:\/\/www.maxipago.com\/developers\/apidocs\/maxipago\/cartao-de-credito\/\",\"name\":\"Cart\\u00e3o de Cr\\u00e9dito\"}},{\"@type\":\"ListItem\",\"position\":5,\"item\":{\"@type\":\"WebPage\",\"@id\":\"https:\/\/www.maxipago.com\/developers\/apidocs\/maxipago\/cartao-de-credito\/recorrencia\/\",\"url\":\"https:\/\/www.maxipago.com\/developers\/apidocs\/maxipago\/cartao-de-credito\/recorrencia\/\",\"name\":\"Recorr\\u00eancia\"}},{\"@type\":\"ListItem\",\"position\":6,\"item\":{\"@id\":\"https:\/\/www.maxipago.com\/developers\/apidocs\/maxipago\/cartao-de-credito\/recorrencia\/editar-recorrencia\/#webpage\"}}]}]}<\/script>\n<!-- \/ Yoast SEO plugin. -->","_links":{"self":[{"href":"https:\/\/www.maxipago.com\/developers\/wp-json\/wp\/v2\/pages\/1332"}],"collection":[{"href":"https:\/\/www.maxipago.com\/developers\/wp-json\/wp\/v2\/pages"}],"about":[{"href":"https:\/\/www.maxipago.com\/developers\/wp-json\/wp\/v2\/types\/page"}],"author":[{"embeddable":true,"href":"https:\/\/www.maxipago.com\/developers\/wp-json\/wp\/v2\/users\/2"}],"replies":[{"embeddable":true,"href":"https:\/\/www.maxipago.com\/developers\/wp-json\/wp\/v2\/comments?post=1332"}],"version-history":[{"count":28,"href":"https:\/\/www.maxipago.com\/developers\/wp-json\/wp\/v2\/pages\/1332\/revisions"}],"predecessor-version":[{"id":4270,"href":"https:\/\/www.maxipago.com\/developers\/wp-json\/wp\/v2\/pages\/1332\/revisions\/4270"}],"up":[{"embeddable":true,"href":"https:\/\/www.maxipago.com\/developers\/wp-json\/wp\/v2\/pages\/303"}],"wp:attachment":[{"href":"https:\/\/www.maxipago.com\/developers\/wp-json\/wp\/v2\/media?parent=1332"}],"curies":[{"name":"wp","href":"https:\/\/api.w.org\/{rel}","templated":true}]}}