{"id":1414,"date":"2017-11-07T17:21:54","date_gmt":"2017-11-07T19:21:54","guid":{"rendered":"http:\/\/maxipago.com\/developers\/?page_id=1414"},"modified":"2024-10-03T08:30:16","modified_gmt":"2024-10-03T11:30:16","slug":"link-de-pagamento","status":"publish","type":"page","link":"https:\/\/www.maxipago.com\/developers\/apidocs\/link-de-pagamento\/","title":{"rendered":"Link de Pagamento"},"content":{"rendered":"\n<p class=\"has-colibri-color-6-color has-text-color\"><strong>Link de pagamento \u00e9 uma alternativa para efetuar uma venda sem que o cliente precise acessar seu site ou ir \u00e0 sua loja. Basta enviar o link por WhatsApp, redes sociais ou e-mail para concluir o procedimento.<\/strong><\/p>\n\n\n\n<p><strong>Aviso Importante:<\/strong><\/p>\n\n\n\n<p>Este link de pagamento da Maxipago est\u00e1 dispon\u00edvel apenas para clientes que j\u00e1 tinham o link contratado anteriormente. No momento, n\u00e3o estamos aceitando novos clientes para este servi\u00e7o atrav\u00e9s deste canal. No entanto, o produto est\u00e1 dispon\u00edvel para clientes da Rede, mas n\u00e3o na vers\u00e3o por API. Pedimos desculpas por qualquer inconveniente e agradecemos sua compreens\u00e3o.<\/p>\n\n\n\n<p><\/p>\n\n\n\n<p class=\"has-colibri-color-6-color has-colibri-color-2-background-color has-text-color has-background\"><strong>Aten\u00e7\u00e3o: O Link de Pagamento gerado via ambiente Maxipago, n\u00e3o possui antifraude ativado por padr\u00e3o, para ter suas transa\u00e7\u00f5es protegidas \u00e9 necess\u00e1rio fazer a contrata\u00e7\u00e3o direto com um dos Antifraudes que temos integra\u00e7\u00e3o (Clearsale ou Kout) e pedir a ativa\u00e7\u00e3o dele via central de atendimento.<\/strong><\/p>\n\n\n\n<hr class=\"wp-block-separator has-css-opacity\"\/>\n\n\n\n<h4 class=\"wp-block-heading\"><strong>Benef\u00edcios:<\/strong><\/h4>\n\n\n\n<ul class=\"has-colibri-color-6-color has-text-color\">\n<li>Desenvolvido para clientes que desejam estrutura de e-commerce completa<\/li>\n\n\n\n<li>N\u00e3o requer desenvolvimento por parte do lojista<\/li>\n\n\n\n<li>Vendas estilo one click \u2013 a partir da 2\u00aa compra<\/li>\n\n\n\n<li>Cria\u00e7\u00e3o de Pagamentos Recorrentes<\/li>\n\n\n\n<li>Cria\u00e7\u00e3o de Links para recebimento de Doa\u00e7\u00f5es (valor aberto)<\/li>\n\n\n\n<li>Site de pagamento responsivo<\/li>\n\n\n\n<li>Aceita os principais cart\u00f5es, incluindo o Cart\u00e3o Aux\u00edlio da Caixa<\/li>\n\n\n\n<li>Permite Pagamento R\u00e1pido ou Autenticado. Voc\u00ea decide como cobrar o seu cliente<\/li>\n\n\n\n<li>Integrado aos conciliadores e \u00e0s ferramentas de antifraude<\/li>\n<\/ul>\n\n\n\n<div class=\"schema-faq wp-block-yoast-faq-block\"><div class=\"schema-faq-section\" id=\"faq-question-1690825693462\"><strong class=\"schema-faq-question\"><\/strong> <p class=\"schema-faq-answer\"><\/p> <\/div> <\/div>\n\n\n\n\t\t\t\t\t\t<h3 style=\"margin-bottom:20px;display:block;width:100%;margin-top:10px\">Perguntas Frequentes Link de Pagamento <\/h3>\r\n\t\t\t\t\t\t<style>\r\n\t\t\t\t\t#wpsm_accordion_3563 .wpsm_panel-heading{\r\npadding:0px !important;\r\n}\r\n#wpsm_accordion_3563 .wpsm_panel-title {\r\nmargin:0px !important; \r\ntext-transform:none !important;\r\nline-height: 1 !important;\r\n}\r\n#wpsm_accordion_3563 .wpsm_panel-title a{\r\ntext-decoration:none;\r\ncolor:#000000 !important;\r\nfont-size:18px !important;\r\ndisplay:block;\r\npadding:0px;\r\nfont-family: Open Sans !important;\r\npadding-top: 10px;\r\npadding-bottom: 10px;\r\nborder-bottom:1px solid  #ddd !important;\r\n\r\n}\r\n#wpsm_accordion_3563 .wpsm_panel-title a:hover,#wpsm_accordion_3563 .wpsm_panel-title a:visited, #wpsm_accordion_3563 .wpsm_panel-title a:focus {\r\n\tcolor:#000000 !important;\r\n}\r\n#wpsm_accordion_3563 .acc-a{\r\n\tcolor: #000000 !important;\r\n\tbackground-color:#ffffff !important;\r\n\tborder-color: #ddd;\r\n}\r\n#wpsm_accordion_3563 .wpsm_panel-default > .wpsm_panel-heading{\r\n\tcolor: #000000 !important;\r\n\tbackground-color: #ffffff !important;\r\n\tborder-color: #ffffff !important;\r\n\tborder-top-left-radius: 0px;\r\n\tborder-top-right-radius: 0px;\r\n}\r\n#wpsm_accordion_3563 .wpsm_panel-default {\r\n\t\r\n\tborder:1px solid transparent !important;\r\n\r\n\t}\r\n#wpsm_accordion_3563 {\r\n\tmargin-bottom: 20px;\r\n\toverflow: hidden;\r\n\tfloat: left;\r\n\twidth: 100%;\r\n\tdisplay: block;\r\n}\r\n#wpsm_accordion_3563 .ac_title_class{\r\n\tdisplay: inline-block;\r\n    padding-top: 5px;\r\n    padding-bottom: 5px;\r\n    padding-left: 13px;\r\n    padding-right: 10px;\r\n    border: 0px solid #ddd;\r\n\tfont-size:18px !important;\r\nfont-family: Open Sans !important;\r\n\t\r\n\r\n}\r\n#wpsm_accordion_3563  .wpsm_panel {\r\n\toverflow:hidden;\r\n\t-webkit-box-shadow: 0 0px 0px rgba(0, 0, 0, .05);\r\n\tbox-shadow: 0 0px 0px rgba(0, 0, 0, .05);\r\n\t\r\n\t\tborder-radius: 4px;\r\n\t}\r\n#wpsm_accordion_3563  .wpsm_panel + .wpsm_panel {\r\n\t\tmargin-top: 5px;\r\n\t}\r\n#wpsm_accordion_3563  .wpsm_panel-body{\r\nbackground-color:#ffffff !important;\r\ncolor:#000000 !important;\r\nborder-top-color: #ffffff !important;\r\nfont-size:16px !important;\r\nfont-family: Open Sans !important;\r\noverflow: hidden;\r\n\r\nborder: 0px solid #ddd !important;\r\n\r\nborder-top:0px !important;\r\npadding-left: 60px;\r\n}\r\n\r\n#wpsm_accordion_3563 .ac_open_cl_icon{\r\n\tbackground-color:#d66601;\r\n\tcolor: #ffffff;\r\n\t\r\n     padding-top: 5px; \r\n     padding-bottom: 5px; \r\n\t margin-left:10px;\r\n    line-height: 1.0;\r\n    font-size:18px !important;\r\ntext-align: center !important;\r\n     width: 32px !important;\r\n    display: inline-block;\r\n\t\r\n\t\r\n}\r\n#wpsm_accordion_3563 .ac_open_cl_number{\r\n width: 25px !important;\r\n    display: inline-block;\r\n\t margin-left:10px;\r\n\t text-align: center !important;\r\n\t font-size:18px !important;\r\n\r\n}\r\n\r\n\t\t\t\r\n\t\t\t\t\r\n\t\t\t\t\t\r\n\t\t\t<\/style>\r\n\t\t\t<div class=\"wpsm_panel-group\" id=\"wpsm_accordion_3563\" >\r\n\t\t\t\t\r\n\t\t\t\t\t\t\r\n\t\t\t\t  <!-- Inner panel Start -->\r\n\t\t\t\t  <div class=\"wpsm_panel wpsm_panel-default\">\r\n\t\t\t\t\t<div class=\"wpsm_panel-heading\" role=\"tab\" >\r\n\t\t\t\t\t  <h4 class=\"wpsm_panel-title\">\r\n\t\t\t\t\t\t<a  class=\"\"  data-toggle=\"collapse\" data-parent=\"#wpsm_accordion_3563 \" href=\"#ac_3563_collapse1\"  >\r\n\t\t\t\t\t\t\t\t\t\t\t\t\t\t\t<span  class=\"ac_open_cl_icon fa fa-minus\"><\/span>\r\n\t\t\t\t\t\t\t\t\t\t\t\t\t\t\t\t\t\t\t\t\t<span class=\"ac_title_class\">\r\n\t\t\t\t\t\t\t\tLink de Pagamento Maxipago tem antifraude ativado por padr\u00e3o?\t\t\t\t\t\t\t<\/span>\r\n\t\t\t\t\t\t<\/a>\r\n\t\t\t\t\t  <\/h4>\r\n\t\t\t\t\t<\/div>\r\n\t\t\t\t\t<div id=\"ac_3563_collapse1\" class=\"wpsm_panel-collapse collapse_3563 collapse in\"  >\r\n\t\t\t\t\t  <div class=\"wpsm_panel-body\">\r\n\t\t\t\t\t\tN\u00e3o, o Link de Pagamento gerado via ambiente Maxipago, n\u00e3o possui antifraude ativado por padr\u00e3o, para ter suas transa\u00e7\u00f5es protegidas \u00e9 necess\u00e1rio fazer a contrata\u00e7\u00e3o direto com um dos Antifraudes que temos integra\u00e7\u00e3o (Clearsale ou Kout) e pedir a ativa\u00e7\u00e3o dele via central de atendimento.\t\t\t\t\t  <\/div>\r\n\t\t\t\t\t<\/div>\r\n\t\t\t\t  <\/div>\r\n\t\t\t\t   <!-- Inner panel End -->\r\n\t\t\t\t\r\n\t\t\t\t\t\t\r\n\t\t\t\t  <!-- Inner panel Start -->\r\n\t\t\t\t  <div class=\"wpsm_panel wpsm_panel-default\">\r\n\t\t\t\t\t<div class=\"wpsm_panel-heading\" role=\"tab\" >\r\n\t\t\t\t\t  <h4 class=\"wpsm_panel-title\">\r\n\t\t\t\t\t\t<a  class=\"collapsed\"  data-toggle=\"collapse\" data-parent=\"#wpsm_accordion_3563 \" href=\"#ac_3563_collapse2\"  >\r\n\t\t\t\t\t\t\t\t\t\t\t\t\t\t\t<span  class=\"ac_open_cl_icon fa fa-minus\"><\/span>\r\n\t\t\t\t\t\t\t\t\t\t\t\t\t\t\t\t\t\t\t\t\t<span class=\"ac_title_class\">\r\n\t\t\t\t\t\t\t\tO que \u00e9 uma Contesta\u00e7\u00e3o de venda (Chargeback)?\t\t\t\t\t\t\t<\/span>\r\n\t\t\t\t\t\t<\/a>\r\n\t\t\t\t\t  <\/h4>\r\n\t\t\t\t\t<\/div>\r\n\t\t\t\t\t<div id=\"ac_3563_collapse2\" class=\"wpsm_panel-collapse collapse_3563 collapse in\"  >\r\n\t\t\t\t\t  <div class=\"wpsm_panel-body\">\r\n\t\t\t\t\t\tVendas \u00e0 dist\u00e2ncia s\u00e3o aquelas transa\u00e7\u00f5es realizadas sem o cart\u00e3o presente e, consequentemente, sem a digita\u00e7\u00e3o da senha. Portanto, podem ser contestadas pelo Portador do cart\u00e3o\r\n\r\nA Contesta\u00e7\u00e3o pode acontecer por:\r\nFraude: Em casos que o Portado n\u00e3o fez ou n\u00e3o autorizou a Transa\u00e7\u00e3o\r\nDesacordo Comercial: Ocorre quando h\u00e1 problemas com a entrega, cobran\u00e7a e\/ou qualidade do produto\/servi\u00e7o.\r\nErro de Processamento: Quando h\u00e1 duplicidade na Transa\u00e7\u00e3o ou diferen\u00e7a de valor cobrado.\t\t\t\t\t  <\/div>\r\n\t\t\t\t\t<\/div>\r\n\t\t\t\t  <\/div>\r\n\t\t\t\t   <!-- Inner panel End -->\r\n\t\t\t\t\r\n\t\t\t\t\t\t\r\n\t\t\t\t  <!-- Inner panel Start -->\r\n\t\t\t\t  <div class=\"wpsm_panel wpsm_panel-default\">\r\n\t\t\t\t\t<div class=\"wpsm_panel-heading\" role=\"tab\" >\r\n\t\t\t\t\t  <h4 class=\"wpsm_panel-title\">\r\n\t\t\t\t\t\t<a  class=\"collapsed\"  data-toggle=\"collapse\" data-parent=\"#wpsm_accordion_3563 \" href=\"#ac_3563_collapse3\"  >\r\n\t\t\t\t\t\t\t\t\t\t\t\t\t\t\t<span  class=\"ac_open_cl_icon fa fa-minus\"><\/span>\r\n\t\t\t\t\t\t\t\t\t\t\t\t\t\t\t\t\t\t\t\t\t<span class=\"ac_title_class\">\r\n\t\t\t\t\t\t\t\tRecebi uma Contesta\u00e7\u00e3o de venda, e agora?\t\t\t\t\t\t\t<\/span>\r\n\t\t\t\t\t\t<\/a>\r\n\t\t\t\t\t  <\/h4>\r\n\t\t\t\t\t<\/div>\r\n\t\t\t\t\t<div id=\"ac_3563_collapse3\" class=\"wpsm_panel-collapse collapse_3563 collapse in\"  >\r\n\t\t\t\t\t  <div class=\"wpsm_panel-body\">\r\n\t\t\t\t\t\tO Estabelecimento pode fazer a sua defesa comprovando atrav\u00e9s dos documentos solicitados pelo emissor, que a Contesta\u00e7\u00e3o do Portador \u00e9 indevida. Por\u00e9m, n\u00e3o \u00e9 uma garantia que o Emissor ir\u00e1 aceitar e que o Estabelecimento ganhe a disputa.\r\n\r\nAten\u00e7\u00e3o: A defesa deve acontecer at\u00e9 15 dias ap\u00f3s a Contesta\u00e7\u00e3o. Caso contr\u00e1rio, ser\u00e1 de responsabilidade do Estabelecimento o valor da venda contestada.\t\t\t\t\t  <\/div>\r\n\t\t\t\t\t<\/div>\r\n\t\t\t\t  <\/div>\r\n\t\t\t\t   <!-- Inner panel End -->\r\n\t\t\t\t\r\n\t\t\t\t\t\t\r\n\t\t\t\t  <!-- Inner panel Start -->\r\n\t\t\t\t  <div class=\"wpsm_panel wpsm_panel-default\">\r\n\t\t\t\t\t<div class=\"wpsm_panel-heading\" role=\"tab\" >\r\n\t\t\t\t\t  <h4 class=\"wpsm_panel-title\">\r\n\t\t\t\t\t\t<a  class=\"collapsed\"  data-toggle=\"collapse\" data-parent=\"#wpsm_accordion_3563 \" href=\"#ac_3563_collapse4\"  >\r\n\t\t\t\t\t\t\t\t\t\t\t\t\t\t\t<span  class=\"ac_open_cl_icon fa fa-minus\"><\/span>\r\n\t\t\t\t\t\t\t\t\t\t\t\t\t\t\t\t\t\t\t\t\t<span class=\"ac_title_class\">\r\n\t\t\t\t\t\t\t\tComo posso evitar Chargebacks?\t\t\t\t\t\t\t<\/span>\r\n\t\t\t\t\t\t<\/a>\r\n\t\t\t\t\t  <\/h4>\r\n\t\t\t\t\t<\/div>\r\n\t\t\t\t\t<div id=\"ac_3563_collapse4\" class=\"wpsm_panel-collapse collapse_3563 collapse in\"  >\r\n\t\t\t\t\t  <div class=\"wpsm_panel-body\">\r\n\t\t\t\t\t\t<ol>\r\n \t<li>Fa\u00e7a um cadastro do cliente e sempre registre suas compras.<\/li>\r\n \t<li>Guarde as notas fiscais de suas vendas.<\/li>\r\n \t<li>Recomendamos, sempre que poss\u00edvel, que consulte as informa\u00e7\u00f5es do Portador do Cart\u00e3o em ferramentas de apoio, como Receita Federal ou Google.<\/li>\r\n \t<li>Garanta que o link seja compartilhado com algu\u00e9m de confian\u00e7a e que seja portador do cart\u00e3o.<\/li>\r\n \t<li>Ao entregar o produto ou servi\u00e7o, solicite um documento e a assinatura do cliente no comprovante de recebimento.<\/li>\r\n \t<li>Fique atento caso o comprador solicite o envio de muitos links em um curto per\u00edodo de tempo.<\/li>\r\n \t<li>Caso o cliente ligue solicitando a troca do endere\u00e7o ou alterando a modalidade de entregam pe\u00e7a para que ele cancele a compra e realize novamente, indicando a nova forma de recebimento.<\/li>\r\n \t<li>Desconfie de pedidos com valores muito acima do seu ticket m\u00e9dio de vendas.<\/li>\r\n \t<li>Contrate um antifraude e integre com a Maxipago para ter mais seguran\u00e7a em suas transa\u00e7\u00f5es<\/li>\r\n<\/ol>\t\t\t\t\t  <\/div>\r\n\t\t\t\t\t<\/div>\r\n\t\t\t\t  <\/div>\r\n\t\t\t\t   <!-- Inner panel End -->\r\n\t\t\t\t\r\n\t\t\t\t\t\t<\/div>\r\n\t\t\t\t<script>\r\n\tjQuery(document).ready(function() {\r\n\t\t\r\n\t\t\tjQuery('.collapse_3563').on('shown.bs.collapse', function(){jQuery(this).parent().find(\".fa-plus\").removeClass(\"fa-minus\").addClass(\"fa-minus\"); jQuery(this).parent().find(\".wpsm_panel-heading\").addClass(\"acc-a\"); }).on('hidden.bs.collapse', function(){jQuery(this).parent().find(\".fa-minus\").removeClass(\"fa-minus\").addClass(\"fa-plus\"); jQuery(this).parent().find(\".wpsm_panel-heading\").removeClass(\"acc-a\");});\r\n\t\t\r\n\t\t});\r\n\t<\/script>\r\n\t\t\n","protected":false},"excerpt":{"rendered":"<p>Link de pagamento \u00e9 uma alternativa para efetuar uma venda sem que o cliente precise acessar seu site ou ir \u00e0 sua loja. Basta enviar o link por WhatsApp, redes sociais ou e-mail para concluir o procedimento. Aviso Importante: Este link de pagamento da Maxipago est\u00e1 dispon\u00edvel apenas para clientes que j\u00e1 tinham o link [&hellip;]<\/p>\n","protected":false},"author":2,"featured_media":0,"parent":15,"menu_order":0,"comment_status":"closed","ping_status":"closed","template":"","meta":{"spay_email":"","footnotes":""},"yoast_head":"<!-- This site is optimized with the Yoast SEO plugin v16.2 - https:\/\/yoast.com\/wordpress\/plugins\/seo\/ -->\n<title>Link de Pagamento - Gateway Rede! Developers<\/title>\n<meta name=\"robots\" content=\"noindex, follow, max-snippet:-1, max-image-preview:large, max-video-preview:-1\" \/>\n<meta property=\"og:locale\" content=\"pt_BR\" \/>\n<meta property=\"og:type\" content=\"article\" \/>\n<meta property=\"og:title\" content=\"Link de Pagamento - Gateway Rede! Developers\" \/>\n<meta property=\"og:description\" content=\"Link de pagamento \u00e9 uma alternativa para efetuar uma venda sem que o cliente precise acessar seu site ou ir \u00e0 sua loja. Basta enviar o link por WhatsApp, redes sociais ou e-mail para concluir o procedimento. Aviso Importante: Este link de pagamento da Maxipago est\u00e1 dispon\u00edvel apenas para clientes que j\u00e1 tinham o link [&hellip;]\" \/>\n<meta property=\"og:url\" content=\"https:\/\/www.maxipago.com\/developers\/apidocs\/link-de-pagamento\/\" \/>\n<meta property=\"og:site_name\" content=\"Gateway Rede! Developers\" \/>\n<meta property=\"article:publisher\" content=\"https:\/\/www.facebook.com\/maxiPago-193308344142172\/?fref=ts\" \/>\n<meta property=\"article:modified_time\" content=\"2024-10-03T11:30:16+00:00\" \/>\n<meta name=\"twitter:card\" content=\"summary\" \/>\n<meta name=\"twitter:label1\" content=\"Est. tempo de leitura\">\n\t<meta name=\"twitter:data1\" content=\"1 minuto\">\n<script type=\"application\/ld+json\" class=\"yoast-schema-graph\">{\"@context\":\"https:\/\/schema.org\",\"@graph\":[{\"@type\":\"WebSite\",\"@id\":\"https:\/\/www.maxipago.com\/developers\/#website\",\"url\":\"https:\/\/www.maxipago.com\/developers\/\",\"name\":\"Gateway Rede! Developers\",\"description\":\"Portal de Desenvolvedores - Gateway Rede!\",\"potentialAction\":[{\"@type\":\"SearchAction\",\"target\":\"https:\/\/www.maxipago.com\/developers\/?s={search_term_string}\",\"query-input\":\"required name=search_term_string\"}],\"inLanguage\":\"pt-BR\"},{\"@type\":[\"WebPage\",\"FAQPage\"],\"@id\":\"https:\/\/www.maxipago.com\/developers\/apidocs\/link-de-pagamento\/#webpage\",\"url\":\"https:\/\/www.maxipago.com\/developers\/apidocs\/link-de-pagamento\/\",\"name\":\"Link de Pagamento - Gateway Rede! Developers\",\"isPartOf\":{\"@id\":\"https:\/\/www.maxipago.com\/developers\/#website\"},\"datePublished\":\"2017-11-07T19:21:54+00:00\",\"dateModified\":\"2024-10-03T11:30:16+00:00\",\"breadcrumb\":{\"@id\":\"https:\/\/www.maxipago.com\/developers\/apidocs\/link-de-pagamento\/#breadcrumb\"},\"inLanguage\":\"pt-BR\",\"potentialAction\":[{\"@type\":\"ReadAction\",\"target\":[\"https:\/\/www.maxipago.com\/developers\/apidocs\/link-de-pagamento\/\"]}]},{\"@type\":\"BreadcrumbList\",\"@id\":\"https:\/\/www.maxipago.com\/developers\/apidocs\/link-de-pagamento\/#breadcrumb\",\"itemListElement\":[{\"@type\":\"ListItem\",\"position\":1,\"item\":{\"@type\":\"WebPage\",\"@id\":\"https:\/\/www.maxipago.com\/developers\/\",\"url\":\"https:\/\/www.maxipago.com\/developers\/\",\"name\":\"In\\u00edcio\"}},{\"@type\":\"ListItem\",\"position\":2,\"item\":{\"@type\":\"WebPage\",\"@id\":\"https:\/\/www.maxipago.com\/developers\/apidocs\/\",\"url\":\"https:\/\/www.maxipago.com\/developers\/apidocs\/\",\"name\":\"API Docs\"}},{\"@type\":\"ListItem\",\"position\":3,\"item\":{\"@id\":\"https:\/\/www.maxipago.com\/developers\/apidocs\/link-de-pagamento\/#webpage\"}}]}]}<\/script>\n<!-- \/ Yoast SEO plugin. -->","_links":{"self":[{"href":"https:\/\/www.maxipago.com\/developers\/wp-json\/wp\/v2\/pages\/1414"}],"collection":[{"href":"https:\/\/www.maxipago.com\/developers\/wp-json\/wp\/v2\/pages"}],"about":[{"href":"https:\/\/www.maxipago.com\/developers\/wp-json\/wp\/v2\/types\/page"}],"author":[{"embeddable":true,"href":"https:\/\/www.maxipago.com\/developers\/wp-json\/wp\/v2\/users\/2"}],"replies":[{"embeddable":true,"href":"https:\/\/www.maxipago.com\/developers\/wp-json\/wp\/v2\/comments?post=1414"}],"version-history":[{"count":15,"href":"https:\/\/www.maxipago.com\/developers\/wp-json\/wp\/v2\/pages\/1414\/revisions"}],"predecessor-version":[{"id":4173,"href":"https:\/\/www.maxipago.com\/developers\/wp-json\/wp\/v2\/pages\/1414\/revisions\/4173"}],"up":[{"embeddable":true,"href":"https:\/\/www.maxipago.com\/developers\/wp-json\/wp\/v2\/pages\/15"}],"wp:attachment":[{"href":"https:\/\/www.maxipago.com\/developers\/wp-json\/wp\/v2\/media?parent=1414"}],"curies":[{"name":"wp","href":"https:\/\/api.w.org\/{rel}","templated":true}]}}