{"id":15,"date":"2017-02-06T13:50:15","date_gmt":"2017-02-06T15:50:15","guid":{"rendered":"http:\/\/maxipago.com\/developers\/?page_id=15"},"modified":"2024-05-13T16:28:33","modified_gmt":"2024-05-13T19:28:33","slug":"apidocs","status":"publish","type":"page","link":"https:\/\/www.maxipago.com\/developers\/apidocs\/","title":{"rendered":"API Docs"},"content":{"rendered":"\n<h2 class=\"wp-block-heading\"><span style=\"background-color:rgba(0, 0, 0, 0)\" class=\"has-inline-color has-luminous-vivid-orange-color\">INTEGRA\u00c7\u00c3O VIA API<\/span><\/h2>\n\n\n\n<div style=\"height:44px\" aria-hidden=\"true\" class=\"wp-block-spacer\"><\/div>\n\n\n\n<p>A principal caracter\u00edstica da integra\u00e7\u00e3o via API \u00e9 que os dados do cart\u00f5es de cr\u00e9dito s\u00e3o digitados no site do estabelecimento e ent\u00e3o enviados para a <strong>maxiPago!<\/strong>. Nesse processo n\u00e3o h\u00e1 exist\u00eancia de pop-up ou redirecionamentos; o checkout \u00e9 no pr\u00f3prio site do cliente. A responsabilidade de coletar os dados do cart\u00e3o do comprador \u00e9 do estabelecimento, logo, deve existir uma preocupa\u00e7\u00e3o com a seguran\u00e7a dos dados. \u00c9 necess\u00e1ria a compra de um <strong>certificado de seguran\u00e7a SSL.<\/strong><\/p>\n\n\n\n<p><strong>NOTA:<\/strong> Para as integra\u00e7\u00f5es API e Magento o PCI h\u00e1 um requisito obrigat\u00f3rio em rela\u00e7\u00e3o a seguran\u00e7a que \u00e9 a utiliza\u00e7\u00e3o do certificado de seguran\u00e7a TLS 1.2 (Transport Layer Security) ou vers\u00e3o superior. A maxiPago! como parceiro PCI certificado solicita aos seus clientes verificar os requisitos t\u00e9cnicos necess\u00e1rios para a implementa\u00e7\u00e3o desse certificado de seguran\u00e7a.<\/p>\n\n\n\n<div style=\"height:101px\" aria-hidden=\"true\" class=\"wp-block-spacer\"><\/div>\n\n\n\n<h3 class=\"wp-block-heading\"><span style=\"background-color:rgba(0, 0, 0, 0)\" class=\"has-inline-color has-luminous-vivid-orange-color\">AMBIENTE DE TESTES<\/span><\/h3>\n\n\n\n<div style=\"height:44px\" aria-hidden=\"true\" class=\"wp-block-spacer\"><\/div>\n\n\n\n<p>No ambiente de testes \u00e9 poss\u00edvel simular a maioria das requisi\u00e7\u00f5es e transa\u00e7\u00f5es.&nbsp;<strong>Lembre-se que no ambiente de testes nenhuma transa\u00e7\u00e3o ser\u00e1 de fato processada.<\/strong><\/p>\n\n\n\n<p>Abaixo temos a lista de cen\u00e1rios que gerar\u00e3o respostas programadas da nossa plataforma:<\/p>\n\n\n\n<div id=\"footable_parent_2203\"\n         class=\" footable_parent ninja_table_wrapper loading_ninja_table wp_table_data_press_parent semantic_ui \">\n                <table data-ninja_table_instance=\"ninja_table_instance_0\" data-footable_id=\"2203\" data-filter-delay=\"1000\" aria-label=\"api_docs_ambiente_testes\"            id=\"footable_2203\"\n           data-unique_identifier=\"ninja_table_unique_id_359689135_2203\"\n           class=\" foo-table ninja_footable foo_table_2203 ninja_table_unique_id_359689135_2203 ui table  nt_type_ajax_table selectable celled striped compact  footable-paging-right ninja_table_search_disabled\">\n                <colgroup>\n                            <col class=\"ninja_column_0 \">\n                            <col class=\"ninja_column_1 \">\n                    <\/colgroup>\n            <\/table>\n                    <style type=\"text\/css\" id='ninja_table_custom_css_2203'>\n                        #footable_2203  {\n        font-family: inherit;\n        font-size: 14px;\n    }\n\n#footable_parent_2203 {\n    overflow-y: hidden;\n    border-radius: .10rem;\n}\n\n#footable_parent_2203 .footable-header th{\n    background-color: sandybrown;\n    color: white;\n}\n#content tr td{\n    font-size: .9em;\n    padding: 4px 24px;\n}\n#content .footable-header th{\n    padding: 4px 24px;\n    text-align: center;\n}                <\/style>\n                \n    \n    \n<\/div>\n\n\n\n\n<div style=\"height:58px\" aria-hidden=\"true\" class=\"wp-block-spacer\"><\/div>\n\n\n\n<p>Abaixo h\u00e1 uma lista de cart\u00f5es teste dispon\u00edveis. O campo de CVV pode ser preenchido com qualquer n\u00famero com 3 ou 4 d\u00edgitos e a data de vencimento precisa apenas ser v\u00e1lida, ou seja, sempre no futuro:<\/p>\n\n\n\n<div id=\"footable_parent_2204\"\n         class=\" footable_parent ninja_table_wrapper loading_ninja_table wp_table_data_press_parent semantic_ui \">\n                <table data-ninja_table_instance=\"ninja_table_instance_1\" data-footable_id=\"2204\" data-filter-delay=\"1000\" aria-label=\"api_docs_ambiente_testes_cartoes\"            id=\"footable_2204\"\n           data-unique_identifier=\"ninja_table_unique_id_644974764_2204\"\n           class=\" foo-table ninja_footable foo_table_2204 ninja_table_unique_id_644974764_2204 ui table  nt_type_ajax_table selectable celled striped compact  footable-paging-right ninja_table_search_disabled\">\n                <colgroup>\n                            <col class=\"ninja_column_0 \">\n                            <col class=\"ninja_column_1 \">\n                    <\/colgroup>\n            <\/table>\n                    <style type=\"text\/css\" id='ninja_table_custom_css_2203'>\n                        #footable_2203  {\n        font-family: inherit;\n        font-size: 14px;\n    }\n\n#footable_parent_2203 {\n    overflow-y: hidden;\n    border-radius: .10rem;\n}\n\n#footable_parent_2203 .footable-header th{\n    background-color: sandybrown;\n    color: white;\n}\n#content tr td{\n    font-size: .9em;\n    padding: 4px 24px;\n}\n#content .footable-header th{\n    padding: 4px 24px;\n    text-align: center;\n}                <\/style>\n                                <style type=\"text\/css\" id='ninja_table_custom_css_2204'>\n                        #footable_2204  {\n        font-family: inherit;\n        font-size: 14px;\n    }\n\n#footable_parent_2204 {\r\n    overflow-y: hidden;\r\n    border-radius: .10rem;\r\n}\r\n\r\n#footable_parent_2204 .footable-header th{\r\n    background-color: sandybrown;\r\n    color: white;\r\n}\r\n#content tr td{\r\n    font-size: .9em;\r\n    padding: 4px 24px;\r\n}\r\n#content .footable-header th{\r\n    padding: 4px 24px;\r\n    text-align: center;\r\n}\r\n.nt_edit_link{\r\n    display: none;\r\n}                <\/style>\n                \n    \n    \n<\/div>\n\n\n\n\n<div style=\"height:76px\" aria-hidden=\"true\" class=\"wp-block-spacer\"><\/div>\n\n\n\n<h3 class=\"wp-block-heading\"><span style=\"background-color:rgba(0, 0, 0, 0)\" class=\"has-inline-color has-luminous-vivid-orange-color\">CREDENCIAIS DO ESTABELECIMENTO<\/span><\/h3>\n\n\n\n<div style=\"height:44px\" aria-hidden=\"true\" class=\"wp-block-spacer\"><\/div>\n\n\n\n<p>Para qualquer chamada feita em nossa base \u00e9 preciso que o Estabelecimento se identifique com as suas credenciais. O ID de Loja e a sua Chave s\u00e3o informados pela nossa equipe quando seu cadastro \u00e9 criado.<\/p>\n\n\n\n<p>Independentemente da requisi\u00e7\u00e3o que estiver chamando voc\u00ea dever\u00e1 informar suas credenciais dentro do elemento&nbsp;, da seguinte forma:<\/p>\n\n\n\n<pre class=\"EnlighterJSRAW\" data-enlighter-language=\"xml\" data-enlighter-theme=\"\" data-enlighter-highlight=\"\" data-enlighter-linenumbers=\"\" data-enlighter-lineoffset=\"\" data-enlighter-title=\"\" data-enlighter-group=\"\">&lt;verification>\n  &lt;merchantId>store-id&lt;\/merchantId>\n  &lt;merchantKey>secret-key&lt;\/merchantKey>\n&lt;\/verification><\/pre>\n\n\n\n<div style=\"height:61px\" aria-hidden=\"true\" class=\"wp-block-spacer\"><\/div>\n\n\n\n<h3 class=\"wp-block-heading\"><span style=\"background-color:rgba(0, 0, 0, 0)\" class=\"has-inline-color has-luminous-vivid-orange-color\">MEIOS DE PAGAMENTO DISPON\u00cdVEIS<\/span><\/h3>\n\n\n\n<div style=\"height:44px\" aria-hidden=\"true\" class=\"wp-block-spacer\"><\/div>\n\n\n\n<h3 class=\"wp-block-heading\"><span style=\"background-color:rgba(0, 0, 0, 0)\" class=\"has-inline-color has-luminous-vivid-orange-color\">CART\u00c3O DE CR\u00c9DITO<\/span><\/h3>\n\n\n\n<div style=\"height:44px\" aria-hidden=\"true\" class=\"wp-block-spacer\"><\/div>\n\n\n\n<div id=\"footable_parent_2207\"\n         class=\" footable_parent ninja_table_wrapper loading_ninja_table wp_table_data_press_parent semantic_ui \">\n                <table data-ninja_table_instance=\"ninja_table_instance_2\" data-footable_id=\"2207\" data-filter-delay=\"1000\" aria-label=\"api_docs_meios_pagamentos_cartoes\"            id=\"footable_2207\"\n           data-unique_identifier=\"ninja_table_unique_id_579211843_2207\"\n           class=\" foo-table ninja_footable foo_table_2207 ninja_table_unique_id_579211843_2207 ui table  nt_type_ajax_table selectable celled striped compact  footable-paging-right ninja_table_search_disabled\">\n                <colgroup>\n                            <col class=\"ninja_column_0 \">\n                            <col class=\"ninja_column_1 \">\n                    <\/colgroup>\n            <\/table>\n                    <style type=\"text\/css\" id='ninja_table_custom_css_2203'>\n                        #footable_2203  {\n        font-family: inherit;\n        font-size: 14px;\n    }\n\n#footable_parent_2203 {\n    overflow-y: hidden;\n    border-radius: .10rem;\n}\n\n#footable_parent_2203 .footable-header th{\n    background-color: sandybrown;\n    color: white;\n}\n#content tr td{\n    font-size: .9em;\n    padding: 4px 24px;\n}\n#content .footable-header th{\n    padding: 4px 24px;\n    text-align: center;\n}                <\/style>\n                                <style type=\"text\/css\" id='ninja_table_custom_css_2204'>\n                        #footable_2204  {\n        font-family: inherit;\n        font-size: 14px;\n    }\n\n#footable_parent_2204 {\r\n    overflow-y: hidden;\r\n    border-radius: .10rem;\r\n}\r\n\r\n#footable_parent_2204 .footable-header th{\r\n    background-color: sandybrown;\r\n    color: white;\r\n}\r\n#content tr td{\r\n    font-size: .9em;\r\n    padding: 4px 24px;\r\n}\r\n#content .footable-header th{\r\n    padding: 4px 24px;\r\n    text-align: center;\r\n}\r\n.nt_edit_link{\r\n    display: none;\r\n}                <\/style>\n                                <style type=\"text\/css\" id='ninja_table_custom_css_2207'>\n                        #footable_2207  {\n        font-family: inherit;\n        font-size: 14px;\n    }\n\n#footable_parent_2207 {\r\n    overflow-y: hidden;\r\n    border-radius: .10rem;\r\n}\r\n\r\n#footable_parent_2207 .footable-header th{\r\n    background-color: sandybrown;\r\n    color: white;\r\n}\r\n#content tr td{\r\n    font-size: .9em;\r\n    padding: 4px 24px;\r\n}\r\n#content .footable-header th{\r\n    padding: 4px 24px;\r\n    text-align: center;\r\n}\r\n.nt_edit_link{\r\n    display: none;\r\n}                <\/style>\n                \n    \n    \n<\/div>\n\n\n\n\n<div style=\"height:61px\" aria-hidden=\"true\" class=\"wp-block-spacer\"><\/div>\n\n\n\n<h3 class=\"wp-block-heading\"><span style=\"background-color:rgba(0, 0, 0, 0)\" class=\"has-inline-color has-luminous-vivid-orange-color\">BOLETOS<\/span><\/h3>\n\n\n\n<div style=\"height:44px\" aria-hidden=\"true\" class=\"wp-block-spacer\"><\/div>\n\n\n\n<div id=\"footable_parent_2208\"\n         class=\" footable_parent ninja_table_wrapper loading_ninja_table wp_table_data_press_parent semantic_ui \">\n                <table data-ninja_table_instance=\"ninja_table_instance_3\" data-footable_id=\"2208\" data-filter-delay=\"1000\" aria-label=\"api_docs_meios_pagamentos_boletos\"            id=\"footable_2208\"\n           data-unique_identifier=\"ninja_table_unique_id_1685623058_2208\"\n           class=\" foo-table ninja_footable foo_table_2208 ninja_table_unique_id_1685623058_2208 ui table  nt_type_ajax_table selectable celled striped compact  footable-paging-right ninja_table_search_disabled\">\n                <colgroup>\n                            <col class=\"ninja_column_0 \">\n                            <col class=\"ninja_column_1 \">\n                            <col class=\"ninja_column_2 \">\n                            <col class=\"ninja_column_3 \">\n                    <\/colgroup>\n            <\/table>\n                    <style type=\"text\/css\" id='ninja_table_custom_css_2203'>\n                        #footable_2203  {\n        font-family: inherit;\n        font-size: 14px;\n    }\n\n#footable_parent_2203 {\n    overflow-y: hidden;\n    border-radius: .10rem;\n}\n\n#footable_parent_2203 .footable-header th{\n    background-color: sandybrown;\n    color: white;\n}\n#content tr td{\n    font-size: .9em;\n    padding: 4px 24px;\n}\n#content .footable-header th{\n    padding: 4px 24px;\n    text-align: center;\n}                <\/style>\n                                <style type=\"text\/css\" id='ninja_table_custom_css_2204'>\n                        #footable_2204  {\n        font-family: inherit;\n        font-size: 14px;\n    }\n\n#footable_parent_2204 {\r\n    overflow-y: hidden;\r\n    border-radius: .10rem;\r\n}\r\n\r\n#footable_parent_2204 .footable-header th{\r\n    background-color: sandybrown;\r\n    color: white;\r\n}\r\n#content tr td{\r\n    font-size: .9em;\r\n    padding: 4px 24px;\r\n}\r\n#content .footable-header th{\r\n    padding: 4px 24px;\r\n    text-align: center;\r\n}\r\n.nt_edit_link{\r\n    display: none;\r\n}                <\/style>\n                                <style type=\"text\/css\" id='ninja_table_custom_css_2207'>\n                        #footable_2207  {\n        font-family: inherit;\n        font-size: 14px;\n    }\n\n#footable_parent_2207 {\r\n    overflow-y: hidden;\r\n    border-radius: .10rem;\r\n}\r\n\r\n#footable_parent_2207 .footable-header th{\r\n    background-color: sandybrown;\r\n    color: white;\r\n}\r\n#content tr td{\r\n    font-size: .9em;\r\n    padding: 4px 24px;\r\n}\r\n#content .footable-header th{\r\n    padding: 4px 24px;\r\n    text-align: center;\r\n}\r\n.nt_edit_link{\r\n    display: none;\r\n}                <\/style>\n                                <style type=\"text\/css\" id='ninja_table_custom_css_2208'>\n                        #footable_2208  {\n        font-family: inherit;\n        font-size: 14px;\n    }\n\n#footable_parent_2208 {\r\n    overflow-y: hidden;\r\n    border-radius: .10rem;\r\n}\r\n\r\n#footable_parent_2208 .footable-header th{\r\n    background-color: sandybrown;\r\n    color: white;\r\n}\r\n#content tr td{\r\n    font-size: .9em;\r\n    padding: 4px 24px;\r\n}\r\n#content .footable-header th{\r\n    padding: 4px 24px;\r\n    text-align: center;\r\n}\r\n.nt_edit_link{\r\n    display: none;\r\n}                <\/style>\n                \n    \n    \n<\/div>\n\n\n\n\n<div style=\"height:44px\" aria-hidden=\"true\" class=\"wp-block-spacer\"><\/div>\n\n\n\n<h3 class=\"wp-block-heading\"><span style=\"background-color:rgba(0, 0, 0, 0)\" class=\"has-inline-color has-luminous-vivid-orange-color\">TRANSFER\u00caNCIA BANC\u00c1RIA<\/span><\/h3>\n\n\n\n<div style=\"height:44px\" aria-hidden=\"true\" class=\"wp-block-spacer\"><\/div>\n\n\n\n<div id=\"footable_parent_2209\"\n         class=\" footable_parent ninja_table_wrapper loading_ninja_table wp_table_data_press_parent semantic_ui \">\n                <table data-ninja_table_instance=\"ninja_table_instance_4\" data-footable_id=\"2209\" data-filter-delay=\"1000\" aria-label=\"api_docs_meios_pagamentos_transferencia\"            id=\"footable_2209\"\n           data-unique_identifier=\"ninja_table_unique_id_1221068154_2209\"\n           class=\" foo-table ninja_footable foo_table_2209 ninja_table_unique_id_1221068154_2209 ui table  nt_type_ajax_table selectable celled striped compact  footable-paging-right ninja_table_search_disabled\">\n                <colgroup>\n                            <col class=\"ninja_column_0 \">\n                            <col class=\"ninja_column_1 \">\n                    <\/colgroup>\n            <\/table>\n                    <style type=\"text\/css\" id='ninja_table_custom_css_2203'>\n                        #footable_2203  {\n        font-family: inherit;\n        font-size: 14px;\n    }\n\n#footable_parent_2203 {\n    overflow-y: hidden;\n    border-radius: .10rem;\n}\n\n#footable_parent_2203 .footable-header th{\n    background-color: sandybrown;\n    color: white;\n}\n#content tr td{\n    font-size: .9em;\n    padding: 4px 24px;\n}\n#content .footable-header th{\n    padding: 4px 24px;\n    text-align: center;\n}                <\/style>\n                                <style type=\"text\/css\" id='ninja_table_custom_css_2204'>\n                        #footable_2204  {\n        font-family: inherit;\n        font-size: 14px;\n    }\n\n#footable_parent_2204 {\r\n    overflow-y: hidden;\r\n    border-radius: .10rem;\r\n}\r\n\r\n#footable_parent_2204 .footable-header th{\r\n    background-color: sandybrown;\r\n    color: white;\r\n}\r\n#content tr td{\r\n    font-size: .9em;\r\n    padding: 4px 24px;\r\n}\r\n#content .footable-header th{\r\n    padding: 4px 24px;\r\n    text-align: center;\r\n}\r\n.nt_edit_link{\r\n    display: none;\r\n}                <\/style>\n                                <style type=\"text\/css\" id='ninja_table_custom_css_2207'>\n                        #footable_2207  {\n        font-family: inherit;\n        font-size: 14px;\n    }\n\n#footable_parent_2207 {\r\n    overflow-y: hidden;\r\n    border-radius: .10rem;\r\n}\r\n\r\n#footable_parent_2207 .footable-header th{\r\n    background-color: sandybrown;\r\n    color: white;\r\n}\r\n#content tr td{\r\n    font-size: .9em;\r\n    padding: 4px 24px;\r\n}\r\n#content .footable-header th{\r\n    padding: 4px 24px;\r\n    text-align: center;\r\n}\r\n.nt_edit_link{\r\n    display: none;\r\n}                <\/style>\n                                <style type=\"text\/css\" id='ninja_table_custom_css_2208'>\n                        #footable_2208  {\n        font-family: inherit;\n        font-size: 14px;\n    }\n\n#footable_parent_2208 {\r\n    overflow-y: hidden;\r\n    border-radius: .10rem;\r\n}\r\n\r\n#footable_parent_2208 .footable-header th{\r\n    background-color: sandybrown;\r\n    color: white;\r\n}\r\n#content tr td{\r\n    font-size: .9em;\r\n    padding: 4px 24px;\r\n}\r\n#content .footable-header th{\r\n    padding: 4px 24px;\r\n    text-align: center;\r\n}\r\n.nt_edit_link{\r\n    display: none;\r\n}                <\/style>\n                                <style type=\"text\/css\" id='ninja_table_custom_css_2209'>\n                        #footable_2209  {\n        font-family: inherit;\n        font-size: 14px;\n    }\n\n#footable_parent_2209 {\r\n    overflow-y: hidden;\r\n    border-radius: .10rem;\r\n}\r\n\r\n#footable_parent_2209 .footable-header th{\r\n    background-color: sandybrown;\r\n    color: white;\r\n}\r\n#content tr td{\r\n    font-size: .9em;\r\n    padding: 4px 24px;\r\n}\r\n#content .footable-header th{\r\n    padding: 4px 24px;\r\n    text-align: center;\r\n}\r\n.nt_edit_link{\r\n    display: none;\r\n}                <\/style>\n                \n    \n    \n<\/div>\n\n\n\n\n<div style=\"height:44px\" aria-hidden=\"true\" class=\"wp-block-spacer\"><\/div>\n\n\n\n<h3 class=\"wp-block-heading\"><span style=\"background-color:rgba(0, 0, 0, 0)\" class=\"has-inline-color has-luminous-vivid-orange-color\">TIPOS DE REQUISI\u00c7\u00d5ES<\/span><\/h3>\n\n\n\n<div style=\"height:44px\" aria-hidden=\"true\" class=\"wp-block-spacer\"><\/div>\n\n\n\n<p>A troca de informa\u00e7\u00f5es com a maxiPago! \u00e9 feita atrav\u00e9s de um XML enviado diretamente no corpo do Post, ele n\u00e3o deve estar dentro de nenhum par\u00e2metro e nem ser enviado em um formul\u00e1rio.<\/p>\n\n\n\n<div style=\"height:44px\" aria-hidden=\"true\" class=\"wp-block-spacer\"><\/div>\n\n\n\n<p class=\"has-text-align-center\"><strong>O content type deve ser text\/xml e o charset deve ser UTF-8.<\/strong><\/p>\n\n\n\n<div style=\"height:44px\" aria-hidden=\"true\" class=\"wp-block-spacer\"><\/div>\n\n\n\n<p>H\u00e1 tr\u00eas tipos de requisi\u00e7\u00e3o que podem ser feitas \u00e0 maxiPago!:<\/p>\n\n\n\n<p><strong><span style=\"color:#646565\" class=\"has-inline-color\">\u2013 Requisi\u00e7\u00e3o de Transa\u00e7\u00e3o:<\/span><\/strong>&nbsp;Processa pedidos de Cart\u00e3o de Cr\u00e9dito e Boleto. N\u00f3 raiz do XML: &lt;transaction-request\/&gt;, retornando &lt;transaction-response\/&gt;<\/p>\n\n\n\n<p><strong><span style=\"color:#646565\" class=\"has-inline-color\">\u2013 Requisi\u00e7\u00e3o de Cadastro:<\/span><\/strong>&nbsp;Efetua opera\u00e7\u00f5es cadastrais, como salvar um cart\u00e3o na base. N\u00f3 raiz do XML: &lt;api-request\/&gt;, retornando &lt;api-response\/&gt;<\/p>\n\n\n\n<p><strong><span style=\"color:#646565\" class=\"has-inline-color\">\u2013 Requisi\u00e7\u00e3o de Consulta:<\/span><\/strong>&nbsp;Consultar os pedidos na base. N\u00f3 raiz do XML: &lt;rapi-request\/&gt;, retornando &lt;rapi-response\/&gt;<\/p>\n\n\n\n<p>Cada tipo de requisi\u00e7\u00e3o tem uma URL de teste espec\u00edfica:<\/p>\n\n\n\n<div style=\"height:44px\" aria-hidden=\"true\" class=\"wp-block-spacer\"><\/div>\n\n\n\n<p class=\"has-text-align-center\"><strong><span style=\"color:#646565\" class=\"has-inline-color\">TRANSA\u00c7\u00d5ES (teste):<\/span><\/strong>&nbsp;https:\/\/testapi.maxipago.net\/UniversalAPI\/postXML<br><strong><span style=\"color:#646565\" class=\"has-inline-color\">CADASTRO (teste):<\/span><\/strong>&nbsp;https:\/\/testapi.maxipago.net\/UniversalAPI\/postAPI<br><strong><span style=\"color:#646565\" class=\"has-inline-color\">CONSULTA (teste):<\/span><\/strong>&nbsp;https:\/\/testapi.maxipago.net\/ReportsAPI\/servlet\/ReportsAPI<br><strong><span style=\"color:#646565\" class=\"has-inline-color\">SMARTPAGE! (HTTPS Redirect) (teste):<\/span><\/strong>&nbsp;https:\/\/testsecure.maxipago.net\/hostpay\/HostPay<\/p>\n\n\n\n<p><\/p>\n\n\n\n<div style=\"height:100px\" aria-hidden=\"true\" class=\"wp-block-spacer\"><\/div>\n","protected":false},"excerpt":{"rendered":"<p>INTEGRA\u00c7\u00c3O VIA API A principal caracter\u00edstica da integra\u00e7\u00e3o via API \u00e9 que os dados do cart\u00f5es de cr\u00e9dito s\u00e3o digitados no site do estabelecimento e ent\u00e3o enviados para a maxiPago!. Nesse processo n\u00e3o h\u00e1 exist\u00eancia de pop-up ou redirecionamentos; o checkout \u00e9 no pr\u00f3prio site do cliente. A responsabilidade de coletar os dados do cart\u00e3o [&hellip;]<\/p>\n","protected":false},"author":7,"featured_media":0,"parent":0,"menu_order":0,"comment_status":"closed","ping_status":"closed","template":"","meta":{"spay_email":"","footnotes":""},"yoast_head":"<!-- This site is optimized with the Yoast SEO plugin v16.2 - https:\/\/yoast.com\/wordpress\/plugins\/seo\/ -->\n<title>API Docs - Gateway Rede! Developers<\/title>\n<meta name=\"robots\" content=\"noindex, follow, max-snippet:-1, max-image-preview:large, max-video-preview:-1\" \/>\n<meta property=\"og:locale\" content=\"pt_BR\" \/>\n<meta property=\"og:type\" content=\"article\" \/>\n<meta property=\"og:title\" content=\"API Docs - Gateway Rede! Developers\" \/>\n<meta property=\"og:description\" content=\"INTEGRA\u00c7\u00c3O VIA API A principal caracter\u00edstica da integra\u00e7\u00e3o via API \u00e9 que os dados do cart\u00f5es de cr\u00e9dito s\u00e3o digitados no site do estabelecimento e ent\u00e3o enviados para a maxiPago!. Nesse processo n\u00e3o h\u00e1 exist\u00eancia de pop-up ou redirecionamentos; o checkout \u00e9 no pr\u00f3prio site do cliente. A responsabilidade de coletar os dados do cart\u00e3o [&hellip;]\" \/>\n<meta property=\"og:url\" content=\"https:\/\/www.maxipago.com\/developers\/apidocs\/\" \/>\n<meta property=\"og:site_name\" content=\"Gateway Rede! Developers\" \/>\n<meta property=\"article:publisher\" content=\"https:\/\/www.facebook.com\/maxiPago-193308344142172\/?fref=ts\" \/>\n<meta property=\"article:modified_time\" content=\"2024-05-13T19:28:33+00:00\" \/>\n<meta name=\"twitter:card\" content=\"summary\" \/>\n<meta name=\"twitter:label1\" content=\"Est. tempo de leitura\">\n\t<meta name=\"twitter:data1\" content=\"2 minutos\">\n<script type=\"application\/ld+json\" class=\"yoast-schema-graph\">{\"@context\":\"https:\/\/schema.org\",\"@graph\":[{\"@type\":\"WebSite\",\"@id\":\"https:\/\/www.maxipago.com\/developers\/#website\",\"url\":\"https:\/\/www.maxipago.com\/developers\/\",\"name\":\"Gateway Rede! Developers\",\"description\":\"Portal de Desenvolvedores - Gateway Rede!\",\"potentialAction\":[{\"@type\":\"SearchAction\",\"target\":\"https:\/\/www.maxipago.com\/developers\/?s={search_term_string}\",\"query-input\":\"required name=search_term_string\"}],\"inLanguage\":\"pt-BR\"},{\"@type\":\"WebPage\",\"@id\":\"https:\/\/www.maxipago.com\/developers\/apidocs\/#webpage\",\"url\":\"https:\/\/www.maxipago.com\/developers\/apidocs\/\",\"name\":\"API Docs - Gateway Rede! Developers\",\"isPartOf\":{\"@id\":\"https:\/\/www.maxipago.com\/developers\/#website\"},\"datePublished\":\"2017-02-06T15:50:15+00:00\",\"dateModified\":\"2024-05-13T19:28:33+00:00\",\"breadcrumb\":{\"@id\":\"https:\/\/www.maxipago.com\/developers\/apidocs\/#breadcrumb\"},\"inLanguage\":\"pt-BR\",\"potentialAction\":[{\"@type\":\"ReadAction\",\"target\":[\"https:\/\/www.maxipago.com\/developers\/apidocs\/\"]}]},{\"@type\":\"BreadcrumbList\",\"@id\":\"https:\/\/www.maxipago.com\/developers\/apidocs\/#breadcrumb\",\"itemListElement\":[{\"@type\":\"ListItem\",\"position\":1,\"item\":{\"@type\":\"WebPage\",\"@id\":\"https:\/\/www.maxipago.com\/developers\/\",\"url\":\"https:\/\/www.maxipago.com\/developers\/\",\"name\":\"In\\u00edcio\"}},{\"@type\":\"ListItem\",\"position\":2,\"item\":{\"@id\":\"https:\/\/www.maxipago.com\/developers\/apidocs\/#webpage\"}}]}]}<\/script>\n<!-- \/ Yoast SEO plugin. -->","_links":{"self":[{"href":"https:\/\/www.maxipago.com\/developers\/wp-json\/wp\/v2\/pages\/15"}],"collection":[{"href":"https:\/\/www.maxipago.com\/developers\/wp-json\/wp\/v2\/pages"}],"about":[{"href":"https:\/\/www.maxipago.com\/developers\/wp-json\/wp\/v2\/types\/page"}],"author":[{"embeddable":true,"href":"https:\/\/www.maxipago.com\/developers\/wp-json\/wp\/v2\/users\/7"}],"replies":[{"embeddable":true,"href":"https:\/\/www.maxipago.com\/developers\/wp-json\/wp\/v2\/comments?post=15"}],"version-history":[{"count":53,"href":"https:\/\/www.maxipago.com\/developers\/wp-json\/wp\/v2\/pages\/15\/revisions"}],"predecessor-version":[{"id":3989,"href":"https:\/\/www.maxipago.com\/developers\/wp-json\/wp\/v2\/pages\/15\/revisions\/3989"}],"wp:attachment":[{"href":"https:\/\/www.maxipago.com\/developers\/wp-json\/wp\/v2\/media?parent=15"}],"curies":[{"name":"wp","href":"https:\/\/api.w.org\/{rel}","templated":true}]}}