{"id":1562,"date":"2018-07-12T10:19:04","date_gmt":"2018-07-12T13:19:04","guid":{"rendered":"http:\/\/maxipago.com\/developers\/?page_id=1562"},"modified":"2024-02-22T11:55:41","modified_gmt":"2024-02-22T14:55:41","slug":"criar-um-cadastro-do-cliente","status":"publish","type":"page","link":"https:\/\/www.maxipago.com\/developers\/apidocs\/requisicoes-de-cadastro\/criar-um-cadastro-do-cliente\/","title":{"rendered":"Criar um Cadastro do Cliente"},"content":{"rendered":"\n<p>Criar um cadstro do cliente \u00e9 o primeiro passo a ser realizado antes de se adicionar um cart\u00e3o \u00e0 base, atrav\u00e9s do comando add-consumer.<\/p>\n\n\n\n<h2 class=\"wp-block-heading\"><strong style=\"color: #e06b08;\"><span class=\"has-inline-color has-colibri-color-2-color\">URLs para criar um cadastro de cliente<\/span><\/strong><\/h2>\n\n\n\n<p><strong style=\"color: #878787;\">Sandbox:<\/strong>&nbsp;https:\/\/testapi.maxipago.net\/UniversalAPI\/postAPI<br><strong style=\"color: #878787;\">Produ\u00e7\u00e3o:<\/strong>&nbsp;https:\/\/api.maxipago.net\/UniversalAPI\/postAPI<\/p>\n\n\n\n<pre class=\"EnlighterJSRAW\" data-enlighter-language=\"xml\" data-enlighter-theme=\"\" data-enlighter-highlight=\"\" data-enlighter-linenumbers=\"\" data-enlighter-lineoffset=\"\" data-enlighter-title=\"\" data-enlighter-group=\"\">&lt;api-request>\n\t&lt;verification>\n\t\t&lt;merchantId>store-id&lt;\/merchantId>\n\t\t&lt;merchantKey>store-key&lt;\/merchantKey>\n\t&lt;\/verification>\n\t&lt;command>add-consumer&lt;\/command>\n\t&lt;request>\n\t\t&lt;customerIdExt>00000001&lt;\/customerIdExt>\n\t\t&lt;firstName>Fulano&lt;\/firstName>\n\t\t&lt;lastName>de Tal&lt;\/lastName>\n\t\t&lt;address1>Av. Marcos Penteado de Ulhoa Rodrigues, 939&lt;\/address1>\n\t\t&lt;address2>11 Andar&lt;\/address2>\n\t\t&lt;city>Barueri&lt;\/city>\n\t\t&lt;state>SP&lt;\/state>\n\t\t&lt;zip>06360040&lt;\/zip>\n\t\t&lt;country>BR&lt;\/country>\n\t\t&lt;phone>01121218536&lt;\/phone>\n\t\t&lt;email>fulano@dominio.com&lt;\/email>\n\t\t&lt;dob>12\/25\/1970&lt;\/dob>\n\t\t&lt;sex>M&lt;\/sex>\n\t&lt;\/request>\n&lt;\/api-request><\/pre>\n\n\n\n<div style=\"height:28px\" aria-hidden=\"true\" class=\"wp-block-spacer\"><\/div>\n\n\n\n<h3 class=\"wp-block-heading\"><span style=\"background-color:rgba(0, 0, 0, 0)\" class=\"has-inline-color has-colibri-color-2-color\"><strong>Exemplo de Retorno em caso de sucesso<\/strong><\/span><\/h3>\n\n\n\n<div style=\"height:22px\" aria-hidden=\"true\" class=\"wp-block-spacer\"><\/div>\n\n\n\n<pre class=\"EnlighterJSRAW\" data-enlighter-language=\"generic\" data-enlighter-theme=\"\" data-enlighter-highlight=\"\" data-enlighter-linenumbers=\"\" data-enlighter-lineoffset=\"\" data-enlighter-title=\"\" data-enlighter-group=\"\">&lt;?xml version=\"1.0\" encoding=\"UTF-8\" ?>\n&lt;api-response>\n\t&lt;errorCode>0&lt;\/errorCode>\n\t&lt;errorMessage>&lt;\/errorMessage>\n\t&lt;command>add-consumer&lt;\/command>\n\t&lt;time>1678283556872&lt;\/time>\n\t&lt;result>\n\t\t&lt;customerId>86975768&lt;\/customerId>\n\t&lt;\/result>\n&lt;\/api-response><\/pre>\n\n\n\n<div style=\"height:19px\" aria-hidden=\"true\" class=\"wp-block-spacer\"><\/div>\n\n\n\n<p><strong>Importante:<\/strong> Os dados retornados no par\u00e2metro: <strong>&lt;customerId&gt;<\/strong> devem ser reservados para uso futuro.<\/p>\n\n\n\n<div style=\"height:26px\" aria-hidden=\"true\" class=\"wp-block-spacer\"><\/div>\n\n\n\n<h3 class=\"wp-block-heading\"><\/h3>\n\n\n\n<div style=\"height:21px\" aria-hidden=\"true\" class=\"wp-block-spacer\"><\/div>\n\n\n\n<h2 class=\"wp-block-heading\"><strong><span class=\"has-inline-color has-colibri-color-2-color\"><strong>Os par\u00e2metros aceitos no add-consumer<\/strong><\/span><\/strong><\/h2>\n\n\n\n<p>Os par\u00e2metros aceitos no comando add-consumer est\u00e3o abaixo. Se o campo for vazio, n\u00e3o enviar.<\/p>\n\n\n\n<div id=\"footable_parent_3317\"\n         class=\" footable_parent ninja_table_wrapper loading_ninja_table wp_table_data_press_parent semantic_ui \">\n                <table data-ninja_table_instance=\"ninja_table_instance_0\" data-footable_id=\"3317\" data-filter-delay=\"1000\" aria-label=\"Request Add Consumer\"            id=\"footable_3317\"\n           data-unique_identifier=\"ninja_table_unique_id_1996178680_3317\"\n           class=\" foo-table ninja_footable foo_table_3317 ninja_table_unique_id_1996178680_3317 ui table  nt_type_ajax_table selectable celled striped compact  footable-paging-right ninja_table_search_disabled\">\n                <colgroup>\n                            <col class=\"ninja_column_0 \">\n                            <col class=\"ninja_column_1 \">\n                            <col class=\"ninja_column_2 \">\n                            <col class=\"ninja_column_3 \">\n                    <\/colgroup>\n            <\/table>\n                    <style type=\"text\/css\" id='ninja_table_custom_css_3317'>\n                        #footable_3317  {\n        font-family: inherit;\n        font-size: 14px;\n    }\n\n                <\/style>\n                \n    \n    \n<\/div>\n\n","protected":false},"excerpt":{"rendered":"<p>Criar um cadstro do cliente \u00e9 o primeiro passo a ser realizado antes de se adicionar um cart\u00e3o \u00e0 base, atrav\u00e9s do comando add-consumer. URLs para criar um cadastro de cliente Sandbox:&nbsp;https:\/\/testapi.maxipago.net\/UniversalAPI\/postAPIProdu\u00e7\u00e3o:&nbsp;https:\/\/api.maxipago.net\/UniversalAPI\/postAPI Exemplo de Retorno em caso de sucesso Importante: Os dados retornados no par\u00e2metro: &lt;customerId&gt; devem ser reservados para uso futuro. Os par\u00e2metros aceitos [&hellip;]<\/p>\n","protected":false},"author":2,"featured_media":0,"parent":1544,"menu_order":0,"comment_status":"closed","ping_status":"closed","template":"","meta":{"spay_email":"","footnotes":""},"yoast_head":"<!-- This site is optimized with the Yoast SEO plugin v16.2 - https:\/\/yoast.com\/wordpress\/plugins\/seo\/ -->\n<title>Criar um Cadastro do Cliente - Gateway Rede! Developers<\/title>\n<meta name=\"robots\" content=\"noindex, follow, max-snippet:-1, max-image-preview:large, max-video-preview:-1\" \/>\n<meta property=\"og:locale\" content=\"pt_BR\" \/>\n<meta property=\"og:type\" content=\"article\" \/>\n<meta property=\"og:title\" content=\"Criar um Cadastro do Cliente - Gateway Rede! Developers\" \/>\n<meta property=\"og:description\" content=\"Criar um cadstro do cliente \u00e9 o primeiro passo a ser realizado antes de se adicionar um cart\u00e3o \u00e0 base, atrav\u00e9s do comando add-consumer. URLs para criar um cadastro de cliente Sandbox:&nbsp;https:\/\/testapi.maxipago.net\/UniversalAPI\/postAPIProdu\u00e7\u00e3o:&nbsp;https:\/\/api.maxipago.net\/UniversalAPI\/postAPI Exemplo de Retorno em caso de sucesso Importante: Os dados retornados no par\u00e2metro: &lt;customerId&gt; devem ser reservados para uso futuro. Os par\u00e2metros aceitos [&hellip;]\" \/>\n<meta property=\"og:url\" content=\"https:\/\/www.maxipago.com\/developers\/apidocs\/requisicoes-de-cadastro\/criar-um-cadastro-do-cliente\/\" \/>\n<meta property=\"og:site_name\" content=\"Gateway Rede! Developers\" \/>\n<meta property=\"article:publisher\" content=\"https:\/\/www.facebook.com\/maxiPago-193308344142172\/?fref=ts\" \/>\n<meta property=\"article:modified_time\" content=\"2024-02-22T14:55:41+00:00\" \/>\n<meta name=\"twitter:card\" content=\"summary\" \/>\n<meta name=\"twitter:label1\" content=\"Est. tempo de leitura\">\n\t<meta name=\"twitter:data1\" content=\"1 minuto\">\n<script type=\"application\/ld+json\" class=\"yoast-schema-graph\">{\"@context\":\"https:\/\/schema.org\",\"@graph\":[{\"@type\":\"WebSite\",\"@id\":\"https:\/\/www.maxipago.com\/developers\/#website\",\"url\":\"https:\/\/www.maxipago.com\/developers\/\",\"name\":\"Gateway Rede! Developers\",\"description\":\"Portal de Desenvolvedores - Gateway Rede!\",\"potentialAction\":[{\"@type\":\"SearchAction\",\"target\":\"https:\/\/www.maxipago.com\/developers\/?s={search_term_string}\",\"query-input\":\"required name=search_term_string\"}],\"inLanguage\":\"pt-BR\"},{\"@type\":\"WebPage\",\"@id\":\"https:\/\/www.maxipago.com\/developers\/apidocs\/requisicoes-de-cadastro\/criar-um-cadastro-do-cliente\/#webpage\",\"url\":\"https:\/\/www.maxipago.com\/developers\/apidocs\/requisicoes-de-cadastro\/criar-um-cadastro-do-cliente\/\",\"name\":\"Criar um Cadastro do Cliente - Gateway Rede! Developers\",\"isPartOf\":{\"@id\":\"https:\/\/www.maxipago.com\/developers\/#website\"},\"datePublished\":\"2018-07-12T13:19:04+00:00\",\"dateModified\":\"2024-02-22T14:55:41+00:00\",\"breadcrumb\":{\"@id\":\"https:\/\/www.maxipago.com\/developers\/apidocs\/requisicoes-de-cadastro\/criar-um-cadastro-do-cliente\/#breadcrumb\"},\"inLanguage\":\"pt-BR\",\"potentialAction\":[{\"@type\":\"ReadAction\",\"target\":[\"https:\/\/www.maxipago.com\/developers\/apidocs\/requisicoes-de-cadastro\/criar-um-cadastro-do-cliente\/\"]}]},{\"@type\":\"BreadcrumbList\",\"@id\":\"https:\/\/www.maxipago.com\/developers\/apidocs\/requisicoes-de-cadastro\/criar-um-cadastro-do-cliente\/#breadcrumb\",\"itemListElement\":[{\"@type\":\"ListItem\",\"position\":1,\"item\":{\"@type\":\"WebPage\",\"@id\":\"https:\/\/www.maxipago.com\/developers\/\",\"url\":\"https:\/\/www.maxipago.com\/developers\/\",\"name\":\"In\\u00edcio\"}},{\"@type\":\"ListItem\",\"position\":2,\"item\":{\"@type\":\"WebPage\",\"@id\":\"https:\/\/www.maxipago.com\/developers\/apidocs\/\",\"url\":\"https:\/\/www.maxipago.com\/developers\/apidocs\/\",\"name\":\"API Docs\"}},{\"@type\":\"ListItem\",\"position\":3,\"item\":{\"@type\":\"WebPage\",\"@id\":\"https:\/\/www.maxipago.com\/developers\/apidocs\/requisicoes-de-cadastro\/\",\"url\":\"https:\/\/www.maxipago.com\/developers\/apidocs\/requisicoes-de-cadastro\/\",\"name\":\"Requisi\\u00e7\\u00f5es de Cadastro\"}},{\"@type\":\"ListItem\",\"position\":4,\"item\":{\"@id\":\"https:\/\/www.maxipago.com\/developers\/apidocs\/requisicoes-de-cadastro\/criar-um-cadastro-do-cliente\/#webpage\"}}]}]}<\/script>\n<!-- \/ Yoast SEO plugin. -->","_links":{"self":[{"href":"https:\/\/www.maxipago.com\/developers\/wp-json\/wp\/v2\/pages\/1562"}],"collection":[{"href":"https:\/\/www.maxipago.com\/developers\/wp-json\/wp\/v2\/pages"}],"about":[{"href":"https:\/\/www.maxipago.com\/developers\/wp-json\/wp\/v2\/types\/page"}],"author":[{"embeddable":true,"href":"https:\/\/www.maxipago.com\/developers\/wp-json\/wp\/v2\/users\/2"}],"replies":[{"embeddable":true,"href":"https:\/\/www.maxipago.com\/developers\/wp-json\/wp\/v2\/comments?post=1562"}],"version-history":[{"count":46,"href":"https:\/\/www.maxipago.com\/developers\/wp-json\/wp\/v2\/pages\/1562\/revisions"}],"predecessor-version":[{"id":3946,"href":"https:\/\/www.maxipago.com\/developers\/wp-json\/wp\/v2\/pages\/1562\/revisions\/3946"}],"up":[{"embeddable":true,"href":"https:\/\/www.maxipago.com\/developers\/wp-json\/wp\/v2\/pages\/1544"}],"wp:attachment":[{"href":"https:\/\/www.maxipago.com\/developers\/wp-json\/wp\/v2\/media?parent=1562"}],"curies":[{"name":"wp","href":"https:\/\/api.w.org\/{rel}","templated":true}]}}