{"id":1615,"date":"2018-07-12T13:43:47","date_gmt":"2018-07-12T16:43:47","guid":{"rendered":"http:\/\/maxipago.com\/developers\/?page_id=1615"},"modified":"2023-03-23T20:06:19","modified_gmt":"2023-03-23T23:06:19","slug":"remover-um-cadastro-de-cliente","status":"publish","type":"page","link":"https:\/\/www.maxipago.com\/developers\/apidocs\/requisicoes-de-cadastro\/remover-um-cadastro-de-cliente\/","title":{"rendered":"Remover um Cadastro de Cliente"},"content":{"rendered":"\n<p>Remover um cadastro de cliente \u00e9 feito atrav\u00e9s do comando delete-consumer e o mesmo tamb\u00e9m remove todas as informa\u00e7\u00f5es ligadas ao cadastro da base. <strong>Esta opera\u00e7\u00e3o n\u00e3o pode ser desfeita<\/strong>.<\/p>\n\n\n\n<h3 class=\"wp-block-heading\"><strong><span class=\"has-inline-color has-colibri-color-2-color\">URLs para remover um cadastro de cliente<\/span><\/strong><\/h3>\n\n\n\n<div style=\"height:22px\" aria-hidden=\"true\" class=\"wp-block-spacer\"><\/div>\n\n\n\n<p><strong>Sandbox:<\/strong>&nbsp;https:\/\/testapi.maxipago.net\/UniversalAPI\/postAPI<br><strong>Produ\u00e7\u00e3o:<\/strong>&nbsp;https:\/\/api.maxipago.net\/UniversalAPI\/postAPI<\/p>\n\n\n\n<div style=\"height:25px\" aria-hidden=\"true\" class=\"wp-block-spacer\"><\/div>\n\n\n\n<h3 class=\"wp-block-heading\"><strong><span class=\"has-inline-color has-colibri-color-2-color\">Exemplo de requisi\u00e7\u00e3o<\/span><\/strong><\/h3>\n\n\n\n<div style=\"height:17px\" aria-hidden=\"true\" class=\"wp-block-spacer\"><\/div>\n\n\n\n<pre class=\"EnlighterJSRAW\" data-enlighter-language=\"generic\" data-enlighter-theme=\"\" data-enlighter-highlight=\"\" data-enlighter-linenumbers=\"\" data-enlighter-lineoffset=\"\" data-enlighter-title=\"\" data-enlighter-group=\"\">&lt;api-request>\n\t&lt;verification>\n\t\t&lt;merchantId>store-id&lt;\/merchantId>\n\t\t&lt;merchantKey>store-key&lt;\/merchantKey>\n\t&lt;\/verification>\n\t&lt;command>delete-consumer&lt;\/command>\n\t&lt;request>\n\t\t&lt;customerId>00000001&lt;\/customerId>\n\t&lt;\/request>\n&lt;\/api-request><\/pre>\n\n\n\n<div style=\"height:20px\" aria-hidden=\"true\" class=\"wp-block-spacer\"><\/div>\n\n\n\n<h3 class=\"wp-block-heading\"><strong><span class=\"has-inline-color has-colibri-color-2-color\">Os par\u00e2metros aceitos no delete-consumer<\/span><\/strong><\/h3>\n\n\n\n<div style=\"height:20px\" aria-hidden=\"true\" class=\"wp-block-spacer\"><\/div>\n\n\n\n<p>Os par\u00e2metros aceitos no comando delete-consumer est\u00e3o abaixo:<\/p>\n\n\n<div id=\"footable_parent_3358\"\n         class=\" footable_parent ninja_table_wrapper loading_ninja_table wp_table_data_press_parent semantic_ui \">\n                <table data-ninja_table_instance=\"ninja_table_instance_0\" data-footable_id=\"3358\" data-filter-delay=\"1000\" aria-label=\"Tabela de par\u00e2metros - remover cliente\"            id=\"footable_3358\"\n           data-unique_identifier=\"ninja_table_unique_id_669660514_3358\"\n           class=\" foo-table ninja_footable foo_table_3358 ninja_table_unique_id_669660514_3358 ui table  nt_type_ajax_table selectable celled striped compact  footable-paging-right ninja_table_search_disabled\">\n                <colgroup>\n                            <col class=\"ninja_column_0 \">\n                            <col class=\"ninja_column_1 \">\n                            <col class=\"ninja_column_2 \">\n                    <\/colgroup>\n            <\/table>\n                    <style type=\"text\/css\" id='ninja_table_custom_css_3358'>\n                        #footable_3358  {\n        font-family: inherit;\n        font-size: 14px;\n    }\n\n                <\/style>\n                \n    \n    \n<\/div>\n\n\n\n\n<p><\/p>\n","protected":false},"excerpt":{"rendered":"<p>Remover um cadastro de cliente \u00e9 feito atrav\u00e9s do comando delete-consumer e o mesmo tamb\u00e9m remove todas as informa\u00e7\u00f5es ligadas ao cadastro da base. Esta opera\u00e7\u00e3o n\u00e3o pode ser desfeita. URLs para remover um cadastro de cliente Sandbox:&nbsp;https:\/\/testapi.maxipago.net\/UniversalAPI\/postAPIProdu\u00e7\u00e3o:&nbsp;https:\/\/api.maxipago.net\/UniversalAPI\/postAPI Exemplo de requisi\u00e7\u00e3o Os par\u00e2metros aceitos no delete-consumer Os par\u00e2metros aceitos no comando delete-consumer est\u00e3o abaixo:<\/p>\n","protected":false},"author":2,"featured_media":0,"parent":1544,"menu_order":0,"comment_status":"closed","ping_status":"closed","template":"","meta":{"spay_email":"","footnotes":""},"yoast_head":"<!-- This site is optimized with the Yoast SEO plugin v16.2 - https:\/\/yoast.com\/wordpress\/plugins\/seo\/ -->\n<title>Remover um Cadastro de Cliente - Gateway Rede! Developers<\/title>\n<meta name=\"description\" content=\"Remover um cadastro de cliente \u00e9 feito atrav\u00e9s do comando delete-consumer e o mesmo tamb\u00e9m remove todas as informa\u00e7\u00f5es ligadas ao cadastro da base.\" \/>\n<meta name=\"robots\" content=\"noindex, follow, max-snippet:-1, max-image-preview:large, max-video-preview:-1\" \/>\n<meta property=\"og:locale\" content=\"pt_BR\" \/>\n<meta property=\"og:type\" content=\"article\" \/>\n<meta property=\"og:title\" content=\"Remover um Cadastro de Cliente - Gateway Rede! Developers\" \/>\n<meta property=\"og:description\" content=\"Remover um cadastro de cliente \u00e9 feito atrav\u00e9s do comando delete-consumer e o mesmo tamb\u00e9m remove todas as informa\u00e7\u00f5es ligadas ao cadastro da base.\" \/>\n<meta property=\"og:url\" content=\"https:\/\/www.maxipago.com\/developers\/apidocs\/requisicoes-de-cadastro\/remover-um-cadastro-de-cliente\/\" \/>\n<meta property=\"og:site_name\" content=\"Gateway Rede! Developers\" \/>\n<meta property=\"article:publisher\" content=\"https:\/\/www.facebook.com\/maxiPago-193308344142172\/?fref=ts\" \/>\n<meta property=\"article:modified_time\" content=\"2023-03-23T23:06:19+00:00\" \/>\n<meta name=\"twitter:card\" content=\"summary\" \/>\n<meta name=\"twitter:label1\" content=\"Est. tempo de leitura\">\n\t<meta name=\"twitter:data1\" content=\"1 minuto\">\n<script type=\"application\/ld+json\" class=\"yoast-schema-graph\">{\"@context\":\"https:\/\/schema.org\",\"@graph\":[{\"@type\":\"WebSite\",\"@id\":\"https:\/\/www.maxipago.com\/developers\/#website\",\"url\":\"https:\/\/www.maxipago.com\/developers\/\",\"name\":\"Gateway Rede! Developers\",\"description\":\"Portal de Desenvolvedores - Gateway Rede!\",\"potentialAction\":[{\"@type\":\"SearchAction\",\"target\":\"https:\/\/www.maxipago.com\/developers\/?s={search_term_string}\",\"query-input\":\"required name=search_term_string\"}],\"inLanguage\":\"pt-BR\"},{\"@type\":\"WebPage\",\"@id\":\"https:\/\/www.maxipago.com\/developers\/apidocs\/requisicoes-de-cadastro\/remover-um-cadastro-de-cliente\/#webpage\",\"url\":\"https:\/\/www.maxipago.com\/developers\/apidocs\/requisicoes-de-cadastro\/remover-um-cadastro-de-cliente\/\",\"name\":\"Remover um Cadastro de Cliente - Gateway Rede! Developers\",\"isPartOf\":{\"@id\":\"https:\/\/www.maxipago.com\/developers\/#website\"},\"datePublished\":\"2018-07-12T16:43:47+00:00\",\"dateModified\":\"2023-03-23T23:06:19+00:00\",\"description\":\"Remover um cadastro de cliente \\u00e9 feito atrav\\u00e9s do comando delete-consumer e o mesmo tamb\\u00e9m remove todas as informa\\u00e7\\u00f5es ligadas ao cadastro da base.\",\"breadcrumb\":{\"@id\":\"https:\/\/www.maxipago.com\/developers\/apidocs\/requisicoes-de-cadastro\/remover-um-cadastro-de-cliente\/#breadcrumb\"},\"inLanguage\":\"pt-BR\",\"potentialAction\":[{\"@type\":\"ReadAction\",\"target\":[\"https:\/\/www.maxipago.com\/developers\/apidocs\/requisicoes-de-cadastro\/remover-um-cadastro-de-cliente\/\"]}]},{\"@type\":\"BreadcrumbList\",\"@id\":\"https:\/\/www.maxipago.com\/developers\/apidocs\/requisicoes-de-cadastro\/remover-um-cadastro-de-cliente\/#breadcrumb\",\"itemListElement\":[{\"@type\":\"ListItem\",\"position\":1,\"item\":{\"@type\":\"WebPage\",\"@id\":\"https:\/\/www.maxipago.com\/developers\/\",\"url\":\"https:\/\/www.maxipago.com\/developers\/\",\"name\":\"In\\u00edcio\"}},{\"@type\":\"ListItem\",\"position\":2,\"item\":{\"@type\":\"WebPage\",\"@id\":\"https:\/\/www.maxipago.com\/developers\/apidocs\/\",\"url\":\"https:\/\/www.maxipago.com\/developers\/apidocs\/\",\"name\":\"API Docs\"}},{\"@type\":\"ListItem\",\"position\":3,\"item\":{\"@type\":\"WebPage\",\"@id\":\"https:\/\/www.maxipago.com\/developers\/apidocs\/requisicoes-de-cadastro\/\",\"url\":\"https:\/\/www.maxipago.com\/developers\/apidocs\/requisicoes-de-cadastro\/\",\"name\":\"Requisi\\u00e7\\u00f5es de Cadastro\"}},{\"@type\":\"ListItem\",\"position\":4,\"item\":{\"@id\":\"https:\/\/www.maxipago.com\/developers\/apidocs\/requisicoes-de-cadastro\/remover-um-cadastro-de-cliente\/#webpage\"}}]}]}<\/script>\n<!-- \/ Yoast SEO plugin. -->","_links":{"self":[{"href":"https:\/\/www.maxipago.com\/developers\/wp-json\/wp\/v2\/pages\/1615"}],"collection":[{"href":"https:\/\/www.maxipago.com\/developers\/wp-json\/wp\/v2\/pages"}],"about":[{"href":"https:\/\/www.maxipago.com\/developers\/wp-json\/wp\/v2\/types\/page"}],"author":[{"embeddable":true,"href":"https:\/\/www.maxipago.com\/developers\/wp-json\/wp\/v2\/users\/2"}],"replies":[{"embeddable":true,"href":"https:\/\/www.maxipago.com\/developers\/wp-json\/wp\/v2\/comments?post=1615"}],"version-history":[{"count":5,"href":"https:\/\/www.maxipago.com\/developers\/wp-json\/wp\/v2\/pages\/1615\/revisions"}],"predecessor-version":[{"id":3359,"href":"https:\/\/www.maxipago.com\/developers\/wp-json\/wp\/v2\/pages\/1615\/revisions\/3359"}],"up":[{"embeddable":true,"href":"https:\/\/www.maxipago.com\/developers\/wp-json\/wp\/v2\/pages\/1544"}],"wp:attachment":[{"href":"https:\/\/www.maxipago.com\/developers\/wp-json\/wp\/v2\/media?parent=1615"}],"curies":[{"name":"wp","href":"https:\/\/api.w.org\/{rel}","templated":true}]}}