{"id":1634,"date":"2018-07-13T07:25:48","date_gmt":"2018-07-13T10:25:48","guid":{"rendered":"http:\/\/maxipago.com\/developers\/?page_id=1634"},"modified":"2023-03-10T20:54:48","modified_gmt":"2023-03-10T23:54:48","slug":"remover-um-cartao-da-base","status":"publish","type":"page","link":"https:\/\/www.maxipago.com\/developers\/apidocs\/requisicoes-de-cadastro\/remover-um-cartao-da-base\/","title":{"rendered":"Remover um Cart\u00e3o da Base"},"content":{"rendered":"\n<div style=\"height:59px\" aria-hidden=\"true\" class=\"wp-block-spacer\"><\/div>\n\n\n\n<p>Sempre que for necess\u00e1rio ao nosso lojista deletar um cart\u00e3o salvo em nossa base, dever\u00e1 utilizar o comando &#8220;<strong>delete-card-onfile<\/strong>&#8220;<\/p>\n\n\n\n<p>Importante informar que com este processo, o cadastro em si continua ativo, <strong>as \u00fanicas informa\u00e7\u00f5es exclu\u00eddas ser\u00e3o os dados do cart\u00e3<\/strong>o.<\/p>\n\n\n\n<div style=\"height:44px\" aria-hidden=\"true\" class=\"wp-block-spacer\"><\/div>\n\n\n\n<h2 class=\"wp-block-heading\"><strong><span class=\"has-inline-color has-luminous-vivid-orange-color\">URL&#8217;s para remover um cart\u00e3o da base<\/span><\/strong><\/h2>\n\n\n\n<div style=\"height:24px\" aria-hidden=\"true\" class=\"wp-block-spacer\"><\/div>\n\n\n\n<p><strong>Sandbox:<\/strong>&nbsp;https:\/\/testapi.maxipago.net\/UniversalAPI\/postAPI<\/p>\n\n\n\n<p><strong>Produ\u00e7\u00e3o:<\/strong>&nbsp;https:\/\/api.maxipago.net\/UniversalAPI\/postAPI<\/p>\n\n\n\n<div style=\"height:45px\" aria-hidden=\"true\" class=\"wp-block-spacer\"><\/div>\n\n\n\n<h3 class=\"wp-block-heading\"><strong><span class=\"has-inline-color has-luminous-vivid-orange-color\">Exemplo de Requisi\u00e7\u00e3o<\/span><\/strong><\/h3>\n\n\n\n<div style=\"height:28px\" aria-hidden=\"true\" class=\"wp-block-spacer\"><\/div>\n\n\n\n<pre class=\"EnlighterJSRAW\" data-enlighter-language=\"generic\" data-enlighter-theme=\"\" data-enlighter-highlight=\"\" data-enlighter-linenumbers=\"\" data-enlighter-lineoffset=\"\" data-enlighter-title=\"\" data-enlighter-group=\"\">&lt;api-request>\n    &lt;verification>\n        &lt;merchantId>store-id&lt;\/merchantId>\n        &lt;merchantKey>store-key&lt;\/merchantKey>\n    &lt;\/verification>\n    &lt;command>delete-card-onfile&lt;\/command>\n    &lt;request>\n        &lt;customerId>999&lt;\/customerId>\n        &lt;token>k11112233d&lt;\/token>\n    &lt;\/request>\n&lt;\/api-request>\n<\/pre>\n\n\n\n<div style=\"height:19px\" aria-hidden=\"true\" class=\"wp-block-spacer\"><\/div>\n\n\n\n<h3 class=\"wp-block-heading\"><strong><span class=\"has-inline-color has-colibri-color-2-color\">Response em caso de sucesso<\/span><\/strong><\/h3>\n\n\n\n<div style=\"height:22px\" aria-hidden=\"true\" class=\"wp-block-spacer\"><\/div>\n\n\n\n<pre class=\"EnlighterJSRAW\" data-enlighter-language=\"generic\" data-enlighter-theme=\"\" data-enlighter-highlight=\"\" data-enlighter-linenumbers=\"\" data-enlighter-lineoffset=\"\" data-enlighter-title=\"\" data-enlighter-group=\"\">&lt;?xml version=\"1.0\" encoding=\"UTF-8\" ?>\n&lt;api-response>\n    &lt;errorCode>0&lt;\/errorCode>\n    &lt;errorMessage>&lt;\/errorMessage>\n    &lt;command>delete-card-onfile&lt;\/command>\n    &lt;time>1678491866900&lt;\/time>\n    &lt;result>&lt;\/result>\n&lt;\/api-response><\/pre>\n\n\n\n<div style=\"height:20px\" aria-hidden=\"true\" class=\"wp-block-spacer\"><\/div>\n\n\n\n<p>Considerar o retorno &#8220;200 OK&#8221;, como o esperado para o comando ter sido acatado<\/p>\n\n\n\n<div style=\"height:16px\" aria-hidden=\"true\" class=\"wp-block-spacer\"><\/div>\n\n\n\n<h3 class=\"wp-block-heading\"><strong><span class=\"has-inline-color has-colibri-color-2-color\">Response em caso de falha<\/span><\/strong><\/h3>\n\n\n\n<div style=\"height:17px\" aria-hidden=\"true\" class=\"wp-block-spacer\"><\/div>\n\n\n\n<pre class=\"EnlighterJSRAW\" data-enlighter-language=\"generic\" data-enlighter-theme=\"\" data-enlighter-highlight=\"\" data-enlighter-linenumbers=\"\" data-enlighter-lineoffset=\"\" data-enlighter-title=\"\" data-enlighter-group=\"\">&lt;?xml version=\"1.0\" encoding=\"UTF-8\" ?>\n&lt;api-response>\n    &lt;errorCode>1&lt;\/errorCode>\n    &lt;errorMessage>\n        &lt;![CDATA[Invalid or corrupted token]]>\n    &lt;\/errorMessage>\n    &lt;time>1678492391590&lt;\/time>\n&lt;\/api-response><\/pre>\n\n\n\n<div style=\"height:26px\" aria-hidden=\"true\" class=\"wp-block-spacer\"><\/div>\n\n\n\n<h2 class=\"wp-block-heading\"><strong><span class=\"has-inline-color has-luminous-vivid-orange-color\">Par\u00e2metros aceitos para &#8216;delete-card-onfile&#8217;<\/span><\/strong><\/h2>\n\n\n\n<div style=\"height:35px\" aria-hidden=\"true\" class=\"wp-block-spacer\"><\/div>\n\n\n\n<p>Os par\u00e2metros necess\u00e1rios para executar o comando s\u00e3o:<\/p>\n\n\n\n<div style=\"height:25px\" aria-hidden=\"true\" class=\"wp-block-spacer\"><\/div>\n\n\n\n<div id=\"footable_parent_2589\"\n         class=\" footable_parent ninja_table_wrapper loading_ninja_table wp_table_data_press_parent semantic_ui \">\n                <table data-ninja_table_instance=\"ninja_table_instance_0\" data-footable_id=\"2589\" data-filter-delay=\"1000\" aria-label=\"Delete Card Onfile\"            id=\"footable_2589\"\n           data-unique_identifier=\"ninja_table_unique_id_122717279_2589\"\n           class=\" foo-table ninja_footable foo_table_2589 ninja_table_unique_id_122717279_2589 ui table  nt_type_ajax_table selectable celled striped compact  footable-paging-right ninja_table_search_disabled\">\n                <colgroup>\n                            <col class=\"ninja_column_0 \">\n                            <col class=\"ninja_column_1 \">\n                            <col class=\"ninja_column_2 \">\n                    <\/colgroup>\n            <\/table>\n    \n    \n    \n<\/div>\n\n\n\n\n<p><\/p>\n","protected":false},"excerpt":{"rendered":"<p>Sempre que for necess\u00e1rio ao nosso lojista deletar um cart\u00e3o salvo em nossa base, dever\u00e1 utilizar o comando &#8220;delete-card-onfile&#8220; Importante informar que com este processo, o cadastro em si continua ativo, as \u00fanicas informa\u00e7\u00f5es exclu\u00eddas ser\u00e3o os dados do cart\u00e3o. URL&#8217;s para remover um cart\u00e3o da base Sandbox:&nbsp;https:\/\/testapi.maxipago.net\/UniversalAPI\/postAPI Produ\u00e7\u00e3o:&nbsp;https:\/\/api.maxipago.net\/UniversalAPI\/postAPI Exemplo de Requisi\u00e7\u00e3o Response em caso [&hellip;]<\/p>\n","protected":false},"author":2,"featured_media":0,"parent":1544,"menu_order":0,"comment_status":"closed","ping_status":"closed","template":"","meta":{"spay_email":"","footnotes":""},"yoast_head":"<!-- This site is optimized with the Yoast SEO plugin v16.2 - https:\/\/yoast.com\/wordpress\/plugins\/seo\/ -->\n<title>Remover um Cart\u00e3o da Base - Gateway Rede! Developers<\/title>\n<meta name=\"robots\" content=\"noindex, follow, max-snippet:-1, max-image-preview:large, max-video-preview:-1\" \/>\n<meta property=\"og:locale\" content=\"pt_BR\" \/>\n<meta property=\"og:type\" content=\"article\" \/>\n<meta property=\"og:title\" content=\"Remover um Cart\u00e3o da Base - Gateway Rede! Developers\" \/>\n<meta property=\"og:description\" content=\"Sempre que for necess\u00e1rio ao nosso lojista deletar um cart\u00e3o salvo em nossa base, dever\u00e1 utilizar o comando &#8220;delete-card-onfile&#8220; Importante informar que com este processo, o cadastro em si continua ativo, as \u00fanicas informa\u00e7\u00f5es exclu\u00eddas ser\u00e3o os dados do cart\u00e3o. URL&#8217;s para remover um cart\u00e3o da base Sandbox:&nbsp;https:\/\/testapi.maxipago.net\/UniversalAPI\/postAPI Produ\u00e7\u00e3o:&nbsp;https:\/\/api.maxipago.net\/UniversalAPI\/postAPI Exemplo de Requisi\u00e7\u00e3o Response em caso [&hellip;]\" \/>\n<meta property=\"og:url\" content=\"https:\/\/www.maxipago.com\/developers\/apidocs\/requisicoes-de-cadastro\/remover-um-cartao-da-base\/\" \/>\n<meta property=\"og:site_name\" content=\"Gateway Rede! Developers\" \/>\n<meta property=\"article:publisher\" content=\"https:\/\/www.facebook.com\/maxiPago-193308344142172\/?fref=ts\" \/>\n<meta property=\"article:modified_time\" content=\"2023-03-10T23:54:48+00:00\" \/>\n<meta name=\"twitter:card\" content=\"summary\" \/>\n<meta name=\"twitter:label1\" content=\"Est. tempo de leitura\">\n\t<meta name=\"twitter:data1\" content=\"1 minuto\">\n<script type=\"application\/ld+json\" class=\"yoast-schema-graph\">{\"@context\":\"https:\/\/schema.org\",\"@graph\":[{\"@type\":\"WebSite\",\"@id\":\"https:\/\/www.maxipago.com\/developers\/#website\",\"url\":\"https:\/\/www.maxipago.com\/developers\/\",\"name\":\"Gateway Rede! Developers\",\"description\":\"Portal de Desenvolvedores - Gateway Rede!\",\"potentialAction\":[{\"@type\":\"SearchAction\",\"target\":\"https:\/\/www.maxipago.com\/developers\/?s={search_term_string}\",\"query-input\":\"required name=search_term_string\"}],\"inLanguage\":\"pt-BR\"},{\"@type\":\"WebPage\",\"@id\":\"https:\/\/www.maxipago.com\/developers\/apidocs\/requisicoes-de-cadastro\/remover-um-cartao-da-base\/#webpage\",\"url\":\"https:\/\/www.maxipago.com\/developers\/apidocs\/requisicoes-de-cadastro\/remover-um-cartao-da-base\/\",\"name\":\"Remover um Cart\\u00e3o da Base - Gateway Rede! Developers\",\"isPartOf\":{\"@id\":\"https:\/\/www.maxipago.com\/developers\/#website\"},\"datePublished\":\"2018-07-13T10:25:48+00:00\",\"dateModified\":\"2023-03-10T23:54:48+00:00\",\"breadcrumb\":{\"@id\":\"https:\/\/www.maxipago.com\/developers\/apidocs\/requisicoes-de-cadastro\/remover-um-cartao-da-base\/#breadcrumb\"},\"inLanguage\":\"pt-BR\",\"potentialAction\":[{\"@type\":\"ReadAction\",\"target\":[\"https:\/\/www.maxipago.com\/developers\/apidocs\/requisicoes-de-cadastro\/remover-um-cartao-da-base\/\"]}]},{\"@type\":\"BreadcrumbList\",\"@id\":\"https:\/\/www.maxipago.com\/developers\/apidocs\/requisicoes-de-cadastro\/remover-um-cartao-da-base\/#breadcrumb\",\"itemListElement\":[{\"@type\":\"ListItem\",\"position\":1,\"item\":{\"@type\":\"WebPage\",\"@id\":\"https:\/\/www.maxipago.com\/developers\/\",\"url\":\"https:\/\/www.maxipago.com\/developers\/\",\"name\":\"In\\u00edcio\"}},{\"@type\":\"ListItem\",\"position\":2,\"item\":{\"@type\":\"WebPage\",\"@id\":\"https:\/\/www.maxipago.com\/developers\/apidocs\/\",\"url\":\"https:\/\/www.maxipago.com\/developers\/apidocs\/\",\"name\":\"API Docs\"}},{\"@type\":\"ListItem\",\"position\":3,\"item\":{\"@type\":\"WebPage\",\"@id\":\"https:\/\/www.maxipago.com\/developers\/apidocs\/requisicoes-de-cadastro\/\",\"url\":\"https:\/\/www.maxipago.com\/developers\/apidocs\/requisicoes-de-cadastro\/\",\"name\":\"Requisi\\u00e7\\u00f5es de Cadastro\"}},{\"@type\":\"ListItem\",\"position\":4,\"item\":{\"@id\":\"https:\/\/www.maxipago.com\/developers\/apidocs\/requisicoes-de-cadastro\/remover-um-cartao-da-base\/#webpage\"}}]}]}<\/script>\n<!-- \/ Yoast SEO plugin. -->","_links":{"self":[{"href":"https:\/\/www.maxipago.com\/developers\/wp-json\/wp\/v2\/pages\/1634"}],"collection":[{"href":"https:\/\/www.maxipago.com\/developers\/wp-json\/wp\/v2\/pages"}],"about":[{"href":"https:\/\/www.maxipago.com\/developers\/wp-json\/wp\/v2\/types\/page"}],"author":[{"embeddable":true,"href":"https:\/\/www.maxipago.com\/developers\/wp-json\/wp\/v2\/users\/2"}],"replies":[{"embeddable":true,"href":"https:\/\/www.maxipago.com\/developers\/wp-json\/wp\/v2\/comments?post=1634"}],"version-history":[{"count":21,"href":"https:\/\/www.maxipago.com\/developers\/wp-json\/wp\/v2\/pages\/1634\/revisions"}],"predecessor-version":[{"id":3356,"href":"https:\/\/www.maxipago.com\/developers\/wp-json\/wp\/v2\/pages\/1634\/revisions\/3356"}],"up":[{"embeddable":true,"href":"https:\/\/www.maxipago.com\/developers\/wp-json\/wp\/v2\/pages\/1544"}],"wp:attachment":[{"href":"https:\/\/www.maxipago.com\/developers\/wp-json\/wp\/v2\/media?parent=1634"}],"curies":[{"name":"wp","href":"https:\/\/api.w.org\/{rel}","templated":true}]}}