{"id":217,"date":"2017-02-08T14:22:00","date_gmt":"2017-02-08T16:22:00","guid":{"rendered":"http:\/\/maxipago.com\/developers\/?page_id=217"},"modified":"2024-10-22T10:36:03","modified_gmt":"2024-10-22T13:36:03","slug":"rede","status":"publish","type":"page","link":"https:\/\/www.maxipago.com\/developers\/apidocs\/afiliacoes\/rede\/","title":{"rendered":"Rede"},"content":{"rendered":"\n<p>Com a afilia\u00e7\u00e3o Rede \u00e9 poss\u00edvel aceitar os principais cart\u00f5es, como <strong style=\"color: #878787;\">Visa, Mastercard, Diners Club, Hiper, Hipercard, Elo, Amex<\/strong>&nbsp;(e muitos outros) em seu estabelecimento. O processo de credenciamento pode ser realizado atrav\u00e9s do site da <a style=\"color: #e06b08;\" href=\"https:\/\/www.userede.com.br\/\">REDE<\/a>.<\/p>\n\n\n\n<p>Aqui voc\u00ea ver\u00e1 como habilitar a adquirente REDE via maxiPago!:<\/p>\n\n\n\n<ul>\n<li>Habilitar a tecnologia \u201ce.Rede\u201d, apropriada para o e-Commerce<\/li>\n\n\n\n<li> Liberar os IP\u00b4s da maxiPago! no sistema Rede:\n<ul>\n<li>Algumas empresas necessitam dos IP\u00b4s de sa\u00edda da maxiPago!. Recomendamos a verifica\u00e7\u00e3o dessa permiss\u00e3o utilizando os IPs abaixo:\n<ul>\n<li><strong>52.207.83.230<\/strong><\/li>\n\n\n\n<li><strong>54.237.160.163<\/strong><\/li>\n<\/ul>\n<\/li>\n<\/ul>\n<\/li>\n<\/ul>\n\n\n\n<h3 class=\"wp-block-heading\"><\/h3>\n\n\n\n<h3 class=\"wp-block-heading has-colibri-color-2-color has-text-color\"><mark style=\"background-color:rgba(0, 0, 0, 0)\" class=\"has-inline-color has-colibri-color-2-color\">Gera\u00e7\u00e3o de Chave de Integra\u00e7\u00e3o(tecnologia e.Rede)<\/mark><\/h3>\n\n\n\n<p><\/p>\n\n\n\n<p>Para que o estabelecimento comece a transacionar com o Rede, \u00e9 necess\u00e1rio configurar o Webservice com o n\u00famero de filia\u00e7\u00e3o e o token.<\/p>\n\n\n\n<p>A Chave de Integra\u00e7\u00e3o \u00e9 de uso confidencial e \u00e9 gerado no portal da Rede (https:\/\/www.userede.com.br) No menu superior, Acesse a aba <strong>para vender &gt; e-commerce<\/strong> <strong>&gt; chave de integra\u00e7\u00e3o<\/strong> e clique em \u201cGerar Chave\u201d.<\/p>\n\n\n\n<p>Em caso de perda ou esquecimento da Chave de Integra\u00e7\u00e3o, uma nova dever\u00e1 ser gerada e a configura\u00e7\u00e3o das Credenciais no portal Maxipago dever\u00e1 ser alterada, para que as transa\u00e7\u00f5es continuem sendo enviadas \u00e0 Rede.<\/p>\n\n\n\n<p><\/p>\n\n\n\n<h3 class=\"wp-block-heading has-colibri-color-2-color has-text-color\" style=\"font-style:normal;font-weight:700\"><mark style=\"background-color:rgba(0, 0, 0, 0)\" class=\"has-inline-color has-colibri-color-2-color\">Onde registrar suas credenciais Rede<\/mark><\/h3>\n\n\n\n<p>De posse da suas credenciais Pix voc\u00ea dever\u00e1 acessar o Portal do Lojista da maxiPago:<\/p>\n\n\n\n<ul>\n<li><strong>Ambiente de Testes:&nbsp;<\/strong>Para habilitar o servi\u00e7o de Adquirente Rede para testes<\/li>\n\n\n\n<li>entre em contato com a Central E-commerce:\n<ul>\n<li>Capitais e regi\u00f5es metropolitanas: (11) 4001-4433<\/li>\n\n\n\n<li>Demais localidades: 0800 728 4433<\/li>\n\n\n\n<li>E-mail: ecommerce@userede.com.br<\/li>\n<\/ul>\n<\/li>\n\n\n\n<li><strong>Ambiente de Produ\u00e7\u00e3o:<\/strong>\u00a0<a href=\"https:\/\/portal.maxipago.net\/vpos\/VPOS\">https:\/\/portal.maxipago.net\/vpos\/VPOS<\/a><\/li>\n\n\n\n<li><strong>Ambiente de Teste:<\/strong>\u00a0<a href=\"https:\/\/testeportal.maxipago.net\/vpos\/VPOS\">https:\/\/testeportal.maxipago.net\/vpos\/VPOS<\/a><\/li>\n<\/ul>\n\n\n\n<p><strong>1.<\/strong>&nbsp;Acesse o Portal com suas credencias (enviadas no e-mail de boas-vindas)<\/p>\n\n\n\n<figure class=\"wp-block-image size-full is-resized\"><img decoding=\"async\" width=\"753\" height=\"327\" src=\"https:\/\/www.maxipago.com\/developers\/wp-content\/uploads\/2024\/01\/image-65.png\" alt=\"\" class=\"wp-image-3891\" style=\"aspect-ratio:2.302752293577982;width:660px;height:auto\" srcset=\"https:\/\/www.maxipago.com\/developers\/wp-content\/uploads\/2024\/01\/image-65.png 753w, https:\/\/www.maxipago.com\/developers\/wp-content\/uploads\/2024\/01\/image-65-300x130.png 300w\" sizes=\"(max-width: 753px) 100vw, 753px\" \/><\/figure>\n\n\n\n<p><strong>2.<\/strong>&nbsp;Acesse a aba: <strong>Admin <\/strong>\u2013 no menu superior (apenas dispon\u00edvel para perfil SuperUser)<\/p>\n\n\n\n<figure class=\"wp-block-image size-full is-resized\"><img decoding=\"async\" width=\"487\" height=\"143\" src=\"https:\/\/www.maxipago.com\/developers\/wp-content\/uploads\/2024\/01\/image-66.png\" alt=\"\" class=\"wp-image-3892\" style=\"aspect-ratio:3.4055944055944054;width:600px;height:auto\" srcset=\"https:\/\/www.maxipago.com\/developers\/wp-content\/uploads\/2024\/01\/image-66.png 487w, https:\/\/www.maxipago.com\/developers\/wp-content\/uploads\/2024\/01\/image-66-300x88.png 300w\" sizes=\"(max-width: 487px) 100vw, 487px\" \/><\/figure>\n\n\n\n<p><strong>3.<\/strong>&nbsp;Acesse a aba: <strong>Configura\u00e7\u00f5es<\/strong><\/p>\n\n\n\n<figure class=\"wp-block-image size-full\"><img decoding=\"async\" width=\"495\" height=\"123\" src=\"https:\/\/www.maxipago.com\/developers\/wp-content\/uploads\/2024\/01\/image-67.png\" alt=\"\" class=\"wp-image-3893\" srcset=\"https:\/\/www.maxipago.com\/developers\/wp-content\/uploads\/2024\/01\/image-67.png 495w, https:\/\/www.maxipago.com\/developers\/wp-content\/uploads\/2024\/01\/image-67-300x75.png 300w\" sizes=\"(max-width: 495px) 100vw, 495px\" \/><\/figure>\n\n\n\n<p><strong>4.<\/strong>&nbsp;Acesse a aba: <strong>Adquir\u00eancias<\/strong><\/p>\n\n\n\n<figure class=\"wp-block-image size-large is-resized\"><img decoding=\"async\" width=\"1024\" height=\"163\" src=\"https:\/\/www.maxipago.com\/developers\/wp-content\/uploads\/2024\/01\/image-68-1024x163.png\" alt=\"\" class=\"wp-image-3894\" style=\"aspect-ratio:6.282208588957055;width:893px;height:auto\" srcset=\"https:\/\/www.maxipago.com\/developers\/wp-content\/uploads\/2024\/01\/image-68-1024x163.png 1024w, https:\/\/www.maxipago.com\/developers\/wp-content\/uploads\/2024\/01\/image-68-300x48.png 300w, https:\/\/www.maxipago.com\/developers\/wp-content\/uploads\/2024\/01\/image-68-768x122.png 768w, https:\/\/www.maxipago.com\/developers\/wp-content\/uploads\/2024\/01\/image-68.png 1449w\" sizes=\"(max-width: 1024px) 100vw, 1024px\" \/><\/figure>\n\n\n\n<p><strong>5.<\/strong>&nbsp;Na op\u00e7\u00f5es de <strong>Adquirente<\/strong>, selecione a op\u00e7\u00e3o: <strong>Rede <\/strong>e preencha com os dados de Estabelecimento (PV) e Chave de Integra\u00e7\u00e3o e clique em <strong>Salvar <\/strong><\/p>\n\n\n\n<figure class=\"wp-block-image size-full\"><img decoding=\"async\" width=\"841\" height=\"480\" src=\"https:\/\/www.maxipago.com\/developers\/wp-content\/uploads\/2024\/01\/image-72.png\" alt=\"\" class=\"wp-image-3898\" srcset=\"https:\/\/www.maxipago.com\/developers\/wp-content\/uploads\/2024\/01\/image-72.png 841w, https:\/\/www.maxipago.com\/developers\/wp-content\/uploads\/2024\/01\/image-72-300x171.png 300w, https:\/\/www.maxipago.com\/developers\/wp-content\/uploads\/2024\/01\/image-72-768x438.png 768w\" sizes=\"(max-width: 841px) 100vw, 841px\" \/><\/figure>\n","protected":false},"excerpt":{"rendered":"<p>Com a afilia\u00e7\u00e3o Rede \u00e9 poss\u00edvel aceitar os principais cart\u00f5es, como Visa, Mastercard, Diners Club, Hiper, Hipercard, Elo, Amex&nbsp;(e muitos outros) em seu estabelecimento. O processo de credenciamento pode ser realizado atrav\u00e9s do site da REDE. Aqui voc\u00ea ver\u00e1 como habilitar a adquirente REDE via maxiPago!: Gera\u00e7\u00e3o de Chave de Integra\u00e7\u00e3o(tecnologia e.Rede) Para que o [&hellip;]<\/p>\n","protected":false},"author":2,"featured_media":0,"parent":27,"menu_order":0,"comment_status":"closed","ping_status":"closed","template":"","meta":{"spay_email":"","footnotes":""},"yoast_head":"<!-- This site is optimized with the Yoast SEO plugin v16.2 - https:\/\/yoast.com\/wordpress\/plugins\/seo\/ -->\n<title>Rede - Gateway Rede! Developers<\/title>\n<meta name=\"robots\" content=\"noindex, follow, max-snippet:-1, max-image-preview:large, max-video-preview:-1\" \/>\n<meta property=\"og:locale\" content=\"pt_BR\" \/>\n<meta property=\"og:type\" content=\"article\" \/>\n<meta property=\"og:title\" content=\"Rede - Gateway Rede! Developers\" \/>\n<meta property=\"og:description\" content=\"Com a afilia\u00e7\u00e3o Rede \u00e9 poss\u00edvel aceitar os principais cart\u00f5es, como Visa, Mastercard, Diners Club, Hiper, Hipercard, Elo, Amex&nbsp;(e muitos outros) em seu estabelecimento. O processo de credenciamento pode ser realizado atrav\u00e9s do site da REDE. Aqui voc\u00ea ver\u00e1 como habilitar a adquirente REDE via maxiPago!: Gera\u00e7\u00e3o de Chave de Integra\u00e7\u00e3o(tecnologia e.Rede) Para que o [&hellip;]\" \/>\n<meta property=\"og:url\" content=\"https:\/\/www.maxipago.com\/developers\/apidocs\/afiliacoes\/rede\/\" \/>\n<meta property=\"og:site_name\" content=\"Gateway Rede! Developers\" \/>\n<meta property=\"article:publisher\" content=\"https:\/\/www.facebook.com\/maxiPago-193308344142172\/?fref=ts\" \/>\n<meta property=\"article:modified_time\" content=\"2024-10-22T13:36:03+00:00\" \/>\n<meta property=\"og:image\" content=\"https:\/\/www.maxipago.com\/developers\/wp-content\/uploads\/2024\/01\/image-65.png\" \/>\n<meta name=\"twitter:card\" content=\"summary\" \/>\n<meta name=\"twitter:label1\" content=\"Est. tempo de leitura\">\n\t<meta name=\"twitter:data1\" content=\"3 minutos\">\n<script type=\"application\/ld+json\" class=\"yoast-schema-graph\">{\"@context\":\"https:\/\/schema.org\",\"@graph\":[{\"@type\":\"WebSite\",\"@id\":\"https:\/\/www.maxipago.com\/developers\/#website\",\"url\":\"https:\/\/www.maxipago.com\/developers\/\",\"name\":\"Gateway Rede! Developers\",\"description\":\"Portal de Desenvolvedores - Gateway Rede!\",\"potentialAction\":[{\"@type\":\"SearchAction\",\"target\":\"https:\/\/www.maxipago.com\/developers\/?s={search_term_string}\",\"query-input\":\"required name=search_term_string\"}],\"inLanguage\":\"pt-BR\"},{\"@type\":\"ImageObject\",\"@id\":\"https:\/\/www.maxipago.com\/developers\/apidocs\/afiliacoes\/rede\/#primaryimage\",\"inLanguage\":\"pt-BR\",\"url\":\"https:\/\/www.maxipago.com\/developers\/wp-content\/uploads\/2024\/01\/image-65.png\",\"contentUrl\":\"https:\/\/www.maxipago.com\/developers\/wp-content\/uploads\/2024\/01\/image-65.png\",\"width\":753,\"height\":327},{\"@type\":\"WebPage\",\"@id\":\"https:\/\/www.maxipago.com\/developers\/apidocs\/afiliacoes\/rede\/#webpage\",\"url\":\"https:\/\/www.maxipago.com\/developers\/apidocs\/afiliacoes\/rede\/\",\"name\":\"Rede - Gateway Rede! Developers\",\"isPartOf\":{\"@id\":\"https:\/\/www.maxipago.com\/developers\/#website\"},\"primaryImageOfPage\":{\"@id\":\"https:\/\/www.maxipago.com\/developers\/apidocs\/afiliacoes\/rede\/#primaryimage\"},\"datePublished\":\"2017-02-08T16:22:00+00:00\",\"dateModified\":\"2024-10-22T13:36:03+00:00\",\"breadcrumb\":{\"@id\":\"https:\/\/www.maxipago.com\/developers\/apidocs\/afiliacoes\/rede\/#breadcrumb\"},\"inLanguage\":\"pt-BR\",\"potentialAction\":[{\"@type\":\"ReadAction\",\"target\":[\"https:\/\/www.maxipago.com\/developers\/apidocs\/afiliacoes\/rede\/\"]}]},{\"@type\":\"BreadcrumbList\",\"@id\":\"https:\/\/www.maxipago.com\/developers\/apidocs\/afiliacoes\/rede\/#breadcrumb\",\"itemListElement\":[{\"@type\":\"ListItem\",\"position\":1,\"item\":{\"@type\":\"WebPage\",\"@id\":\"https:\/\/www.maxipago.com\/developers\/\",\"url\":\"https:\/\/www.maxipago.com\/developers\/\",\"name\":\"In\\u00edcio\"}},{\"@type\":\"ListItem\",\"position\":2,\"item\":{\"@type\":\"WebPage\",\"@id\":\"https:\/\/www.maxipago.com\/developers\/apidocs\/\",\"url\":\"https:\/\/www.maxipago.com\/developers\/apidocs\/\",\"name\":\"API Docs\"}},{\"@type\":\"ListItem\",\"position\":3,\"item\":{\"@type\":\"WebPage\",\"@id\":\"https:\/\/www.maxipago.com\/developers\/apidocs\/afiliacoes\/\",\"url\":\"https:\/\/www.maxipago.com\/developers\/apidocs\/afiliacoes\/\",\"name\":\"Guia de Afilia\\u00e7\\u00f5es\"}},{\"@type\":\"ListItem\",\"position\":4,\"item\":{\"@id\":\"https:\/\/www.maxipago.com\/developers\/apidocs\/afiliacoes\/rede\/#webpage\"}}]}]}<\/script>\n<!-- \/ Yoast SEO plugin. -->","_links":{"self":[{"href":"https:\/\/www.maxipago.com\/developers\/wp-json\/wp\/v2\/pages\/217"}],"collection":[{"href":"https:\/\/www.maxipago.com\/developers\/wp-json\/wp\/v2\/pages"}],"about":[{"href":"https:\/\/www.maxipago.com\/developers\/wp-json\/wp\/v2\/types\/page"}],"author":[{"embeddable":true,"href":"https:\/\/www.maxipago.com\/developers\/wp-json\/wp\/v2\/users\/2"}],"replies":[{"embeddable":true,"href":"https:\/\/www.maxipago.com\/developers\/wp-json\/wp\/v2\/comments?post=217"}],"version-history":[{"count":23,"href":"https:\/\/www.maxipago.com\/developers\/wp-json\/wp\/v2\/pages\/217\/revisions"}],"predecessor-version":[{"id":4187,"href":"https:\/\/www.maxipago.com\/developers\/wp-json\/wp\/v2\/pages\/217\/revisions\/4187"}],"up":[{"embeddable":true,"href":"https:\/\/www.maxipago.com\/developers\/wp-json\/wp\/v2\/pages\/27"}],"wp:attachment":[{"href":"https:\/\/www.maxipago.com\/developers\/wp-json\/wp\/v2\/media?parent=217"}],"curies":[{"name":"wp","href":"https:\/\/api.w.org\/{rel}","templated":true}]}}