{"id":222,"date":"2017-02-08T14:29:30","date_gmt":"2017-02-08T16:29:30","guid":{"rendered":"http:\/\/maxipago.com\/developers\/?page_id=222"},"modified":"2024-12-02T11:00:42","modified_gmt":"2024-12-02T14:00:42","slug":"cielo","status":"publish","type":"page","link":"https:\/\/www.maxipago.com\/developers\/apidocs\/afiliacoes\/cielo\/","title":{"rendered":"Cielo"},"content":{"rendered":"\n<p>Com uma afilia\u00e7\u00e3o Cielo \u00e9 poss\u00edvel aceitar as bandeiras <strong style=\"color: #878787;\">Visa, Mastercard, American Express, Elo, Diners, Discover, JCB e Aura <\/strong>(e muitos outros) em seu estabelecimento. O processo de credenciamento deve ser realizado atrav\u00e9s do portal da <a style=\"color: #e06b08;\" href=\"https:\/\/www.cielo.com.br\/\">Cielo<\/a>.<\/p>\n\n\n\n<p>Caso j\u00e1 possua, envie o n\u00famero de afilia\u00e7\u00e3o (merchant ID) e a chave de homologa\u00e7\u00e3o (merchant Key) pode entrar em contato com nossas centrais:<br><\/p>\n\n\n\n<p><strong>Fale conosco<\/strong><\/p>\n\n\n\n<p><strong>Atendimento com especialistas, 24h por dia, 7 dias por semana<\/strong><\/p>\n\n\n\n<p><strong>Capitais e regi\u00f5es metropolitanas<\/strong>  &#8211; (11)4001-4433<\/p>\n\n\n\n<p><strong>Demais localidades<\/strong> &#8211; 0800-728-4433<\/p>\n\n\n\n<p><\/p>\n\n\n\n<p><\/p>\n\n\n\n<p><\/p>\n\n\n\n<h3 class=\"wp-block-heading\">Homologa\u00e7\u00e3o do e-commerce Cielo<\/h3>\n\n\n\n<p>Ap\u00f3s o contato com a Cielo, voc\u00ea dever\u00e1 acessar o portal Maxipago e incluir o n\u00famero de afilia\u00e7\u00e3o (merchant Key) e a chave de homologa\u00e7\u00e3o (merchant key) da Cielo, conforme procedimento abaixo:<\/p>\n\n\n\n<p><strong>Ambiente de Produ\u00e7\u00e3o:<\/strong>&nbsp;<a href=\"https:\/\/portal.maxipago.net\/vpos\">https:\/\/portal.maxipago.net\/vpos<\/a><\/p>\n\n\n\n<p><strong>Ambiente de Teste:<\/strong>&nbsp;<a href=\"https:\/\/portal.maxipago.net\/vpos\">https:\/\/testeportal.maxipago.net\/vpos<\/a><\/p>\n\n\n\n<p><strong>1.<\/strong>&nbsp;Acesse o Portal com suas credencias (enviadas no e-mail de boas-vindas)<\/p>\n\n\n\n<figure class=\"wp-block-image\"><img decoding=\"async\" width=\"753\" height=\"327\" src=\"https:\/\/www.maxipago.com\/developers\/wp-content\/uploads\/2024\/01\/image-65.png\" alt=\"\" class=\"wp-image-3891\" srcset=\"https:\/\/www.maxipago.com\/developers\/wp-content\/uploads\/2024\/01\/image-65.png 753w, https:\/\/www.maxipago.com\/developers\/wp-content\/uploads\/2024\/01\/image-65-300x130.png 300w\" sizes=\"(max-width: 753px) 100vw, 753px\" \/><\/figure>\n\n\n\n<p><strong>2.<\/strong>&nbsp;Acesse a aba:&nbsp;<strong>Admin&nbsp;<\/strong>\u2013 no menu superior (apenas dispon\u00edvel para perfil SuperUser)<\/p>\n\n\n\n<figure class=\"wp-block-image\"><img decoding=\"async\" width=\"487\" height=\"143\" src=\"https:\/\/www.maxipago.com\/developers\/wp-content\/uploads\/2024\/01\/image-66.png\" alt=\"\" class=\"wp-image-3892\" srcset=\"https:\/\/www.maxipago.com\/developers\/wp-content\/uploads\/2024\/01\/image-66.png 487w, https:\/\/www.maxipago.com\/developers\/wp-content\/uploads\/2024\/01\/image-66-300x88.png 300w\" sizes=\"(max-width: 487px) 100vw, 487px\" \/><\/figure>\n\n\n\n<p><strong>3.<\/strong>&nbsp;Acesse a aba:&nbsp;<strong>Configura\u00e7\u00f5es<\/strong><\/p>\n\n\n\n<figure class=\"wp-block-image\"><img decoding=\"async\" width=\"495\" height=\"123\" src=\"https:\/\/www.maxipago.com\/developers\/wp-content\/uploads\/2024\/01\/image-67.png\" alt=\"\" class=\"wp-image-3893\" srcset=\"https:\/\/www.maxipago.com\/developers\/wp-content\/uploads\/2024\/01\/image-67.png 495w, https:\/\/www.maxipago.com\/developers\/wp-content\/uploads\/2024\/01\/image-67-300x75.png 300w\" sizes=\"(max-width: 495px) 100vw, 495px\" \/><\/figure>\n\n\n\n<p><strong>4.<\/strong>&nbsp;Acesse a aba:&nbsp;<strong>Adquir\u00eancias<\/strong><\/p>\n\n\n\n<figure class=\"wp-block-image\"><img decoding=\"async\" width=\"1024\" height=\"163\" src=\"https:\/\/www.maxipago.com\/developers\/wp-content\/uploads\/2024\/01\/image-68-1024x163.png\" alt=\"\" class=\"wp-image-3894\" srcset=\"https:\/\/www.maxipago.com\/developers\/wp-content\/uploads\/2024\/01\/image-68-1024x163.png 1024w, https:\/\/www.maxipago.com\/developers\/wp-content\/uploads\/2024\/01\/image-68-300x48.png 300w, https:\/\/www.maxipago.com\/developers\/wp-content\/uploads\/2024\/01\/image-68-768x122.png 768w, https:\/\/www.maxipago.com\/developers\/wp-content\/uploads\/2024\/01\/image-68.png 1449w\" sizes=\"(max-width: 1024px) 100vw, 1024px\" \/><\/figure>\n\n\n\n<p><strong>5.<\/strong>&nbsp;Na op\u00e7\u00f5es de&nbsp;<strong>Adquirente<\/strong>, selecione a op\u00e7\u00e3o:&nbsp;<strong>Cielo <\/strong>e preencha com os dados de Merchant ID e Merchant Key e clique em&nbsp;<strong>Salvar<\/strong><\/p>\n\n\n\n<figure class=\"wp-block-image size-large\"><img decoding=\"async\" width=\"1024\" height=\"578\" src=\"https:\/\/www.maxipago.com\/developers\/wp-content\/uploads\/2024\/01\/image-73-1024x578.png\" alt=\"\" class=\"wp-image-3902\" srcset=\"https:\/\/www.maxipago.com\/developers\/wp-content\/uploads\/2024\/01\/image-73-1024x578.png 1024w, https:\/\/www.maxipago.com\/developers\/wp-content\/uploads\/2024\/01\/image-73-300x169.png 300w, https:\/\/www.maxipago.com\/developers\/wp-content\/uploads\/2024\/01\/image-73-768x434.png 768w, https:\/\/www.maxipago.com\/developers\/wp-content\/uploads\/2024\/01\/image-73-1536x867.png 1536w, https:\/\/www.maxipago.com\/developers\/wp-content\/uploads\/2024\/01\/image-73.png 1992w\" sizes=\"(max-width: 1024px) 100vw, 1024px\" \/><\/figure>\n\n\n\n<p><\/p>\n\n\n\n<h3 class=\"wp-block-heading\"><span style=\"background-color:rgba(0, 0, 0, 0)\" class=\"has-inline-color has-luminous-vivid-orange-color\">Libera\u00e7\u00e3o dos IP\u00b4s maxiPago!<\/span><\/h3>\n\n\n\n<p>Algumas empresas necessitam dos IP\u00b4s de sa\u00edda da maxiPago!. Recomendamos a verifica\u00e7\u00e3o dessa permiss\u00e3o utilizando os IPs abaixo:<\/p>\n\n\n\n<ul>\n<li><strong>52.207.83.230<\/strong><\/li>\n\n\n\n<li><strong>54.237.160.163<\/strong><\/li>\n<\/ul>\n\n\n\n<div style=\"height:100px\" aria-hidden=\"true\" class=\"wp-block-spacer\"><\/div>\n","protected":false},"excerpt":{"rendered":"<p>Com uma afilia\u00e7\u00e3o Cielo \u00e9 poss\u00edvel aceitar as bandeiras Visa, Mastercard, American Express, Elo, Diners, Discover, JCB e Aura (e muitos outros) em seu estabelecimento. O processo de credenciamento deve ser realizado atrav\u00e9s do portal da Cielo. Caso j\u00e1 possua, envie o n\u00famero de afilia\u00e7\u00e3o (merchant ID) e a chave de homologa\u00e7\u00e3o (merchant Key) pode [&hellip;]<\/p>\n","protected":false},"author":2,"featured_media":0,"parent":27,"menu_order":0,"comment_status":"closed","ping_status":"closed","template":"","meta":{"spay_email":"","footnotes":""},"yoast_head":"<!-- This site is optimized with the Yoast SEO plugin v16.2 - https:\/\/yoast.com\/wordpress\/plugins\/seo\/ -->\n<title>Cielo - Gateway Rede! Developers<\/title>\n<meta name=\"robots\" content=\"noindex, follow, max-snippet:-1, max-image-preview:large, max-video-preview:-1\" \/>\n<meta property=\"og:locale\" content=\"pt_BR\" \/>\n<meta property=\"og:type\" content=\"article\" \/>\n<meta property=\"og:title\" content=\"Cielo - Gateway Rede! Developers\" \/>\n<meta property=\"og:description\" content=\"Com uma afilia\u00e7\u00e3o Cielo \u00e9 poss\u00edvel aceitar as bandeiras Visa, Mastercard, American Express, Elo, Diners, Discover, JCB e Aura (e muitos outros) em seu estabelecimento. O processo de credenciamento deve ser realizado atrav\u00e9s do portal da Cielo. Caso j\u00e1 possua, envie o n\u00famero de afilia\u00e7\u00e3o (merchant ID) e a chave de homologa\u00e7\u00e3o (merchant Key) pode [&hellip;]\" \/>\n<meta property=\"og:url\" content=\"https:\/\/www.maxipago.com\/developers\/apidocs\/afiliacoes\/cielo\/\" \/>\n<meta property=\"og:site_name\" content=\"Gateway Rede! Developers\" \/>\n<meta property=\"article:publisher\" content=\"https:\/\/www.facebook.com\/maxiPago-193308344142172\/?fref=ts\" \/>\n<meta property=\"article:modified_time\" content=\"2024-12-02T14:00:42+00:00\" \/>\n<meta property=\"og:image\" content=\"https:\/\/www.maxipago.com\/developers\/wp-content\/uploads\/2024\/01\/image-65.png\" \/>\n<meta name=\"twitter:card\" content=\"summary\" \/>\n<meta name=\"twitter:label1\" content=\"Est. tempo de leitura\">\n\t<meta name=\"twitter:data1\" content=\"2 minutos\">\n<script type=\"application\/ld+json\" class=\"yoast-schema-graph\">{\"@context\":\"https:\/\/schema.org\",\"@graph\":[{\"@type\":\"WebSite\",\"@id\":\"https:\/\/www.maxipago.com\/developers\/#website\",\"url\":\"https:\/\/www.maxipago.com\/developers\/\",\"name\":\"Gateway Rede! Developers\",\"description\":\"Portal de Desenvolvedores - Gateway Rede!\",\"potentialAction\":[{\"@type\":\"SearchAction\",\"target\":\"https:\/\/www.maxipago.com\/developers\/?s={search_term_string}\",\"query-input\":\"required name=search_term_string\"}],\"inLanguage\":\"pt-BR\"},{\"@type\":\"ImageObject\",\"@id\":\"https:\/\/www.maxipago.com\/developers\/apidocs\/afiliacoes\/cielo\/#primaryimage\",\"inLanguage\":\"pt-BR\",\"url\":\"https:\/\/www.maxipago.com\/developers\/wp-content\/uploads\/2024\/01\/image-65.png\",\"contentUrl\":\"https:\/\/www.maxipago.com\/developers\/wp-content\/uploads\/2024\/01\/image-65.png\",\"width\":753,\"height\":327},{\"@type\":\"WebPage\",\"@id\":\"https:\/\/www.maxipago.com\/developers\/apidocs\/afiliacoes\/cielo\/#webpage\",\"url\":\"https:\/\/www.maxipago.com\/developers\/apidocs\/afiliacoes\/cielo\/\",\"name\":\"Cielo - Gateway Rede! Developers\",\"isPartOf\":{\"@id\":\"https:\/\/www.maxipago.com\/developers\/#website\"},\"primaryImageOfPage\":{\"@id\":\"https:\/\/www.maxipago.com\/developers\/apidocs\/afiliacoes\/cielo\/#primaryimage\"},\"datePublished\":\"2017-02-08T16:29:30+00:00\",\"dateModified\":\"2024-12-02T14:00:42+00:00\",\"breadcrumb\":{\"@id\":\"https:\/\/www.maxipago.com\/developers\/apidocs\/afiliacoes\/cielo\/#breadcrumb\"},\"inLanguage\":\"pt-BR\",\"potentialAction\":[{\"@type\":\"ReadAction\",\"target\":[\"https:\/\/www.maxipago.com\/developers\/apidocs\/afiliacoes\/cielo\/\"]}]},{\"@type\":\"BreadcrumbList\",\"@id\":\"https:\/\/www.maxipago.com\/developers\/apidocs\/afiliacoes\/cielo\/#breadcrumb\",\"itemListElement\":[{\"@type\":\"ListItem\",\"position\":1,\"item\":{\"@type\":\"WebPage\",\"@id\":\"https:\/\/www.maxipago.com\/developers\/\",\"url\":\"https:\/\/www.maxipago.com\/developers\/\",\"name\":\"In\\u00edcio\"}},{\"@type\":\"ListItem\",\"position\":2,\"item\":{\"@type\":\"WebPage\",\"@id\":\"https:\/\/www.maxipago.com\/developers\/apidocs\/\",\"url\":\"https:\/\/www.maxipago.com\/developers\/apidocs\/\",\"name\":\"API Docs\"}},{\"@type\":\"ListItem\",\"position\":3,\"item\":{\"@type\":\"WebPage\",\"@id\":\"https:\/\/www.maxipago.com\/developers\/apidocs\/afiliacoes\/\",\"url\":\"https:\/\/www.maxipago.com\/developers\/apidocs\/afiliacoes\/\",\"name\":\"Guia de Afilia\\u00e7\\u00f5es\"}},{\"@type\":\"ListItem\",\"position\":4,\"item\":{\"@id\":\"https:\/\/www.maxipago.com\/developers\/apidocs\/afiliacoes\/cielo\/#webpage\"}}]}]}<\/script>\n<!-- \/ Yoast SEO plugin. -->","_links":{"self":[{"href":"https:\/\/www.maxipago.com\/developers\/wp-json\/wp\/v2\/pages\/222"}],"collection":[{"href":"https:\/\/www.maxipago.com\/developers\/wp-json\/wp\/v2\/pages"}],"about":[{"href":"https:\/\/www.maxipago.com\/developers\/wp-json\/wp\/v2\/types\/page"}],"author":[{"embeddable":true,"href":"https:\/\/www.maxipago.com\/developers\/wp-json\/wp\/v2\/users\/2"}],"replies":[{"embeddable":true,"href":"https:\/\/www.maxipago.com\/developers\/wp-json\/wp\/v2\/comments?post=222"}],"version-history":[{"count":20,"href":"https:\/\/www.maxipago.com\/developers\/wp-json\/wp\/v2\/pages\/222\/revisions"}],"predecessor-version":[{"id":4247,"href":"https:\/\/www.maxipago.com\/developers\/wp-json\/wp\/v2\/pages\/222\/revisions\/4247"}],"up":[{"embeddable":true,"href":"https:\/\/www.maxipago.com\/developers\/wp-json\/wp\/v2\/pages\/27"}],"wp:attachment":[{"href":"https:\/\/www.maxipago.com\/developers\/wp-json\/wp\/v2\/media?parent=222"}],"curies":[{"name":"wp","href":"https:\/\/api.w.org\/{rel}","templated":true}]}}