{"id":228,"date":"2017-02-08T14:54:18","date_gmt":"2017-02-08T16:54:18","guid":{"rendered":"http:\/\/maxipago.com\/developers\/?page_id=228"},"modified":"2023-01-17T16:48:43","modified_gmt":"2023-01-17T19:48:43","slug":"getnet","status":"publish","type":"page","link":"https:\/\/www.maxipago.com\/developers\/apidocs\/afiliacoes\/getnet\/","title":{"rendered":"Getnet"},"content":{"rendered":"<p align=\"justify\">\n<\/p><p style=\"font-size: medium;\" align=\"justify\">A afilia\u00e7\u00e3o GetNet lhe possibilitar\u00e1 trabalhar com as principais bandeiras do mercado.<\/p>\n<p style=\"font-size: medium;\" align=\"justify\">Para obter contato com um dos representantes, acesse o site da <a style=\"color: #ff6600;\" href=\"http:\/\/site.getnet.com.br\/\" target=\"_blank\" rel=\"noopener\">GetNet<\/a><\/p>\n<p style=\"font-size: medium;\" align=\"justify\">Clique na op\u00e7\u00e3o &#8220;Seja Cliente&#8221;, preencha o formul\u00e1rio com as informa\u00e7\u00f5es necess\u00e1rias e aguarde um contato da equipe da GetNet.<\/p>\n\n\n<div style=\"height:17px\" aria-hidden=\"true\" class=\"wp-block-spacer\"><\/div>\n\n\n\n<h3 class=\"wp-block-heading\"><span class=\"has-inline-color has-luminous-vivid-orange-color\">Contato com o Suporte maxiPago!<\/span><\/h3>\n\n\n\n<div style=\"height:16px\" aria-hidden=\"true\" class=\"wp-block-spacer\"><\/div>\n\n\n\n<p>Assim que finalizado o processo de cadastro, voc\u00ea receber\u00e1 o arquivo <strong>Resource.CGN<\/strong> da GetNet que deve ser informado \u00e0 maxiPago! (Este arquivo cont\u00e9m informa\u00e7\u00f5es da afilia\u00e7\u00e3o e Terminais L\u00f3gicos).<\/p>\n\n\n\n<p>Envie esse arquivo \u00e0 maxiPago! e aguarde a conclus\u00e3o dos testes. Assim que finalizado, nossa equipe comunicar\u00e1 a conclus\u00e3o da Homologa\u00e7\u00e3o.<\/p>\n\n\n\n<div style=\"height:41px\" aria-hidden=\"true\" class=\"wp-block-spacer\"><\/div>\n\n\n\n<h3 class=\"wp-block-heading\"><span class=\"has-inline-color has-luminous-vivid-orange-color\">Libera\u00e7\u00e3o dos IP\u00b4s maxiPago!<\/span><\/h3>\n\n\n\n<div style=\"height:23px\" aria-hidden=\"true\" class=\"wp-block-spacer\"><\/div>\n\n\n\n<p>Algumas empresas necessitam dos IP\u00b4s de sa\u00edda da maxiPago!. Recomendamos a verifica\u00e7\u00e3o dessa permiss\u00e3o utilizando os IPs abaixo:<\/p>\n\n\n\n<ul><li><strong>52.207.83.230<\/strong><\/li><li><strong>54.237.160.163<\/strong><\/li><\/ul>\n","protected":false},"excerpt":{"rendered":"<p>A afilia\u00e7\u00e3o GetNet lhe possibilitar\u00e1 trabalhar com as principais bandeiras do mercado. Para obter contato com um dos representantes, acesse o site da GetNet Clique na op\u00e7\u00e3o &#8220;Seja Cliente&#8221;, preencha o formul\u00e1rio com as informa\u00e7\u00f5es necess\u00e1rias e aguarde um contato da equipe da GetNet. Contato com o Suporte maxiPago! Assim que finalizado o processo de [&hellip;]<\/p>\n","protected":false},"author":2,"featured_media":0,"parent":27,"menu_order":0,"comment_status":"closed","ping_status":"closed","template":"page-full.php","meta":{"spay_email":"","footnotes":""},"yoast_head":"<!-- This site is optimized with the Yoast SEO plugin v16.2 - https:\/\/yoast.com\/wordpress\/plugins\/seo\/ -->\n<title>Getnet - Gateway Rede! Developers<\/title>\n<meta name=\"robots\" content=\"noindex, follow, max-snippet:-1, max-image-preview:large, max-video-preview:-1\" \/>\n<meta property=\"og:locale\" content=\"pt_BR\" \/>\n<meta property=\"og:type\" content=\"article\" \/>\n<meta property=\"og:title\" content=\"Getnet - Gateway Rede! Developers\" \/>\n<meta property=\"og:description\" content=\"A afilia\u00e7\u00e3o GetNet lhe possibilitar\u00e1 trabalhar com as principais bandeiras do mercado. Para obter contato com um dos representantes, acesse o site da GetNet Clique na op\u00e7\u00e3o &#8220;Seja Cliente&#8221;, preencha o formul\u00e1rio com as informa\u00e7\u00f5es necess\u00e1rias e aguarde um contato da equipe da GetNet. Contato com o Suporte maxiPago! Assim que finalizado o processo de [&hellip;]\" \/>\n<meta property=\"og:url\" content=\"https:\/\/www.maxipago.com\/developers\/apidocs\/afiliacoes\/getnet\/\" \/>\n<meta property=\"og:site_name\" content=\"Gateway Rede! Developers\" \/>\n<meta property=\"article:publisher\" content=\"https:\/\/www.facebook.com\/maxiPago-193308344142172\/?fref=ts\" \/>\n<meta property=\"article:modified_time\" content=\"2023-01-17T19:48:43+00:00\" \/>\n<meta name=\"twitter:card\" content=\"summary\" \/>\n<meta name=\"twitter:label1\" content=\"Est. tempo de leitura\">\n\t<meta name=\"twitter:data1\" content=\"1 minuto\">\n<script type=\"application\/ld+json\" class=\"yoast-schema-graph\">{\"@context\":\"https:\/\/schema.org\",\"@graph\":[{\"@type\":\"WebSite\",\"@id\":\"https:\/\/www.maxipago.com\/developers\/#website\",\"url\":\"https:\/\/www.maxipago.com\/developers\/\",\"name\":\"Gateway Rede! Developers\",\"description\":\"Portal de Desenvolvedores - Gateway Rede!\",\"potentialAction\":[{\"@type\":\"SearchAction\",\"target\":\"https:\/\/www.maxipago.com\/developers\/?s={search_term_string}\",\"query-input\":\"required name=search_term_string\"}],\"inLanguage\":\"pt-BR\"},{\"@type\":\"WebPage\",\"@id\":\"https:\/\/www.maxipago.com\/developers\/apidocs\/afiliacoes\/getnet\/#webpage\",\"url\":\"https:\/\/www.maxipago.com\/developers\/apidocs\/afiliacoes\/getnet\/\",\"name\":\"Getnet - Gateway Rede! Developers\",\"isPartOf\":{\"@id\":\"https:\/\/www.maxipago.com\/developers\/#website\"},\"datePublished\":\"2017-02-08T16:54:18+00:00\",\"dateModified\":\"2023-01-17T19:48:43+00:00\",\"breadcrumb\":{\"@id\":\"https:\/\/www.maxipago.com\/developers\/apidocs\/afiliacoes\/getnet\/#breadcrumb\"},\"inLanguage\":\"pt-BR\",\"potentialAction\":[{\"@type\":\"ReadAction\",\"target\":[\"https:\/\/www.maxipago.com\/developers\/apidocs\/afiliacoes\/getnet\/\"]}]},{\"@type\":\"BreadcrumbList\",\"@id\":\"https:\/\/www.maxipago.com\/developers\/apidocs\/afiliacoes\/getnet\/#breadcrumb\",\"itemListElement\":[{\"@type\":\"ListItem\",\"position\":1,\"item\":{\"@type\":\"WebPage\",\"@id\":\"https:\/\/www.maxipago.com\/developers\/\",\"url\":\"https:\/\/www.maxipago.com\/developers\/\",\"name\":\"In\\u00edcio\"}},{\"@type\":\"ListItem\",\"position\":2,\"item\":{\"@type\":\"WebPage\",\"@id\":\"https:\/\/www.maxipago.com\/developers\/apidocs\/\",\"url\":\"https:\/\/www.maxipago.com\/developers\/apidocs\/\",\"name\":\"API Docs\"}},{\"@type\":\"ListItem\",\"position\":3,\"item\":{\"@type\":\"WebPage\",\"@id\":\"https:\/\/www.maxipago.com\/developers\/apidocs\/afiliacoes\/\",\"url\":\"https:\/\/www.maxipago.com\/developers\/apidocs\/afiliacoes\/\",\"name\":\"Guia de Afilia\\u00e7\\u00f5es\"}},{\"@type\":\"ListItem\",\"position\":4,\"item\":{\"@id\":\"https:\/\/www.maxipago.com\/developers\/apidocs\/afiliacoes\/getnet\/#webpage\"}}]}]}<\/script>\n<!-- \/ Yoast SEO plugin. -->","_links":{"self":[{"href":"https:\/\/www.maxipago.com\/developers\/wp-json\/wp\/v2\/pages\/228"}],"collection":[{"href":"https:\/\/www.maxipago.com\/developers\/wp-json\/wp\/v2\/pages"}],"about":[{"href":"https:\/\/www.maxipago.com\/developers\/wp-json\/wp\/v2\/types\/page"}],"author":[{"embeddable":true,"href":"https:\/\/www.maxipago.com\/developers\/wp-json\/wp\/v2\/users\/2"}],"replies":[{"embeddable":true,"href":"https:\/\/www.maxipago.com\/developers\/wp-json\/wp\/v2\/comments?post=228"}],"version-history":[{"count":12,"href":"https:\/\/www.maxipago.com\/developers\/wp-json\/wp\/v2\/pages\/228\/revisions"}],"predecessor-version":[{"id":2956,"href":"https:\/\/www.maxipago.com\/developers\/wp-json\/wp\/v2\/pages\/228\/revisions\/2956"}],"up":[{"embeddable":true,"href":"https:\/\/www.maxipago.com\/developers\/wp-json\/wp\/v2\/pages\/27"}],"wp:attachment":[{"href":"https:\/\/www.maxipago.com\/developers\/wp-json\/wp\/v2\/media?parent=228"}],"curies":[{"name":"wp","href":"https:\/\/api.w.org\/{rel}","templated":true}]}}