{"id":27,"date":"2017-02-06T14:07:24","date_gmt":"2017-02-06T16:07:24","guid":{"rendered":"http:\/\/maxipago.com\/developers\/?page_id=27"},"modified":"2023-01-17T16:54:57","modified_gmt":"2023-01-17T19:54:57","slug":"afiliacoes","status":"publish","type":"page","link":"https:\/\/www.maxipago.com\/developers\/apidocs\/afiliacoes\/","title":{"rendered":"Guia de Afilia\u00e7\u00f5es"},"content":{"rendered":"<p align=\"justify\">.<\/p>\n<p align=\"justify\">\u00a0<\/p>\n<p style=\"font-size: medium;\" align=\"justify\">Este documento \u00e9 destinado aos clientes da <strong style=\"color: #878787;\">maxiPago!<\/strong> que ainda n\u00e3o possuem afilia\u00e7\u00f5es e-Commerce com os dos adquirentes que possu\u00edmos integra\u00e7\u00e3o atualmente (<strong><a style=\"color: #ff6600;\" href=\"http:\/\/maxipago.com\/developers\/apidocs\/afiliacoes\/cielo\/\">Cielo<\/a>, <a style=\"color: #ff6600;\" href=\"http:\/\/maxipago.com\/developers\/apidocs\/afiliacoes\/rede\/\">Rede<\/a>, <a style=\"color: #ff6600;\" href=\"http:\/\/maxipago.com\/developers\/apidocs\/afiliacoes\/stone\/\">Stone<\/a>, <a style=\"color: #ff6600;\" href=\"http:\/\/maxipago.com\/developers\/apidocs\/afiliacoes\/getnet\/\">GetNet<\/a>, <a style=\"color: #ff6600;\" href=\"http:\/\/maxipago.com\/developers\/apidocs\/afiliacoes\/boleto-bancario\/\">Boleto Banc\u00e1rio<\/a>, <a style=\"color: #ff6600;\" href=\"http:\/\/maxipago.com\/developers\/apidocs\/afiliacoes\/transferencia-bancaria-itau\/\">Transfer\u00eancia Ita\u00fa<\/a><\/strong>).<\/p>\n<p>Este manual cont\u00e9m um passo-a-passo detalhado para facilitar seu entendimento e explicar cada processo.<\/p>\n<p>As afilia\u00e7\u00f5es e-Commerce s\u00e3o necess\u00e1rias para que as lojas recebam transa\u00e7\u00f5es com os cart\u00f5es de cr\u00e9dito atrav\u00e9s do site, entrando assim em Produ\u00e7\u00e3o e vendendo com o gateway da <strong style=\"color: #878787;\">maxiPago!<\/strong>.<\/p>\n<h2 style=\"color: #e06b08;\">e.Rede &#8211; Pagamento\u00a0Digital<\/h2>\n<p style=\"font-size: medium;\" align=\"justify\">Uma solu\u00e7\u00e3o de pagamento online pr\u00e1tica e segura para voc\u00ea realizar suas vendas pela internet com toda tranquilidade.<\/p>\n<p style=\"font-size: medium;\" align=\"justify\"><strong><a style=\"color: #ff6600;\" href=\"http:\/\/maxipago.com\/developers\/apidocs\/afiliacoes\/rede\/\">Clique aqui<\/a><\/strong> e veja o Guia de Afilia\u00e7\u00e3o.<\/p>\n<h2 style=\"color: #e06b08;\">Cielo<\/h2>\n<p style=\"font-size: medium;\" align=\"justify\">Possui a mais completa solu\u00e7\u00e3o de pagamentos eletr\u00f4nicos do mercado \u2013 m\u00e1quinas no ponto de venda, vendas pelo mobile e e-commerce.<\/p>\n<p style=\"font-size: medium;\" align=\"justify\"><strong><a style=\"color: #ff6600;\" href=\"http:\/\/maxipago.com\/developers\/apidocs\/afiliacoes\/cielo\/\">Clique aqui<\/a><\/strong> e veja o Guia de Afilia\u00e7\u00e3o.<\/p>\n<h2 style=\"color: #e06b08;\">Stone<\/h2>\n<p style=\"font-size: medium;\" align=\"justify\">A Stone possui as melhores solu\u00e7\u00f5es para voc\u00ea processar cart\u00f5es de d\u00e9bito e cr\u00e9dito em sua loja f\u00edsica ou virtual.<\/p>\n<p style=\"font-size: medium;\" align=\"justify\"><strong><a style=\"color: #ff6600;\" href=\"http:\/\/maxipago.com\/developers\/apidocs\/afiliacoes\/stone\/\">Clique aqui<\/a><\/strong> e veja o Guia de Afilia\u00e7\u00e3o.<\/p>\n<h2 style=\"color: #e06b08;\">GetNet<\/h2>\n<p style=\"font-size: medium;\" align=\"justify\">Sua loja virtual integrada com a solu\u00e7\u00e3o de pagamento para o recebimento de suas vendas em cart\u00f5es de cr\u00e9ditos de bandeiras Visa e MasterCard.<\/p>\n<p style=\"font-size: medium;\" align=\"justify\"><strong><a style=\"color: #ff6600;\" href=\"http:\/\/maxipago.com\/developers\/apidocs\/afiliacoes\/getnet\/\">Clique aqui<\/a><\/strong> e veja o Guia de Afilia\u00e7\u00e3o.<\/p>\n<h2 style=\"color: #e06b08;\">Boleto Banc\u00e1rio<\/h2>\n<p style=\"font-size: medium;\" align=\"justify\">A maxiPago! ainda tem como op\u00e7\u00e3o de pagamento o boleto sem registro e com registro apenas o banco Ita\u00fa. Para que este seja habilitado basta enviar para nossa equipe os dados da sua conta banc\u00e1ria: Banco, Ag\u00eancia, Conta Corrente e Carteira ou Conv\u00eanio.<\/p>\n<p style=\"font-size: medium;\" align=\"justify\"><strong><a style=\"color: #ff6600;\" href=\"http:\/\/maxipago.com\/developers\/apidocs\/afiliacoes\/boleto-bancario\/\">Clique aqui<\/a><\/strong> e veja o Guia de Afilia\u00e7\u00e3o.<\/p>\n<h2 style=\"color: #e06b08;\">Transfer\u00eancia Ita\u00fa<\/h2>\n<p style=\"font-size: medium;\" align=\"justify\">Para iniciar a utiliza\u00e7\u00e3o da transfer\u00eancia banc\u00e1ria com o banco Ita\u00fa, solicitamos que entre em contato com o seu gerente e solicite a funcionalidade Ita\u00fa Shopline.<\/p>\n<p style=\"font-size: medium;\" align=\"justify\">Mediante a essa solicita\u00e7\u00e3o ser\u00e1 necess\u00e1rio que o respons\u00e1vel pelo estabelecimento assine um contrato para adquirir esse servi\u00e7o junto ao banco.<\/p>\n<p style=\"font-size: medium;\" align=\"justify\"><strong><a style=\"color: #ff6600;\" href=\"http:\/\/maxipago.com\/developers\/apidocs\/afiliacoes\/transferencia-bancaria-itau\/\">Clique aqui<\/a><\/strong> e veja o Guia de Afilia\u00e7\u00e3o.<\/p>\n\n\n<div style=\"height:41px\" aria-hidden=\"true\" class=\"wp-block-spacer\"><\/div>\n\n\n\n<h3 class=\"wp-block-heading\"><span class=\"has-inline-color has-luminous-vivid-orange-color\">Libera\u00e7\u00e3o dos IP\u00b4s maxiPago!<\/span><\/h3>\n\n\n\n<div style=\"height:23px\" aria-hidden=\"true\" class=\"wp-block-spacer\"><\/div>\n\n\n\n<p>Algumas empresas necessitam dos IP\u00b4s de sa\u00edda da maxiPago!. Recomendamos a verifica\u00e7\u00e3o dessa permiss\u00e3o utilizando os IPs abaixo:<\/p>\n\n\n\n<ul><li><strong>52.207.83.230<\/strong><\/li><li><strong>54.237.160.163<\/strong><\/li><\/ul>\n","protected":false},"excerpt":{"rendered":"<p>. \u00a0 Este documento \u00e9 destinado aos clientes da maxiPago! que ainda n\u00e3o possuem afilia\u00e7\u00f5es e-Commerce com os dos adquirentes que possu\u00edmos integra\u00e7\u00e3o atualmente (Cielo, Rede, Stone, GetNet, Boleto Banc\u00e1rio, Transfer\u00eancia Ita\u00fa). Este manual cont\u00e9m um passo-a-passo detalhado para facilitar seu entendimento e explicar cada processo. As afilia\u00e7\u00f5es e-Commerce s\u00e3o necess\u00e1rias para que as lojas [&hellip;]<\/p>\n","protected":false},"author":1,"featured_media":0,"parent":15,"menu_order":0,"comment_status":"closed","ping_status":"closed","template":"page-full.php","meta":{"spay_email":"","footnotes":""},"yoast_head":"<!-- This site is optimized with the Yoast SEO plugin v16.2 - https:\/\/yoast.com\/wordpress\/plugins\/seo\/ -->\n<title>Guia de Afilia\u00e7\u00f5es - Gateway Rede! Developers<\/title>\n<meta name=\"robots\" content=\"noindex, follow, max-snippet:-1, max-image-preview:large, max-video-preview:-1\" \/>\n<meta property=\"og:locale\" content=\"pt_BR\" \/>\n<meta property=\"og:type\" content=\"article\" \/>\n<meta property=\"og:title\" content=\"Guia de Afilia\u00e7\u00f5es - Gateway Rede! Developers\" \/>\n<meta property=\"og:description\" content=\". \u00a0 Este documento \u00e9 destinado aos clientes da maxiPago! que ainda n\u00e3o possuem afilia\u00e7\u00f5es e-Commerce com os dos adquirentes que possu\u00edmos integra\u00e7\u00e3o atualmente (Cielo, Rede, Stone, GetNet, Boleto Banc\u00e1rio, Transfer\u00eancia Ita\u00fa). Este manual cont\u00e9m um passo-a-passo detalhado para facilitar seu entendimento e explicar cada processo. As afilia\u00e7\u00f5es e-Commerce s\u00e3o necess\u00e1rias para que as lojas [&hellip;]\" \/>\n<meta property=\"og:url\" content=\"https:\/\/www.maxipago.com\/developers\/apidocs\/afiliacoes\/\" \/>\n<meta property=\"og:site_name\" content=\"Gateway Rede! Developers\" \/>\n<meta property=\"article:publisher\" content=\"https:\/\/www.facebook.com\/maxiPago-193308344142172\/?fref=ts\" \/>\n<meta property=\"article:modified_time\" content=\"2023-01-17T19:54:57+00:00\" \/>\n<meta name=\"twitter:card\" content=\"summary\" \/>\n<meta name=\"twitter:label1\" content=\"Est. tempo de leitura\">\n\t<meta name=\"twitter:data1\" content=\"2 minutos\">\n<script type=\"application\/ld+json\" class=\"yoast-schema-graph\">{\"@context\":\"https:\/\/schema.org\",\"@graph\":[{\"@type\":\"WebSite\",\"@id\":\"https:\/\/www.maxipago.com\/developers\/#website\",\"url\":\"https:\/\/www.maxipago.com\/developers\/\",\"name\":\"Gateway Rede! Developers\",\"description\":\"Portal de Desenvolvedores - Gateway Rede!\",\"potentialAction\":[{\"@type\":\"SearchAction\",\"target\":\"https:\/\/www.maxipago.com\/developers\/?s={search_term_string}\",\"query-input\":\"required name=search_term_string\"}],\"inLanguage\":\"pt-BR\"},{\"@type\":\"WebPage\",\"@id\":\"https:\/\/www.maxipago.com\/developers\/apidocs\/afiliacoes\/#webpage\",\"url\":\"https:\/\/www.maxipago.com\/developers\/apidocs\/afiliacoes\/\",\"name\":\"Guia de Afilia\\u00e7\\u00f5es - Gateway Rede! Developers\",\"isPartOf\":{\"@id\":\"https:\/\/www.maxipago.com\/developers\/#website\"},\"datePublished\":\"2017-02-06T16:07:24+00:00\",\"dateModified\":\"2023-01-17T19:54:57+00:00\",\"breadcrumb\":{\"@id\":\"https:\/\/www.maxipago.com\/developers\/apidocs\/afiliacoes\/#breadcrumb\"},\"inLanguage\":\"pt-BR\",\"potentialAction\":[{\"@type\":\"ReadAction\",\"target\":[\"https:\/\/www.maxipago.com\/developers\/apidocs\/afiliacoes\/\"]}]},{\"@type\":\"BreadcrumbList\",\"@id\":\"https:\/\/www.maxipago.com\/developers\/apidocs\/afiliacoes\/#breadcrumb\",\"itemListElement\":[{\"@type\":\"ListItem\",\"position\":1,\"item\":{\"@type\":\"WebPage\",\"@id\":\"https:\/\/www.maxipago.com\/developers\/\",\"url\":\"https:\/\/www.maxipago.com\/developers\/\",\"name\":\"In\\u00edcio\"}},{\"@type\":\"ListItem\",\"position\":2,\"item\":{\"@type\":\"WebPage\",\"@id\":\"https:\/\/www.maxipago.com\/developers\/apidocs\/\",\"url\":\"https:\/\/www.maxipago.com\/developers\/apidocs\/\",\"name\":\"API Docs\"}},{\"@type\":\"ListItem\",\"position\":3,\"item\":{\"@id\":\"https:\/\/www.maxipago.com\/developers\/apidocs\/afiliacoes\/#webpage\"}}]}]}<\/script>\n<!-- \/ Yoast SEO plugin. -->","_links":{"self":[{"href":"https:\/\/www.maxipago.com\/developers\/wp-json\/wp\/v2\/pages\/27"}],"collection":[{"href":"https:\/\/www.maxipago.com\/developers\/wp-json\/wp\/v2\/pages"}],"about":[{"href":"https:\/\/www.maxipago.com\/developers\/wp-json\/wp\/v2\/types\/page"}],"author":[{"embeddable":true,"href":"https:\/\/www.maxipago.com\/developers\/wp-json\/wp\/v2\/users\/1"}],"replies":[{"embeddable":true,"href":"https:\/\/www.maxipago.com\/developers\/wp-json\/wp\/v2\/comments?post=27"}],"version-history":[{"count":51,"href":"https:\/\/www.maxipago.com\/developers\/wp-json\/wp\/v2\/pages\/27\/revisions"}],"predecessor-version":[{"id":2966,"href":"https:\/\/www.maxipago.com\/developers\/wp-json\/wp\/v2\/pages\/27\/revisions\/2966"}],"up":[{"embeddable":true,"href":"https:\/\/www.maxipago.com\/developers\/wp-json\/wp\/v2\/pages\/15"}],"wp:attachment":[{"href":"https:\/\/www.maxipago.com\/developers\/wp-json\/wp\/v2\/media?parent=27"}],"curies":[{"name":"wp","href":"https:\/\/api.w.org\/{rel}","templated":true}]}}