{"id":276,"date":"2017-02-14T15:30:14","date_gmt":"2017-02-14T17:30:14","guid":{"rendered":"http:\/\/maxipago.com\/developers\/?page_id=276"},"modified":"2023-01-24T17:58:36","modified_gmt":"2023-01-24T20:58:36","slug":"cartao-de-credito","status":"publish","type":"page","link":"https:\/\/www.maxipago.com\/developers\/apidocs\/maxipago\/cartao-de-credito\/","title":{"rendered":"Cart\u00e3o de Cr\u00e9dito"},"content":{"rendered":"\n<p style=\"font-size:25px\"><span class=\"has-inline-color has-luminous-vivid-orange-color\">Cart\u00f5es para Testes (Sandbox)<\/span><\/p>\n\n\n\n<div id=\"footable_parent_2254\"\n         class=\" footable_parent ninja_table_wrapper loading_ninja_table wp_table_data_press_parent semantic_ui \">\n                <table data-ninja_table_instance=\"ninja_table_instance_0\" data-footable_id=\"2254\" data-filter-delay=\"1000\" aria-label=\"cartao_de_credito_cartoes_testes\"            id=\"footable_2254\"\n           data-unique_identifier=\"ninja_table_unique_id_797706562_2254\"\n           class=\" foo-table ninja_footable foo_table_2254 ninja_table_unique_id_797706562_2254 ui table  nt_type_ajax_table selectable celled striped compact  footable-paging-right ninja_table_search_disabled\">\n                <colgroup>\n                            <col class=\"ninja_column_0 \">\n                            <col class=\"ninja_column_1 \">\n                            <col class=\"ninja_column_2 \">\n                            <col class=\"ninja_column_3 \">\n                    <\/colgroup>\n            <\/table>\n                    <style type=\"text\/css\" id='ninja_table_custom_css_2254'>\n                        #footable_2254  {\n        font-family: inherit;\n        font-size: 14px;\n    }\n\n#footable_parent_2254 {\r\n    overflow-y: hidden;\r\n    border-radius: .10rem;\r\n}\r\n\r\n#footable_parent_2254 .footable-header th{\r\n    background-color: sandybrown;\r\n    color: white;\r\n}\r\n#content tr td{\r\n    font-size: .9em;\r\n    padding: 4px 24px;\r\n}\r\n#content .footable-header th{\r\n    padding: 4px 24px;\r\n    text-align: center;\r\n}\r\n.nt_edit_link{\r\n    display: none;\r\n}                <\/style>\n                \n    \n    \n<\/div>\n\n\n\n\n<div style=\"height:30px\" aria-hidden=\"true\" class=\"wp-block-spacer\"><\/div>\n\n\n\n<p><\/p>\n\n\n\n<p style=\"font-size:25px\"><span class=\"has-inline-color has-luminous-vivid-orange-color\">Transa\u00e7\u00e3o com Cart\u00e3o de Cr\u00e9dito<\/span><\/p>\n\n\n\n<p>As transa\u00e7\u00f5es com cart\u00e3o de cr\u00e9dito consistem em viabilizar pagamentos na modalidade cr\u00e9dito \u00e0 vista ou parcelado nas diversas bandeiras dispon\u00edveis no Gateway.<br>A modalidade de cr\u00e9dito \u00e9 essencial para transacionar atrav\u00e9s de wallets e demais funcionalidades do E-Commerce.<\/p>\n\n\n\n<p><a><strong>Benef\u00edcios<\/strong><\/a><\/p>\n\n\n\n<ul><li>Amplitude das modalidades de pagamentos aceitas no estabelecimento;<\/li><li>Maior seguran\u00e7a e controle das transa\u00e7\u00f5es;<\/li><\/ul>\n\n\n\n<hr class=\"wp-block-separator\"\/>\n\n\n\n<p>Estas requisi\u00e7\u00f5es s\u00e3o respons\u00e1veis por processar pedidos de cart\u00e3o de cr\u00e9dito e s\u00e3o identificadas atrav\u00e9s do n\u00f3 raiz&nbsp;<strong><code data-enlighter-language=\"generic\" class=\"EnlighterJSRAW\">&lt;\/transaction-request&gt;<\/code><\/strong>. Esta API recebe os dados de cobran\u00e7a, como valor do pedido e n\u00famero de cart\u00e3o de cr\u00e9dito. O seu retorno cont\u00e9m o status da transa\u00e7\u00e3o (aprovada ou negada) e os principais dados do pedido.<\/p>\n\n\n\n<p>As requisi\u00e7\u00f5es de transa\u00e7\u00e3o devem conter sempre o n\u00famero da vers\u00e3o da API dentro da tag &lt;version\/&gt;, e deve ser o primeiro elemento do XML. Atualmente a vers\u00e3o utilizada \u00e9 a&nbsp;<strong>3.1.1.15<\/strong>.<\/p>\n\n\n\n<p>A tag &lt;order\/&gt;, enviada logo abaixo da verifica\u00e7\u00e3o das credenciais, deve conter os dados para efetuar&nbsp;a transa\u00e7\u00e3o. H\u00e1 6 tipos de opera\u00e7\u00f5es suportadas pelo sistema da maxiPago!. Sua escolha \u00e9 feita de&nbsp;acordo com o elemento enviado dentro da tag &lt;order\/&gt;:<\/p>\n\n\n\n<div style=\"height:30px\" aria-hidden=\"true\" class=\"wp-block-spacer\"><\/div>\n\n\n\n<ul><li><strong><a href=\"http:\/\/maxipago.com\/developers\/apidocs\/maxipago\/cartao-de-credito\/autorizacao\/\" target=\"_blank\" rel=\"noreferrer noopener\">Autoriza\u00e7\u00e3o (Auth)<\/a>:<\/strong> Envia os dados do cart\u00e3o para autoriza\u00e7\u00e3o;<\/li><li><span class=\"has-inline-color has-vivid-cyan-blue-color\"><strong><a href=\"http:\/\/maxipago.com\/developers\/apidocs\/maxipago\/cartao-de-credito\/anti-fraude\/\" target=\"_blank\" rel=\"noreferrer noopener\">Fraude (fraud)<\/a>:<\/strong><\/span><strong>&nbsp;<\/strong>Transaciona com avalia\u00e7\u00e3o de fraude.<\/li><li><strong><span class=\"has-inline-color has-vivid-cyan-blue-color\"><a href=\"http:\/\/maxipago.com\/developers\/apidocs\/maxipago\/cartao-de-credito\/captura\/\" target=\"_blank\" rel=\"noreferrer noopener\">Captura (Capture)<\/a>:<\/span><\/strong> Captura uma transa\u00e7\u00e3o previamente autorizada;<\/li><li><strong><span class=\"has-inline-color has-vivid-cyan-blue-color\"><a href=\"http:\/\/maxipago.com\/developers\/apidocs\/maxipago\/cartao-de-credito\/venda-direta\/\" target=\"_blank\" rel=\"noreferrer noopener\">Venda Direta (Sale)<\/a>:<\/span><\/strong> Efetua a autoriza\u00e7\u00e3o e captura na mesma requisi\u00e7\u00e3o;<\/li><li><strong><span class=\"has-inline-color has-vivid-cyan-blue-color\"><a href=\"http:\/\/maxipago.com\/developers\/apidocs\/maxipago\/cartao-de-credito\/cancelamento\/\" target=\"_blank\" rel=\"noreferrer noopener\">Cancelamento (Void)<\/a>:<\/span><\/strong> Cancela um pedido capturado (at\u00e9 \u00e0s 23h59m do mesmo dia);<\/li><li><strong><span class=\"has-inline-color has-vivid-cyan-blue-color\"><a href=\"http:\/\/maxipago.com\/developers\/apidocs\/maxipago\/cartao-de-credito\/estorno\/\" target=\"_blank\" rel=\"noreferrer noopener\">Estorno (Refund)<\/a>:<\/span><\/strong> Solicita o estorno de um pedido j\u00e1 confirmado;<\/li><li><strong><span class=\"has-inline-color has-vivid-cyan-blue-color\"><a href=\"http:\/\/maxipago.com\/developers\/apidocs\/maxipago\/cartao-de-credito\/recorrencia\/\" target=\"_blank\" rel=\"noreferrer noopener\">Recorr\u00eancia (Recurring)<\/a>:<\/span><\/strong> Agenda cobran\u00e7as futuras no cart\u00e3o de cr\u00e9dito.<\/li><\/ul>\n\n\n\n<div style=\"height:30px\" aria-hidden=\"true\" class=\"wp-block-spacer\"><\/div>\n\n\n\n<p><strong>A estrutura do XML dever\u00e1 ficar da seguinte forma:<\/strong><\/p>\n\n\n\n<pre class=\"EnlighterJSRAW\" data-enlighter-language=\"xml\" data-enlighter-theme=\"\" data-enlighter-highlight=\"\" data-enlighter-linenumbers=\"\" data-enlighter-lineoffset=\"\" data-enlighter-title=\"\" data-enlighter-group=\"\">&lt;transaction-request>\n     &lt;version>3.1.1.15&lt;\/version>\n     &lt;verification>\n          &lt;merchantId>store-id&lt;\/merchantId>\n          &lt;merchantKey>secret-key&lt;\/merchantKey>\n     &lt;\/verification>\n     &lt;order>\n          &lt;auth> | &lt;fraud> | &lt;capture> | &lt;sale> | &lt;void> | &lt;return> | &lt;recurringPayment>\n     &lt;\/order>\n&lt;\/transaction-request><\/pre>\n\n\n\n<div style=\"height:27px\" aria-hidden=\"true\" class=\"wp-block-spacer\"><\/div>\n\n\n\n<h3 class=\"wp-block-heading\"><span class=\"has-inline-color has-luminous-vivid-orange-color\">Libera\u00e7\u00e3o dos IP\u00b4s maxiPago!<\/span><\/h3>\n\n\n\n<div style=\"height:23px\" aria-hidden=\"true\" class=\"wp-block-spacer\"><\/div>\n\n\n\n<p>Algumas empresas necessitam dos IP\u00b4s de sa\u00edda da maxiPago!. Recomendamos a verifica\u00e7\u00e3o dessa permiss\u00e3o utilizando os IPs abaixo:<\/p>\n\n\n\n<ul><li><strong>52.207.83.230<\/strong><\/li><li><strong>54.237.160.163<\/strong><\/li><\/ul>\n\n\n\n<p><\/p>\n","protected":false},"excerpt":{"rendered":"<p>Cart\u00f5es para Testes (Sandbox) Transa\u00e7\u00e3o com Cart\u00e3o de Cr\u00e9dito As transa\u00e7\u00f5es com cart\u00e3o de cr\u00e9dito consistem em viabilizar pagamentos na modalidade cr\u00e9dito \u00e0 vista ou parcelado nas diversas bandeiras dispon\u00edveis no Gateway.A modalidade de cr\u00e9dito \u00e9 essencial para transacionar atrav\u00e9s de wallets e demais funcionalidades do E-Commerce. Benef\u00edcios Amplitude das modalidades de pagamentos aceitas no [&hellip;]<\/p>\n","protected":false},"author":1,"featured_media":0,"parent":23,"menu_order":0,"comment_status":"closed","ping_status":"closed","template":"","meta":{"spay_email":"","footnotes":""},"yoast_head":"<!-- This site is optimized with the Yoast SEO plugin v16.2 - https:\/\/yoast.com\/wordpress\/plugins\/seo\/ -->\n<title>Cart\u00e3o de Cr\u00e9dito - Gateway Rede! Developers<\/title>\n<meta name=\"robots\" content=\"noindex, follow, max-snippet:-1, max-image-preview:large, max-video-preview:-1\" \/>\n<meta property=\"og:locale\" content=\"pt_BR\" \/>\n<meta property=\"og:type\" content=\"article\" \/>\n<meta property=\"og:title\" content=\"Cart\u00e3o de Cr\u00e9dito - Gateway Rede! Developers\" \/>\n<meta property=\"og:description\" content=\"Cart\u00f5es para Testes (Sandbox) Transa\u00e7\u00e3o com Cart\u00e3o de Cr\u00e9dito As transa\u00e7\u00f5es com cart\u00e3o de cr\u00e9dito consistem em viabilizar pagamentos na modalidade cr\u00e9dito \u00e0 vista ou parcelado nas diversas bandeiras dispon\u00edveis no Gateway.A modalidade de cr\u00e9dito \u00e9 essencial para transacionar atrav\u00e9s de wallets e demais funcionalidades do E-Commerce. Benef\u00edcios Amplitude das modalidades de pagamentos aceitas no [&hellip;]\" \/>\n<meta property=\"og:url\" content=\"https:\/\/www.maxipago.com\/developers\/apidocs\/maxipago\/cartao-de-credito\/\" \/>\n<meta property=\"og:site_name\" content=\"Gateway Rede! Developers\" \/>\n<meta property=\"article:publisher\" content=\"https:\/\/www.facebook.com\/maxiPago-193308344142172\/?fref=ts\" \/>\n<meta property=\"article:modified_time\" content=\"2023-01-24T20:58:36+00:00\" \/>\n<meta name=\"twitter:card\" content=\"summary\" \/>\n<meta name=\"twitter:label1\" content=\"Est. tempo de leitura\">\n\t<meta name=\"twitter:data1\" content=\"2 minutos\">\n<script type=\"application\/ld+json\" class=\"yoast-schema-graph\">{\"@context\":\"https:\/\/schema.org\",\"@graph\":[{\"@type\":\"WebSite\",\"@id\":\"https:\/\/www.maxipago.com\/developers\/#website\",\"url\":\"https:\/\/www.maxipago.com\/developers\/\",\"name\":\"Gateway Rede! Developers\",\"description\":\"Portal de Desenvolvedores - Gateway Rede!\",\"potentialAction\":[{\"@type\":\"SearchAction\",\"target\":\"https:\/\/www.maxipago.com\/developers\/?s={search_term_string}\",\"query-input\":\"required name=search_term_string\"}],\"inLanguage\":\"pt-BR\"},{\"@type\":\"WebPage\",\"@id\":\"https:\/\/www.maxipago.com\/developers\/apidocs\/maxipago\/cartao-de-credito\/#webpage\",\"url\":\"https:\/\/www.maxipago.com\/developers\/apidocs\/maxipago\/cartao-de-credito\/\",\"name\":\"Cart\\u00e3o de Cr\\u00e9dito - Gateway Rede! Developers\",\"isPartOf\":{\"@id\":\"https:\/\/www.maxipago.com\/developers\/#website\"},\"datePublished\":\"2017-02-14T17:30:14+00:00\",\"dateModified\":\"2023-01-24T20:58:36+00:00\",\"breadcrumb\":{\"@id\":\"https:\/\/www.maxipago.com\/developers\/apidocs\/maxipago\/cartao-de-credito\/#breadcrumb\"},\"inLanguage\":\"pt-BR\",\"potentialAction\":[{\"@type\":\"ReadAction\",\"target\":[\"https:\/\/www.maxipago.com\/developers\/apidocs\/maxipago\/cartao-de-credito\/\"]}]},{\"@type\":\"BreadcrumbList\",\"@id\":\"https:\/\/www.maxipago.com\/developers\/apidocs\/maxipago\/cartao-de-credito\/#breadcrumb\",\"itemListElement\":[{\"@type\":\"ListItem\",\"position\":1,\"item\":{\"@type\":\"WebPage\",\"@id\":\"https:\/\/www.maxipago.com\/developers\/\",\"url\":\"https:\/\/www.maxipago.com\/developers\/\",\"name\":\"In\\u00edcio\"}},{\"@type\":\"ListItem\",\"position\":2,\"item\":{\"@type\":\"WebPage\",\"@id\":\"https:\/\/www.maxipago.com\/developers\/apidocs\/\",\"url\":\"https:\/\/www.maxipago.com\/developers\/apidocs\/\",\"name\":\"API Docs\"}},{\"@type\":\"ListItem\",\"position\":3,\"item\":{\"@type\":\"WebPage\",\"@id\":\"https:\/\/www.maxipago.com\/developers\/apidocs\/maxipago\/\",\"url\":\"https:\/\/www.maxipago.com\/developers\/apidocs\/maxipago\/\",\"name\":\"Documenta\\u00e7\\u00f5es Online\"}},{\"@type\":\"ListItem\",\"position\":4,\"item\":{\"@id\":\"https:\/\/www.maxipago.com\/developers\/apidocs\/maxipago\/cartao-de-credito\/#webpage\"}}]}]}<\/script>\n<!-- \/ Yoast SEO plugin. -->","_links":{"self":[{"href":"https:\/\/www.maxipago.com\/developers\/wp-json\/wp\/v2\/pages\/276"}],"collection":[{"href":"https:\/\/www.maxipago.com\/developers\/wp-json\/wp\/v2\/pages"}],"about":[{"href":"https:\/\/www.maxipago.com\/developers\/wp-json\/wp\/v2\/types\/page"}],"author":[{"embeddable":true,"href":"https:\/\/www.maxipago.com\/developers\/wp-json\/wp\/v2\/users\/1"}],"replies":[{"embeddable":true,"href":"https:\/\/www.maxipago.com\/developers\/wp-json\/wp\/v2\/comments?post=276"}],"version-history":[{"count":19,"href":"https:\/\/www.maxipago.com\/developers\/wp-json\/wp\/v2\/pages\/276\/revisions"}],"predecessor-version":[{"id":3016,"href":"https:\/\/www.maxipago.com\/developers\/wp-json\/wp\/v2\/pages\/276\/revisions\/3016"}],"up":[{"embeddable":true,"href":"https:\/\/www.maxipago.com\/developers\/wp-json\/wp\/v2\/pages\/23"}],"wp:attachment":[{"href":"https:\/\/www.maxipago.com\/developers\/wp-json\/wp\/v2\/media?parent=276"}],"curies":[{"name":"wp","href":"https:\/\/api.w.org\/{rel}","templated":true}]}}