{"id":2852,"date":"2022-12-15T15:07:24","date_gmt":"2022-12-15T18:07:24","guid":{"rendered":"https:\/\/www.maxipago.com\/developers\/?page_id=2852"},"modified":"2022-12-15T15:23:27","modified_gmt":"2022-12-15T18:23:27","slug":"clearsale-tickets","status":"publish","type":"page","link":"https:\/\/www.maxipago.com\/developers\/clearsale-tickets\/","title":{"rendered":"Clearsale &#8211;  Tickets"},"content":{"rendered":"\n<div style=\"height:20px\" aria-hidden=\"true\" class=\"wp-block-spacer\"><\/div>\n\n\n\n<p>Solu\u00e7\u00e3o antifraude desenvolvida para vendas de ingressos online para qualquer tipo de evento.<\/p>\n\n\n\n<div style=\"height:34px\" aria-hidden=\"true\" class=\"wp-block-spacer\"><\/div>\n\n\n\n<h3 class=\"wp-block-heading\"><span class=\"has-inline-color has-luminous-vivid-orange-color\">Clearsale \u2013 URL de envio dos dados<\/span><\/h3>\n\n\n\n<div style=\"height:27px\" aria-hidden=\"true\" class=\"wp-block-spacer\"><\/div>\n\n\n\n<p><strong>SANDBOX<\/strong>: https:\/\/testapi.maxipago.net\/UniversalAPI\/postXML<\/p>\n\n\n\n<p><strong>PRODU\u00c7\u00c3O<\/strong>: https:\/\/api.maxipago.net\/UniversalAPI\/postXML<\/p>\n\n\n\n<div style=\"height:24px\" aria-hidden=\"true\" class=\"wp-block-spacer\"><\/div>\n\n\n\n<h3 class=\"wp-block-heading\"><span class=\"has-inline-color has-luminous-vivid-orange-color\">Cen\u00e1rios de Teste<\/span><\/h3>\n\n\n\n<div style=\"height:32px\" aria-hidden=\"true\" class=\"wp-block-spacer\"><\/div>\n\n\n<div id=\"footable_parent_2855\"\n         class=\" footable_parent ninja_table_wrapper loading_ninja_table wp_table_data_press_parent semantic_ui \">\n                <table data-ninja_table_instance=\"ninja_table_instance_0\" data-footable_id=\"2855\" data-filter-delay=\"1000\" aria-label=\"Tabela Par\u00e2metros Cen\u00e1rios de Teste\"            id=\"footable_2855\"\n           data-unique_identifier=\"ninja_table_unique_id_1205980519_2855\"\n           class=\" foo-table ninja_footable foo_table_2855 ninja_table_unique_id_1205980519_2855 ui table  nt_type_ajax_table selectable celled striped compact  footable-paging-right ninja_table_search_disabled\">\n                <colgroup>\n                            <col class=\"ninja_column_0 \">\n                            <col class=\"ninja_column_1 \">\n                    <\/colgroup>\n            <\/table>\n                    <style type=\"text\/css\" id='ninja_table_custom_css_2855'>\n                        #footable_2855  {\n        font-family: inherit;\n        font-size: 14px;\n    }\n\n                <\/style>\n                \n    \n    \n<\/div>\n\n\n\n\n<div style=\"height:17px\" aria-hidden=\"true\" class=\"wp-block-spacer\"><\/div>\n\n\n\n<h3 class=\"wp-block-heading\"><span class=\"has-inline-color has-luminous-vivid-orange-color\">Clearsale \u2013 Device Fingerprint<\/span><\/h3>\n\n\n\n<p>O Device Fingerprint \u00e9 um scprit em JavaScript que realiza coleta de dados e an\u00e1lise de informa\u00e7\u00f5es p\u00fablicas da m\u00e1quina do usu\u00e1rio. Atrav\u00e9s desse recurso \u00e9 poss\u00edvel identificar se uma m\u00e1quina j\u00e1 \u00e9 conhecida pela Clearsale e qual seu hist\u00f3rico de a\u00e7\u00f5es.<\/p>\n\n\n\n<ul><li>\u00c9 necess\u00e1rio que o script esteja em somente uma \u00fanica p\u00e1gina do website.<\/li><li>\u00c9 obrigat\u00f3rio a inclus\u00e3o das tags do script ao final da p\u00e1gina html, antes do fechamento da tag body. Pois o cumprimento desta recomenda\u00e7\u00e3o garante que o website n\u00e3o sofra nenhum preju\u00edzo de performance na integra\u00e7\u00e3o.<\/li><\/ul>\n\n\n\n<p>O c\u00f3digo que dever\u00e1 ser inclu\u00eddo na p\u00e1gina, antes da tag body, est\u00e1 abaixo:<\/p>\n\n\n\n<pre class=\"EnlighterJSRAW\" data-enlighter-language=\"generic\" data-enlighter-theme=\"\" data-enlighter-highlight=\"\" data-enlighter-linenumbers=\"\" data-enlighter-lineoffset=\"\" data-enlighter-title=\"\" data-enlighter-group=\"\">&lt;script>\n    (function (a, b, c, d, e, f, g){\n            a['CsdpObject'] = e; a[e] = a[e] || function () {\n                    (a[e].q = a[e].q || []).push(arguments)\n               },\n               a[e].l = 1 * new Date(); f = b.createElement(c),\n               g = b.getElementsByTagName(c)[0]; f.async = 1; f.src = d;\n               g.parentNode.insertBefore(f, g)\n    })\n    (window, document, 'script', '\/\/device.clearsale.com.br\/p\/fp.js','csdp');\n    csdp('app', 'seu_app');\n    csdp('sessionid', 'seu_id_de_sessao');\n&lt;\/script><\/pre>\n\n\n\n<div style=\"height:26px\" aria-hidden=\"true\" class=\"wp-block-spacer\"><\/div>\n\n\n\n<p>A Clearsale dever\u00e1 informar qual valor deve ser utilizado na palavra sinalizada na vari\u00e1vel \u201cseu-app\u201d. Ele serve para identificar o seu website em nosso sistema.<\/p>\n\n\n\n<p>J\u00e1 o valor a ser informador na vari\u00e1vel \u201c<strong><span class=\"has-inline-color has-luminous-vivid-orange-color\">seu-id-de-sessao<\/span><\/strong>\u201d, trata-se do id da sess\u00e3o do usu\u00e1rio no website. Esta informa\u00e7\u00e3o \u00e9 extremamente relevante e dever\u00e1 ser armazenada para um envio posterior.<\/p>\n\n\n\n<div style=\"height:20px\" aria-hidden=\"true\" class=\"wp-block-spacer\"><\/div>\n\n\n\n<h3 class=\"wp-block-heading\"><strong><span class=\"has-inline-color has-luminous-vivid-orange-color\">Importante:<\/span><\/strong><\/h3>\n\n\n\n<div style=\"height:14px\" aria-hidden=\"true\" class=\"wp-block-spacer\"><\/div>\n\n\n\n<p>\u00c9 preciso considerar que os par\u00e2metros: &lt;<strong>captureOnLowRisk<\/strong>&gt; e &lt;<strong>voidOnHighRisk<\/strong>&gt; devem estar com a op\u00e7\u00e3o &#8220;<strong>Y<\/strong>&#8220;; somente com a op\u00e7\u00e3o flag &#8220;Y&#8221; as capturas e estornos ser\u00e3o feito de maneira autom\u00e1tica. Caso estejam com a op\u00e7\u00e3o &#8220;N&#8221;, capturas e estornos somente ser\u00e3o realizamos por a\u00e7\u00e3o manual do lojista.<\/p>\n\n\n\n<div style=\"height:39px\" aria-hidden=\"true\" class=\"wp-block-spacer\"><\/div>\n\n\n\n<h3 class=\"wp-block-heading\"><span class=\"has-inline-color has-luminous-vivid-orange-color\">Exemplo de Requisi\u00e7\u00e3o<\/span><\/h3>\n\n\n\n<div style=\"height:25px\" aria-hidden=\"true\" class=\"wp-block-spacer\"><\/div>\n\n\n\n<pre class=\"EnlighterJSRAW\" data-enlighter-language=\"generic\" data-enlighter-theme=\"\" data-enlighter-highlight=\"\" data-enlighter-linenumbers=\"\" data-enlighter-lineoffset=\"\" data-enlighter-title=\"\" data-enlighter-group=\"\">&lt;?xml version=\"1.0\" encoding=\"UTF-8\"?>\n&lt;transaction-request>\n\t&lt;version>3.1.1.15&lt;\/version>\n\t&lt;verification>\n\t\t&lt;merchantId>XXXXXXXXX&lt;\/merchantId>\n\t\t&lt;merchantKey>XXXXXX&lt;\/merchantKey>\n\t&lt;\/verification>\n\t&lt;order>\n\t\t&lt;auth>\n\t\t\t&lt;processorID>1&lt;\/processorID>\n\t\t\t&lt;referenceNum>maxiteste01&lt;\/referenceNum>\n\t\t\t&lt;fraudCheck>Y&lt;\/fraudCheck>\n\t\t\t&lt;ipAddress>123.123.123.123&lt;\/ipAddress>\n\t\t\t&lt;billing>\n\t\t\t\t&lt;id>17139871558&lt;\/id>\n\t\t\t\t&lt;name>Teste da Silva&lt;\/name>\n\t\t\t\t&lt;address>Av. Centro 230&lt;\/address>\n\t\t\t\t&lt;address2>16 Andar&lt;\/address2>\n\t\t\t\t&lt;district>Centro&lt;\/district>\n\t\t\t\t&lt;city>Sao Paulo&lt;\/city>\n\t\t\t\t&lt;state>SP&lt;\/state>\n\t\t\t\t&lt;postalcode>08021310&lt;\/postalcode>\n\t\t\t\t&lt;country>BR&lt;\/country>\n\t\t\t\t&lt;email>maxiteste@maxiteste.com&lt;\/email>\n\t\t\t\t&lt;type>Individual&lt;\/type>\n\t\t\t\t&lt;gender>F&lt;\/gender>\n\t\t\t\t&lt;birthDate>1982-03-08&lt;\/birthDate>\n\t\t\t\t&lt;phones>\n\t\t\t\t\t&lt;phone>\n\t\t\t\t\t\t&lt;phoneType>Commercial&lt;\/phoneType>\n\t\t\t\t\t\t&lt;phoneCountryCode>55&lt;\/phoneCountryCode>\n\t\t\t\t\t\t&lt;phoneAreaCode>11&lt;\/phoneAreaCode>\n\t\t\t\t\t\t&lt;phoneNumber>55554444&lt;\/phoneNumber>\n\t\t\t\t\t\t&lt;phoneExtension>ramal 12&lt;\/phoneExtension>\n\t\t\t\t\t&lt;\/phone>\n\t\t\t\t\t&lt;phone>\n\t\t\t\t\t\t&lt;phoneType>Residential&lt;\/phoneType>\n\t\t\t\t\t\t&lt;phoneCountryCode>55&lt;\/phoneCountryCode>\n\t\t\t\t\t\t&lt;phoneAreaCode>11&lt;\/phoneAreaCode>\n\t\t\t\t\t\t&lt;phoneNumber>55554444&lt;\/phoneNumber>\n\t\t\t\t\t\t&lt;phoneExtension>ramal 34&lt;\/phoneExtension>\n\t\t\t\t\t&lt;\/phone>\n\t\t\t\t&lt;\/phones>\n\t\t\t\t&lt;documents>\n\t\t\t\t\t&lt;document>\n\t\t\t\t\t\t&lt;documentType>CPF&lt;\/documentType>\n\t\t\t\t\t\t&lt;documentValue>17139871558&lt;\/documentValue>\n\t\t\t\t\t&lt;\/document>\n\t\t\t\t\t&lt;document>\n\t\t\t\t\t\t&lt;documentType>RG&lt;\/documentType>\n\t\t\t\t\t\t&lt;documentValue>12546785-2Y&lt;\/documentValue>\n\t\t\t\t\t&lt;\/document>\n\t\t\t\t&lt;\/documents>\n\t\t\t&lt;\/billing>\n\t\t\t&lt;shipping>\n\t\t\t\t&lt;id>17139871558&lt;\/id>\n\t\t\t\t&lt;name>Teste da Silva&lt;\/name>\n\t\t\t\t&lt;address>Rua Sem Fim, 123&lt;\/address>\n\t\t\t\t&lt;address2>16 Andar&lt;\/address2>\n\t\t\t\t&lt;district>Centro&lt;\/district>\n\t\t\t\t&lt;city>Cabo Frio&lt;\/city>\n\t\t\t\t&lt;state>RJ&lt;\/state>\n\t\t\t\t&lt;postalcode>25555781&lt;\/postalcode>\n\t\t\t\t&lt;country>BR&lt;\/country>\n\t\t\t\t&lt;type>Individual&lt;\/type>\n\t\t\t\t&lt;gender>F&lt;\/gender>\n\t\t\t\t&lt;birthDate>1982-03-08&lt;\/birthDate>\n\t\t\t\t&lt;phones>\n\t\t\t\t\t&lt;phone>\n\t\t\t\t\t\t&lt;phoneType>Commercial&lt;\/phoneType>\n\t\t\t\t\t\t&lt;phoneCountryCode>55&lt;\/phoneCountryCode>\n\t\t\t\t\t\t&lt;phoneAreaCode>11&lt;\/phoneAreaCode>\n\t\t\t\t\t\t&lt;phoneNumber>55554444&lt;\/phoneNumber>\n\t\t\t\t\t\t&lt;phoneExtension>ramal12&lt;\/phoneExtension>\n\t\t\t\t\t&lt;\/phone>\n\t\t\t\t\t&lt;phone>\n\t\t\t\t\t\t&lt;phoneType>Residential&lt;\/phoneType>\n\t\t\t\t\t\t&lt;phoneCountryCode>55&lt;\/phoneCountryCode>\n\t\t\t\t\t\t&lt;phoneAreaCode>11&lt;\/phoneAreaCode>\n\t\t\t\t\t\t&lt;phoneNumber>55554444&lt;\/phoneNumber>\n\t\t\t\t\t\t&lt;phoneExtension>ramal12&lt;\/phoneExtension>\n\t\t\t\t\t&lt;\/phone>\n\t\t\t\t&lt;\/phones>\n\t\t\t\t&lt;documents>\n\t\t\t\t\t&lt;document>\n\t\t\t\t\t\t&lt;documentType>CPF&lt;\/documentType>\n\t\t\t\t\t\t&lt;documentValue>17139871558&lt;\/documentValue>\n\t\t\t\t\t&lt;\/document>\n\t\t\t\t\t&lt;document>\n\t\t\t\t\t\t&lt;documentType>RG&lt;\/documentType>\n\t\t\t\t\t\t&lt;documentValue>123456789-60Z&lt;\/documentValue>\n\t\t\t\t\t&lt;\/document>\n\t\t\t\t&lt;\/documents>\n\t\t\t&lt;\/shipping>\n\t\t\t&lt;fraudDetails>\n\t\t\t\t&lt;fraudProcessorID>100&lt;\/fraudProcessorID>\n\t\t\t\t&lt;captureOnLowRisk>Y&lt;\/captureOnLowRisk>\n\t\t\t\t&lt;voidOnHighRisk>Y&lt;\/voidOnHighRisk>\n\t\t\t\t&lt;fraudToken>135f1eb0-30c9-64c7-45ed-05f271a760c5&lt;\/fraudToken>\n\t\t\t\t&lt;websiteId>MXP_DEV&lt;\/websiteId>\n\t\t\t\t&lt;tickets>\n\t\t\t\t\t&lt;ticket_event>\n\t\t\t\t\t\t&lt;convenienceFee>0.00&lt;\/convenienceFee>\n\t\t\t\t\t\t&lt;quantityFull>1&lt;\/quantityFull>\n\t\t\t\t\t\t&lt;quantityHalf>0&lt;\/quantityHalf>\n\t\t\t\t\t\t&lt;event>\n\t\t\t\t\t\t\t&lt;id>ROCK15&lt;\/id>\n\t\t\t\t\t\t\t&lt;name>Rock in Rio 2015&lt;\/name>\n\t\t\t\t\t\t\t&lt;local>Rio de Janeiro&lt;\/local>\n\t\t\t\t\t\t\t&lt;date>2023-12-30 21:50:00&lt;\/date>\n\t\t\t\t\t\t\t&lt;quantityTicketSale>1&lt;\/quantityTicketSale>\n\t\t\t\t\t\t\t&lt;quantityEventHouse>1&lt;\/quantityEventHouse>\n\t\t\t\t\t\t&lt;\/event>\n\t\t\t\t\t\t&lt;people>\n\t\t\t\t\t\t\t&lt;person>\n\t\t\t\t\t\t\t\t&lt;name>John Rock One&lt;\/name>\n\t\t\t\t\t\t\t\t&lt;documentType>CPF&lt;\/documentType>\n\t\t\t\t\t\t\t\t&lt;documentValue>17139871558&lt;\/documentValue>\n\t\t\t\t\t\t\t&lt;\/person>\n\t\t\t\t\t\t&lt;\/people>\n\t\t\t\t\t\t&lt;categories>\n\t\t\t\t\t\t\t&lt;category>\n\t\t\t\t\t\t\t\t&lt;name>BASIC&lt;\/name>\n\t\t\t\t\t\t\t\t&lt;quantity>1&lt;\/quantity>\n\t\t\t\t\t\t\t\t&lt;unitAmount>2.00&lt;\/unitAmount>\n\t\t\t\t\t\t\t&lt;\/category>\n\t\t\t\t\t\t&lt;\/categories>\n\t\t\t\t\t&lt;\/ticket_event>\n\t\t\t\t&lt;\/tickets>\n\t\t\t&lt;\/fraudDetails>\n\t\t\t&lt;transactionDetail>\n\t\t\t\t&lt;payType>\n\t\t\t\t\t&lt;creditCard>\n\t\t\t\t\t\t&lt;number>5390792465493442&lt;\/number>\n\t\t\t\t\t\t&lt;expMonth>12&lt;\/expMonth>\n\t\t\t\t\t\t&lt;expYear>2030&lt;\/expYear>\n\t\t\t\t\t\t&lt;cvvNumber>222&lt;\/cvvNumber>\n\t\t\t\t\t&lt;\/creditCard>\n\t\t\t\t&lt;\/payType>\n\t\t\t&lt;\/transactionDetail>\n\t\t\t&lt;payment>\n\t\t\t\t&lt;chargeTotal>2.00&lt;\/chargeTotal>\n\t\t\t&lt;\/payment>\n\t\t&lt;\/auth>\n\t&lt;\/order>\n&lt;\/transaction-request> <\/pre>\n\n\n\n<div style=\"height:20px\" aria-hidden=\"true\" class=\"wp-block-spacer\"><\/div>\n\n\n\n<h3 class=\"wp-block-heading\"><span class=\"has-inline-color has-luminous-vivid-orange-color\">Exemplo de Requisi\u00e7\u00e3o &#8211; Retorno de Transa\u00e7\u00e3o Aprovada Automaticamente<\/span><\/h3>\n\n\n\n<div style=\"height:23px\" aria-hidden=\"true\" class=\"wp-block-spacer\"><\/div>\n\n\n\n<pre class=\"EnlighterJSRAW\" data-enlighter-language=\"generic\" data-enlighter-theme=\"\" data-enlighter-highlight=\"\" data-enlighter-linenumbers=\"\" data-enlighter-lineoffset=\"\" data-enlighter-title=\"\" data-enlighter-group=\"\">&lt;?xml version=\"1.0\" encoding=\"UTF-8\"?>\n&lt;transaction-response>\n\t&lt;authCode>123456&lt;\/authCode>\n\t&lt;orderID>0A0104A6:0185069D1845:D0D5:6149AE67&lt;\/orderID>\n\t&lt;referenceNum>maxiteste01&lt;\/referenceNum>\n\t&lt;transactionID>13959172&lt;\/transactionID>\n\t&lt;transactionTimestamp>1670853236&lt;\/transactionTimestamp>\n\t&lt;responseCode>0&lt;\/responseCode>\n\t&lt;responseMessage>CAPTURED&lt;\/responseMessage>\n\t&lt;avsResponseCode>YYY&lt;\/avsResponseCode>\n\t&lt;cvvResponseCode>M&lt;\/cvvResponseCode>\n\t&lt;processorCode>A&lt;\/processorCode>\n\t&lt;processorMessage>APPROVED&lt;\/processorMessage>\n\t&lt;processorName>SIMULATOR&lt;\/processorName>\n\t&lt;creditCardBin>539079&lt;\/creditCardBin>\n\t&lt;creditCardLast4>3442&lt;\/creditCardLast4>\n\t&lt;errorMessage\/>\n\t&lt;processorTransactionID>152701&lt;\/processorTransactionID>\n\t&lt;processorReferenceNumber>965723&lt;\/processorReferenceNumber>\n\t&lt;fraudScore>0.01999999999999602&lt;\/fraudScore>\n\t&lt;creditCardCountry>US&lt;\/creditCardCountry>\n\t&lt;creditCardScheme>Mastercard&lt;\/creditCardScheme>\n&lt;\/transaction-response><\/pre>\n\n\n\n<div style=\"height:19px\" aria-hidden=\"true\" class=\"wp-block-spacer\"><\/div>\n\n\n\n<h3 class=\"wp-block-heading\"><span class=\"has-inline-color has-luminous-vivid-orange-color\">Exemplo de Requisi\u00e7\u00e3o &#8211; Retorno de Transa\u00e7\u00e3o Declinada Automaticamente<\/span><\/h3>\n\n\n\n<div style=\"height:13px\" aria-hidden=\"true\" class=\"wp-block-spacer\"><\/div>\n\n\n\n<pre class=\"EnlighterJSRAW\" data-enlighter-language=\"generic\" data-enlighter-theme=\"\" data-enlighter-highlight=\"\" data-enlighter-linenumbers=\"\" data-enlighter-lineoffset=\"\" data-enlighter-title=\"\" data-enlighter-group=\"\">&lt;?xml version=\"1.0\" encoding=\"UTF-8\"?>\n&lt;transaction-response>\n\t&lt;authCode>123456&lt;\/authCode>\n\t&lt;orderID>0A0104A6:018506A13AD8:6DGG:47539CF8&lt;\/orderID>\n\t&lt;referenceNum>maxiteste01&lt;\/referenceNum>\n\t&lt;transactionID>13959232&lt;\/transactionID>\n\t&lt;transactionTimestamp>1670853507&lt;\/transactionTimestamp>\n\t&lt;responseCode>2&lt;\/responseCode>\n\t&lt;responseMessage>VOIDED&lt;\/responseMessage>\n\t&lt;avsResponseCode>YYY&lt;\/avsResponseCode>\n\t&lt;cvvResponseCode>M&lt;\/cvvResponseCode>\n\t&lt;processorCode>A&lt;\/processorCode>\n\t&lt;processorMessage>RPA&lt;\/processorMessage>\n\t&lt;processorName>SIMULATOR&lt;\/processorName>\n\t&lt;creditCardBin>539079&lt;\/creditCardBin>\n\t&lt;creditCardLast4>3442&lt;\/creditCardLast4>\n\t&lt;errorMessage\/>\n\t&lt;processorTransactionID>13959233&lt;\/processorTransactionID>\n\t&lt;processorReferenceNumber>bc4ca759-8061-4ee5-9795-5ea8229c4910&lt;\/processorReferenceNumber>\n\t&lt;fraudScore>0.01999999999999602&lt;\/fraudScore>\n\t&lt;creditCardCountry>US&lt;\/creditCardCountry>\n\t&lt;creditCardScheme>Mastercard&lt;\/creditCardScheme>\n&lt;\/transaction-response><\/pre>\n\n\n\n<div style=\"height:19px\" aria-hidden=\"true\" class=\"wp-block-spacer\"><\/div>\n\n\n\n<h3 class=\"wp-block-heading\"><span class=\"has-inline-color has-luminous-vivid-orange-color\">Exemplo de Requisi\u00e7\u00e3o &#8211; Retorno de Transa\u00e7\u00e3o em Review<\/span><\/h3>\n\n\n\n<div style=\"height:17px\" aria-hidden=\"true\" class=\"wp-block-spacer\"><\/div>\n\n\n\n<pre class=\"EnlighterJSRAW\" data-enlighter-language=\"generic\" data-enlighter-theme=\"\" data-enlighter-highlight=\"\" data-enlighter-linenumbers=\"\" data-enlighter-lineoffset=\"\" data-enlighter-title=\"\" data-enlighter-group=\"\">&lt;?xml version=\"1.0\" encoding=\"UTF-8\"?>\n&lt;transaction-response>\n\t&lt;authCode>123456&lt;\/authCode>\n\t&lt;orderID>0A0104A6:0184E9C1F0D7:679D:6BCE2F54&lt;\/orderID>\n\t&lt;referenceNum>maxiteste01&lt;\/referenceNum>\n\t&lt;transactionID>13956389&lt;\/transactionID>\n\t&lt;transactionTimestamp>1670369112&lt;\/transactionTimestamp>\n\t&lt;responseCode>0&lt;\/responseCode>\n\t&lt;responseMessage>REVIEW&lt;\/responseMessage>\n\t&lt;avsResponseCode>YYY&lt;\/avsResponseCode>\n\t&lt;cvvResponseCode>M&lt;\/cvvResponseCode>\n\t&lt;processorCode>A&lt;\/processorCode>\n\t&lt;processorMessage>APPROVED&lt;\/processorMessage>\n\t&lt;processorName>SIMULATOR&lt;\/processorName>\n\t&lt;creditCardBin>539079&lt;\/creditCardBin>\n\t&lt;creditCardLast4>3442&lt;\/creditCardLast4>\n\t&lt;errorMessage\/>\n\t&lt;processorTransactionID>13956390&lt;\/processorTransactionID>\n\t&lt;processorReferenceNumber>e44d5f74-0fa0-47ee-9d3c-e8b052cd5fb4&lt;\/processorReferenceNumber>\n\t&lt;fraudScore>0.37999999999999545&lt;\/fraudScore>\n\t&lt;creditCardCountry>US&lt;\/creditCardCountry>\n\t&lt;creditCardScheme>Mastercard&lt;\/creditCardScheme>\n\t&lt;brandCode>714444&lt;\/brandCode>\n\t&lt;brandMessage>BRAND MESSAGE&lt;\/brandMessage>\n\t&lt;brandTransactionID>227816&lt;\/brandTransactionID>\n&lt;\/transaction-response><\/pre>\n\n\n\n<div style=\"height:29px\" aria-hidden=\"true\" class=\"wp-block-spacer\"><\/div>\n\n\n\n<h3 class=\"wp-block-heading\"><strong><span class=\"has-inline-color has-luminous-vivid-orange-color\">Tabela de Par\u00e2metros<\/span><\/strong> <\/h3>\n\n\n\n<div style=\"height:35px\" aria-hidden=\"true\" class=\"wp-block-spacer\"><\/div>\n\n\n\n<div id=\"footable_parent_2830\"\n         class=\" footable_parent ninja_table_wrapper loading_ninja_table wp_table_data_press_parent semantic_ui \">\n                <table data-ninja_table_instance=\"ninja_table_instance_1\" data-footable_id=\"2830\" data-filter-delay=\"1000\" aria-label=\"ClearSale Tabela de Par\u00e2metros\"            id=\"footable_2830\"\n           data-unique_identifier=\"ninja_table_unique_id_1093741385_2830\"\n           class=\" foo-table ninja_footable foo_table_2830 ninja_table_unique_id_1093741385_2830 ui table  nt_type_ajax_table selectable celled striped compact  footable-paging-right ninja_table_search_disabled\">\n                <colgroup>\n                            <col class=\"ninja_column_0 \">\n                            <col class=\"ninja_column_1 \">\n                            <col class=\"ninja_column_2 \">\n                            <col class=\"ninja_column_3 \">\n                    <\/colgroup>\n            <\/table>\n                    <style type=\"text\/css\" id='ninja_table_custom_css_2855'>\n                        #footable_2855  {\n        font-family: inherit;\n        font-size: 14px;\n    }\n\n                <\/style>\n                                <style type=\"text\/css\" id='ninja_table_custom_css_2830'>\n                        #footable_2830  {\n        font-family: inherit;\n        font-size: 14px;\n    }\n\n                <\/style>\n                \n    \n    \n<\/div>\n\n\n\n\n<div style=\"height:26px\" aria-hidden=\"true\" class=\"wp-block-spacer\"><\/div>\n\n\n\n<h3 class=\"wp-block-heading\"><strong><span class=\"has-inline-color has-luminous-vivid-orange-color\">Tabela de Respostas<\/span><\/strong><\/h3>\n\n\n\n<div style=\"height:25px\" aria-hidden=\"true\" class=\"wp-block-spacer\"><\/div>\n\n\n\n<div id=\"footable_parent_2848\"\n         class=\" footable_parent ninja_table_wrapper loading_ninja_table wp_table_data_press_parent semantic_ui \">\n                <table data-ninja_table_instance=\"ninja_table_instance_2\" data-footable_id=\"2848\" data-filter-delay=\"1000\" aria-label=\"Tabela Par\u00e2metros ClearSale Respostas\"            id=\"footable_2848\"\n           data-unique_identifier=\"ninja_table_unique_id_364466915_2848\"\n           class=\" foo-table ninja_footable foo_table_2848 ninja_table_unique_id_364466915_2848 ui table  nt_type_ajax_table selectable celled striped compact  footable-paging-right ninja_table_search_disabled\">\n                <colgroup>\n                            <col class=\"ninja_column_0 \">\n                            <col class=\"ninja_column_1 \">\n                            <col class=\"ninja_column_2 \">\n                    <\/colgroup>\n            <\/table>\n                    <style type=\"text\/css\" id='ninja_table_custom_css_2855'>\n                        #footable_2855  {\n        font-family: inherit;\n        font-size: 14px;\n    }\n\n                <\/style>\n                                <style type=\"text\/css\" id='ninja_table_custom_css_2830'>\n                        #footable_2830  {\n        font-family: inherit;\n        font-size: 14px;\n    }\n\n                <\/style>\n                                <style type=\"text\/css\" id='ninja_table_custom_css_2848'>\n                        #footable_2848  {\n        font-family: inherit;\n        font-size: 14px;\n    }\n\n                <\/style>\n                \n    \n    \n<\/div>\n\n\n\n\n<p><\/p>\n","protected":false},"excerpt":{"rendered":"<p>Solu\u00e7\u00e3o antifraude desenvolvida para vendas de ingressos online para qualquer tipo de evento. Clearsale \u2013 URL de envio dos dados SANDBOX: https:\/\/testapi.maxipago.net\/UniversalAPI\/postXML PRODU\u00c7\u00c3O: https:\/\/api.maxipago.net\/UniversalAPI\/postXML Cen\u00e1rios de Teste Clearsale \u2013 Device Fingerprint O Device Fingerprint \u00e9 um scprit em JavaScript que realiza coleta de dados e an\u00e1lise de informa\u00e7\u00f5es p\u00fablicas da m\u00e1quina do usu\u00e1rio. Atrav\u00e9s desse [&hellip;]<\/p>\n","protected":false},"author":9,"featured_media":0,"parent":0,"menu_order":0,"comment_status":"closed","ping_status":"closed","template":"","meta":{"spay_email":"","footnotes":""},"yoast_head":"<!-- This site is optimized with the Yoast SEO plugin v16.2 - https:\/\/yoast.com\/wordpress\/plugins\/seo\/ -->\n<title>Clearsale - Tickets - Gateway Rede! Developers<\/title>\n<meta name=\"robots\" content=\"noindex, follow, max-snippet:-1, max-image-preview:large, max-video-preview:-1\" \/>\n<meta property=\"og:locale\" content=\"pt_BR\" \/>\n<meta property=\"og:type\" content=\"article\" \/>\n<meta property=\"og:title\" content=\"Clearsale - Tickets - Gateway Rede! Developers\" \/>\n<meta property=\"og:description\" content=\"Solu\u00e7\u00e3o antifraude desenvolvida para vendas de ingressos online para qualquer tipo de evento. Clearsale \u2013 URL de envio dos dados SANDBOX: https:\/\/testapi.maxipago.net\/UniversalAPI\/postXML PRODU\u00c7\u00c3O: https:\/\/api.maxipago.net\/UniversalAPI\/postXML Cen\u00e1rios de Teste Clearsale \u2013 Device Fingerprint O Device Fingerprint \u00e9 um scprit em JavaScript que realiza coleta de dados e an\u00e1lise de informa\u00e7\u00f5es p\u00fablicas da m\u00e1quina do usu\u00e1rio. Atrav\u00e9s desse [&hellip;]\" \/>\n<meta property=\"og:url\" content=\"https:\/\/www.maxipago.com\/developers\/clearsale-tickets\/\" \/>\n<meta property=\"og:site_name\" content=\"Gateway Rede! Developers\" \/>\n<meta property=\"article:publisher\" content=\"https:\/\/www.facebook.com\/maxiPago-193308344142172\/?fref=ts\" \/>\n<meta property=\"article:modified_time\" content=\"2022-12-15T18:23:27+00:00\" \/>\n<meta name=\"twitter:card\" content=\"summary\" \/>\n<meta name=\"twitter:label1\" content=\"Est. tempo de leitura\">\n\t<meta name=\"twitter:data1\" content=\"3 minutos\">\n<script type=\"application\/ld+json\" class=\"yoast-schema-graph\">{\"@context\":\"https:\/\/schema.org\",\"@graph\":[{\"@type\":\"WebSite\",\"@id\":\"https:\/\/www.maxipago.com\/developers\/#website\",\"url\":\"https:\/\/www.maxipago.com\/developers\/\",\"name\":\"Gateway Rede! Developers\",\"description\":\"Portal de Desenvolvedores - Gateway Rede!\",\"potentialAction\":[{\"@type\":\"SearchAction\",\"target\":\"https:\/\/www.maxipago.com\/developers\/?s={search_term_string}\",\"query-input\":\"required name=search_term_string\"}],\"inLanguage\":\"pt-BR\"},{\"@type\":\"WebPage\",\"@id\":\"https:\/\/www.maxipago.com\/developers\/clearsale-tickets\/#webpage\",\"url\":\"https:\/\/www.maxipago.com\/developers\/clearsale-tickets\/\",\"name\":\"Clearsale - Tickets - Gateway Rede! Developers\",\"isPartOf\":{\"@id\":\"https:\/\/www.maxipago.com\/developers\/#website\"},\"datePublished\":\"2022-12-15T18:07:24+00:00\",\"dateModified\":\"2022-12-15T18:23:27+00:00\",\"breadcrumb\":{\"@id\":\"https:\/\/www.maxipago.com\/developers\/clearsale-tickets\/#breadcrumb\"},\"inLanguage\":\"pt-BR\",\"potentialAction\":[{\"@type\":\"ReadAction\",\"target\":[\"https:\/\/www.maxipago.com\/developers\/clearsale-tickets\/\"]}]},{\"@type\":\"BreadcrumbList\",\"@id\":\"https:\/\/www.maxipago.com\/developers\/clearsale-tickets\/#breadcrumb\",\"itemListElement\":[{\"@type\":\"ListItem\",\"position\":1,\"item\":{\"@type\":\"WebPage\",\"@id\":\"https:\/\/www.maxipago.com\/developers\/\",\"url\":\"https:\/\/www.maxipago.com\/developers\/\",\"name\":\"In\\u00edcio\"}},{\"@type\":\"ListItem\",\"position\":2,\"item\":{\"@id\":\"https:\/\/www.maxipago.com\/developers\/clearsale-tickets\/#webpage\"}}]}]}<\/script>\n<!-- \/ Yoast SEO plugin. -->","_links":{"self":[{"href":"https:\/\/www.maxipago.com\/developers\/wp-json\/wp\/v2\/pages\/2852"}],"collection":[{"href":"https:\/\/www.maxipago.com\/developers\/wp-json\/wp\/v2\/pages"}],"about":[{"href":"https:\/\/www.maxipago.com\/developers\/wp-json\/wp\/v2\/types\/page"}],"author":[{"embeddable":true,"href":"https:\/\/www.maxipago.com\/developers\/wp-json\/wp\/v2\/users\/9"}],"replies":[{"embeddable":true,"href":"https:\/\/www.maxipago.com\/developers\/wp-json\/wp\/v2\/comments?post=2852"}],"version-history":[{"count":24,"href":"https:\/\/www.maxipago.com\/developers\/wp-json\/wp\/v2\/pages\/2852\/revisions"}],"predecessor-version":[{"id":2898,"href":"https:\/\/www.maxipago.com\/developers\/wp-json\/wp\/v2\/pages\/2852\/revisions\/2898"}],"wp:attachment":[{"href":"https:\/\/www.maxipago.com\/developers\/wp-json\/wp\/v2\/media?parent=2852"}],"curies":[{"name":"wp","href":"https:\/\/api.w.org\/{rel}","templated":true}]}}