{"id":287,"date":"2017-02-15T09:15:12","date_gmt":"2017-02-15T11:15:12","guid":{"rendered":"http:\/\/maxipago.com\/developers\/?page_id=287"},"modified":"2025-01-21T15:47:04","modified_gmt":"2025-01-21T18:47:04","slug":"autorizacao","status":"publish","type":"page","link":"https:\/\/www.maxipago.com\/developers\/apidocs\/maxipago\/cartao-de-credito\/autorizacao\/","title":{"rendered":"Autoriza\u00e7\u00e3o"},"content":{"rendered":"\n<p>A autoriza\u00e7\u00e3o ou pr\u00e9-autoriza\u00e7\u00e3o \u00e9 a a\u00e7\u00e3o que sensibiliza o limite do cart\u00e3o de cr\u00e9dito do cliente, por\u00e9m n\u00e3o h\u00e1 a confirma\u00e7\u00e3o (captura) da transa\u00e7\u00e3o, ou seja, n\u00e3o gera cobran\u00e7a para o consumidor.<\/p>\n\n\n\n<p><\/p>\n\n\n\n<h3 class=\"wp-block-heading\"><strong>Categoriza\u00e7\u00e3o de transa\u00e7\u00f5es card-on-file<\/strong><\/h3>\n\n\n\n<p>Desde outubro de 2022, devido a mudan\u00e7as regulat\u00f3rias de bandeiras, as transa\u00e7\u00f5es card-on-file da bandeira Mastercard passar\u00e3o a ser categorizadas em 12 tipos de categorias&nbsp;<strong>CIT (Iniciadas pelo portador do cart\u00e3o \u2013 Card Holder) e MIT (Iniciadas pelo estabelecimento \u2013 Merchant).<\/strong>&nbsp;Desde 1 de junho de 2023, a bandeira passou a monitorar o envio do campo, fique atento pois podem ocorrer a\u00e7\u00f5es de compliance.<\/p>\n\n\n\n<p>O crescimento cont\u00ednuo do com\u00e9rcio eletr\u00f4nico, juntamente com o aumento dos tipos de transa\u00e7\u00e3o, exige a necessidade de entender a inten\u00e7\u00e3o do consumidor. A introdu\u00e7\u00e3o do indicador CIT ou MIT fornece transpar\u00eancia permitindo o uso para:<\/p>\n\n\n\n<ul>\n<li>L\u00f3gica de autoriza\u00e7\u00e3o do emissor<\/li>\n\n\n\n<li>Detec\u00e7\u00e3o de fraude<\/li>\n\n\n\n<li>Gest\u00e3o de disputas<\/li>\n<\/ul>\n\n\n\n<p>Por isso, \u00e9 necess\u00e1rio realizar ajustes em sua integra\u00e7\u00e3o com o e.Rede para envio do campo chamado \u201ccredentialId\u201d, que far\u00e1 parte do grupo \u201ctransactionCredentials\u201d. Desse modo, quando storageCard for igual a 1 ou 2, indicando que o cart\u00e3o est\u00e1 sendo ou j\u00e1 foi armazenado, ser\u00e1&nbsp;<strong>obrigat\u00f3rio<\/strong>&nbsp;indicar em qual categoria a transa\u00e7\u00e3o card-on-file (credencial armazenada) est\u00e1 enquadrada.<\/p>\n\n\n\n<p>O envio tamb\u00e9m deve ser feito em transa\u00e7\u00f5es Zero Dollar que pretendem armazenar o cart\u00e3o.<\/p>\n\n\n\n<p>O envio deste campo passou a ser&nbsp;<strong>obrigat\u00f3rio<\/strong>&nbsp;para a opera\u00e7\u00e3o Mastercard&nbsp;<strong>desde 01 de junho de 2023,<\/strong>&nbsp;e a partir de 01 de junho de 2024, a bandeira Mastercard poder\u00e1 aplicar penalidades em caso de n\u00e3o conformidade dos estabelecimentos, referente ao per\u00edodo fora da norma. Entre os benef\u00edcios do envio do campo, est\u00e1 a capacidade de apoiar a bandeira e o emissor na an\u00e1lise de suas transa\u00e7\u00f5es, o que pode ajudar na convers\u00e3o. Os outros campos j\u00e1 utilizados atualmente para finalidades semelhantes como storageCard, subscription e installments, precisam continuar a ser populados.<\/p>\n\n\n\n<p>Para o envio correto do campo Storage Card e Credential Id nas Transa\u00e7\u00f5es 3DS Rede \u00e9 necess\u00e1rio seguir tabela de par\u00e2metros contida na Documenta\u00e7\u00e3o do e.Rede:<\/p>\n\n\n\n<p><a href=\"https:\/\/developer.userede.com.br\/e-rede#documentacao-recorrencia-categorizacao-transacoes-card-on-file\" target=\"_blank\" rel=\"noreferrer noopener\"><strong>Tabela de Categoriza\u00e7\u00e3o de transa\u00e7\u00f5es card-on-file<\/strong>&nbsp;<strong>Rede<\/strong><\/a><\/p>\n\n\n\n<h3 class=\"wp-block-heading\">Autoriza\u00e7\u00e3o \u2013 URLs Para Envio dos Dados<\/h3>\n\n\n\n<p><strong style=\"color: #878787;\">SANDBOX<\/strong>: https:\/\/testapi.maxipago.net\/UniversalAPI\/postXML<\/p>\n\n\n\n<p><strong style=\"color: #878787;\">PRODU\u00c7\u00c3O<\/strong>: https:\/\/api.maxipago.net\/UniversalAPI\/postXML<\/p>\n\n\n\n<h3 class=\"wp-block-heading\">Autoriza\u00e7\u00e3o \u2013 Exemplo de Requisi\u00e7\u00e3o<\/h3>\n\n\n\n<pre class=\"EnlighterJSRAW\" data-enlighter-language=\"generic\" data-enlighter-theme=\"\" data-enlighter-highlight=\"\" data-enlighter-linenumbers=\"\" data-enlighter-lineoffset=\"\" data-enlighter-title=\"\" data-enlighter-group=\"\">&lt;?xml version=\"1.0\" encoding=\"UTF-8\"?>\n&lt;transaction-request>\n    &lt;version>3.1.1.15&lt;\/version>\n    &lt;verification>\n        &lt;merchantId>store-ID&lt;\/merchantId>\n        &lt;merchantKey>Store-Key&lt;\/merchantKey>\n    &lt;\/verification>\n    &lt;order>\n        &lt;auth>\n            &lt;processorID>1&lt;\/processorID>\n            &lt;referenceNum>Sandbox_teste_1&lt;\/referenceNum>\n            &lt;fraudCheck>N&lt;\/fraudCheck>\n            &lt;ipAddress>192.168.0.10&lt;\/ipAddress>\n            &lt;customerIdExt>120.071.510-14&lt;\/customerIdExt>\n            &lt;billing>\n                &lt;name>Cliente Gateway&lt;\/name>\n                &lt;address>R. Volkswagen 1&lt;\/address>\n                &lt;address2>11\u00ba Andar&lt;\/address2>\n                &lt;district>Jabaquara&lt;\/district>\n                &lt;city>Sao Paulo&lt;\/city>\n                &lt;state>SP&lt;\/state>\n                &lt;postalcode>04344902&lt;\/postalcode>\n                &lt;country>BR&lt;\/country>\n                &lt;phone>1140044828&lt;\/phone>\n                &lt;email>clientegateway@clientegateway.com.br&lt;\/email>\n                &lt;companyName>maxiPago!&lt;\/companyName>\n            &lt;\/billing>\n            &lt;shipping>\n                &lt;name>Cliente Gateway&lt;\/name>\n                &lt;address>R. Volkswagen 1&lt;\/address>\n                &lt;address2>11\u00ba Andar&lt;\/address2>\n                &lt;district>Jabaquara&lt;\/district>\n                &lt;city>Sao Paulo&lt;\/city>\n                &lt;state>SP&lt;\/state>\n                &lt;postalcode>04344902&lt;\/postalcode>\n                &lt;country>BR&lt;\/country>\n                &lt;phone>1140044828&lt;\/phone>\n                &lt;email>clientegateway@clientegateway.com.br&lt;\/email>\n            &lt;\/shipping>\n            &lt;transactionDetail>\n                &lt;payType>\n                    &lt;creditCard>\n                        &lt;number>5299613108698191&lt;\/number>\n                        &lt;expMonth>12&lt;\/expMonth>\n                        &lt;expYear>2030&lt;\/expYear>\n                        &lt;cvvNumber>100&lt;\/cvvNumber>\n                        &lt;storageCard>1&lt;\/storageCard>\n                        &lt;credentialId>03&lt;\/credentialId>\n                    &lt;\/creditCard>\n                &lt;\/payType>\n            &lt;\/transactionDetail>\n            &lt;payment>\n                &lt;chargeTotal>1.00&lt;\/chargeTotal>\n                &lt;currencyCode>BRL&lt;\/currencyCode>\n                &lt;creditInstallment>\n                    &lt;numberOfInstallments>2&lt;\/numberOfInstallments>\n                    &lt;chargeInterest>N&lt;\/chargeInterest>\n                &lt;\/creditInstallment>\n            &lt;\/payment>\n        &lt;\/auth>\n    &lt;\/order>\n&lt;\/transaction-request><\/pre>\n\n\n\n<h3 class=\"wp-block-heading\">Autoriza\u00e7\u00e3o &#8211; OnFile \u2013 Exemplo de Requisi\u00e7\u00e3o<\/h3>\n\n\n\n<pre class=\"EnlighterJSRAW\" data-enlighter-language=\"generic\" data-enlighter-theme=\"\" data-enlighter-highlight=\"\" data-enlighter-linenumbers=\"\" data-enlighter-lineoffset=\"\" data-enlighter-title=\"\" data-enlighter-group=\"\">&lt;?xml version=\"1.0\" encoding=\"UTF-8\"?>\n&lt;transaction-request>\n    &lt;version>3.1.1.15&lt;\/version>\n    &lt;verification>\n        &lt;merchantId>store-ID&lt;\/merchantId>\n        &lt;merchantKey>Store-Key&lt;\/merchantKey>\n    &lt;\/verification>\n    &lt;order>\n        &lt;auth>\n            &lt;processorID>1&lt;\/processorID>\n            &lt;referenceNum>Sandbox_teste_1&lt;\/referenceNum>\n            &lt;fraudCheck>N&lt;\/fraudCheck>\n            &lt;ipAddress>192.168.0.10&lt;\/ipAddress>\n            &lt;customerIdExt>120.071.510-14&lt;\/customerIdExt>\n            &lt;billing>\n                &lt;name>Cliente Gateway&lt;\/name>\n                &lt;address>R. Volkswagen 1&lt;\/address>\n                &lt;address2>11\u00ba Andar&lt;\/address2>\n                &lt;district>Jabaquara&lt;\/district>\n                &lt;city>Sao Paulo&lt;\/city>\n                &lt;state>SP&lt;\/state>\n                &lt;postalcode>04344902&lt;\/postalcode>\n                &lt;country>BR&lt;\/country>\n                &lt;phone>1140044828&lt;\/phone>\n                &lt;email>clientegateway@clientegateway.com.br&lt;\/email>\n                &lt;companyName>maxiPago!&lt;\/companyName>\n            &lt;\/billing>\n            &lt;shipping>\n                &lt;name>Cliente Gateway&lt;\/name>\n                &lt;address>R. Volkswagen 1&lt;\/address>\n                &lt;address2>11\u00ba Andar&lt;\/address2>\n                &lt;district>Jabaquara&lt;\/district>\n                &lt;city>Sao Paulo&lt;\/city>\n                &lt;state>SP&lt;\/state>\n                &lt;postalcode>04344902&lt;\/postalcode>\n                &lt;country>BR&lt;\/country>\n                &lt;phone>1140044828&lt;\/phone>\n                &lt;email>clientegateway@clientegateway.com.br&lt;\/email>\n            &lt;\/shipping>\n            &lt;transactionDetail>\n                &lt;payType>\n                    &lt;onFile>\n                        &lt;customerId>123456789&lt;\/customerId>\n                        &lt;token>sRBaaawwferREea==&lt;\/token>\n                        &lt;storageCard>1&lt;\/storageCard>\n                        &lt;credentialId>03&lt;\/credentialId>\n                    &lt;\/onFile>\n                &lt;\/payType>\n            &lt;\/transactionDetail>\n            &lt;payment>\n                &lt;chargeTotal>1.00&lt;\/chargeTotal>\n                &lt;currencyCode>BRL&lt;\/currencyCode>\n                &lt;creditInstallment>\n                    &lt;numberOfInstallments>2&lt;\/numberOfInstallments>\n                    &lt;chargeInterest>N&lt;\/chargeInterest>\n                &lt;\/creditInstallment>\n            &lt;\/payment>\n        &lt;\/auth>\n    &lt;\/order>\n&lt;\/transaction-request><\/pre>\n\n\n\n<h3 class=\"wp-block-heading\">Autoriza\u00e7\u00e3o \u2013 Exemplo de Retorno em Caso de Sucesso<\/h3>\n\n\n\n<pre class=\"EnlighterJSRAW\" data-enlighter-language=\"generic\" data-enlighter-theme=\"\" data-enlighter-highlight=\"\" data-enlighter-linenumbers=\"\" data-enlighter-lineoffset=\"\" data-enlighter-title=\"\" data-enlighter-group=\"\">&lt;?xml version=\"1.0\" encoding=\"UTF-8\"?>\n&lt;transaction-response>\n    &lt;authCode>123456&lt;\/authCode>\n    &lt;orderID>0A0104A3:01621AACC4D6:3867:47710E49&lt;\/orderID>\n    &lt;referenceNum>Sandbox_teste_1&lt;\/referenceNum>\n    &lt;transactionID>1791850&lt;\/transactionID>\n    &lt;transactionTimestamp>1520865952&lt;\/transactionTimestamp>\n    &lt;responseCode>0&lt;\/responseCode>\n    &lt;responseMessage>AUTHORIZED&lt;\/responseMessage>\n    &lt;avsResponseCode>YYY&lt;\/avsResponseCode>\n    &lt;cvvResponseCode>M&lt;\/cvvResponseCode>\n    &lt;processorCode>A&lt;\/processorCode>\n    &lt;processorMessage>APPROVED&lt;\/processorMessage>\n    &lt;processorName>SIMULATOR&lt;\/processorName>\n    &lt;creditCardBin>551015&lt;\/creditCardBin>\n    &lt;creditCardLast4>2409&lt;\/creditCardLast4>\n    &lt;errorMessage\/>\n    &lt;processorTransactionID>237476&lt;\/processorTransactionID>\n    &lt;processorReferenceNumber>301519&lt;\/processorReferenceNumber>\n    &lt;creditCardCountry>US&lt;\/creditCardCountry>\n    &lt;creditCardScheme>Mastercard&lt;\/creditCardScheme>\n    &lt;brandcode>00&lt;\/brandcode>\n    &lt;brandmessage>Success.&lt;\/brandmessage>\n    &lt;brandtransactionid>021534&lt;\/brandtransactionid>\n&lt;\/transaction-response><\/pre>\n\n\n\n<h3 class=\"wp-block-heading\">Autoriza\u00e7\u00e3o \u2013 Exemplo de Retorno com Erro&nbsp;<\/h3>\n\n\n\n<pre class=\"EnlighterJSRAW\" data-enlighter-language=\"generic\" data-enlighter-theme=\"\" data-enlighter-highlight=\"\" data-enlighter-linenumbers=\"\" data-enlighter-lineoffset=\"\" data-enlighter-title=\"\" data-enlighter-group=\"\">&lt;?xml version=\"1.0\" encoding=\"UTF-8\" standalone=\"yes\"?>\n&lt;api-error>\n    &lt;errorCode>1&lt;\/errorCode>\n    &lt;errorMsg>\n        &lt;![CDATA[Schema validation for the vertical SA for the incoming transaction xml failed. Reason Parser Error: URI=null Line=1:cvc-datatype-valid.1.2.1: '1,00' is not a valid value for 'decimal'.]]>\n    &lt;\/errorMsg>\n&lt;\/api-error><\/pre>\n\n\n\n<h3 class=\"wp-block-heading\"><span class=\"ui-provider gs b c d e f g h i j k l m n o p q r s t u v w x y z ab ac ae af ag ah ai aj ak\" dir=\"ltr\">Autoriza\u00e7\u00e3o \u2013 Exemplo de Retorno de Erro cart\u00e3o Mastercard&nbsp;<\/span><\/h3>\n\n\n\n<p>A bandeira Mastercard n\u00e3o considera as classifica\u00e7\u00f5es dos c\u00f3digos ABECS, mas sim a classifica\u00e7\u00e3o dos c\u00f3digos complementares de recusa chamados de MAC \u2013 Merchant Code Advice, que fornecem instru\u00e7\u00f5es sobre que a\u00e7\u00f5es o estabelecimento pode tomar para aprovar a transa\u00e7\u00e3o.<\/p>\n\n\n\n<p>Os c\u00f3digos MAC acompanham o c\u00f3digo de negativa quando uma transa\u00e7\u00e3o \u00e9 negada e indicam se aquela transa\u00e7\u00e3o pode ser retentada (revers\u00edvel) ou n\u00e3o (irrevers\u00edvel).<\/p>\n\n\n\n<p>Os valores de MAC poss\u00edveis podem ser consultados no link: <a class=\"fui-Link ___1idfs5o f3rmtva f1ewtqcl fyind8e f1k6fduh f1w7gpdv fk6fouc fjoy568 figsok6 f1hu3pq6 f11qmguv f19f4twv f1tyq0we f1g0x7ka fhxju0i f1qch9an f1cnd47f fqv5qza f1vmzxwi f1o700av f13mvf36 f1cmlufx f9n3di6 f1ids18y f1tx3yz7 f1deo86v f1eh06m1 f1iescvh ftqa4ok f2hkw1w fhgqx19 f1olyrje f1p93eir f1h8hb77 f1x7u7e9 f10aw75t fsle3fq f17ae5zn\" title=\"https:\/\/developer.userede.com.br\/e-rede#tarifas-bandeira\" href=\"https:\/\/developer.userede.com.br\/e-rede#tarifas-bandeira\" target=\"_blank\" rel=\"noreferrer noopener\" aria-label=\"Link https:\/\/developer.userede.com.br\/e-rede#tarifas-bandeira\">https:\/\/developer.userede.com.br\/e-rede#tarifas-bandeira<\/a><\/p>\n\n\n\n<div>\n<div>\n<pre class=\"EnlighterJSRAW\" data-enlighter-language=\"html\">&lt;?xml&nbsp;version=\"1.0\"&nbsp;encoding=\"UTF-8\"?&gt;\n&lt;transaction-response&gt;\n&nbsp;&nbsp;&nbsp;&nbsp;&lt;authCode\/&gt;\n&nbsp;&nbsp;&nbsp;&nbsp;&lt;orderID&gt;0A01048A:01889278CA5B:D150:30896CE3&lt;\/orderID&gt;\n&nbsp;&nbsp;&nbsp;&nbsp;&lt;referenceNum&gt;060620231748&lt;\/referenceNum&gt;\n&nbsp;&nbsp;&nbsp;&nbsp;&lt;transactionID&gt;14361802&lt;\/transactionID&gt;\n&nbsp;&nbsp;&nbsp;&nbsp;&lt;transactionTimestamp&gt;1686084569&lt;\/transactionTimestamp&gt;\n&nbsp;&nbsp;&nbsp;&nbsp;&lt;responseCode&gt;1&lt;\/responseCode&gt;\n&nbsp;&nbsp;&nbsp;&nbsp;&lt;responseMessage&gt;DECLINED&lt;\/responseMessage&gt;\n&nbsp;&nbsp;&nbsp;&nbsp;&lt;avsResponseCode\/&gt;\n&nbsp;&nbsp;&nbsp;&nbsp;&lt;cvvResponseCode\/&gt;\n&nbsp;&nbsp;&nbsp;&nbsp;&lt;processorCode&gt;58&lt;\/processorCode&gt;\n&nbsp;&nbsp;&nbsp;&nbsp;&lt;processorMessage&gt;Unauthorized.&nbsp;Contact&nbsp;issuer.&lt;\/processorMessage&gt;\n&nbsp;&nbsp;&nbsp;&nbsp;&lt;processorName&gt;REDE&lt;\/processorName&gt;\n&nbsp;&nbsp;&nbsp;&nbsp;&lt;creditCardBin&gt;544828&lt;\/creditCardBin&gt;\n&nbsp;&nbsp;&nbsp;&nbsp;&lt;creditCardLast4&gt;0007&lt;\/creditCardLast4&gt;\n&nbsp;&nbsp;&nbsp;&nbsp;&lt;errorMessage\/&gt;\n&nbsp;&nbsp;&nbsp;&nbsp;&lt;processorTransactionID&gt;10012307131548367437&lt;\/processorTransactionID&gt;\n&nbsp;&nbsp;&nbsp;&nbsp;&lt;processorReferenceNumber&gt;77735575&lt;\/processorReferenceNumber&gt;\n&nbsp;&nbsp;&nbsp;&nbsp;&lt;creditCardScheme&gt;Mastercard&lt;\/creditCardScheme&gt;\n&nbsp;&nbsp;&nbsp;&nbsp;&lt;brandCode&gt;82&lt;\/brandCode&gt;\n&nbsp;&nbsp;&nbsp;&nbsp;&lt;brandMessage&gt;Policy&nbsp;(Mastercard&nbsp;use&nbsp;only)&lt;\/brandMessage&gt;\n&nbsp;&nbsp;&nbsp;&nbsp;&lt;brandTransactionID&gt;828903&lt;\/brandTransactionID&gt;\n&nbsp;&nbsp;&nbsp;&nbsp;&lt;brandMac&gt;02&lt;\/brandMac&gt;\n&lt;\/transaction-response&gt;<br><br><br><\/pre>\n<\/div>\n<\/div>\n\n\n\n<h3 class=\"wp-block-heading\">Autoriza\u00e7\u00e3o \u2013 Tabela de Par\u00e2metros<\/h3>\n\n\n<div id=\"footable_parent_2745\"\n         class=\" footable_parent ninja_table_wrapper loading_ninja_table wp_table_data_press_parent semantic_ui \">\n                <table data-ninja_table_instance=\"ninja_table_instance_0\" data-footable_id=\"2745\" data-filter-delay=\"1000\" aria-label=\"Tabela de Autoriza\u00e7\u00e3o\"            id=\"footable_2745\"\n           data-unique_identifier=\"ninja_table_unique_id_1032092058_2745\"\n           class=\" foo-table ninja_footable foo_table_2745 ninja_table_unique_id_1032092058_2745 ui table  nt_type_ajax_table selectable celled striped compact  footable-paging-right ninja_table_search_disabled\">\n                <colgroup>\n                            <col class=\"ninja_column_0 \">\n                            <col class=\"ninja_column_1 \">\n                            <col class=\"ninja_column_2 \">\n                            <col class=\"ninja_column_3 \">\n                    <\/colgroup>\n            <\/table>\n                    <style type=\"text\/css\" id='ninja_table_custom_css_2745'>\n                        #footable_2745  {\n        font-family: inherit;\n        font-size: 14px;\n    }\n\n                <\/style>\n                \n    \n    \n<\/div>\n\n\n\n\n<div style=\"height:35px\" aria-hidden=\"true\" class=\"wp-block-spacer\"><\/div>\n\n\n\n<h3 class=\"wp-block-heading\"><span style=\"background-color:rgba(0, 0, 0, 0)\" class=\"has-inline-color has-luminous-vivid-orange-color\">Libera\u00e7\u00e3o dos IP\u00b4s maxiPago!<\/span><\/h3>\n\n\n\n<div style=\"height:23px\" aria-hidden=\"true\" class=\"wp-block-spacer\"><\/div>\n\n\n\n<p>Algumas empresas necessitam dos IP\u00b4s de sa\u00edda da maxiPago!. Recomendamos a verifica\u00e7\u00e3o dessa permiss\u00e3o utilizando os IPs abaixo:<\/p>\n\n\n\n<ul>\n<li><strong>52.207.83.230<\/strong><\/li>\n\n\n\n<li><strong>54.237.160.163<\/strong><\/li>\n<\/ul>\n","protected":false},"excerpt":{"rendered":"<p>A autoriza\u00e7\u00e3o ou pr\u00e9-autoriza\u00e7\u00e3o \u00e9 a a\u00e7\u00e3o que sensibiliza o limite do cart\u00e3o de cr\u00e9dito do cliente, por\u00e9m n\u00e3o h\u00e1 a confirma\u00e7\u00e3o (captura) da transa\u00e7\u00e3o, ou seja, n\u00e3o gera cobran\u00e7a para o consumidor. Categoriza\u00e7\u00e3o de transa\u00e7\u00f5es card-on-file Desde outubro de 2022, devido a mudan\u00e7as regulat\u00f3rias de bandeiras, as transa\u00e7\u00f5es card-on-file da bandeira Mastercard passar\u00e3o a [&hellip;]<\/p>\n","protected":false},"author":1,"featured_media":0,"parent":276,"menu_order":0,"comment_status":"closed","ping_status":"closed","template":"","meta":{"spay_email":"","footnotes":""},"yoast_head":"<!-- This site is optimized with the Yoast SEO plugin v16.2 - https:\/\/yoast.com\/wordpress\/plugins\/seo\/ -->\n<title>Autoriza\u00e7\u00e3o - Gateway Rede! Developers<\/title>\n<meta name=\"robots\" content=\"noindex, follow, max-snippet:-1, max-image-preview:large, max-video-preview:-1\" \/>\n<meta property=\"og:locale\" content=\"pt_BR\" \/>\n<meta property=\"og:type\" content=\"article\" \/>\n<meta property=\"og:title\" content=\"Autoriza\u00e7\u00e3o - Gateway Rede! Developers\" \/>\n<meta property=\"og:description\" content=\"A autoriza\u00e7\u00e3o ou pr\u00e9-autoriza\u00e7\u00e3o \u00e9 a a\u00e7\u00e3o que sensibiliza o limite do cart\u00e3o de cr\u00e9dito do cliente, por\u00e9m n\u00e3o h\u00e1 a confirma\u00e7\u00e3o (captura) da transa\u00e7\u00e3o, ou seja, n\u00e3o gera cobran\u00e7a para o consumidor. Categoriza\u00e7\u00e3o de transa\u00e7\u00f5es card-on-file Desde outubro de 2022, devido a mudan\u00e7as regulat\u00f3rias de bandeiras, as transa\u00e7\u00f5es card-on-file da bandeira Mastercard passar\u00e3o a [&hellip;]\" \/>\n<meta property=\"og:url\" content=\"https:\/\/www.maxipago.com\/developers\/apidocs\/maxipago\/cartao-de-credito\/autorizacao\/\" \/>\n<meta property=\"og:site_name\" content=\"Gateway Rede! Developers\" \/>\n<meta property=\"article:publisher\" content=\"https:\/\/www.facebook.com\/maxiPago-193308344142172\/?fref=ts\" \/>\n<meta property=\"article:modified_time\" content=\"2025-01-21T18:47:04+00:00\" \/>\n<meta name=\"twitter:card\" content=\"summary\" \/>\n<meta name=\"twitter:label1\" content=\"Est. tempo de leitura\">\n\t<meta name=\"twitter:data1\" content=\"4 minutos\">\n<script type=\"application\/ld+json\" class=\"yoast-schema-graph\">{\"@context\":\"https:\/\/schema.org\",\"@graph\":[{\"@type\":\"WebSite\",\"@id\":\"https:\/\/www.maxipago.com\/developers\/#website\",\"url\":\"https:\/\/www.maxipago.com\/developers\/\",\"name\":\"Gateway Rede! Developers\",\"description\":\"Portal de Desenvolvedores - Gateway Rede!\",\"potentialAction\":[{\"@type\":\"SearchAction\",\"target\":\"https:\/\/www.maxipago.com\/developers\/?s={search_term_string}\",\"query-input\":\"required name=search_term_string\"}],\"inLanguage\":\"pt-BR\"},{\"@type\":\"WebPage\",\"@id\":\"https:\/\/www.maxipago.com\/developers\/apidocs\/maxipago\/cartao-de-credito\/autorizacao\/#webpage\",\"url\":\"https:\/\/www.maxipago.com\/developers\/apidocs\/maxipago\/cartao-de-credito\/autorizacao\/\",\"name\":\"Autoriza\\u00e7\\u00e3o - Gateway Rede! Developers\",\"isPartOf\":{\"@id\":\"https:\/\/www.maxipago.com\/developers\/#website\"},\"datePublished\":\"2017-02-15T11:15:12+00:00\",\"dateModified\":\"2025-01-21T18:47:04+00:00\",\"breadcrumb\":{\"@id\":\"https:\/\/www.maxipago.com\/developers\/apidocs\/maxipago\/cartao-de-credito\/autorizacao\/#breadcrumb\"},\"inLanguage\":\"pt-BR\",\"potentialAction\":[{\"@type\":\"ReadAction\",\"target\":[\"https:\/\/www.maxipago.com\/developers\/apidocs\/maxipago\/cartao-de-credito\/autorizacao\/\"]}]},{\"@type\":\"BreadcrumbList\",\"@id\":\"https:\/\/www.maxipago.com\/developers\/apidocs\/maxipago\/cartao-de-credito\/autorizacao\/#breadcrumb\",\"itemListElement\":[{\"@type\":\"ListItem\",\"position\":1,\"item\":{\"@type\":\"WebPage\",\"@id\":\"https:\/\/www.maxipago.com\/developers\/\",\"url\":\"https:\/\/www.maxipago.com\/developers\/\",\"name\":\"In\\u00edcio\"}},{\"@type\":\"ListItem\",\"position\":2,\"item\":{\"@type\":\"WebPage\",\"@id\":\"https:\/\/www.maxipago.com\/developers\/apidocs\/\",\"url\":\"https:\/\/www.maxipago.com\/developers\/apidocs\/\",\"name\":\"API Docs\"}},{\"@type\":\"ListItem\",\"position\":3,\"item\":{\"@type\":\"WebPage\",\"@id\":\"https:\/\/www.maxipago.com\/developers\/apidocs\/maxipago\/\",\"url\":\"https:\/\/www.maxipago.com\/developers\/apidocs\/maxipago\/\",\"name\":\"Documenta\\u00e7\\u00f5es Online\"}},{\"@type\":\"ListItem\",\"position\":4,\"item\":{\"@type\":\"WebPage\",\"@id\":\"https:\/\/www.maxipago.com\/developers\/apidocs\/maxipago\/cartao-de-credito\/\",\"url\":\"https:\/\/www.maxipago.com\/developers\/apidocs\/maxipago\/cartao-de-credito\/\",\"name\":\"Cart\\u00e3o de Cr\\u00e9dito\"}},{\"@type\":\"ListItem\",\"position\":5,\"item\":{\"@id\":\"https:\/\/www.maxipago.com\/developers\/apidocs\/maxipago\/cartao-de-credito\/autorizacao\/#webpage\"}}]}]}<\/script>\n<!-- \/ Yoast SEO plugin. -->","_links":{"self":[{"href":"https:\/\/www.maxipago.com\/developers\/wp-json\/wp\/v2\/pages\/287"}],"collection":[{"href":"https:\/\/www.maxipago.com\/developers\/wp-json\/wp\/v2\/pages"}],"about":[{"href":"https:\/\/www.maxipago.com\/developers\/wp-json\/wp\/v2\/types\/page"}],"author":[{"embeddable":true,"href":"https:\/\/www.maxipago.com\/developers\/wp-json\/wp\/v2\/users\/1"}],"replies":[{"embeddable":true,"href":"https:\/\/www.maxipago.com\/developers\/wp-json\/wp\/v2\/comments?post=287"}],"version-history":[{"count":52,"href":"https:\/\/www.maxipago.com\/developers\/wp-json\/wp\/v2\/pages\/287\/revisions"}],"predecessor-version":[{"id":4330,"href":"https:\/\/www.maxipago.com\/developers\/wp-json\/wp\/v2\/pages\/287\/revisions\/4330"}],"up":[{"embeddable":true,"href":"https:\/\/www.maxipago.com\/developers\/wp-json\/wp\/v2\/pages\/276"}],"wp:attachment":[{"href":"https:\/\/www.maxipago.com\/developers\/wp-json\/wp\/v2\/media?parent=287"}],"curies":[{"name":"wp","href":"https:\/\/api.w.org\/{rel}","templated":true}]}}