{"id":291,"date":"2017-02-15T09:19:29","date_gmt":"2017-02-15T11:19:29","guid":{"rendered":"http:\/\/maxipago.com\/developers\/?page_id=291"},"modified":"2023-05-08T18:49:06","modified_gmt":"2023-05-08T21:49:06","slug":"captura","status":"publish","type":"page","link":"https:\/\/www.maxipago.com\/developers\/apidocs\/maxipago\/cartao-de-credito\/captura\/","title":{"rendered":"Captura"},"content":{"rendered":"<p style=\"font-size: medium;\" align=\"justify\">Ap\u00f3s realizar uma autoriza\u00e7\u00e3o ou pr\u00e9-autoriza\u00e7\u00e3o com sucesso, ser\u00e1 necess\u00e1rio realizar a confirma\u00e7\u00e3o (captura desta transa\u00e7\u00e3o para que a cobran\u00e7a seja efetivada e lan\u00e7ada na fatura do portador do cart\u00e3o).<\/p>\n<h2 style=\"color: #e06b08;\">Captura Total X Captura Parcial<\/h2>\n<p style=\"font-size: medium;\" align=\"justify\">Algumas Adquirentes permitem que o estabelecimento fa\u00e7a uma captura parcial do pedido. Isto significa que, apesar de se ter uma autoriza\u00e7\u00e3o feita no valor total do pedido, o estabelecimento capturar\u00e1 apenas uma parte dela, deixando o resto do valor vencer.<\/p>\n<p style=\"font-size: medium;\" align=\"justify\">Isto \u00e9 particularmente \u00fatil quando o cliente pede mais de um produto no mesmo pedido e um deles n\u00e3o est\u00e1 mais dispon\u00edvel no estoque. Digamos que temos pedido formado por dois produtos, um de R$60,00 e outro de R$40,00, que j\u00e1 foram autorizados em sua totalidade (R$100,00). Contudo, a checagem de estoque mostra que o segundo produto, de R$40,00, est\u00e1 em falta. Neste caso o estabelecimento pode fazer uma captura parcial de R$60,00, completar parte de sua venda e notificar o cliente do ocorrido.<\/p>\n<blockquote style=\"background-color: #fde9d8; border: 2px solid #e06b08; margin: 20px 0;\">\n<p style=\"font-size: medium;\" align=\"center\"><strong style=\"color: #878787;\">ATEN\u00c7\u00c3O:<\/strong><\/p>\n<p style=\"font-size: medium;\" align=\"center\">Um pedido nunca est\u00e1 completo se a captura n\u00e3o foi feita. Sem ela o Estabelecimento n\u00e3o garante que receber\u00e1 o valor devido pela Adquirente!<\/p>\n<\/blockquote>\n<h3 style=\"color: #e06b08;\">URLs pra realizar a transa\u00e7\u00e3o<\/h3>\n<p align=\"justify; font-size: medium;\"><strong style=\"color: #878787;\">SANDBOX<\/strong>: https:\/\/testapi.maxipago.net\/UniversalAPI\/postXML<\/p>\n<p align=\"justify; font-size: medium;\"><strong style=\"color: #878787;\">PRODU\u00c7\u00c3O<\/strong>: https:\/\/api.maxipago.net\/UniversalAPI\/postXML<\/p>\n<p align=\"justify; font-size: medium;\">\u00a0<\/p>\n<h3 style=\"color: #e06b08;\">Captura \u2013 Exemplo de Requisi\u00e7\u00e3o<\/h3>\n<pre class=\"EnlighterJSRAW\" data-enlighter-language=\"generic\">&lt;?xml version=\"1.0\" encoding=\"UTF-8\"?&gt;\n&lt;transaction-request&gt;\n    &lt;version&gt;3.1.1.15&lt;\/version&gt;\n    &lt;verification&gt;\n        &lt;merchantId&gt;store-id&lt;\/merchantId&gt;\n        &lt;merchantKey&gt;store-key&lt;\/merchantKey&gt;\n    &lt;\/verification&gt;\n    &lt;order&gt;\n        &lt;capture&gt;\n            &lt;orderID&gt;0A0104A3:01621AACC4D6:3867:47710E49&lt;\/orderID&gt;\n            &lt;referenceNum&gt;Sandbox_teste_1&lt;\/referenceNum&gt;\n            &lt;payment&gt;\n                &lt;chargeTotal&gt;100.00&lt;\/chargeTotal&gt;\n            &lt;\/payment&gt;\n        &lt;\/capture&gt;\n    &lt;\/order&gt;\n&lt;\/transaction-request&gt;<\/pre>\n<h3 style=\"color: #e06b08;\">Captura \u2013 Exemplo de Retorno em Caso de Sucesso<\/h3>\n<pre class=\"lang:default decode:true \">\u00a0<\/pre>\n<pre class=\"EnlighterJSRAW\" data-enlighter-language=\"generic\">&lt;?xml version=\"1.0\" encoding=\"UTF-8\"?&gt;\n&lt;transaction-response&gt;\n    &lt;authCode\/&gt;\n    &lt;orderID&gt;0A0104A3:01621AACC4D6:3867:47710E49&lt;\/orderID&gt;\n    &lt;referenceNum&gt;Sandbox_teste_1&lt;\/referenceNum&gt;\n    &lt;transactionID&gt;1791913&lt;\/transactionID&gt;\n    &lt;transactionTimestamp&gt;1520868164&lt;\/transactionTimestamp&gt;\n    &lt;responseCode&gt;0&lt;\/responseCode&gt;\n    &lt;responseMessage&gt;CAPTURED&lt;\/responseMessage&gt;\n    &lt;avsResponseCode\/&gt;\n    &lt;cvvResponseCode\/&gt;\n    &lt;processorCode&gt;A&lt;\/processorCode&gt;\n    &lt;processorMessage&gt;APPROVED&lt;\/processorMessage&gt;\n    &lt;processorName&gt;SIMULATOR&lt;\/processorName&gt;\n    &lt;errorMessage\/&gt;\n    &lt;processorTransactionID&gt;792135&lt;\/processorTransactionID&gt;\n    &lt;processorReferenceNumber&gt;534901&lt;\/processorReferenceNumber&gt;\n    &lt;creditCardScheme&gt;Mastercard&lt;\/creditCardScheme&gt;\n&lt;\/transaction-response&gt;<\/pre>\n<h3 style=\"color: #e06b08;\">Captura \u2013 Exemplo de Retorno em de Erro<\/h3>\n<pre class=\"EnlighterJSRAW\" data-enlighter-language=\"generic\">&lt;?xml version=\"1.0\" encoding=\"UTF-8\"?&gt;\n&lt;transaction-response&gt;\n    &lt;authCode\/&gt;\n    &lt;orderID\/&gt;\n    &lt;referenceNum\/&gt;\n    &lt;transactionID\/&gt;\n    &lt;transactionTimestamp&gt;1493906791&lt;\/transactionTimestamp&gt;\n    &lt;responseCode&gt;1024&lt;\/responseCode&gt;\n    &lt;responseMessage&gt;INVALID REQUEST&lt;\/responseMessage&gt;\n    &lt;avsResponseCode\/&gt;\n    &lt;cvvResponseCode\/&gt;\n    &lt;processorCode\/&gt;\n    &lt;processorMessage\/&gt;\n    &lt;errorMessage&gt;Captured Transaction Amount is more than the Authorized Amount&lt;\/errorMessage&gt;\n    &lt;creditCardScheme&gt;Visa&lt;\/creditCardScheme&gt;\n&lt;\/transaction-response&gt;<\/pre>\n<h3 style=\"color: #e06b08;\">Captura \u2013 Tabela de Par\u00e2metros<\/h3>\n<div id=\"footable_parent_2753\"\n         class=\" footable_parent ninja_table_wrapper loading_ninja_table wp_table_data_press_parent semantic_ui \">\n                <table data-ninja_table_instance=\"ninja_table_instance_0\" data-footable_id=\"2753\" data-filter-delay=\"1000\" aria-label=\"Tabela Captura\"            id=\"footable_2753\"\n           data-unique_identifier=\"ninja_table_unique_id_199390804_2753\"\n           class=\" foo-table ninja_footable foo_table_2753 ninja_table_unique_id_199390804_2753 ui table  nt_type_ajax_table selectable celled striped compact  footable-paging-right ninja_table_search_disabled\">\n                <colgroup>\n                            <col class=\"ninja_column_0 \">\n                            <col class=\"ninja_column_1 \">\n                            <col class=\"ninja_column_2 \">\n                            <col class=\"ninja_column_3 \">\n                    <\/colgroup>\n            <\/table>\n                    <style type=\"text\/css\" id='ninja_table_custom_css_2753'>\n                        #footable_2753  {\n        font-family: inherit;\n        font-size: 14px;\n    }\n\n                <\/style>\n                \n    \n    \n<\/div>\n\n\n\n<div style=\"height:34px\" aria-hidden=\"true\" class=\"wp-block-spacer\"><\/div>\n\n\n\n<h3 class=\"wp-block-heading\"><span class=\"has-inline-color has-luminous-vivid-orange-color\">Libera\u00e7\u00e3o dos IP\u00b4s maxiPago!<\/span><\/h3>\n\n\n\n<div style=\"height:23px\" aria-hidden=\"true\" class=\"wp-block-spacer\"><\/div>\n\n\n\n<p>Algumas empresas necessitam dos IP\u00b4s de sa\u00edda da maxiPago!. Recomendamos a verifica\u00e7\u00e3o dessa permiss\u00e3o utilizando os IPs abaixo:<\/p>\n\n\n\n<ul><li><strong>52.207.83.230<\/strong><\/li><li><strong>54.237.160.163<\/strong><\/li><\/ul>\n","protected":false},"excerpt":{"rendered":"<p>Ap\u00f3s realizar uma autoriza\u00e7\u00e3o ou pr\u00e9-autoriza\u00e7\u00e3o com sucesso, ser\u00e1 necess\u00e1rio realizar a confirma\u00e7\u00e3o (captura desta transa\u00e7\u00e3o para que a cobran\u00e7a seja efetivada e lan\u00e7ada na fatura do portador do cart\u00e3o). Captura Total X Captura Parcial Algumas Adquirentes permitem que o estabelecimento fa\u00e7a uma captura parcial do pedido. Isto significa que, apesar de se ter uma [&hellip;]<\/p>\n","protected":false},"author":1,"featured_media":0,"parent":276,"menu_order":0,"comment_status":"closed","ping_status":"closed","template":"","meta":{"spay_email":"","footnotes":""},"yoast_head":"<!-- This site is optimized with the Yoast SEO plugin v16.2 - https:\/\/yoast.com\/wordpress\/plugins\/seo\/ -->\n<title>Captura - Gateway Rede! Developers<\/title>\n<meta name=\"robots\" content=\"noindex, follow, max-snippet:-1, max-image-preview:large, max-video-preview:-1\" \/>\n<meta property=\"og:locale\" content=\"pt_BR\" \/>\n<meta property=\"og:type\" content=\"article\" \/>\n<meta property=\"og:title\" content=\"Captura - Gateway Rede! Developers\" \/>\n<meta property=\"og:description\" content=\"Ap\u00f3s realizar uma autoriza\u00e7\u00e3o ou pr\u00e9-autoriza\u00e7\u00e3o com sucesso, ser\u00e1 necess\u00e1rio realizar a confirma\u00e7\u00e3o (captura desta transa\u00e7\u00e3o para que a cobran\u00e7a seja efetivada e lan\u00e7ada na fatura do portador do cart\u00e3o). Captura Total X Captura Parcial Algumas Adquirentes permitem que o estabelecimento fa\u00e7a uma captura parcial do pedido. Isto significa que, apesar de se ter uma [&hellip;]\" \/>\n<meta property=\"og:url\" content=\"https:\/\/www.maxipago.com\/developers\/apidocs\/maxipago\/cartao-de-credito\/captura\/\" \/>\n<meta property=\"og:site_name\" content=\"Gateway Rede! Developers\" \/>\n<meta property=\"article:publisher\" content=\"https:\/\/www.facebook.com\/maxiPago-193308344142172\/?fref=ts\" \/>\n<meta property=\"article:modified_time\" content=\"2023-05-08T21:49:06+00:00\" \/>\n<meta name=\"twitter:card\" content=\"summary\" \/>\n<meta name=\"twitter:label1\" content=\"Est. tempo de leitura\">\n\t<meta name=\"twitter:data1\" content=\"2 minutos\">\n<script type=\"application\/ld+json\" class=\"yoast-schema-graph\">{\"@context\":\"https:\/\/schema.org\",\"@graph\":[{\"@type\":\"WebSite\",\"@id\":\"https:\/\/www.maxipago.com\/developers\/#website\",\"url\":\"https:\/\/www.maxipago.com\/developers\/\",\"name\":\"Gateway Rede! Developers\",\"description\":\"Portal de Desenvolvedores - Gateway Rede!\",\"potentialAction\":[{\"@type\":\"SearchAction\",\"target\":\"https:\/\/www.maxipago.com\/developers\/?s={search_term_string}\",\"query-input\":\"required name=search_term_string\"}],\"inLanguage\":\"pt-BR\"},{\"@type\":\"WebPage\",\"@id\":\"https:\/\/www.maxipago.com\/developers\/apidocs\/maxipago\/cartao-de-credito\/captura\/#webpage\",\"url\":\"https:\/\/www.maxipago.com\/developers\/apidocs\/maxipago\/cartao-de-credito\/captura\/\",\"name\":\"Captura - Gateway Rede! Developers\",\"isPartOf\":{\"@id\":\"https:\/\/www.maxipago.com\/developers\/#website\"},\"datePublished\":\"2017-02-15T11:19:29+00:00\",\"dateModified\":\"2023-05-08T21:49:06+00:00\",\"breadcrumb\":{\"@id\":\"https:\/\/www.maxipago.com\/developers\/apidocs\/maxipago\/cartao-de-credito\/captura\/#breadcrumb\"},\"inLanguage\":\"pt-BR\",\"potentialAction\":[{\"@type\":\"ReadAction\",\"target\":[\"https:\/\/www.maxipago.com\/developers\/apidocs\/maxipago\/cartao-de-credito\/captura\/\"]}]},{\"@type\":\"BreadcrumbList\",\"@id\":\"https:\/\/www.maxipago.com\/developers\/apidocs\/maxipago\/cartao-de-credito\/captura\/#breadcrumb\",\"itemListElement\":[{\"@type\":\"ListItem\",\"position\":1,\"item\":{\"@type\":\"WebPage\",\"@id\":\"https:\/\/www.maxipago.com\/developers\/\",\"url\":\"https:\/\/www.maxipago.com\/developers\/\",\"name\":\"In\\u00edcio\"}},{\"@type\":\"ListItem\",\"position\":2,\"item\":{\"@type\":\"WebPage\",\"@id\":\"https:\/\/www.maxipago.com\/developers\/apidocs\/\",\"url\":\"https:\/\/www.maxipago.com\/developers\/apidocs\/\",\"name\":\"API Docs\"}},{\"@type\":\"ListItem\",\"position\":3,\"item\":{\"@type\":\"WebPage\",\"@id\":\"https:\/\/www.maxipago.com\/developers\/apidocs\/maxipago\/\",\"url\":\"https:\/\/www.maxipago.com\/developers\/apidocs\/maxipago\/\",\"name\":\"Documenta\\u00e7\\u00f5es Online\"}},{\"@type\":\"ListItem\",\"position\":4,\"item\":{\"@type\":\"WebPage\",\"@id\":\"https:\/\/www.maxipago.com\/developers\/apidocs\/maxipago\/cartao-de-credito\/\",\"url\":\"https:\/\/www.maxipago.com\/developers\/apidocs\/maxipago\/cartao-de-credito\/\",\"name\":\"Cart\\u00e3o de Cr\\u00e9dito\"}},{\"@type\":\"ListItem\",\"position\":5,\"item\":{\"@id\":\"https:\/\/www.maxipago.com\/developers\/apidocs\/maxipago\/cartao-de-credito\/captura\/#webpage\"}}]}]}<\/script>\n<!-- \/ Yoast SEO plugin. -->","_links":{"self":[{"href":"https:\/\/www.maxipago.com\/developers\/wp-json\/wp\/v2\/pages\/291"}],"collection":[{"href":"https:\/\/www.maxipago.com\/developers\/wp-json\/wp\/v2\/pages"}],"about":[{"href":"https:\/\/www.maxipago.com\/developers\/wp-json\/wp\/v2\/types\/page"}],"author":[{"embeddable":true,"href":"https:\/\/www.maxipago.com\/developers\/wp-json\/wp\/v2\/users\/1"}],"replies":[{"embeddable":true,"href":"https:\/\/www.maxipago.com\/developers\/wp-json\/wp\/v2\/comments?post=291"}],"version-history":[{"count":22,"href":"https:\/\/www.maxipago.com\/developers\/wp-json\/wp\/v2\/pages\/291\/revisions"}],"predecessor-version":[{"id":3437,"href":"https:\/\/www.maxipago.com\/developers\/wp-json\/wp\/v2\/pages\/291\/revisions\/3437"}],"up":[{"embeddable":true,"href":"https:\/\/www.maxipago.com\/developers\/wp-json\/wp\/v2\/pages\/276"}],"wp:attachment":[{"href":"https:\/\/www.maxipago.com\/developers\/wp-json\/wp\/v2\/media?parent=291"}],"curies":[{"name":"wp","href":"https:\/\/api.w.org\/{rel}","templated":true}]}}