{"id":294,"date":"2017-02-15T09:23:30","date_gmt":"2017-02-15T11:23:30","guid":{"rendered":"http:\/\/maxipago.com\/developers\/?page_id=294"},"modified":"2024-09-09T16:51:41","modified_gmt":"2024-09-09T19:51:41","slug":"venda-direta","status":"publish","type":"page","link":"https:\/\/www.maxipago.com\/developers\/apidocs\/maxipago\/cartao-de-credito\/venda-direta\/","title":{"rendered":"Venda Direta"},"content":{"rendered":"\n<p>A venda direta combina a Autoriza\u00e7\u00e3o e a Captura em uma mesma chamada. Ao usar a requisi\u00e7\u00e3o de Venda Direta voc\u00ea estar\u00e1 fazendo uma autoriza\u00e7\u00e3o no cart\u00e3o do cliente e imediatamente executando uma captura total do valor. O retorno da maxiPago! j\u00e1 vir\u00e1 com o status final da transa\u00e7\u00e3o.<\/p>\n\n\n\n<h3 class=\"wp-block-heading\"><strong><br>Categoriza\u00e7\u00e3o de transa\u00e7\u00f5es card-on-file<\/strong><\/h3>\n\n\n\n<p>Desde outubro de 2022, devido a mudan\u00e7as regulat\u00f3rias de bandeiras, as transa\u00e7\u00f5es card-on-file da bandeira Mastercard passar\u00e3o a ser categorizadas em 12 tipos de categorias&nbsp;<strong>CIT (Iniciadas pelo portador do cart\u00e3o \u2013 Card Holder) e MIT (Iniciadas pelo estabelecimento \u2013 Merchant).<\/strong>&nbsp;Desde 1 de junho de 2023, a bandeira passou a monitorar o envio do campo, fique atento pois podem ocorrer a\u00e7\u00f5es de compliance.<\/p>\n\n\n\n<p>O crescimento cont\u00ednuo do com\u00e9rcio eletr\u00f4nico, juntamente com o aumento dos tipos de transa\u00e7\u00e3o, exige a necessidade de entender a inten\u00e7\u00e3o do consumidor. A introdu\u00e7\u00e3o do indicador CIT ou MIT fornece transpar\u00eancia permitindo o uso para:<\/p>\n\n\n\n<ul>\n<li>L\u00f3gica de autoriza\u00e7\u00e3o do emissor<\/li>\n\n\n\n<li>Detec\u00e7\u00e3o de fraude<\/li>\n\n\n\n<li>Gest\u00e3o de disputas<\/li>\n<\/ul>\n\n\n\n<p>Por isso, \u00e9 necess\u00e1rio realizar ajustes em sua integra\u00e7\u00e3o com o e.Rede para envio do campo chamado \u201ccredentialId\u201d, que far\u00e1 parte do grupo \u201ctransactionCredentials\u201d. Desse modo, quando storageCard for igual a 1 ou 2, indicando que o cart\u00e3o est\u00e1 sendo ou j\u00e1 foi armazenado, ser\u00e1&nbsp;<strong>obrigat\u00f3rio<\/strong>&nbsp;indicar em qual categoria a transa\u00e7\u00e3o card-on-file (credencial armazenada) est\u00e1 enquadrada.<\/p>\n\n\n\n<p>O envio tamb\u00e9m deve ser feito em transa\u00e7\u00f5es Zero Dollar que pretendem armazenar o cart\u00e3o.<\/p>\n\n\n\n<p>O envio deste campo passou a ser&nbsp;<strong>obrigat\u00f3rio<\/strong>&nbsp;para a opera\u00e7\u00e3o Mastercard&nbsp;<strong>desde 01 de junho de 2023,<\/strong>&nbsp;e a partir de 01 de junho de 2024, a bandeira Mastercard poder\u00e1 aplicar penalidades em caso de n\u00e3o conformidade dos estabelecimentos, referente ao per\u00edodo fora da norma. Entre os benef\u00edcios do envio do campo, est\u00e1 a capacidade de apoiar a bandeira e o emissor na an\u00e1lise de suas transa\u00e7\u00f5es, o que pode ajudar na convers\u00e3o. Os outros campos j\u00e1 utilizados atualmente para finalidades semelhantes como storageCard, subscription e installments, precisam continuar a ser populados.<\/p>\n\n\n\n<p>Para o envio correto do campo Storage Card e Credential Id nas Transa\u00e7\u00f5es 3DS Rede \u00e9 necess\u00e1rio seguir tabela de par\u00e2metros contida na Documenta\u00e7\u00e3o do e.Rede:<\/p>\n\n\n\n<p><a href=\"https:\/\/developer.userede.com.br\/e-rede#documentacao-recorrencia-categorizacao-transacoes-card-on-file\" target=\"_blank\" rel=\"noreferrer noopener\"><strong>Tabela de Categoriza\u00e7\u00e3o de transa\u00e7\u00f5es card-on-file<\/strong>&nbsp;<strong>Rede<\/strong><\/a><\/p>\n\n\n\n<h3 class=\"wp-block-heading\">Venda Direta \u2013 URLs Para Envio dos Dados<\/h3>\n\n\n\n<p><strong style=\"color: #878787;\">SANDBOX<\/strong>: https:\/\/testapi.maxipago.net\/UniversalAPI\/postXML<\/p>\n\n\n\n<p><strong style=\"color: #878787;\">PRODU\u00c7\u00c3O<\/strong>: https:\/\/api.maxipago.net\/UniversalAPI\/postXML<\/p>\n\n\n\n<h3 class=\"wp-block-heading\">Venda Direta \u2013 Exemplo de Requisi\u00e7\u00e3o<\/h3>\n\n\n\n<pre class=\"EnlighterJSRAW\" data-enlighter-language=\"generic\" data-enlighter-theme=\"\" data-enlighter-highlight=\"\" data-enlighter-linenumbers=\"\" data-enlighter-lineoffset=\"\" data-enlighter-title=\"\" data-enlighter-group=\"\">&lt;?xml version=\"1.0\" encoding=\"UTF-8\"?>\n&lt;transaction-request>\n    &lt;version>3.1.1.15&lt;\/version>\n    &lt;verification>\n        &lt;merchantId>store-id&lt;\/merchantId>\n        &lt;merchantKey>store-key&lt;\/merchantKey>\n    &lt;\/verification>\n    &lt;order>\n        &lt;sale>\n            &lt;processorID>1&lt;\/processorID>\n            &lt;referenceNum>Sandbox_teste_1&lt;\/referenceNum>\n            &lt;fraudCheck>N&lt;\/fraudCheck>\n            &lt;ipAddress>192.168.0.10&lt;\/ipAddress>\n            &lt;customerIdExt>120.071.510-14&lt;\/customerIdExt>\n            &lt;billing>\n                &lt;name>Cliente Gateway&lt;\/name>\n                &lt;address>R. Volkswagen 1&lt;\/address>\n                &lt;address2>11\u00ba Andar&lt;\/address2>\n                &lt;district>Jabaquara&lt;\/district>\n                &lt;city>Sao Paulo&lt;\/city>\n                &lt;state>SP&lt;\/state>\n                &lt;postalcode>04344902&lt;\/postalcode>\n                &lt;country>BR&lt;\/country>\n                &lt;phone>1140044828&lt;\/phone>\n                &lt;email>clientegateway@clientegateway.com.br&lt;\/email>\n                &lt;companyName>maxiPago!&lt;\/companyName>\n            &lt;\/billing>\n            &lt;shipping>\n                &lt;name>Cliente\u00a0Gateway&lt;\/name>\n                &lt;address>R.\u00a0Volkswagen\u00a01&lt;\/address>\n                &lt;address2>11\u00ba\u00a0Andar&lt;\/address2>\n                &lt;district>Jabaquara&lt;\/district>\n                &lt;city>Sao\u00a0Paulo&lt;\/city>\n                &lt;state>SP&lt;\/state>\n                &lt;postalcode>04344902&lt;\/postalcode>\n                &lt;country>BR&lt;\/country>\n                &lt;phone>1140044828&lt;\/phone>\n                &lt;email>clientegateway@clientegateway.com.br&lt;\/email>\n            &lt;\/shipping>\n            &lt;transactionDetail>\n                &lt;payType>\n                    &lt;creditCard>\n                        &lt;number>5510156038012409&lt;\/number>\n                        &lt;expMonth>12&lt;\/expMonth>\n                        &lt;expYear>2028&lt;\/expYear>\n                        &lt;cvvNumber>100&lt;\/cvvNumber>\n                        &lt;storageCard>1&lt;\/storageCard>\n                        &lt;credentialId>03&lt;\/credentialId>\n                    &lt;\/creditCard>\n                &lt;\/payType>\n            &lt;\/transactionDetail>\n            &lt;payment>\n                &lt;chargeTotal>100.00&lt;\/chargeTotal>\n                &lt;currencyCode>BRL&lt;\/currencyCode>\n                &lt;creditInstallment>\n                    &lt;numberOfInstallments>2&lt;\/numberOfInstallments>\n                    &lt;chargeInterest>N&lt;\/chargeInterest>\n                &lt;\/creditInstallment>\n            &lt;\/payment>\n        &lt;\/sale>\n    &lt;\/order>\n&lt;\/transaction-request><\/pre>\n\n\n\n<h3 class=\"wp-block-heading\">Venda Direta \u2013 Exemplo de Retorno em Caso de Sucesso<\/h3>\n\n\n\n<pre class=\"EnlighterJSRAW\" data-enlighter-language=\"generic\" data-enlighter-theme=\"\" data-enlighter-highlight=\"\" data-enlighter-linenumbers=\"\" data-enlighter-lineoffset=\"\" data-enlighter-title=\"\" data-enlighter-group=\"\">&lt;?xml version=\"1.0\" encoding=\"UTF-8\"?>\n&lt;transaction-response>\n    &lt;authCode>123456&lt;\/authCode>\n    &lt;orderID>0A0104A3:01621AEB218F:EC41:3905FF2F&lt;\/orderID>\n    &lt;referenceNum>Sandbox_teste_1&lt;\/referenceNum>\n    &lt;transactionID>1791929&lt;\/transactionID>\n    &lt;transactionTimestamp>1520870039&lt;\/transactionTimestamp>\n    &lt;responseCode>0&lt;\/responseCode>\n    &lt;responseMessage>CAPTURED&lt;\/responseMessage>\n    &lt;avsResponseCode>YYY&lt;\/avsResponseCode>\n    &lt;cvvResponseCode>M&lt;\/cvvResponseCode>\n    &lt;processorCode>A&lt;\/processorCode>\n    &lt;processorMessage>APPROVED&lt;\/processorMessage>\n    &lt;processorName>SIMULATOR&lt;\/processorName>\n    &lt;creditCardBin>551015&lt;\/creditCardBin>\n    &lt;creditCardLast4>2409&lt;\/creditCardLast4>\n    &lt;errorMessage\/>\n    &lt;processorTransactionID>813348&lt;\/processorTransactionID>\n    &lt;processorReferenceNumber>970280&lt;\/processorReferenceNumber>\n    &lt;creditCardCountry>US&lt;\/creditCardCountry>\n    &lt;creditCardScheme>Mastercard&lt;\/creditCardScheme>\n    &lt;brandcode>00&lt;\/brandcode>\n    &lt;brandmessage>Success.&lt;\/brandmessage>\n    &lt;brandtransactionid>021534&lt;\/brandtransactionid>\n&lt;\/transaction-response><\/pre>\n\n\n\n<h3 class=\"wp-block-heading\">Venda Direta \u2013 Exemplo de Retorno em de Erro<\/h3>\n\n\n\n<pre class=\"EnlighterJSRAW\" data-enlighter-language=\"generic\" data-enlighter-theme=\"\" data-enlighter-highlight=\"\" data-enlighter-linenumbers=\"\" data-enlighter-lineoffset=\"\" data-enlighter-title=\"\" data-enlighter-group=\"\">&lt;?xml version=\"1.0\" encoding=\"UTF-8\"?>\n&lt;transaction-response>\n    &lt;authCode\/>\n    &lt;orderID\/>\n    &lt;referenceNum\/>\n    &lt;transactionID\/>\n    &lt;transactionTimestamp>1474901898531&lt;\/transactionTimestamp>\n    &lt;responseCode>1024&lt;\/responseCode>\n    &lt;responseMessage>INVALID REQUEST&lt;\/responseMessage>\n    &lt;avsResponseCode\/>\n    &lt;cvvResponseCode\/>\n    &lt;processorCode\/>\n    &lt;processorMessage\/>\n    &lt;errorMessage>Credit Card\u00a0\u00a0Number is not a valid credit card number.&lt;\/errorMessage>\n    &lt;creditCardScheme>Visa&lt;\/creditCardScheme>\n&lt;\/transaction-response><\/pre>\n\n\n\n<h3 class=\"wp-block-heading\">Venda Direta \u2013 Tabela de Par\u00e2metros<\/h3>\n\n\n<div id=\"footable_parent_3959\"\n         class=\" footable_parent ninja_table_wrapper loading_ninja_table wp_table_data_press_parent semantic_ui \">\n                <table data-ninja_table_instance=\"ninja_table_instance_0\" data-footable_id=\"3959\" data-filter-delay=\"1000\" aria-label=\"Venda Direta - Tabela de Par\u00e2metros\"            id=\"footable_3959\"\n           data-unique_identifier=\"ninja_table_unique_id_1237057220_3959\"\n           class=\" foo-table ninja_footable foo_table_3959 ninja_table_unique_id_1237057220_3959 ui table  nt_type_ajax_table selectable celled striped compact  footable-paging-right ninja_table_search_disabled\">\n                <colgroup>\n                            <col class=\"ninja_column_0 \">\n                            <col class=\"ninja_column_1 \">\n                            <col class=\"ninja_column_2 \">\n                            <col class=\"ninja_column_3 \">\n                    <\/colgroup>\n            <\/table>\n                    <style type=\"text\/css\" id='ninja_table_custom_css_3959'>\n                        #footable_3959  {\n        font-family: inherit;\n        font-size: 14px;\n    }\n\n                <\/style>\n                \n    \n    \n<\/div>\n\n\n\n\n<h3 class=\"wp-block-heading\"><span style=\"background-color:rgba(0, 0, 0, 0)\" class=\"has-inline-color has-luminous-vivid-orange-color\">Libera\u00e7\u00e3o dos IP\u00b4s maxiPago!<\/span><\/h3>\n\n\n\n<div style=\"height:23px\" aria-hidden=\"true\" class=\"wp-block-spacer\"><\/div>\n\n\n\n<p>Algumas empresas necessitam dos IP\u00b4s de sa\u00edda da maxiPago!. Recomendamos a verifica\u00e7\u00e3o dessa permiss\u00e3o utilizando os IPs abaixo:<\/p>\n\n\n\n<ul>\n<li><strong>52.207.83.230<\/strong><\/li>\n\n\n\n<li><strong>54.237.160.163<\/strong><\/li>\n<\/ul>\n","protected":false},"excerpt":{"rendered":"<p>A venda direta combina a Autoriza\u00e7\u00e3o e a Captura em uma mesma chamada. Ao usar a requisi\u00e7\u00e3o de Venda Direta voc\u00ea estar\u00e1 fazendo uma autoriza\u00e7\u00e3o no cart\u00e3o do cliente e imediatamente executando uma captura total do valor. O retorno da maxiPago! j\u00e1 vir\u00e1 com o status final da transa\u00e7\u00e3o. Categoriza\u00e7\u00e3o de transa\u00e7\u00f5es card-on-file Desde outubro [&hellip;]<\/p>\n","protected":false},"author":1,"featured_media":0,"parent":276,"menu_order":0,"comment_status":"closed","ping_status":"closed","template":"","meta":{"spay_email":"","footnotes":""},"yoast_head":"<!-- This site is optimized with the Yoast SEO plugin v16.2 - https:\/\/yoast.com\/wordpress\/plugins\/seo\/ -->\n<title>Venda Direta - Gateway Rede! Developers<\/title>\n<meta name=\"robots\" content=\"noindex, follow, max-snippet:-1, max-image-preview:large, max-video-preview:-1\" \/>\n<meta property=\"og:locale\" content=\"pt_BR\" \/>\n<meta property=\"og:type\" content=\"article\" \/>\n<meta property=\"og:title\" content=\"Venda Direta - Gateway Rede! Developers\" \/>\n<meta property=\"og:description\" content=\"A venda direta combina a Autoriza\u00e7\u00e3o e a Captura em uma mesma chamada. Ao usar a requisi\u00e7\u00e3o de Venda Direta voc\u00ea estar\u00e1 fazendo uma autoriza\u00e7\u00e3o no cart\u00e3o do cliente e imediatamente executando uma captura total do valor. O retorno da maxiPago! j\u00e1 vir\u00e1 com o status final da transa\u00e7\u00e3o. Categoriza\u00e7\u00e3o de transa\u00e7\u00f5es card-on-file Desde outubro [&hellip;]\" \/>\n<meta property=\"og:url\" content=\"https:\/\/www.maxipago.com\/developers\/apidocs\/maxipago\/cartao-de-credito\/venda-direta\/\" \/>\n<meta property=\"og:site_name\" content=\"Gateway Rede! Developers\" \/>\n<meta property=\"article:publisher\" content=\"https:\/\/www.facebook.com\/maxiPago-193308344142172\/?fref=ts\" \/>\n<meta property=\"article:modified_time\" content=\"2024-09-09T19:51:41+00:00\" \/>\n<meta name=\"twitter:card\" content=\"summary\" \/>\n<meta name=\"twitter:label1\" content=\"Est. tempo de leitura\">\n\t<meta name=\"twitter:data1\" content=\"3 minutos\">\n<script type=\"application\/ld+json\" class=\"yoast-schema-graph\">{\"@context\":\"https:\/\/schema.org\",\"@graph\":[{\"@type\":\"WebSite\",\"@id\":\"https:\/\/www.maxipago.com\/developers\/#website\",\"url\":\"https:\/\/www.maxipago.com\/developers\/\",\"name\":\"Gateway Rede! Developers\",\"description\":\"Portal de Desenvolvedores - Gateway Rede!\",\"potentialAction\":[{\"@type\":\"SearchAction\",\"target\":\"https:\/\/www.maxipago.com\/developers\/?s={search_term_string}\",\"query-input\":\"required name=search_term_string\"}],\"inLanguage\":\"pt-BR\"},{\"@type\":\"WebPage\",\"@id\":\"https:\/\/www.maxipago.com\/developers\/apidocs\/maxipago\/cartao-de-credito\/venda-direta\/#webpage\",\"url\":\"https:\/\/www.maxipago.com\/developers\/apidocs\/maxipago\/cartao-de-credito\/venda-direta\/\",\"name\":\"Venda Direta - Gateway Rede! Developers\",\"isPartOf\":{\"@id\":\"https:\/\/www.maxipago.com\/developers\/#website\"},\"datePublished\":\"2017-02-15T11:23:30+00:00\",\"dateModified\":\"2024-09-09T19:51:41+00:00\",\"breadcrumb\":{\"@id\":\"https:\/\/www.maxipago.com\/developers\/apidocs\/maxipago\/cartao-de-credito\/venda-direta\/#breadcrumb\"},\"inLanguage\":\"pt-BR\",\"potentialAction\":[{\"@type\":\"ReadAction\",\"target\":[\"https:\/\/www.maxipago.com\/developers\/apidocs\/maxipago\/cartao-de-credito\/venda-direta\/\"]}]},{\"@type\":\"BreadcrumbList\",\"@id\":\"https:\/\/www.maxipago.com\/developers\/apidocs\/maxipago\/cartao-de-credito\/venda-direta\/#breadcrumb\",\"itemListElement\":[{\"@type\":\"ListItem\",\"position\":1,\"item\":{\"@type\":\"WebPage\",\"@id\":\"https:\/\/www.maxipago.com\/developers\/\",\"url\":\"https:\/\/www.maxipago.com\/developers\/\",\"name\":\"In\\u00edcio\"}},{\"@type\":\"ListItem\",\"position\":2,\"item\":{\"@type\":\"WebPage\",\"@id\":\"https:\/\/www.maxipago.com\/developers\/apidocs\/\",\"url\":\"https:\/\/www.maxipago.com\/developers\/apidocs\/\",\"name\":\"API Docs\"}},{\"@type\":\"ListItem\",\"position\":3,\"item\":{\"@type\":\"WebPage\",\"@id\":\"https:\/\/www.maxipago.com\/developers\/apidocs\/maxipago\/\",\"url\":\"https:\/\/www.maxipago.com\/developers\/apidocs\/maxipago\/\",\"name\":\"Documenta\\u00e7\\u00f5es Online\"}},{\"@type\":\"ListItem\",\"position\":4,\"item\":{\"@type\":\"WebPage\",\"@id\":\"https:\/\/www.maxipago.com\/developers\/apidocs\/maxipago\/cartao-de-credito\/\",\"url\":\"https:\/\/www.maxipago.com\/developers\/apidocs\/maxipago\/cartao-de-credito\/\",\"name\":\"Cart\\u00e3o de Cr\\u00e9dito\"}},{\"@type\":\"ListItem\",\"position\":5,\"item\":{\"@id\":\"https:\/\/www.maxipago.com\/developers\/apidocs\/maxipago\/cartao-de-credito\/venda-direta\/#webpage\"}}]}]}<\/script>\n<!-- \/ Yoast SEO plugin. -->","_links":{"self":[{"href":"https:\/\/www.maxipago.com\/developers\/wp-json\/wp\/v2\/pages\/294"}],"collection":[{"href":"https:\/\/www.maxipago.com\/developers\/wp-json\/wp\/v2\/pages"}],"about":[{"href":"https:\/\/www.maxipago.com\/developers\/wp-json\/wp\/v2\/types\/page"}],"author":[{"embeddable":true,"href":"https:\/\/www.maxipago.com\/developers\/wp-json\/wp\/v2\/users\/1"}],"replies":[{"embeddable":true,"href":"https:\/\/www.maxipago.com\/developers\/wp-json\/wp\/v2\/comments?post=294"}],"version-history":[{"count":38,"href":"https:\/\/www.maxipago.com\/developers\/wp-json\/wp\/v2\/pages\/294\/revisions"}],"predecessor-version":[{"id":4106,"href":"https:\/\/www.maxipago.com\/developers\/wp-json\/wp\/v2\/pages\/294\/revisions\/4106"}],"up":[{"embeddable":true,"href":"https:\/\/www.maxipago.com\/developers\/wp-json\/wp\/v2\/pages\/276"}],"wp:attachment":[{"href":"https:\/\/www.maxipago.com\/developers\/wp-json\/wp\/v2\/media?parent=294"}],"curies":[{"name":"wp","href":"https:\/\/api.w.org\/{rel}","templated":true}]}}