{"id":297,"date":"2017-02-15T09:33:17","date_gmt":"2017-02-15T11:33:17","guid":{"rendered":"http:\/\/maxipago.com\/developers\/?page_id=297"},"modified":"2025-01-16T20:17:22","modified_gmt":"2025-01-16T23:17:22","slug":"cancelamento","status":"publish","type":"page","link":"https:\/\/www.maxipago.com\/developers\/apidocs\/maxipago\/cartao-de-credito\/cancelamento\/","title":{"rendered":"Cancelamento"},"content":{"rendered":"<p style=\"font-size: medium;\" align=\"justify\">O Void \u00e9 o cancelamento de uma captura antes do fechamento do lote final do dia. Se por alguma raz\u00e3o o pedido n\u00e3o pode ser completado e a transa\u00e7\u00e3o j\u00e1 foi capturada o Void cancela a venda efetuada, anulando aquela transa\u00e7\u00e3o.<br \/><br \/><\/p>\n<blockquote style=\"background-color: #fde9d8; border: 2px solid #e06b08; margin: 20px 0;\">\n<p style=\"font-size: medium;\" align=\"center\"><strong style=\"color: #878787;\">IMPORTANTE:<\/strong><\/p>\n<p style=\"font-size: medium;\" align=\"center\">&#8211; o Void s\u00f3 \u00e9 permitido at\u00e9 as 23:59 do dia da captura (hor\u00e1rio de Bras\u00edlia).<br \/>&#8211; o Void \u00e9 usado para transa\u00e7\u00f5es de cart\u00e3o de cr\u00e9dito e d\u00e9bito.<\/p>\n<\/blockquote>\n<h3 style=\"color: #e06b08;\"><br \/>Cancelamento \u2013 URLs Para Envio dos Dados<\/h3>\n<p align=\"justify; font-size: medium;\"><strong style=\"color: #878787;\">SANDBOX<\/strong>: https:\/\/testapi.maxipago.net\/UniversalAPI\/postXML<\/p>\n<p align=\"justify; font-size: medium;\"><strong style=\"color: #878787;\">PRODU\u00c7\u00c3O<\/strong>: https:\/\/api.maxipago.net\/UniversalAPI\/postXML<\/p>\n<h3 style=\"color: #e06b08;\"><br \/><br \/>Cancelamento \u2013 Exemplo de Requisi\u00e7\u00e3o<\/h3>\n<pre class=\"EnlighterJSRAW\" data-enlighter-language=\"generic\">&lt;?xml version=\"1.0\" encoding=\"UTF-8\"?&gt;\n&lt;transaction-request&gt;\n    &lt;version&gt;3.1.1.15&lt;\/version&gt;\n    &lt;verification&gt;\n        &lt;merchantId&gt;store-id&lt;\/merchantId&gt;\n        &lt;merchantKey&gt;store-key&lt;\/merchantKey&gt;\n    &lt;\/verification&gt;\n    &lt;order&gt;\n        &lt;void&gt;\n            &lt;transactionID&gt;1791850&lt;\/transactionID&gt;\n        &lt;\/void&gt;\n    &lt;\/order&gt;\n&lt;\/transaction-request&gt;<\/pre>\n<h3 style=\"color: #e06b08;\">Cancelamento \u2013 Exemplo de Retorno em Caso de Sucesso<\/h3>\n<pre class=\"EnlighterJSRAW\" data-enlighter-language=\"generic\">&lt;?xml version=\"1.0\" encoding=\"UTF-8\"?&gt;\n&lt;transaction-response&gt;\n    &lt;authCode\/&gt;\n    &lt;orderID\/&gt;\n    &lt;referenceNum\/&gt;\n    &lt;transactionID&gt;1791850&lt;\/transactionID&gt;\n    &lt;transactionTimestamp\/&gt;\n    &lt;responseCode&gt;0&lt;\/responseCode&gt;\n    &lt;responseMessage&gt;VOIDED&lt;\/responseMessage&gt;\n    &lt;avsResponseCode\/&gt;\n    &lt;cvvResponseCode\/&gt;\n    &lt;processorCode\/&gt;\n    &lt;processorMessage\/&gt;\n    &lt;processorName&gt;SIMULATOR&lt;\/processorName&gt;\n    &lt;errorMessage\/&gt;\n    &lt;creditCardScheme&gt;Mastercard&lt;\/creditCardScheme&gt;\n&lt;\/transaction-response&gt;<\/pre>\n<h3 style=\"color: #e06b08;\"><br \/>Cancelamento \u2013 Exemplo de Retorno em de Erro<\/h3>\n<pre data-enlighter-language=\"generic\">\u00a0<\/pre>\n<pre class=\"EnlighterJSRAW\" data-enlighter-language=\"generic\">&lt;?xml version=\"1.0\" encoding=\"UTF-8\"?&gt;\n&lt;api-error&gt;\n    &lt;errorCode&gt;1&lt;\/errorCode&gt;\n    &lt;errorMsg&gt;\n        &lt;errorMsg&gt;\n        &lt;\/api-error&gt;<\/pre>\n<h3 style=\"color: #e06b08;\"><br \/><br \/>Cancelamento \u2013 Tabela de Par\u00e2metros<\/h3>\n<p>\u00a0<\/p>\n<div id=\"footable_parent_4280\"\n         class=\" footable_parent ninja_table_wrapper loading_ninja_table wp_table_data_press_parent semantic_ui \">\n                <table data-ninja_table_instance=\"ninja_table_instance_0\" data-footable_id=\"4280\" data-filter-delay=\"1000\" aria-label=\"Cancelamento - Tabela de Par\u00e2metros\"            id=\"footable_4280\"\n           data-unique_identifier=\"ninja_table_unique_id_1391316066_4280\"\n           class=\" foo-table ninja_footable foo_table_4280 ninja_table_unique_id_1391316066_4280 ui table  nt_type_ajax_table selectable celled striped compact  footable-paging-right ninja_table_search_disabled\">\n                <colgroup>\n                            <col class=\"ninja_column_0 \">\n                            <col class=\"ninja_column_1 \">\n                            <col class=\"ninja_column_2 \">\n                            <col class=\"ninja_column_3 \">\n                    <\/colgroup>\n            <\/table>\n                    <style type=\"text\/css\" id='ninja_table_custom_css_4280'>\n                        #footable_4280  {\n        font-family: inherit;\n        font-size: 14px;\n    }\n\n                <\/style>\n                \n    \n    \n<\/div>\n\n\n\n<div style=\"height:100px\" aria-hidden=\"true\" class=\"wp-block-spacer\"><\/div>\n\n\n\n<div style=\"height:100px\" aria-hidden=\"true\" class=\"wp-block-spacer\"><\/div>\n","protected":false},"excerpt":{"rendered":"<p>O Void \u00e9 o cancelamento de uma captura antes do fechamento do lote final do dia. Se por alguma raz\u00e3o o pedido n\u00e3o pode ser completado e a transa\u00e7\u00e3o j\u00e1 foi capturada o Void cancela a venda efetuada, anulando aquela transa\u00e7\u00e3o. IMPORTANTE: &#8211; o Void s\u00f3 \u00e9 permitido at\u00e9 as 23:59 do dia da captura [&hellip;]<\/p>\n","protected":false},"author":9,"featured_media":0,"parent":276,"menu_order":0,"comment_status":"closed","ping_status":"closed","template":"","meta":{"spay_email":"","footnotes":""},"yoast_head":"<!-- This site is optimized with the Yoast SEO plugin v16.2 - https:\/\/yoast.com\/wordpress\/plugins\/seo\/ -->\n<title>Cancelamento - Gateway Rede! Developers<\/title>\n<meta name=\"robots\" content=\"noindex, follow, max-snippet:-1, max-image-preview:large, max-video-preview:-1\" \/>\n<meta property=\"og:locale\" content=\"pt_BR\" \/>\n<meta property=\"og:type\" content=\"article\" \/>\n<meta property=\"og:title\" content=\"Cancelamento - Gateway Rede! Developers\" \/>\n<meta property=\"og:description\" content=\"O Void \u00e9 o cancelamento de uma captura antes do fechamento do lote final do dia. Se por alguma raz\u00e3o o pedido n\u00e3o pode ser completado e a transa\u00e7\u00e3o j\u00e1 foi capturada o Void cancela a venda efetuada, anulando aquela transa\u00e7\u00e3o. IMPORTANTE: &#8211; o Void s\u00f3 \u00e9 permitido at\u00e9 as 23:59 do dia da captura [&hellip;]\" \/>\n<meta property=\"og:url\" content=\"https:\/\/www.maxipago.com\/developers\/apidocs\/maxipago\/cartao-de-credito\/cancelamento\/\" \/>\n<meta property=\"og:site_name\" content=\"Gateway Rede! Developers\" \/>\n<meta property=\"article:publisher\" content=\"https:\/\/www.facebook.com\/maxiPago-193308344142172\/?fref=ts\" \/>\n<meta property=\"article:modified_time\" content=\"2025-01-16T23:17:22+00:00\" \/>\n<meta name=\"twitter:card\" content=\"summary\" \/>\n<meta name=\"twitter:label1\" content=\"Est. tempo de leitura\">\n\t<meta name=\"twitter:data1\" content=\"1 minuto\">\n<script type=\"application\/ld+json\" class=\"yoast-schema-graph\">{\"@context\":\"https:\/\/schema.org\",\"@graph\":[{\"@type\":\"WebSite\",\"@id\":\"https:\/\/www.maxipago.com\/developers\/#website\",\"url\":\"https:\/\/www.maxipago.com\/developers\/\",\"name\":\"Gateway Rede! Developers\",\"description\":\"Portal de Desenvolvedores - Gateway Rede!\",\"potentialAction\":[{\"@type\":\"SearchAction\",\"target\":\"https:\/\/www.maxipago.com\/developers\/?s={search_term_string}\",\"query-input\":\"required name=search_term_string\"}],\"inLanguage\":\"pt-BR\"},{\"@type\":\"WebPage\",\"@id\":\"https:\/\/www.maxipago.com\/developers\/apidocs\/maxipago\/cartao-de-credito\/cancelamento\/#webpage\",\"url\":\"https:\/\/www.maxipago.com\/developers\/apidocs\/maxipago\/cartao-de-credito\/cancelamento\/\",\"name\":\"Cancelamento - Gateway Rede! Developers\",\"isPartOf\":{\"@id\":\"https:\/\/www.maxipago.com\/developers\/#website\"},\"datePublished\":\"2017-02-15T11:33:17+00:00\",\"dateModified\":\"2025-01-16T23:17:22+00:00\",\"breadcrumb\":{\"@id\":\"https:\/\/www.maxipago.com\/developers\/apidocs\/maxipago\/cartao-de-credito\/cancelamento\/#breadcrumb\"},\"inLanguage\":\"pt-BR\",\"potentialAction\":[{\"@type\":\"ReadAction\",\"target\":[\"https:\/\/www.maxipago.com\/developers\/apidocs\/maxipago\/cartao-de-credito\/cancelamento\/\"]}]},{\"@type\":\"BreadcrumbList\",\"@id\":\"https:\/\/www.maxipago.com\/developers\/apidocs\/maxipago\/cartao-de-credito\/cancelamento\/#breadcrumb\",\"itemListElement\":[{\"@type\":\"ListItem\",\"position\":1,\"item\":{\"@type\":\"WebPage\",\"@id\":\"https:\/\/www.maxipago.com\/developers\/\",\"url\":\"https:\/\/www.maxipago.com\/developers\/\",\"name\":\"In\\u00edcio\"}},{\"@type\":\"ListItem\",\"position\":2,\"item\":{\"@type\":\"WebPage\",\"@id\":\"https:\/\/www.maxipago.com\/developers\/apidocs\/\",\"url\":\"https:\/\/www.maxipago.com\/developers\/apidocs\/\",\"name\":\"API Docs\"}},{\"@type\":\"ListItem\",\"position\":3,\"item\":{\"@type\":\"WebPage\",\"@id\":\"https:\/\/www.maxipago.com\/developers\/apidocs\/maxipago\/\",\"url\":\"https:\/\/www.maxipago.com\/developers\/apidocs\/maxipago\/\",\"name\":\"Documenta\\u00e7\\u00f5es Online\"}},{\"@type\":\"ListItem\",\"position\":4,\"item\":{\"@type\":\"WebPage\",\"@id\":\"https:\/\/www.maxipago.com\/developers\/apidocs\/maxipago\/cartao-de-credito\/\",\"url\":\"https:\/\/www.maxipago.com\/developers\/apidocs\/maxipago\/cartao-de-credito\/\",\"name\":\"Cart\\u00e3o de Cr\\u00e9dito\"}},{\"@type\":\"ListItem\",\"position\":5,\"item\":{\"@id\":\"https:\/\/www.maxipago.com\/developers\/apidocs\/maxipago\/cartao-de-credito\/cancelamento\/#webpage\"}}]}]}<\/script>\n<!-- \/ Yoast SEO plugin. -->","_links":{"self":[{"href":"https:\/\/www.maxipago.com\/developers\/wp-json\/wp\/v2\/pages\/297"}],"collection":[{"href":"https:\/\/www.maxipago.com\/developers\/wp-json\/wp\/v2\/pages"}],"about":[{"href":"https:\/\/www.maxipago.com\/developers\/wp-json\/wp\/v2\/types\/page"}],"author":[{"embeddable":true,"href":"https:\/\/www.maxipago.com\/developers\/wp-json\/wp\/v2\/users\/9"}],"replies":[{"embeddable":true,"href":"https:\/\/www.maxipago.com\/developers\/wp-json\/wp\/v2\/comments?post=297"}],"version-history":[{"count":22,"href":"https:\/\/www.maxipago.com\/developers\/wp-json\/wp\/v2\/pages\/297\/revisions"}],"predecessor-version":[{"id":4285,"href":"https:\/\/www.maxipago.com\/developers\/wp-json\/wp\/v2\/pages\/297\/revisions\/4285"}],"up":[{"embeddable":true,"href":"https:\/\/www.maxipago.com\/developers\/wp-json\/wp\/v2\/pages\/276"}],"wp:attachment":[{"href":"https:\/\/www.maxipago.com\/developers\/wp-json\/wp\/v2\/media?parent=297"}],"curies":[{"name":"wp","href":"https:\/\/api.w.org\/{rel}","templated":true}]}}