{"id":3025,"date":"2023-01-24T14:48:59","date_gmt":"2023-01-24T17:48:59","guid":{"rendered":"https:\/\/www.maxipago.com\/developers\/colibri-wp\/"},"modified":"2025-03-07T10:57:41","modified_gmt":"2025-03-07T13:57:41","slug":"colibri-wp","status":"publish","type":"page","link":"https:\/\/www.maxipago.com\/developers\/","title":{"rendered":"Home"},"content":{"rendered":"<div class=\"style-194 style-local-3025-c1 position-relative\" data-colibri-id=\"3025-c1\">\n<div id=\"overlappable\" class=\"h-section h-section-global-spacing d-flex align-items-lg-center align-items-md-center align-items-center style-220 style-local-3025-c2 position-relative\" data-colibri-component=\"section\" data-colibri-id=\"3025-c2\">\n<div class=\"h-section-grid-container h-section-boxed-container\">\n<div class=\"h-row-container gutters-row-lg-2 gutters-row-md-2 gutters-row-0 gutters-row-v-lg-2 gutters-row-v-md-2 gutters-row-v-2 style-239 style-local-3025-c16 position-relative\" data-colibri-id=\"3025-c16\">\n<div class=\"h-row justify-content-lg-center justify-content-md-center justify-content-center align-items-lg-stretch align-items-md-stretch align-items-stretch gutters-col-lg-2 gutters-col-md-2 gutters-col-0 gutters-col-v-lg-2 gutters-col-v-md-2 gutters-col-v-2\">\n<div class=\"h-column h-column-container d-flex h-col-lg-auto h-col-md-auto h-col-auto style-240-outer style-local-3025-c17-outer\">\n<div class=\"d-flex h-flex-basis h-column__inner h-px-lg-2 h-px-md-2 h-px-2 v-inner-lg-2 v-inner-md-2 v-inner-2 style-240 style-local-3025-c17 position-relative\" data-colibri-id=\"3025-c17\">\n<div class=\"w-100 h-y-container h-column__content h-column__v-align flex-basis-100 align-self-lg-start align-self-md-start align-self-start\">\n<div class=\"h-global-transition-all h-heading style-241 style-local-3025-c18 position-relative h-element\" data-colibri-id=\"3025-c18\">\n<div class=\"h-heading__outer style-241 style-local-3025-c18\">\n<h6 class=\"\"><\/h6>\n<\/div>\n<\/div>\n<div class=\"h-text h-text-component style-242 style-local-3025-c19 position-relative h-element\" data-colibri-id=\"3025-c19\">\n<div class=\"\">\n<h3>\u00a0Diversifique as suas formas de pagamento on-line, com seguran\u00e7a e muita efici\u00eancia para o seu neg\u00f3cio<\/h3>\n<\/div>\n<\/div>\n<\/div>\n<\/div>\n<\/div>\n<\/div>\n<\/div>\n<div class=\"h-row-container gutters-row-lg-1 gutters-row-md-1 gutters-row-2 gutters-row-v-lg-1 gutters-row-v-md-1 gutters-row-v-2 style-221 style-local-3025-c3 position-relative\" data-colibri-id=\"3025-c3\">\n<div class=\"h-row justify-content-lg-center justify-content-md-center justify-content-center align-items-lg-stretch align-items-md-stretch align-items-stretch gutters-col-lg-1 gutters-col-md-1 gutters-col-2 gutters-col-v-lg-1 gutters-col-v-md-1 gutters-col-v-2\">\n<div class=\"h-column h-column-container d-flex h-col-lg-4 h-col-md-4 h-col-12 style-222-outer style-local-3025-c4-outer\">\n<div class=\"d-flex h-flex-basis h-column__inner h-px-lg-1 h-px-md-3 h-px-2 v-inner-lg-1 v-inner-md-3 v-inner-2 style-222 style-local-3025-c4 position-relative\" data-colibri-id=\"3025-c4\">\n<div class=\"w-100 h-y-container h-column__content h-column__v-align flex-basis-100 align-self-lg-start align-self-md-start align-self-start\">\n<div class=\"h-icon style-223 style-local-3025-c5 position-relative h-element\" data-colibri-id=\"3025-c5\"><span class=\"h-svg-icon h-icon__icon style-223-icon style-local-3025-c5-icon\"><!--Icon by Font Awesome (https:\/\/fontawesome.com)-->\n<\/span><\/div>\n<div class=\"h-global-transition-all h-heading style-224 style-local-3025-c6 position-relative h-element\" data-colibri-id=\"3025-c6\">\n<div class=\"h-heading__outer style-224 style-local-3025-c6\">\n<h5 class=\"\">Mais convers\u00e3o<\/h5>\n<\/div>\n<\/div>\n<div class=\"h-text h-text-component style-226 style-local-3025-c7 position-relative h-element\" data-colibri-id=\"3025-c7\">\n<div class=\"\">plataforma inteligente para te ajudar a vender mais!\n<ul>\n    <li>Recorr\u00eancia de Pagamentos<\/li>\n    <li>Retentativas de Transa\u00e7\u00f5es<\/li>\n    <li>Multimeios de Pagamento<\/li>\n    <li>Checkout Transparente<\/li>\n<\/ul>\n<\/div>\n<\/div>\n<\/div>\n<\/div>\n<\/div>\n<div class=\"h-column h-column-container d-flex h-col-lg-4 h-col-md-4 h-col-12 style-222-outer style-local-3025-c8-outer\">\n<div class=\"d-flex h-flex-basis h-column__inner h-px-lg-1 h-px-md-3 h-px-2 v-inner-lg-1 v-inner-md-3 v-inner-2 style-222 style-local-3025-c8 position-relative\" data-colibri-id=\"3025-c8\">\n<div class=\"w-100 h-y-container h-column__content h-column__v-align flex-basis-100 align-self-lg-start align-self-md-start align-self-start\">\n<div class=\"h-icon style-223 style-local-3025-c9 position-relative h-element\" data-colibri-id=\"3025-c9\"><span class=\"h-svg-icon h-icon__icon style-223-icon style-local-3025-c9-icon\"><!--Icon by Icons8 Line Awesome (https:\/\/icons8.com\/line-awesome)--><\/span><\/div>\n<div class=\"h-global-transition-all h-heading style-224 style-local-3025-c10 position-relative h-element\" data-colibri-id=\"3025-c10\">\n<div class=\"h-heading__outer style-224 style-local-3025-c10\">\n<h5 class=\"\">Ecossistema completo<\/h5>\n<\/div>\n<\/div>\n<div class=\"h-text h-text-component style-225 style-local-3025-c11 position-relative h-element\" data-colibri-id=\"3025-c11\">\n<div class=\"\">tenha\u00a0todas as integra\u00e7\u00f5es que precisa em um \u00fanico lugar!\n<ul>\n    <li>Integra\u00e7\u00e3o centralizada<\/li>\n    <li>Multiadquir\u00eancia integra\u00e7\u00e3o com carteiras digitais<\/li>\n    <li>Integra\u00e7\u00e3o com conciliadoras<\/li>\n<\/ul>\n<\/div>\n<\/div>\n<\/div>\n<\/div>\n<\/div>\n<div class=\"h-column h-column-container d-flex h-col-lg-4 h-col-md-4 h-col-12 style-222-outer style-local-3025-c12-outer\">\n<div class=\"d-flex h-flex-basis h-column__inner h-px-lg-1 h-px-md-3 h-px-2 v-inner-lg-1 v-inner-md-3 v-inner-2 style-222 style-local-3025-c12 position-relative\" data-colibri-id=\"3025-c12\">\n<div class=\"w-100 h-y-container h-column__content h-column__v-align flex-basis-100 align-self-lg-start align-self-md-start align-self-start\">\n<div class=\"h-icon style-223 style-local-3025-c13 position-relative h-element\" data-colibri-id=\"3025-c13\"><span class=\"h-svg-icon h-icon__icon style-223-icon style-local-3025-c13-icon\"><!--Icon by Font Awesome (https:\/\/fontawesome.com)-->\n<\/span><\/div>\n<div class=\"h-global-transition-all h-heading style-224 style-local-3025-c14 position-relative h-element\" data-colibri-id=\"3025-c14\">\n<div class=\"h-heading__outer style-224 style-local-3025-c14\">\n<h5 class=\"\">Seguran\u00e7a<\/h5>\n<\/div>\n<\/div>\n<div class=\"h-text h-text-component style-225 style-local-3025-c15 position-relative h-element\" data-colibri-id=\"3025-c15\">\n<div class=\"\">para seu neg\u00f3cio e seus clientes venderem sem preocupa\u00e7\u00f5es\n<ul>\n    <li>integra\u00e7\u00e3o com antifraude<\/li>\n    <li>Ambiente certificado PCI<\/li>\n    <li>Autentica\u00e7\u00e3o 3DS<\/li>\n    <li>Tokeniza\u00e7\u00e3o de cart\u00f5es<\/li>\n<\/ul>\n<\/div>\n<\/div>\n<\/div>\n<\/div>\n<\/div>\n<\/div>\n<\/div>\n<\/div>\n<\/div>\n<div id=\"content\" class=\"h-section h-section-global-spacing d-flex align-items-lg-center align-items-md-center align-items-center style-243 style-local-3025-c20 position-relative\" data-colibri-component=\"section\" data-colibri-id=\"3025-c20\">\n<div class=\"h-section-grid-container h-section-boxed-container\">\n<div class=\"h-row-container gutters-row-lg-2 gutters-row-md-2 gutters-row-2 gutters-row-v-lg-2 gutters-row-v-md-2 gutters-row-v-2 style-244 style-local-3025-c21 position-relative\" data-colibri-id=\"3025-c21\">\n<div class=\"h-row justify-content-lg-center justify-content-md-center justify-content-center align-items-lg-stretch align-items-md-stretch align-items-stretch gutters-col-lg-2 gutters-col-md-2 gutters-col-2 gutters-col-v-lg-2 gutters-col-v-md-2 gutters-col-v-2\">\n<div class=\"h-column h-column-container d-flex h-col-lg-auto h-col-md-auto h-col-auto style-245-outer style-local-3025-c22-outer\">\n<div class=\"d-flex h-flex-basis h-column__inner h-px-lg-0 h-px-md-2 h-px-0 v-inner-lg-0 v-inner-md-2 v-inner-0 style-245 style-local-3025-c22 position-relative\" data-colibri-id=\"3025-c22\">\n<div class=\"w-100 h-y-container h-column__content h-column__v-align flex-basis-100 align-self-lg-center align-self-md-center align-self-center\">\n<div class=\"d-block style-246 style-local-3025-c23 position-relative h-element\" data-colibri-id=\"3025-c23\">\n<div class=\"h-image__frame-container-outer\">\n<div class=\"h-image__frame-container\">\n\n<img decoding=\"async\" width=\"840\" height=\"710\" class=\"wp-image-2989 style-246-image style-local-3025-c23-image\" src=\"https:\/\/www.maxipago.com\/developers\/wp-content\/uploads\/2023\/01\/img1-1.png\" srcset=\"https:\/\/www.maxipago.com\/developers\/wp-content\/uploads\/2023\/01\/img1-1.png 840w, https:\/\/www.maxipago.com\/developers\/wp-content\/uploads\/2023\/01\/img1-1-300x254.png 300w, https:\/\/www.maxipago.com\/developers\/wp-content\/uploads\/2023\/01\/img1-1-768x649.png 768w, https:\/\/www.maxipago.com\/developers\/wp-content\/uploads\/2023\/01\/img1-1-220x186.png 220w, https:\/\/www.maxipago.com\/developers\/wp-content\/uploads\/2023\/01\/img1-1-187x158.png 187w, https:\/\/www.maxipago.com\/developers\/wp-content\/uploads\/2023\/01\/img1-1-453x383.png 453w\" sizes=\"(max-width: 840px) 100vw, 840px\" alt=\"\" \/>\n<div class=\"h-image__frame h-hide-sm style-246-frameImage style-local-3025-c23-frameImage\"><\/div>\n<\/div>\n<\/div>\n<\/div>\n<\/div>\n<\/div>\n<\/div>\n<div class=\"h-column h-column-container d-flex h-col-lg-auto h-col-md-auto h-col-auto style-247-outer style-local-3025-c24-outer\">\n<div class=\"d-flex h-flex-basis h-column__inner h-px-lg-0 h-px-md-0 h-px-2 v-inner-lg-0 v-inner-md-0 v-inner-2 style-247 style-local-3025-c24 position-relative\" data-colibri-id=\"3025-c24\">\n<div class=\"w-100 h-y-container h-column__content h-column__v-align flex-basis-100 align-self-lg-center align-self-md-center align-self-center\">\n<div class=\"h-global-transition-all h-heading style-248 style-local-3025-c25 position-relative h-element\" data-colibri-id=\"3025-c25\">\n<div class=\"h-heading__outer style-248 style-local-3025-c25\">\n<h3 class=\"\">O que \u00e9 um gateway de pagamento?<\/h3>\n<\/div>\n<\/div>\n<div class=\"h-text h-text-component style-249 style-local-3025-c26 position-relative h-element\" data-colibri-id=\"3025-c26\">\n<div class=\"\">O gateway da Rede \u00e9 uma solu\u00e7\u00e3o para o ecossistema on-line que permite aos estabelecimentos aceitarem diversos meios de pagamento, al\u00e9m de possibilitar o uso de diversas funcionalidades que otimizam o dia a dia de qualquer neg\u00f3cio.<\/div>\n<\/div>\n<div class=\"h-x-container style-250 style-local-3025-c27 position-relative h-element\" data-colibri-id=\"3025-c27\">\n<div class=\"h-x-container-inner style-dynamic-3025-c27-group style-250-spacing style-local-3025-c27-spacing\"><span class=\"h-button__outer style-251-outer style-local-3025-c28-outer d-inline-flex h-element\"><a class=\"d-flex w-100 align-items-center h-button justify-content-lg-center justify-content-md-center justify-content-center style-251 style-local-3025-c28 position-relative\" href=\"https:\/\/www.itau.com.br\/empresas\/conta-pj\/landing\/rede-maquininha#landing-init?utm_source=canal_proprietario&amp;utm_medium=site&amp;utm_campaign=empresas-conversao-lancamento_laranjinha_portal_rede-externo&amp;utm_content=visitantes-botao-visitantes-mainbanner\" target=\"_blank\" rel=\"noopener\" data-colibri-id=\"3025-c28\">QUERO SER REDE<\/a>\n<\/span><\/div>\n<\/div>\n<\/div>\n<\/div>\n<\/div>\n<\/div>\n<\/div>\n<\/div>\n<\/div>\n<div id=\"features-2\" class=\"h-section h-section-global-spacing d-flex align-items-lg-center align-items-md-center align-items-center style-303 style-local-3025-c29 position-relative\" data-colibri-component=\"section\" data-colibri-id=\"3025-c29\">\n<div class=\"h-section-grid-container h-section-boxed-container\">\n<div class=\"h-row-container gutters-row-lg-2 gutters-row-md-2 gutters-row-0 gutters-row-v-lg-2 gutters-row-v-md-2 gutters-row-v-2 style-314 style-local-3025-c55 position-relative\" data-colibri-id=\"3025-c55\">\n<div class=\"h-row justify-content-lg-center justify-content-md-center justify-content-center align-items-lg-stretch align-items-md-stretch align-items-stretch gutters-col-lg-2 gutters-col-md-2 gutters-col-0 gutters-col-v-lg-2 gutters-col-v-md-2 gutters-col-v-2\">\n<div class=\"h-column h-column-container d-flex h-col-lg-auto h-col-md-auto h-col-auto style-315-outer style-local-3025-c56-outer\">\n<div class=\"d-flex h-flex-basis h-column__inner h-px-lg-2 h-px-md-2 h-px-2 v-inner-lg-2 v-inner-md-2 v-inner-2 style-315 style-local-3025-c56 position-relative\" data-colibri-id=\"3025-c56\">\n<div class=\"w-100 h-y-container h-column__content h-column__v-align flex-basis-100 align-self-lg-start align-self-md-start align-self-start\">\n<div class=\"h-global-transition-all h-heading style-316 style-local-3025-c57 position-relative h-element\" data-colibri-id=\"3025-c57\">\n<div class=\"h-heading__outer style-316 style-local-3025-c57\">\n<h2 class=\"\">Saiba como o gateway pode ajudar o seu neg\u00f3cio<\/h2>\n<\/div>\n<\/div>\n<div class=\"h-lead h-text h-text-component style-317 style-local-3025-c58 position-relative h-element\" data-colibri-id=\"3025-c58\">\n<div class=\"\"><\/div>\n<\/div>\n<\/div>\n<\/div>\n<\/div>\n<\/div>\n<\/div>\n<div class=\"h-row-container gutters-row-lg-2 gutters-row-md-2 gutters-row-2 gutters-row-v-lg-2 gutters-row-v-md-2 gutters-row-v-2 style-304 style-local-3025-c30 position-relative\" data-colibri-id=\"3025-c30\">\n<div class=\"h-row justify-content-lg-center justify-content-md-center justify-content-center align-items-lg-stretch align-items-md-stretch align-items-stretch gutters-col-lg-2 gutters-col-md-2 gutters-col-2 gutters-col-v-lg-2 gutters-col-v-md-2 gutters-col-v-2\">\n<div class=\"h-column h-column-container d-flex h-col-lg-3 h-col-md-6 h-col-12 style-305-outer style-local-3025-c31-outer\">\n<div class=\"d-flex h-flex-basis h-column__inner h-px-lg-2 h-px-md-2 h-px-2 v-inner-lg-2 v-inner-md-2 v-inner-2 style-305 style-local-3025-c31 position-relative\" data-colibri-id=\"3025-c31\">\n<div class=\"w-100 h-y-container h-column__content h-column__v-align flex-basis-100 align-self-lg-start align-self-md-start align-self-start\">\n<div class=\"h-icon style-306 style-local-3025-c32 position-relative h-element\" data-colibri-id=\"3025-c32\"><span class=\"h-svg-icon h-icon__icon style-306-icon style-local-3025-c32-icon\"><!--Icon by Font Awesome (https:\/\/fontawesome.com)-->\n<\/span><\/div>\n<div class=\"h-global-transition-all h-heading style-307 style-local-3025-c33 position-relative h-element\" data-colibri-id=\"3025-c33\">\n<div class=\"h-heading__outer style-307 style-local-3025-c33\">\n<h4 class=\"\">RECORR\u00caNCIA<\/h4>\n<\/div>\n<\/div>\n<div class=\"h-text h-text-component style-308 style-local-3025-c34 position-relative h-element\" data-colibri-id=\"3025-c34\">\n<div class=\"\">A melhor forma de cobrar mensalidades ou qualquer tipo de assinatura de forma autom\u00e1tica.<\/div>\n<\/div>\n<div class=\"h-x-container style-309 style-local-3025-c35 position-relative h-element\" data-colibri-id=\"3025-c35\">\n<div class=\"h-x-container-inner style-dynamic-3025-c35-group style-309-spacing style-local-3025-c35-spacing\"><span class=\"h-button__outer style-310-outer style-local-3025-c36-outer d-inline-flex h-element\"><a class=\"d-flex w-100 align-items-center h-button justify-content-lg-center justify-content-md-center justify-content-center style-310 style-local-3025-c36 position-relative\" href=\"https:\/\/www.maxipago.com\/developers\/apidocs\/maxipago\/cartao-de-credito\/recorrencia\/\" data-colibri-id=\"3025-c36\"> Saiba mais!<\/a>\n<\/span><\/div>\n<\/div>\n<\/div>\n<\/div>\n<\/div>\n<div class=\"h-column h-column-container d-flex h-col-lg-3 h-col-md-6 h-col-12 style-305-outer style-local-3025-c37-outer\">\n<div class=\"d-flex h-flex-basis h-column__inner h-px-lg-2 h-px-md-2 h-px-2 v-inner-lg-2 v-inner-md-2 v-inner-2 style-305 style-local-3025-c37 position-relative\" data-colibri-id=\"3025-c37\">\n<div class=\"w-100 h-y-container h-column__content h-column__v-align flex-basis-100 align-self-lg-start align-self-md-start align-self-start\">\n<div class=\"h-icon style-306 style-local-3025-c38 position-relative h-element\" data-colibri-id=\"3025-c38\"><span class=\"h-svg-icon h-icon__icon style-306-icon style-local-3025-c38-icon\"><!--Icon by Font Awesome (https:\/\/fontawesome.com)-->\n<\/span><\/div>\n<div class=\"h-global-transition-all h-heading style-307 style-local-3025-c39 position-relative h-element\" data-colibri-id=\"3025-c39\">\n<div class=\"h-heading__outer style-307 style-local-3025-c39\">\n<h4 class=\"\">TOKENIZA\u00c7\u00c3O<\/h4>\n<\/div>\n<\/div>\n<div class=\"h-text h-text-component style-308 style-local-3025-c40 position-relative h-element\" data-colibri-id=\"3025-c40\">\n<div class=\"\"><span style=\"color: #46707f; font-family: 'Open Sans'; font-size: 16px; font-weight: 400;\">A forma mais segura para seu e-commerce capturar, armazenar e usar os dados do cart\u00e3o para compras futuras<\/span><\/div>\n<\/div>\n<div class=\"h-x-container style-311 style-local-3025-c41 position-relative h-element\" data-colibri-id=\"3025-c41\">\n<div class=\"h-x-container-inner style-dynamic-3025-c41-group style-311-spacing style-local-3025-c41-spacing\"><span class=\"h-button__outer style-310-outer style-local-3025-c42-outer d-inline-flex h-element\"><a class=\"d-flex w-100 align-items-center h-button justify-content-lg-center justify-content-md-center justify-content-center style-310 style-local-3025-c42 position-relative\" href=\"https:\/\/www.maxipago.com\/developers\/apidocs\/\" data-colibri-id=\"3025-c42\"> Saiba mais!<\/a>\n<\/span><\/div>\n<\/div>\n<\/div>\n<\/div>\n<\/div>\n<div class=\"h-column h-column-container d-flex h-col-lg-3 h-col-md-6 h-col-12 style-305-outer style-local-3025-c43-outer\">\n<div class=\"d-flex h-flex-basis h-column__inner h-px-lg-2 h-px-md-2 h-px-2 v-inner-lg-2 v-inner-md-2 v-inner-2 style-305 style-local-3025-c43 position-relative\" data-colibri-id=\"3025-c43\">\n<div class=\"w-100 h-y-container h-column__content h-column__v-align flex-basis-100 align-self-lg-start align-self-md-start align-self-start\">\n<div class=\"h-icon style-306 style-local-3025-c44 position-relative h-element\" data-colibri-id=\"3025-c44\"><span class=\"h-svg-icon h-icon__icon style-306-icon style-local-3025-c44-icon\"><!--Icon by Font Awesome (https:\/\/fontawesome.com)-->\n<\/span><\/div>\n<div class=\"h-global-transition-all h-heading style-307 style-local-3025-c45 position-relative h-element\" data-colibri-id=\"3025-c45\">\n<div class=\"h-heading__outer style-307 style-local-3025-c45\">\n<h4 class=\"\">GEST\u00c3O UNIFICADA<\/h4>\n<\/div>\n<\/div>\n<div class=\"h-text h-text-component style-308 style-local-3025-c46 position-relative h-element\" data-colibri-id=\"3025-c46\">\n<div class=\"\"><span style=\"font-weight: 400; font-size: 16px; font-family: 'Open Sans'; color: #46707f;\">Tudo em um s\u00f3 lugar, com ambiente centralizado para gest\u00e3o de vendas, recebimentos e outras integra\u00e7\u00f5es<\/span><\/div>\n<\/div>\n<div class=\"h-x-container style-312 style-local-3025-c47 position-relative h-element\" data-colibri-id=\"3025-c47\">\n<div class=\"h-x-container-inner style-dynamic-3025-c47-group style-312-spacing style-local-3025-c47-spacing\"><span class=\"h-button__outer style-310-outer style-local-3025-c48-outer d-inline-flex h-element\"><a class=\"d-flex w-100 align-items-center h-button justify-content-lg-center justify-content-md-center justify-content-center style-310 style-local-3025-c48 position-relative\" href=\"https:\/\/www.maxipago.com\/developers\/apidocs\/\" data-colibri-id=\"3025-c48\"> Saiba mais!<\/a>\n<\/span><\/div>\n<\/div>\n<\/div>\n<\/div>\n<\/div>\n<div class=\"h-column h-column-container d-flex h-col-lg-3 h-col-md-6 h-col-12 style-305-outer style-local-3025-c49-outer\">\n<div class=\"d-flex h-flex-basis h-column__inner h-px-lg-2 h-px-md-2 h-px-2 v-inner-lg-2 v-inner-md-2 v-inner-2 style-305 style-local-3025-c49 position-relative\" data-colibri-id=\"3025-c49\">\n<div class=\"w-100 h-y-container h-column__content h-column__v-align flex-basis-100 align-self-lg-start align-self-md-start align-self-start\">\n<div class=\"h-icon style-306 style-local-3025-c50 position-relative h-element\" data-colibri-id=\"3025-c50\"><span class=\"h-svg-icon h-icon__icon style-306-icon style-local-3025-c50-icon\"><!--Icon by Icons8 Line Awesome (https:\/\/icons8.com\/line-awesome)--><\/span><\/div>\n<div class=\"h-global-transition-all h-heading style-307 style-local-3025-c51 position-relative h-element\" data-colibri-id=\"3025-c51\">\n<div class=\"h-heading__outer style-307 style-local-3025-c51\">\n<h4 class=\"\">MULTIMEIOS<\/h4>\n<\/div>\n<\/div>\n<div class=\"h-text h-text-component style-308 style-local-3025-c52 position-relative h-element\" data-colibri-id=\"3025-c52\">\n<div class=\"\">Aceite d\u00e9bito, cr\u00e9dito, Pix e boletos por meio de uma plataforma \u00fanica. Concentre suas opera\u00e7\u00f5es.<\/div>\n<\/div>\n<div class=\"h-x-container style-313 style-local-3025-c53 position-relative h-element\" data-colibri-id=\"3025-c53\">\n<div class=\"h-x-container-inner style-dynamic-3025-c53-group style-313-spacing style-local-3025-c53-spacing\"><span class=\"h-button__outer style-310-outer style-local-3025-c54-outer d-inline-flex h-element\"><a class=\"d-flex w-100 align-items-center h-button justify-content-lg-center justify-content-md-center justify-content-center style-310 style-local-3025-c54 position-relative\" href=\"https:\/\/www.maxipago.com\/developers\/apidocs\/\" data-colibri-id=\"3025-c54\"> Saiba mais!<\/a>\n<\/span><\/div>\n<\/div>\n<\/div>\n<\/div>\n<\/div>\n<\/div>\n<\/div>\n<\/div>\n<\/div>\n<\/div>","protected":false},"excerpt":{"rendered":"<p>\u00a0Diversifique as suas formas de pagamento on-line, com seguran\u00e7a e muita efici\u00eancia para o seu neg\u00f3cio Mais convers\u00e3o plataforma inteligente para te ajudar a vender mais! Recorr\u00eancia de Pagamentos Retentativas de Transa\u00e7\u00f5es Multimeios de Pagamento Checkout Transparente Ecossistema completo tenha\u00a0todas as integra\u00e7\u00f5es que precisa em um \u00fanico lugar! Integra\u00e7\u00e3o centralizada Multiadquir\u00eancia integra\u00e7\u00e3o com carteiras digitais [&hellip;]<\/p>\n","protected":false},"author":16,"featured_media":0,"parent":0,"menu_order":0,"comment_status":"closed","ping_status":"closed","template":"page-templates\/homepage.php","meta":{"spay_email":"","footnotes":""},"yoast_head":"<!-- This site is optimized with the Yoast SEO plugin v16.2 - https:\/\/yoast.com\/wordpress\/plugins\/seo\/ -->\n<title>Home - Gateway Rede! Developers<\/title>\n<meta name=\"robots\" content=\"noindex, follow, max-snippet:-1, max-image-preview:large, max-video-preview:-1\" \/>\n<meta property=\"og:locale\" content=\"pt_BR\" \/>\n<meta property=\"og:type\" content=\"article\" \/>\n<meta property=\"og:title\" content=\"Home - Gateway Rede! Developers\" \/>\n<meta property=\"og:description\" content=\"\u00a0Diversifique as suas formas de pagamento on-line, com seguran\u00e7a e muita efici\u00eancia para o seu neg\u00f3cio Mais convers\u00e3o plataforma inteligente para te ajudar a vender mais! Recorr\u00eancia de Pagamentos Retentativas de Transa\u00e7\u00f5es Multimeios de Pagamento Checkout Transparente Ecossistema completo tenha\u00a0todas as integra\u00e7\u00f5es que precisa em um \u00fanico lugar! Integra\u00e7\u00e3o centralizada Multiadquir\u00eancia integra\u00e7\u00e3o com carteiras digitais [&hellip;]\" \/>\n<meta property=\"og:url\" content=\"https:\/\/www.maxipago.com\/developers\/\" \/>\n<meta property=\"og:site_name\" content=\"Gateway Rede! Developers\" \/>\n<meta property=\"article:publisher\" content=\"https:\/\/www.facebook.com\/maxiPago-193308344142172\/?fref=ts\" \/>\n<meta property=\"article:modified_time\" content=\"2025-03-07T13:57:41+00:00\" \/>\n<meta property=\"og:image\" content=\"https:\/\/www.maxipago.com\/developers\/wp-content\/uploads\/2023\/01\/img1-1.png\" \/>\n<meta name=\"twitter:card\" content=\"summary\" \/>\n<meta name=\"twitter:label1\" content=\"Est. tempo de leitura\">\n\t<meta name=\"twitter:data1\" content=\"2 minutos\">\n<script type=\"application\/ld+json\" class=\"yoast-schema-graph\">{\"@context\":\"https:\/\/schema.org\",\"@graph\":[{\"@type\":\"WebSite\",\"@id\":\"https:\/\/www.maxipago.com\/developers\/#website\",\"url\":\"https:\/\/www.maxipago.com\/developers\/\",\"name\":\"Gateway Rede! Developers\",\"description\":\"Portal de Desenvolvedores - Gateway Rede!\",\"potentialAction\":[{\"@type\":\"SearchAction\",\"target\":\"https:\/\/www.maxipago.com\/developers\/?s={search_term_string}\",\"query-input\":\"required name=search_term_string\"}],\"inLanguage\":\"pt-BR\"},{\"@type\":\"ImageObject\",\"@id\":\"https:\/\/www.maxipago.com\/developers\/#primaryimage\",\"inLanguage\":\"pt-BR\",\"url\":\"https:\/\/www.maxipago.com\/developers\/wp-content\/uploads\/2023\/01\/img1-1.png\",\"contentUrl\":\"https:\/\/www.maxipago.com\/developers\/wp-content\/uploads\/2023\/01\/img1-1.png\",\"width\":840,\"height\":710,\"caption\":\"A melhor forma de cobrar mensalidades ou qualquer tipo de assinatura de forma autom\\u00e1tica.\"},{\"@type\":\"WebPage\",\"@id\":\"https:\/\/www.maxipago.com\/developers\/#webpage\",\"url\":\"https:\/\/www.maxipago.com\/developers\/\",\"name\":\"Home - Gateway Rede! Developers\",\"isPartOf\":{\"@id\":\"https:\/\/www.maxipago.com\/developers\/#website\"},\"primaryImageOfPage\":{\"@id\":\"https:\/\/www.maxipago.com\/developers\/#primaryimage\"},\"datePublished\":\"2023-01-24T17:48:59+00:00\",\"dateModified\":\"2025-03-07T13:57:41+00:00\",\"breadcrumb\":{\"@id\":\"https:\/\/www.maxipago.com\/developers\/#breadcrumb\"},\"inLanguage\":\"pt-BR\",\"potentialAction\":[{\"@type\":\"ReadAction\",\"target\":[\"https:\/\/www.maxipago.com\/developers\/\"]}]},{\"@type\":\"BreadcrumbList\",\"@id\":\"https:\/\/www.maxipago.com\/developers\/#breadcrumb\",\"itemListElement\":[{\"@type\":\"ListItem\",\"position\":1,\"item\":{\"@type\":\"WebPage\",\"@id\":\"https:\/\/www.maxipago.com\/developers\/\",\"url\":\"https:\/\/www.maxipago.com\/developers\/\",\"name\":\"In\\u00edcio\"}},{\"@type\":\"ListItem\",\"position\":2,\"item\":{\"@id\":\"https:\/\/www.maxipago.com\/developers\/#webpage\"}}]}]}<\/script>\n<!-- \/ Yoast SEO plugin. -->","_links":{"self":[{"href":"https:\/\/www.maxipago.com\/developers\/wp-json\/wp\/v2\/pages\/3025"}],"collection":[{"href":"https:\/\/www.maxipago.com\/developers\/wp-json\/wp\/v2\/pages"}],"about":[{"href":"https:\/\/www.maxipago.com\/developers\/wp-json\/wp\/v2\/types\/page"}],"author":[{"embeddable":true,"href":"https:\/\/www.maxipago.com\/developers\/wp-json\/wp\/v2\/users\/16"}],"replies":[{"embeddable":true,"href":"https:\/\/www.maxipago.com\/developers\/wp-json\/wp\/v2\/comments?post=3025"}],"version-history":[{"count":20,"href":"https:\/\/www.maxipago.com\/developers\/wp-json\/wp\/v2\/pages\/3025\/revisions"}],"predecessor-version":[{"id":4394,"href":"https:\/\/www.maxipago.com\/developers\/wp-json\/wp\/v2\/pages\/3025\/revisions\/4394"}],"wp:attachment":[{"href":"https:\/\/www.maxipago.com\/developers\/wp-json\/wp\/v2\/media?parent=3025"}],"curies":[{"name":"wp","href":"https:\/\/api.w.org\/{rel}","templated":true}]}}