{"id":303,"date":"2017-02-15T09:44:06","date_gmt":"2017-02-15T11:44:06","guid":{"rendered":"http:\/\/maxipago.com\/developers\/?page_id=303"},"modified":"2023-10-18T18:59:34","modified_gmt":"2023-10-18T21:59:34","slug":"recorrencia","status":"publish","type":"page","link":"https:\/\/www.maxipago.com\/developers\/apidocs\/maxipago\/cartao-de-credito\/recorrencia\/","title":{"rendered":"Recorr\u00eancia"},"content":{"rendered":"<p align=\"justify\"><span style=\"font-size: medium;\">Gerenciamento de cobran\u00e7as recorrentes de cart\u00e3o, ideal para modelos de recarga autom\u00e1tica, assinaturas e planos de mensalidade:<\/span><\/p>\n<ul style=\"list-style-type: disc;\">\n<li>Padr\u00f5es internacionais (flag para CVV)<\/li>\n<li>Configura\u00e7\u00e3o de regras para cobran\u00e7as que tenham tido falha na aprova\u00e7\u00e3o<\/li>\n<li>Regras customiz\u00e1veis para encerrar cobran\u00e7a com n\u00famero predeterminado de cobran\u00e7as n\u00e3o aprovadas<\/li>\n<li>Fexibilidade para defini\u00e7\u00e3o de parcelas: di\u00e1rio, semanal, mensal, trimestral, bimestral, trimestral, semestral, anual e infinita<\/li>\n<li>Retentativas autom\u00e1ticas<\/li>\n<li>Aviso para cart\u00f5es a vencer<\/li>\n<li>Agendamento de recorr\u00eancia com valores diferentes<\/li>\n<li>Disponibilidade para mudan\u00e7a de recorr\u00eancias j\u00e1 programadas<\/li>\n<li>Tokenization<\/li>\n<li>Disponibilidade de uso com Soft Descriptor<\/li>\n<\/ul>\n\n\n<h3 class=\"wp-block-heading\">Funcionalidades da Recorr\u00eancia maxipago<\/h3>\n\n\n\n<ul>\n<li><a href=\"https:\/\/www.maxipago.com\/developers\/apidocs\/maxipago\/cartao-de-credito\/recorrencia\/criar-recorrencia\/\"><strong>Criar Recorr\u00eancia<\/strong><\/a><\/li>\n\n\n\n<li><a href=\"https:\/\/www.maxipago.com\/developers\/apidocs\/maxipago\/cartao-de-credito\/recorrencia\/editar-recorrencia\/\"><strong>Editar Recorr\u00eancia<\/strong><\/a><\/li>\n\n\n\n<li><a href=\"https:\/\/www.maxipago.com\/developers\/apidocs\/maxipago\/cartao-de-credito\/recorrencia\/cancelar-recorrencia\/\"><strong>Cancelar Recorr\u00eancia<\/strong><\/a><\/li>\n<\/ul>\n","protected":false},"excerpt":{"rendered":"<p>Gerenciamento de cobran\u00e7as recorrentes de cart\u00e3o, ideal para modelos de recarga autom\u00e1tica, assinaturas e planos de mensalidade: Padr\u00f5es internacionais (flag para CVV) Configura\u00e7\u00e3o de regras para cobran\u00e7as que tenham tido falha na aprova\u00e7\u00e3o Regras customiz\u00e1veis para encerrar cobran\u00e7a com n\u00famero predeterminado de cobran\u00e7as n\u00e3o aprovadas Fexibilidade para defini\u00e7\u00e3o de parcelas: di\u00e1rio, semanal, mensal, trimestral, bimestral, [&hellip;]<\/p>\n","protected":false},"author":1,"featured_media":0,"parent":276,"menu_order":0,"comment_status":"closed","ping_status":"closed","template":"","meta":{"spay_email":"","footnotes":""},"yoast_head":"<!-- This site is optimized with the Yoast SEO plugin v16.2 - https:\/\/yoast.com\/wordpress\/plugins\/seo\/ -->\n<title>Recorr\u00eancia - Gateway Rede! Developers<\/title>\n<meta name=\"robots\" content=\"noindex, follow, max-snippet:-1, max-image-preview:large, max-video-preview:-1\" \/>\n<meta property=\"og:locale\" content=\"pt_BR\" \/>\n<meta property=\"og:type\" content=\"article\" \/>\n<meta property=\"og:title\" content=\"Recorr\u00eancia - Gateway Rede! Developers\" \/>\n<meta property=\"og:description\" content=\"Gerenciamento de cobran\u00e7as recorrentes de cart\u00e3o, ideal para modelos de recarga autom\u00e1tica, assinaturas e planos de mensalidade: Padr\u00f5es internacionais (flag para CVV) Configura\u00e7\u00e3o de regras para cobran\u00e7as que tenham tido falha na aprova\u00e7\u00e3o Regras customiz\u00e1veis para encerrar cobran\u00e7a com n\u00famero predeterminado de cobran\u00e7as n\u00e3o aprovadas Fexibilidade para defini\u00e7\u00e3o de parcelas: di\u00e1rio, semanal, mensal, trimestral, bimestral, [&hellip;]\" \/>\n<meta property=\"og:url\" content=\"https:\/\/www.maxipago.com\/developers\/apidocs\/maxipago\/cartao-de-credito\/recorrencia\/\" \/>\n<meta property=\"og:site_name\" content=\"Gateway Rede! Developers\" \/>\n<meta property=\"article:publisher\" content=\"https:\/\/www.facebook.com\/maxiPago-193308344142172\/?fref=ts\" \/>\n<meta property=\"article:modified_time\" content=\"2023-10-18T21:59:34+00:00\" \/>\n<meta name=\"twitter:card\" content=\"summary\" \/>\n<meta name=\"twitter:label1\" content=\"Est. tempo de leitura\">\n\t<meta name=\"twitter:data1\" content=\"1 minuto\">\n<script type=\"application\/ld+json\" class=\"yoast-schema-graph\">{\"@context\":\"https:\/\/schema.org\",\"@graph\":[{\"@type\":\"WebSite\",\"@id\":\"https:\/\/www.maxipago.com\/developers\/#website\",\"url\":\"https:\/\/www.maxipago.com\/developers\/\",\"name\":\"Gateway Rede! Developers\",\"description\":\"Portal de Desenvolvedores - Gateway Rede!\",\"potentialAction\":[{\"@type\":\"SearchAction\",\"target\":\"https:\/\/www.maxipago.com\/developers\/?s={search_term_string}\",\"query-input\":\"required name=search_term_string\"}],\"inLanguage\":\"pt-BR\"},{\"@type\":\"WebPage\",\"@id\":\"https:\/\/www.maxipago.com\/developers\/apidocs\/maxipago\/cartao-de-credito\/recorrencia\/#webpage\",\"url\":\"https:\/\/www.maxipago.com\/developers\/apidocs\/maxipago\/cartao-de-credito\/recorrencia\/\",\"name\":\"Recorr\\u00eancia - Gateway Rede! Developers\",\"isPartOf\":{\"@id\":\"https:\/\/www.maxipago.com\/developers\/#website\"},\"datePublished\":\"2017-02-15T11:44:06+00:00\",\"dateModified\":\"2023-10-18T21:59:34+00:00\",\"breadcrumb\":{\"@id\":\"https:\/\/www.maxipago.com\/developers\/apidocs\/maxipago\/cartao-de-credito\/recorrencia\/#breadcrumb\"},\"inLanguage\":\"pt-BR\",\"potentialAction\":[{\"@type\":\"ReadAction\",\"target\":[\"https:\/\/www.maxipago.com\/developers\/apidocs\/maxipago\/cartao-de-credito\/recorrencia\/\"]}]},{\"@type\":\"BreadcrumbList\",\"@id\":\"https:\/\/www.maxipago.com\/developers\/apidocs\/maxipago\/cartao-de-credito\/recorrencia\/#breadcrumb\",\"itemListElement\":[{\"@type\":\"ListItem\",\"position\":1,\"item\":{\"@type\":\"WebPage\",\"@id\":\"https:\/\/www.maxipago.com\/developers\/\",\"url\":\"https:\/\/www.maxipago.com\/developers\/\",\"name\":\"In\\u00edcio\"}},{\"@type\":\"ListItem\",\"position\":2,\"item\":{\"@type\":\"WebPage\",\"@id\":\"https:\/\/www.maxipago.com\/developers\/apidocs\/\",\"url\":\"https:\/\/www.maxipago.com\/developers\/apidocs\/\",\"name\":\"API Docs\"}},{\"@type\":\"ListItem\",\"position\":3,\"item\":{\"@type\":\"WebPage\",\"@id\":\"https:\/\/www.maxipago.com\/developers\/apidocs\/maxipago\/\",\"url\":\"https:\/\/www.maxipago.com\/developers\/apidocs\/maxipago\/\",\"name\":\"Documenta\\u00e7\\u00f5es Online\"}},{\"@type\":\"ListItem\",\"position\":4,\"item\":{\"@type\":\"WebPage\",\"@id\":\"https:\/\/www.maxipago.com\/developers\/apidocs\/maxipago\/cartao-de-credito\/\",\"url\":\"https:\/\/www.maxipago.com\/developers\/apidocs\/maxipago\/cartao-de-credito\/\",\"name\":\"Cart\\u00e3o de Cr\\u00e9dito\"}},{\"@type\":\"ListItem\",\"position\":5,\"item\":{\"@id\":\"https:\/\/www.maxipago.com\/developers\/apidocs\/maxipago\/cartao-de-credito\/recorrencia\/#webpage\"}}]}]}<\/script>\n<!-- \/ Yoast SEO plugin. -->","_links":{"self":[{"href":"https:\/\/www.maxipago.com\/developers\/wp-json\/wp\/v2\/pages\/303"}],"collection":[{"href":"https:\/\/www.maxipago.com\/developers\/wp-json\/wp\/v2\/pages"}],"about":[{"href":"https:\/\/www.maxipago.com\/developers\/wp-json\/wp\/v2\/types\/page"}],"author":[{"embeddable":true,"href":"https:\/\/www.maxipago.com\/developers\/wp-json\/wp\/v2\/users\/1"}],"replies":[{"embeddable":true,"href":"https:\/\/www.maxipago.com\/developers\/wp-json\/wp\/v2\/comments?post=303"}],"version-history":[{"count":21,"href":"https:\/\/www.maxipago.com\/developers\/wp-json\/wp\/v2\/pages\/303\/revisions"}],"predecessor-version":[{"id":3711,"href":"https:\/\/www.maxipago.com\/developers\/wp-json\/wp\/v2\/pages\/303\/revisions\/3711"}],"up":[{"embeddable":true,"href":"https:\/\/www.maxipago.com\/developers\/wp-json\/wp\/v2\/pages\/276"}],"wp:attachment":[{"href":"https:\/\/www.maxipago.com\/developers\/wp-json\/wp\/v2\/media?parent=303"}],"curies":[{"name":"wp","href":"https:\/\/api.w.org\/{rel}","templated":true}]}}