{"id":335,"date":"2017-02-15T14:19:35","date_gmt":"2017-02-15T16:19:35","guid":{"rendered":"http:\/\/maxipago.com\/developers\/?page_id=335"},"modified":"2025-01-17T15:58:52","modified_gmt":"2025-01-17T18:58:52","slug":"tabela-de-retornos","status":"publish","type":"page","link":"https:\/\/www.maxipago.com\/developers\/apidocs\/maxipago\/tabela-de-retornos\/","title":{"rendered":"Retorno da Transa\u00e7\u00e3o"},"content":{"rendered":"<p style=\"font-size: medium;\" align=\"justify\">O retorno das requisi\u00e7\u00f5es de transa\u00e7\u00e3o possui um padr\u00e3o \u00fanico, independentemente do tipo de transa\u00e7\u00e3o efetuada. Contudo, nem todos os campos s\u00e3o retornados em todas as transa\u00e7\u00f5es.<\/p>\n<h3 style=\"color: #e06b08;\">Transa\u00e7\u00e3o Aprovada<\/h3>\n<pre class=\"EnlighterJSRAW\" data-enlighter-language=\"generic\">&lt;?xml version=\"1.0\" encoding=\"UTF-8\"?&gt;\n&lt;transaction-response&gt;\n    &lt;authCode&gt;005772&lt;\/authCode&gt;\n    &lt;orderID&gt;7F000001:013829A1C09E:8DE9:016891F0&lt;\/orderID&gt;\n    &lt;referenceNum&gt;123456789&lt;\/referenceNum&gt;\n    &lt;transactionID&gt;1418605&lt;\/transactionID&gt;\n    &lt;transactionTimestamp&gt;1340728262&lt;\/transactionTimestamp&gt;\n    &lt;responseCode&gt;0&lt;\/responseCode&gt;\n    &lt;responseMessage&gt;CAPTURED&lt;\/responseMessage&gt;\n    &lt;avsResponseCode\/&gt;\n    &lt;cvvResponseCode\/&gt;\n    &lt;processorCode&gt;0&lt;\/processorCode&gt;\n    &lt;processorMessage&gt;APPROVED&lt;\/processorMessage&gt;\n    &lt;errorMessage\/&gt;\n    &lt;processorTransactionID&gt;2612953&lt;\/processorTransactionID&gt;\n    &lt;processorReferenceNumber&gt;689472845&lt;\/processorReferenceNumber&gt;\n    &lt;fraudScore&gt;29&lt;\/fraudScore&gt;\n    &lt;save-on-file&gt;\n        &lt;token&gt;eBUv\/SIBJv0=&lt;\/token&gt;\n    &lt;\/save-on-file&gt;\n&lt;\/transaction-response&gt;<\/pre>\n<h3 style=\"color: #e06b08;\">Transa\u00e7\u00e3o Negada<\/h3>\n<pre class=\"EnlighterJSRAW\" data-enlighter-language=\"generic\">&lt;?xml version=\"1.0\" encoding=\"UTF-8\"?&gt;\n&lt;transaction-response&gt;\n    &lt;authCode\/&gt;\n    &lt;orderID&gt;7F000001:013D16CF1461:F0EF:014EDA77&lt;\/orderID&gt;\n    &lt;referenceNum&gt;2012071201&lt;\/referenceNum&gt;\n    &lt;transactionID&gt;3308&lt;\/transactionID&gt;\n    &lt;transactionTimestamp&gt;1361887302962&lt;\/transactionTimestamp&gt;\n    &lt;responseCode&gt;1&lt;\/responseCode&gt;\n    &lt;responseMessage&gt;DECLINED&lt;\/responseMessage&gt;\n    &lt;avsResponseCode&gt;NNN&lt;\/avsResponseCode&gt;\n    &lt;cvvResponseCode&gt;N&lt;\/cvvResponseCode&gt;\n    &lt;processorCode&gt;D&lt;\/processorCode&gt;\n    &lt;processorMessage&gt;DECLINED&lt;\/processorMessage&gt;\n    &lt;errorMessage\/&gt;\n&lt;\/transaction-response&gt;<\/pre>\n<h3 style=\"color: #e06b08;\">Transa\u00e7\u00e3o Com Par\u00e2metros Inv\u00e1lidos<\/h3>\n<pre class=\"EnlighterJSRAW\" data-enlighter-language=\"generic\">&lt;?xml version=\"1.0\" encoding=\"UTF-8\"?&gt;\n&lt;transaction-response&gt;\n    &lt;authCode\/&gt;\n    &lt;orderID\/&gt;\n    &lt;referenceNum\/&gt;\n    &lt;transactionID\/&gt;\n    &lt;transactionTimestamp&gt;1361887531821&lt;\/transactionTimestamp&gt;\n    &lt;responseCode&gt;1024&lt;\/responseCode&gt;\n    &lt;responseMessage&gt;INVALID REQUEST&lt;\/responseMessage&gt;\n    &lt;avsResponseCode\/&gt;\n    &lt;cvvResponseCode\/&gt;\n    &lt;processorCode\/&gt;\n    &lt;processorMessage\/&gt;\n    &lt;errorMessage&gt;Credit Card Number is not a valid credit card number.&lt;\/errorMessage&gt;\n&lt;\/transaction-response&gt;<\/pre>\n<h3 style=\"color: #e06b08;\">Transa\u00e7\u00e3o Com Erro<\/h3>\n<pre class=\"EnlighterJSRAW\" data-enlighter-language=\"generic\">&lt;?xml version=\"1.0\" encoding=\"UTF-8\" standalone=\"yes\"?&gt;\n&lt;api-error&gt;\n    &lt;errorCode&gt;1&lt;\/errorCode&gt;\n    &lt;errorMsg&gt;\n        &lt;![CDATA[Schema validation for the vertical SA for the incoming transaction xml failed. Reason Parser Error: URI=null Line=1: cvcdatatype-valid.1.2.1:'100,01' is not a valid value for 'decimal'.]]&gt;\n    &lt;\/errorMsg&gt;\n&lt;\/api-error&gt;<\/pre>\n<h3 style=\"color: #e06b08;\">Erros mais comuns para o erro 1024<\/h3>\n<table width=\"601\" cellspacing=\"0\" cellpadding=\"7\">\n<colgroup>\n<col width=\"286\" \/>\n<col width=\"286\" \/> <\/colgroup>\n<tbody>\n<tr>\n<td bgcolor=\"#f8943f\" width=\"286\">\n<p align=\"center\"><strong style=\"color: #ffffff;\">Mensagem<\/strong><\/p>\n<\/td>\n<td bgcolor=\"#f8943f\" width=\"286\">\n<p align=\"center\"><strong style=\"color: #ffffff;\">Descri\u00e7\u00e3o<\/strong><\/p>\n<\/td>\n<\/tr>\n<tr>\n<td bgcolor=\"#fde9d8\" width=\"286\">\n<p style=\"font-size: medium;\">Credit Card Number is not a valid credit card number<\/p>\n<\/td>\n<td bgcolor=\"#fde9d8\" width=\"286\">\n<p style=\"font-size: medium;\">N\u00famero de cart\u00e3o de cr\u00e9dito n\u00e3o \u00e9 v\u00e1lido<\/p>\n<\/td>\n<\/tr>\n<tr>\n<td bgcolor=\"#ffffff\" width=\"286\">\n<p style=\"font-size: medium;\">The transaction has an expired credit car<\/p>\n<\/td>\n<td bgcolor=\"#ffffff\" width=\"286\">\n<p style=\"font-size: medium;\">Data de vencimento do cart\u00e3o n\u00e3o \u00e9 valida<\/p>\n<\/td>\n<\/tr>\n<tr>\n<td bgcolor=\"#fde9d8\" width=\"286\">\n<p style=\"font-size: medium;\">A transaction with boletoNumber = XXX already exists in the data base<\/p>\n<\/td>\n<td bgcolor=\"#fde9d8\" width=\"286\">\n<p style=\"font-size: medium;\">O campo \u2018boletoNumber\u2019 enviado j\u00e1 existe em nosso sistema para este lojista<\/p>\n<\/td>\n<\/tr>\n<tr>\n<td bgcolor=\"#ffffff\" width=\"286\">\n<p style=\"font-size: medium;\">Transaction Amount is not a valid number in the range of 0.01 to 1.0E14<\/p>\n<\/td>\n<td bgcolor=\"#ffffff\" width=\"286\">\n<p style=\"font-size: medium;\">O valor da transa\u00e7\u00e3o n\u00e3o \u00e9 v\u00e1lido<\/p>\n<\/td>\n<\/tr>\n<tr>\n<td bgcolor=\"#fde9d8\" width=\"286\">\n<p style=\"font-size: medium;\">Reques tis invalid and can not be processed<\/p>\n<\/td>\n<td bgcolor=\"#fde9d8\" width=\"286\">\n<p style=\"font-size: medium;\">O campo \u2018processorID\u2019 enviado n\u00e3o \u00e9 v\u00e1lido.<\/p>\n<\/td>\n<\/tr>\n<\/tbody>\n<\/table>\n<h3 style=\"color: #e06b08;\">Par\u00e2metros retornados no &lt;transaction-response\/&gt;<\/h3>\n<table width=\"601\" cellspacing=\"0\" cellpadding=\"7\">\n<colgroup>\n<col width=\"286\" \/>\n<col width=\"286\" \/> <\/colgroup>\n<tbody>\n<tr>\n<td bgcolor=\"#f8943f\" width=\"286\">\n<p align=\"center\"><strong style=\"color: #ffffff;\">Nome<\/strong><\/p>\n<\/td>\n<td bgcolor=\"#f8943f\" width=\"286\">\n<p align=\"center\"><strong style=\"color: #ffffff;\">Descri\u00e7\u00e3o<\/strong><\/p>\n<\/td>\n<\/tr>\n<tr>\n<td bgcolor=\"#fde9d8\" width=\"286\">\n<p style=\"font-size: medium;\">boletoURL<\/p>\n<\/td>\n<td bgcolor=\"#fde9d8\" width=\"286\">\n<p style=\"font-size: medium;\">URL para gera\u00e7\u00e3o do Boleto<\/p>\n<p style=\"font-size: medium;\">Recomenda-se salvar esta URL para uso futuro<\/p>\n<\/td>\n<\/tr>\n<tr>\n<td width=\"286\">\n<p style=\"font-size: medium;\">onlineDebitURL<\/p>\n<\/td>\n<td width=\"286\">\n<p style=\"font-size: medium;\">URL para redirecionamento do d\u00e9bito online<\/p>\n<p style=\"font-size: medium;\">O cliente deve ser redirecionado para esta URL para completar a transa\u00e7\u00e3o<\/p>\n<\/td>\n<\/tr>\n<tr>\n<td bgcolor=\"#fde9d8\" width=\"286\">\n<p style=\"font-size: medium;\">authenticationURL<\/p>\n<\/td>\n<td bgcolor=\"#fde9d8\" width=\"286\">\n<p style=\"font-size: medium;\">URL de autentica\u00e7\u00e3o<\/p>\n<p style=\"font-size: medium;\">O cliente deve ser redirecionado para esta URL para completar a etapa de autentica\u00e7\u00e3o<\/p>\n<\/td>\n<\/tr>\n<tr>\n<td width=\"286\">\n<p style=\"font-size: medium;\">authCode<\/p>\n<\/td>\n<td width=\"286\">\n<p style=\"font-size: medium;\">C\u00f3digo de autoriza\u00e7\u00e3o retornado pela adquirente<\/p>\n<\/td>\n<\/tr>\n<tr>\n<td bgcolor=\"#fde9d8\" width=\"286\">\n<p style=\"font-size: medium;\">referenceNum<\/p>\n<\/td>\n<td bgcolor=\"#fde9d8\" width=\"286\">\n<p style=\"font-size: medium;\">Confirma\u00e7\u00e3o do c\u00f3digo enviado na requisi\u00e7\u00e3o<\/p>\n<\/td>\n<\/tr>\n<tr>\n<td width=\"286\">\n<p style=\"font-size: medium;\">orderID<\/p>\n<\/td>\n<td width=\"286\">\n<p style=\"font-size: medium;\">ID do pedido, gerado pela maxiPago!<\/p>\n<p style=\"font-size: medium;\">Deve-se salvar este campo para futuras refer\u00eancias ao pedido<\/p>\n<\/td>\n<\/tr>\n<tr>\n<td bgcolor=\"#fde9d8\" width=\"286\">\n<p style=\"font-size: medium;\">transactionID<\/p>\n<\/td>\n<td bgcolor=\"#fde9d8\" width=\"286\">\n<p style=\"font-size: medium;\">Id da transa\u00e7\u00e3o, gerado pela maxiPago!<\/p>\n<p style=\"font-size: medium;\">Deve-se salvar este campo para futuras refer\u00eancias ao pedido<\/p>\n<\/td>\n<\/tr>\n<tr>\n<td width=\"286\">\n<p style=\"font-size: medium;\">transactionTimestamp<\/p>\n<\/td>\n<td width=\"286\">\n<p style=\"font-size: medium;\">Data\/hora da transa\u00e7\u00e3o em formato epoch<\/p>\n<\/td>\n<\/tr>\n<tr>\n<td bgcolor=\"#fde9d8\" width=\"286\">\n<p style=\"font-size: medium;\">responseCode<\/p>\n<\/td>\n<td bgcolor=\"#fde9d8\" width=\"286\">\n<p style=\"font-size: medium;\">Indicador do status da transa\u00e7\u00e3o na maxiPago!<\/p>\n<p style=\"font-size: medium;\">Voc\u00ea deve utilizar apenas este campo para validar o resultado de uma transa\u00e7\u00e3o. N\u00e3o utilize outros campos da resposta para determinar o sucesso ou falha de uma transa\u00e7\u00e3o.<\/p>\n<p style=\"font-size: medium;\">0 = aprovada (*)<\/p>\n<p style=\"font-size: medium;\">1 = negada<\/p>\n<p style=\"font-size: medium;\">2 = negada por duplicidade ou fraude<\/p>\n<p style=\"font-size: medium;\">5 = em revis\u00e3o (an\u00e1lise manual de fraude)<\/p>\n<p style=\"font-size: medium;\">1022 = erro na operadora do cart\u00e3o<\/p>\n<p style=\"font-size: medium;\">1023 = processamento rejeitado pelo parceiro<\/p>\n<p style=\"font-size: medium;\">1024 = erro nos par\u00e2metros enviados<\/p>\n<p style=\"font-size: medium;\">Ver \u2018responseMessage\u2019 para mais informa\u00e7\u00f5es<\/p>\n<p style=\"font-size: medium;\">1025 = erro nas credenciais<\/p>\n<p style=\"font-size: medium;\">2048 = erro interno na maxiPago!<\/p>\n<p style=\"font-size: medium;\">4097 = timeout com a adquirente<\/p>\n<p style=\"font-size: medium;\">(*): para adquirente com estorno online, o valor 0 significa que o estorno j\u00e1 foi processado, para os offline significa que o estorno est\u00e1 sendo processado (neste caso pode ser posteriormente verificado pela API de consulta)<\/p>\n<\/td>\n<\/tr>\n<tr>\n<td width=\"286\">\n<p style=\"font-size: medium;\">responseMessage<\/p>\n<\/td>\n<td width=\"286\">\n<p style=\"font-size: medium;\">Mensagem de resposta da transa\u00e7\u00e3o<\/p>\n<\/td>\n<\/tr>\n<tr>\n<td bgcolor=\"#fde9d8\" width=\"286\">\n<p style=\"font-size: medium;\">avsResponseCode<\/p>\n<\/td>\n<td bgcolor=\"#fde9d8\" width=\"286\">\n<p style=\"font-size: medium;\">Resposta da verifica\u00e7\u00e3o AVS, se houver:<\/p>\n<p style=\"font-size: medium;\">-X: o n\u00famero da rua e o CEP batem<\/p>\n<p style=\"font-size: medium;\">-A: o n\u00famero da rua bate, mas o CEP n\u00e3o<\/p>\n<p style=\"font-size: medium;\">-N: nem o n\u00famero da rua nem o CEP batem<\/p>\n<p style=\"font-size: medium;\">-S: o servi\u00e7o n\u00e3o est\u00e1 dispon\u00edvel para este cart\u00e3o<\/p>\n<p style=\"font-size: medium;\">-C: servi\u00e7o indispon\u00edvel<\/p>\n<p style=\"font-size: medium;\">-W: o CEP bate, mas o n\u00famero da rua n\u00e3o<\/p>\n<p style=\"font-size: medium;\">Obs.: sugerimos que a resposta AVS seja usada para avalia\u00e7\u00e3o manual do risco.<\/p>\n<\/td>\n<\/tr>\n<tr>\n<td width=\"286\">\n<p style=\"font-size: medium;\">processorCode<\/p>\n<\/td>\n<td width=\"286\">\n<p style=\"font-size: medium;\">C\u00f3digo de retorno da Adquirente<\/p>\n<p style=\"font-size: medium;\">Linha digit\u00e1vel do boleto<\/p>\n<\/td>\n<\/tr>\n<tr>\n<td bgcolor=\"#fde9d8\" width=\"286\">\n<p style=\"font-size: medium;\">processorMessage<\/p>\n<\/td>\n<td bgcolor=\"#fde9d8\" width=\"286\">\n<p style=\"font-size: medium;\">Mensagem de retorno da adquirente<\/p>\n<\/td>\n<\/tr>\n<tr>\n<td width=\"286\">\n<p style=\"font-size: medium;\">processorReferenceNumber<\/p>\n<\/td>\n<td width=\"286\">\n<p style=\"font-size: medium;\">N\u00famero de refer\u00eancia da adquirente<\/p>\n<p style=\"font-size: medium;\">Cielo: TID<\/p>\n<p style=\"font-size: medium;\">Rede: NSU<\/p>\n<\/td>\n<\/tr>\n<tr>\n<td bgcolor=\"#fde9d8\" width=\"286\">\n<p style=\"font-size: medium;\">processorTransactionID<\/p>\n<\/td>\n<td bgcolor=\"#fde9d8\" width=\"286\">\n<p style=\"font-size: medium;\">ID da transa\u00e7\u00e3o na adquirente<\/p>\n<p style=\"font-size: medium;\">Cielo: NDU<\/p>\n<p style=\"font-size: medium;\">Rede: comprovante de venda (CV)<\/p>\n<\/td>\n<\/tr>\n<tr>\n<td width=\"286\">\n<p style=\"font-size: medium;\">fraudScore<\/p>\n<\/td>\n<td width=\"286\">\n<p style=\"font-size: medium;\">Valor de score retornado pelo fraudControl!<\/p>\n<p style=\"font-size: medium;\">Quanto menor o valor, menor o risco da transa\u00e7\u00e3o.<\/p>\n<\/td>\n<\/tr>\n<tr>\n<td bgcolor=\"#fde9d8\" width=\"286\">\n<p style=\"font-size: medium;\">errorMessage<\/p>\n<\/td>\n<td bgcolor=\"#fde9d8\" width=\"286\">\n<p style=\"font-size: medium;\">Mensagem de erro, se houver<\/p>\n<\/td>\n<\/tr>\n<tr>\n<td width=\"286\">\n<p style=\"font-size: medium;\">token<\/p>\n<\/td>\n<td width=\"286\">\n<p style=\"font-size: medium;\">Presente s\u00f3 quando um cart\u00e3o \u00e9 salvo automaticamente, traz o token \u00fanico daquele cart\u00e3o. Vem dentro do elemento &lt;save-on-file\/&gt;. \u00c9 muito importante guardar esta informa\u00e7\u00e3o para futura refer\u00eancia!<\/p>\n<\/td>\n<\/tr>\n<tr>\n<td bgcolor=\"#fde9d8\" width=\"286\">\n<p style=\"font-size: medium;\">error<\/p>\n<\/td>\n<td bgcolor=\"#fde9d8\" width=\"286\">\n<p style=\"font-size: medium;\">Presente s\u00f3 quando h\u00e1 erro na tentativa de salvar automaticamente o cart\u00e3o, traz a mensagem de erro. Vem dentro do elemento &lt;save-on-file\/&gt;.<\/p>\n<\/td>\n<\/tr>\n<\/tbody>\n<\/table>\n","protected":false},"excerpt":{"rendered":"<p>O retorno das requisi\u00e7\u00f5es de transa\u00e7\u00e3o possui um padr\u00e3o \u00fanico, independentemente do tipo de transa\u00e7\u00e3o efetuada. Contudo, nem todos os campos s\u00e3o retornados em todas as transa\u00e7\u00f5es. Transa\u00e7\u00e3o Aprovada &lt;?xml version=&#8221;1.0&#8243; encoding=&#8221;UTF-8&#8243;?&gt; &lt;transaction-response&gt; &lt;authCode&gt;005772&lt;\/authCode&gt; &lt;orderID&gt;7F000001:013829A1C09E:8DE9:016891F0&lt;\/orderID&gt; &lt;referenceNum&gt;123456789&lt;\/referenceNum&gt; &lt;transactionID&gt;1418605&lt;\/transactionID&gt; &lt;transactionTimestamp&gt;1340728262&lt;\/transactionTimestamp&gt; &lt;responseCode&gt;0&lt;\/responseCode&gt; &lt;responseMessage&gt;CAPTURED&lt;\/responseMessage&gt; &lt;avsResponseCode\/&gt; &lt;cvvResponseCode\/&gt; &lt;processorCode&gt;0&lt;\/processorCode&gt; &lt;processorMessage&gt;APPROVED&lt;\/processorMessage&gt; &lt;errorMessage\/&gt; &lt;processorTransactionID&gt;2612953&lt;\/processorTransactionID&gt; &lt;processorReferenceNumber&gt;689472845&lt;\/processorReferenceNumber&gt; &lt;fraudScore&gt;29&lt;\/fraudScore&gt; &lt;save-on-file&gt; &lt;token&gt;eBUv\/SIBJv0=&lt;\/token&gt; &lt;\/save-on-file&gt; &lt;\/transaction-response&gt; Transa\u00e7\u00e3o Negada &lt;?xml [&hellip;]<\/p>\n","protected":false},"author":1,"featured_media":0,"parent":23,"menu_order":0,"comment_status":"closed","ping_status":"closed","template":"","meta":{"spay_email":"","footnotes":""},"yoast_head":"<!-- This site is optimized with the Yoast SEO plugin v16.2 - https:\/\/yoast.com\/wordpress\/plugins\/seo\/ -->\n<title>Retorno da Transa\u00e7\u00e3o - Gateway Rede! Developers<\/title>\n<meta name=\"robots\" content=\"noindex, follow, max-snippet:-1, max-image-preview:large, max-video-preview:-1\" \/>\n<meta property=\"og:locale\" content=\"pt_BR\" \/>\n<meta property=\"og:type\" content=\"article\" \/>\n<meta property=\"og:title\" content=\"Retorno da Transa\u00e7\u00e3o - Gateway Rede! Developers\" \/>\n<meta property=\"og:description\" content=\"O retorno das requisi\u00e7\u00f5es de transa\u00e7\u00e3o possui um padr\u00e3o \u00fanico, independentemente do tipo de transa\u00e7\u00e3o efetuada. Contudo, nem todos os campos s\u00e3o retornados em todas as transa\u00e7\u00f5es. Transa\u00e7\u00e3o Aprovada &lt;?xml version=&quot;1.0&quot; encoding=&quot;UTF-8&quot;?&gt; &lt;transaction-response&gt; &lt;authCode&gt;005772&lt;\/authCode&gt; &lt;orderID&gt;7F000001:013829A1C09E:8DE9:016891F0&lt;\/orderID&gt; &lt;referenceNum&gt;123456789&lt;\/referenceNum&gt; &lt;transactionID&gt;1418605&lt;\/transactionID&gt; &lt;transactionTimestamp&gt;1340728262&lt;\/transactionTimestamp&gt; &lt;responseCode&gt;0&lt;\/responseCode&gt; &lt;responseMessage&gt;CAPTURED&lt;\/responseMessage&gt; &lt;avsResponseCode\/&gt; &lt;cvvResponseCode\/&gt; &lt;processorCode&gt;0&lt;\/processorCode&gt; &lt;processorMessage&gt;APPROVED&lt;\/processorMessage&gt; &lt;errorMessage\/&gt; &lt;processorTransactionID&gt;2612953&lt;\/processorTransactionID&gt; &lt;processorReferenceNumber&gt;689472845&lt;\/processorReferenceNumber&gt; &lt;fraudScore&gt;29&lt;\/fraudScore&gt; &lt;save-on-file&gt; &lt;token&gt;eBUv\/SIBJv0=&lt;\/token&gt; &lt;\/save-on-file&gt; &lt;\/transaction-response&gt; Transa\u00e7\u00e3o Negada &lt;?xml [&hellip;]\" \/>\n<meta property=\"og:url\" content=\"https:\/\/www.maxipago.com\/developers\/apidocs\/maxipago\/tabela-de-retornos\/\" \/>\n<meta property=\"og:site_name\" content=\"Gateway Rede! Developers\" \/>\n<meta property=\"article:publisher\" content=\"https:\/\/www.facebook.com\/maxiPago-193308344142172\/?fref=ts\" \/>\n<meta property=\"article:modified_time\" content=\"2025-01-17T18:58:52+00:00\" \/>\n<meta name=\"twitter:card\" content=\"summary\" \/>\n<meta name=\"twitter:label1\" content=\"Est. tempo de leitura\">\n\t<meta name=\"twitter:data1\" content=\"3 minutos\">\n<script type=\"application\/ld+json\" class=\"yoast-schema-graph\">{\"@context\":\"https:\/\/schema.org\",\"@graph\":[{\"@type\":\"WebSite\",\"@id\":\"https:\/\/www.maxipago.com\/developers\/#website\",\"url\":\"https:\/\/www.maxipago.com\/developers\/\",\"name\":\"Gateway Rede! Developers\",\"description\":\"Portal de Desenvolvedores - Gateway Rede!\",\"potentialAction\":[{\"@type\":\"SearchAction\",\"target\":\"https:\/\/www.maxipago.com\/developers\/?s={search_term_string}\",\"query-input\":\"required name=search_term_string\"}],\"inLanguage\":\"pt-BR\"},{\"@type\":\"WebPage\",\"@id\":\"https:\/\/www.maxipago.com\/developers\/apidocs\/maxipago\/tabela-de-retornos\/#webpage\",\"url\":\"https:\/\/www.maxipago.com\/developers\/apidocs\/maxipago\/tabela-de-retornos\/\",\"name\":\"Retorno da Transa\\u00e7\\u00e3o - Gateway Rede! Developers\",\"isPartOf\":{\"@id\":\"https:\/\/www.maxipago.com\/developers\/#website\"},\"datePublished\":\"2017-02-15T16:19:35+00:00\",\"dateModified\":\"2025-01-17T18:58:52+00:00\",\"breadcrumb\":{\"@id\":\"https:\/\/www.maxipago.com\/developers\/apidocs\/maxipago\/tabela-de-retornos\/#breadcrumb\"},\"inLanguage\":\"pt-BR\",\"potentialAction\":[{\"@type\":\"ReadAction\",\"target\":[\"https:\/\/www.maxipago.com\/developers\/apidocs\/maxipago\/tabela-de-retornos\/\"]}]},{\"@type\":\"BreadcrumbList\",\"@id\":\"https:\/\/www.maxipago.com\/developers\/apidocs\/maxipago\/tabela-de-retornos\/#breadcrumb\",\"itemListElement\":[{\"@type\":\"ListItem\",\"position\":1,\"item\":{\"@type\":\"WebPage\",\"@id\":\"https:\/\/www.maxipago.com\/developers\/\",\"url\":\"https:\/\/www.maxipago.com\/developers\/\",\"name\":\"In\\u00edcio\"}},{\"@type\":\"ListItem\",\"position\":2,\"item\":{\"@type\":\"WebPage\",\"@id\":\"https:\/\/www.maxipago.com\/developers\/apidocs\/\",\"url\":\"https:\/\/www.maxipago.com\/developers\/apidocs\/\",\"name\":\"API Docs\"}},{\"@type\":\"ListItem\",\"position\":3,\"item\":{\"@type\":\"WebPage\",\"@id\":\"https:\/\/www.maxipago.com\/developers\/apidocs\/maxipago\/\",\"url\":\"https:\/\/www.maxipago.com\/developers\/apidocs\/maxipago\/\",\"name\":\"Documenta\\u00e7\\u00f5es Online\"}},{\"@type\":\"ListItem\",\"position\":4,\"item\":{\"@id\":\"https:\/\/www.maxipago.com\/developers\/apidocs\/maxipago\/tabela-de-retornos\/#webpage\"}}]}]}<\/script>\n<!-- \/ Yoast SEO plugin. -->","_links":{"self":[{"href":"https:\/\/www.maxipago.com\/developers\/wp-json\/wp\/v2\/pages\/335"}],"collection":[{"href":"https:\/\/www.maxipago.com\/developers\/wp-json\/wp\/v2\/pages"}],"about":[{"href":"https:\/\/www.maxipago.com\/developers\/wp-json\/wp\/v2\/types\/page"}],"author":[{"embeddable":true,"href":"https:\/\/www.maxipago.com\/developers\/wp-json\/wp\/v2\/users\/1"}],"replies":[{"embeddable":true,"href":"https:\/\/www.maxipago.com\/developers\/wp-json\/wp\/v2\/comments?post=335"}],"version-history":[{"count":12,"href":"https:\/\/www.maxipago.com\/developers\/wp-json\/wp\/v2\/pages\/335\/revisions"}],"predecessor-version":[{"id":4325,"href":"https:\/\/www.maxipago.com\/developers\/wp-json\/wp\/v2\/pages\/335\/revisions\/4325"}],"up":[{"embeddable":true,"href":"https:\/\/www.maxipago.com\/developers\/wp-json\/wp\/v2\/pages\/23"}],"wp:attachment":[{"href":"https:\/\/www.maxipago.com\/developers\/wp-json\/wp\/v2\/media?parent=335"}],"curies":[{"name":"wp","href":"https:\/\/api.w.org\/{rel}","templated":true}]}}