{"id":34,"date":"2017-02-06T14:10:02","date_gmt":"2017-02-06T16:10:02","guid":{"rendered":"http:\/\/maxipago.com\/developers\/?page_id=34"},"modified":"2023-05-15T16:45:04","modified_gmt":"2023-05-15T19:45:04","slug":"perguntas-frequentes","status":"publish","type":"page","link":"https:\/\/www.maxipago.com\/developers\/suporte\/perguntas-frequentes\/","title":{"rendered":"Perguntas Frequentes"},"content":{"rendered":"<p>Perguntas Frequentes<\/p>\n<figure id=\"block-29ffb905-0949-48b2-be37-971885b196e3\" class=\"wp-block-image block-editor-block-list__block wp-block\" tabindex=\"0\" role=\"group\" aria-label=\"Bloco: Imagem\" data-block=\"29ffb905-0949-48b2-be37-971885b196e3\" data-type=\"core\/image\" data-title=\"Imagem\">\n<div class=\"components-resizable-box__container\"><\/div>\n<\/figure>\n\t\t\t\t\t\t<h3 style=\"margin-bottom:20px;display:block;width:100%;margin-top:10px\">maxiPago! <\/h3>\r\n\t\t\t\t\t\t<style>\r\n\t\t\t\t\t#wpsm_accordion_511 .wpsm_panel-heading{\r\npadding:0px !important;\r\n}\r\n#wpsm_accordion_511 .wpsm_panel-title {\r\nmargin:0px !important; \r\ntext-transform:none !important;\r\nline-height: 1 !important;\r\n}\r\n#wpsm_accordion_511 .wpsm_panel-title a{\r\ntext-decoration:none;\r\ncolor:#000000 !important;\r\nfont-size:18px !important;\r\ndisplay:block;\r\npadding:0px;\r\nfont-family: Open Sans !important;\r\npadding-top: 10px;\r\npadding-bottom: 10px;\r\nborder-bottom:1px solid  #ddd !important;\r\n\r\n}\r\n#wpsm_accordion_511 .wpsm_panel-title a:hover,#wpsm_accordion_511 .wpsm_panel-title a:visited, #wpsm_accordion_511 .wpsm_panel-title a:focus {\r\n\tcolor:#000000 !important;\r\n}\r\n#wpsm_accordion_511 .acc-a{\r\n\tcolor: #000000 !important;\r\n\tbackground-color:#ffffff !important;\r\n\tborder-color: #ddd;\r\n}\r\n#wpsm_accordion_511 .wpsm_panel-default > .wpsm_panel-heading{\r\n\tcolor: #000000 !important;\r\n\tbackground-color: #ffffff !important;\r\n\tborder-color: #ffffff !important;\r\n\tborder-top-left-radius: 0px;\r\n\tborder-top-right-radius: 0px;\r\n}\r\n#wpsm_accordion_511 .wpsm_panel-default {\r\n\t\r\n\tborder:1px solid transparent !important;\r\n\r\n\t}\r\n#wpsm_accordion_511 {\r\n\tmargin-bottom: 20px;\r\n\toverflow: hidden;\r\n\tfloat: left;\r\n\twidth: 100%;\r\n\tdisplay: block;\r\n}\r\n#wpsm_accordion_511 .ac_title_class{\r\n\tdisplay: inline-block;\r\n    padding-top: 5px;\r\n    padding-bottom: 5px;\r\n    padding-left: 13px;\r\n    padding-right: 10px;\r\n    border: 0px solid #ddd;\r\n\tfont-size:18px !important;\r\nfont-family: Open Sans !important;\r\n\t\r\n\r\n}\r\n#wpsm_accordion_511  .wpsm_panel {\r\n\toverflow:hidden;\r\n\t-webkit-box-shadow: 0 0px 0px rgba(0, 0, 0, .05);\r\n\tbox-shadow: 0 0px 0px rgba(0, 0, 0, .05);\r\n\t\r\n\t\tborder-radius: 4px;\r\n\t}\r\n#wpsm_accordion_511  .wpsm_panel + .wpsm_panel {\r\n\t\tmargin-top: 5px;\r\n\t}\r\n#wpsm_accordion_511  .wpsm_panel-body{\r\nbackground-color:#ffffff !important;\r\ncolor:#000000 !important;\r\nborder-top-color: #ffffff !important;\r\nfont-size:16px !important;\r\nfont-family: Open Sans !important;\r\noverflow: hidden;\r\n\r\nborder: 0px solid #ddd !important;\r\n\r\nborder-top:0px !important;\r\npadding-left: 60px;\r\n}\r\n\r\n#wpsm_accordion_511 .ac_open_cl_icon{\r\n\tbackground-color:#dd9933;\r\n\tcolor: #ffffff;\r\n\t\r\n     padding-top: 5px; \r\n     padding-bottom: 5px; \r\n\t margin-left:10px;\r\n    line-height: 1.0;\r\n    font-size:18px !important;\r\ntext-align: center !important;\r\n     width: 32px !important;\r\n    display: inline-block;\r\n\t\r\n\t\r\n}\r\n#wpsm_accordion_511 .ac_open_cl_number{\r\n width: 25px !important;\r\n    display: inline-block;\r\n\t margin-left:10px;\r\n\t text-align: center !important;\r\n\t font-size:18px !important;\r\n\r\n}\r\n\r\n\t\t\t\r\n\t\t\t\t\r\n\t\t\t\t\t\r\n\t\t\t<\/style>\r\n\t\t\t<div class=\"wpsm_panel-group\" id=\"wpsm_accordion_511\" >\r\n\t\t\t\t\r\n\t\t\t\t\t\t\r\n\t\t\t\t  <!-- Inner panel Start -->\r\n\t\t\t\t  <div class=\"wpsm_panel wpsm_panel-default\">\r\n\t\t\t\t\t<div class=\"wpsm_panel-heading\" role=\"tab\" >\r\n\t\t\t\t\t  <h4 class=\"wpsm_panel-title\">\r\n\t\t\t\t\t\t<a  class=\"\"  data-toggle=\"collapse\" data-parent=\"\" href=\"#ac_511_collapse1\"  >\r\n\t\t\t\t\t\t\t\t\t\t\t\t\t\t\t<span  class=\"ac_open_cl_icon fa fa-minus\"><\/span>\r\n\t\t\t\t\t\t\t\t\t\t\t\t\t\t\t\t\t\t\t\t\t<span class=\"ac_title_class\">\r\n\t\t\t\t\t\t\t\t\t\t\t\t\t\t\t\t\t\t<span style=\"margin-right:6px;\" class=\"fa fa-laptop\"><\/span>\r\n\t\t\t\t\t\t\t\tA maxiPago! possui SDKs para desenvolvimento?\t\t\t\t\t\t\t<\/span>\r\n\t\t\t\t\t\t<\/a>\r\n\t\t\t\t\t  <\/h4>\r\n\t\t\t\t\t<\/div>\r\n\t\t\t\t\t<div id=\"ac_511_collapse1\" class=\"wpsm_panel-collapse collapse_511 collapse in\"  >\r\n\t\t\t\t\t  <div class=\"wpsm_panel-body\">\r\n\t\t\t\t\t\t<p>A maxiPago! possui um canal  no <a style=\"color: #e06b08;\" href=\"https:\/\/github.com\/maxipago\" target=\"_blank\">github<\/a> onde s\u00e3o disponibilizadas as SDKs e m\u00f3dulos Open Sources.<br>As linguagens dispon\u00edveis s\u00e3o: PHP, JAVA, .NET, RUBY e PYTHON.<\/p>\t\t\t\t\t  <\/div>\r\n\t\t\t\t\t<\/div>\r\n\t\t\t\t  <\/div>\r\n\t\t\t\t   <!-- Inner panel End -->\r\n\t\t\t\t\r\n\t\t\t\t\t\t\r\n\t\t\t\t  <!-- Inner panel Start -->\r\n\t\t\t\t  <div class=\"wpsm_panel wpsm_panel-default\">\r\n\t\t\t\t\t<div class=\"wpsm_panel-heading\" role=\"tab\" >\r\n\t\t\t\t\t  <h4 class=\"wpsm_panel-title\">\r\n\t\t\t\t\t\t<a  class=\"collapsed\"  data-toggle=\"collapse\" data-parent=\"\" href=\"#ac_511_collapse2\"  >\r\n\t\t\t\t\t\t\t\t\t\t\t\t\t\t\t<span  class=\"ac_open_cl_icon fa fa-minus\"><\/span>\r\n\t\t\t\t\t\t\t\t\t\t\t\t\t\t\t\t\t\t\t\t\t<span class=\"ac_title_class\">\r\n\t\t\t\t\t\t\t\t\t\t\t\t\t\t\t\t\t\t<span style=\"margin-right:6px;\" class=\"fa fa-laptop\"><\/span>\r\n\t\t\t\t\t\t\t\tQuais s\u00e3o os m\u00f3dulos OpenSource que a maxiPago! possui?\t\t\t\t\t\t\t<\/span>\r\n\t\t\t\t\t\t<\/a>\r\n\t\t\t\t\t  <\/h4>\r\n\t\t\t\t\t<\/div>\r\n\t\t\t\t\t<div id=\"ac_511_collapse2\" class=\"wpsm_panel-collapse collapse_511 collapse in\"  >\r\n\t\t\t\t\t  <div class=\"wpsm_panel-body\">\r\n\t\t\t\t\t\t<p>A maxiPago! possui os seguintes m\u00f3dulos: <a href=\"https:\/\/github.com\/maxipago\/modulo-magento\" target=\"_blank\" style=\"color: #e06b08;\">Magento<\/a>, <a href=\"https:\/\/github.com\/maxipago\/modulo-prestashop\" target=\"_blank\" style=\"color: #e06b08;\">Prestashop<\/a>, <a href=\"https:\/\/github.com\/maxipago\/modulo-woocommerce\" target=\"_blank\" style=\"color: #e06b08;\">WooCommerce<\/a> e <a href=\"https:\/\/github.com\/maxipago\/modulo-opencart\" target=\"_blank\" style=\"color: #e06b08;\">Opencart<\/a>.<\/p>\t\t\t\t\t  <\/div>\r\n\t\t\t\t\t<\/div>\r\n\t\t\t\t  <\/div>\r\n\t\t\t\t   <!-- Inner panel End -->\r\n\t\t\t\t\r\n\t\t\t\t\t\t\r\n\t\t\t\t  <!-- Inner panel Start -->\r\n\t\t\t\t  <div class=\"wpsm_panel wpsm_panel-default\">\r\n\t\t\t\t\t<div class=\"wpsm_panel-heading\" role=\"tab\" >\r\n\t\t\t\t\t  <h4 class=\"wpsm_panel-title\">\r\n\t\t\t\t\t\t<a  class=\"collapsed\"  data-toggle=\"collapse\" data-parent=\"\" href=\"#ac_511_collapse3\"  >\r\n\t\t\t\t\t\t\t\t\t\t\t\t\t\t\t<span  class=\"ac_open_cl_icon fa fa-minus\"><\/span>\r\n\t\t\t\t\t\t\t\t\t\t\t\t\t\t\t\t\t\t\t\t\t<span class=\"ac_title_class\">\r\n\t\t\t\t\t\t\t\t\t\t\t\t\t\t\t\t\t\t<span style=\"margin-right:6px;\" class=\"fa fa-laptop\"><\/span>\r\n\t\t\t\t\t\t\t\tO que \u00e9 adquirente ?\t\t\t\t\t\t\t<\/span>\r\n\t\t\t\t\t\t<\/a>\r\n\t\t\t\t\t  <\/h4>\r\n\t\t\t\t\t<\/div>\r\n\t\t\t\t\t<div id=\"ac_511_collapse3\" class=\"wpsm_panel-collapse collapse_511 collapse in\"  >\r\n\t\t\t\t\t  <div class=\"wpsm_panel-body\">\r\n\t\t\t\t\t\t<p>Adquirente \u00e9 a empresa respons\u00e1vel pelo processamento do cart\u00e3o e pelo pagamento do valor da compra ao Estabelecimento (ex: Rede, Cielo, Stone, Elavon e GetNet).<\/p>\t\t\t\t\t  <\/div>\r\n\t\t\t\t\t<\/div>\r\n\t\t\t\t  <\/div>\r\n\t\t\t\t   <!-- Inner panel End -->\r\n\t\t\t\t\r\n\t\t\t\t\t\t\r\n\t\t\t\t  <!-- Inner panel Start -->\r\n\t\t\t\t  <div class=\"wpsm_panel wpsm_panel-default\">\r\n\t\t\t\t\t<div class=\"wpsm_panel-heading\" role=\"tab\" >\r\n\t\t\t\t\t  <h4 class=\"wpsm_panel-title\">\r\n\t\t\t\t\t\t<a  class=\"collapsed\"  data-toggle=\"collapse\" data-parent=\"\" href=\"#ac_511_collapse4\"  >\r\n\t\t\t\t\t\t\t\t\t\t\t\t\t\t\t<span  class=\"ac_open_cl_icon fa fa-minus\"><\/span>\r\n\t\t\t\t\t\t\t\t\t\t\t\t\t\t\t\t\t\t\t\t\t<span class=\"ac_title_class\">\r\n\t\t\t\t\t\t\t\t\t\t\t\t\t\t\t\t\t\t<span style=\"margin-right:6px;\" class=\"fa fa-laptop\"><\/span>\r\n\t\t\t\t\t\t\t\tQuais as adquirentes s\u00e3o aceitas pela maxiPago! ?\t\t\t\t\t\t\t<\/span>\r\n\t\t\t\t\t\t<\/a>\r\n\t\t\t\t\t  <\/h4>\r\n\t\t\t\t\t<\/div>\r\n\t\t\t\t\t<div id=\"ac_511_collapse4\" class=\"wpsm_panel-collapse collapse_511 collapse in\"  >\r\n\t\t\t\t\t  <div class=\"wpsm_panel-body\">\r\n\t\t\t\t\t\t<p>Atualmente a maxiPago! trabalha com as adquirentes Rede, Cielo, Stone, Elavon e GetNet. <br>Para maiores informa\u00e7\u00f5es, consulte o nosso <a href=\"http:\/\/www.maxipago.com\/docs\/maxiPago_Guia_de_Afiliacoes.pdf\" target=\"_blank\" style=\"color: #e06b08;\")>Guia de Afilia\u00e7\u00f5es<\/a>.<\/p>\t\t\t\t\t  <\/div>\r\n\t\t\t\t\t<\/div>\r\n\t\t\t\t  <\/div>\r\n\t\t\t\t   <!-- Inner panel End -->\r\n\t\t\t\t\r\n\t\t\t\t\t\t\r\n\t\t\t\t  <!-- Inner panel Start -->\r\n\t\t\t\t  <div class=\"wpsm_panel wpsm_panel-default\">\r\n\t\t\t\t\t<div class=\"wpsm_panel-heading\" role=\"tab\" >\r\n\t\t\t\t\t  <h4 class=\"wpsm_panel-title\">\r\n\t\t\t\t\t\t<a  class=\"collapsed\"  data-toggle=\"collapse\" data-parent=\"\" href=\"#ac_511_collapse5\"  >\r\n\t\t\t\t\t\t\t\t\t\t\t\t\t\t\t<span  class=\"ac_open_cl_icon fa fa-minus\"><\/span>\r\n\t\t\t\t\t\t\t\t\t\t\t\t\t\t\t\t\t\t\t\t\t<span class=\"ac_title_class\">\r\n\t\t\t\t\t\t\t\t\t\t\t\t\t\t\t\t\t\t<span style=\"margin-right:6px;\" class=\"fa fa-laptop\"><\/span>\r\n\t\t\t\t\t\t\t\tQual a fun\u00e7\u00e3o da bandeira de cart\u00e3o ?\t\t\t\t\t\t\t<\/span>\r\n\t\t\t\t\t\t<\/a>\r\n\t\t\t\t\t  <\/h4>\r\n\t\t\t\t\t<\/div>\r\n\t\t\t\t\t<div id=\"ac_511_collapse5\" class=\"wpsm_panel-collapse collapse_511 collapse in\"  >\r\n\t\t\t\t\t  <div class=\"wpsm_panel-body\">\r\n\t\t\t\t\t\t<p>Bandeira \u00e9 a empresa que licencia o seu nome para a emiss\u00e3o de cart\u00f5es. Ela \u00e9 a \"marca\" do cart\u00e3o (ex: Visa, Mastercard, Diners).<\/p>\t\t\t\t\t  <\/div>\r\n\t\t\t\t\t<\/div>\r\n\t\t\t\t  <\/div>\r\n\t\t\t\t   <!-- Inner panel End -->\r\n\t\t\t\t\r\n\t\t\t\t\t\t\r\n\t\t\t\t  <!-- Inner panel Start -->\r\n\t\t\t\t  <div class=\"wpsm_panel wpsm_panel-default\">\r\n\t\t\t\t\t<div class=\"wpsm_panel-heading\" role=\"tab\" >\r\n\t\t\t\t\t  <h4 class=\"wpsm_panel-title\">\r\n\t\t\t\t\t\t<a  class=\"collapsed\"  data-toggle=\"collapse\" data-parent=\"\" href=\"#ac_511_collapse6\"  >\r\n\t\t\t\t\t\t\t\t\t\t\t\t\t\t\t<span  class=\"ac_open_cl_icon fa fa-minus\"><\/span>\r\n\t\t\t\t\t\t\t\t\t\t\t\t\t\t\t\t\t\t\t\t\t<span class=\"ac_title_class\">\r\n\t\t\t\t\t\t\t\t\t\t\t\t\t\t\t\t\t\t<span style=\"margin-right:6px;\" class=\"fa fa-laptop\"><\/span>\r\n\t\t\t\t\t\t\t\tQual a fun\u00e7\u00e3o do emissor de cart\u00e3o ?\t\t\t\t\t\t\t<\/span>\r\n\t\t\t\t\t\t<\/a>\r\n\t\t\t\t\t  <\/h4>\r\n\t\t\t\t\t<\/div>\r\n\t\t\t\t\t<div id=\"ac_511_collapse6\" class=\"wpsm_panel-collapse collapse_511 collapse in\"  >\r\n\t\t\t\t\t  <div class=\"wpsm_panel-body\">\r\n\t\t\t\t\t\t<p>Emissor de cart\u00e3o \u00e9 o banco respons\u00e1vel por verificar se o Portador possui limite de cr\u00e9dito para fazer aquela compra. (ex.: Ita\u00fa, Bradesco, HSBC).<\/p>\r\n\t\t\t\t\t  <\/div>\r\n\t\t\t\t\t<\/div>\r\n\t\t\t\t  <\/div>\r\n\t\t\t\t   <!-- Inner panel End -->\r\n\t\t\t\t\r\n\t\t\t\t\t\t\r\n\t\t\t\t  <!-- Inner panel Start -->\r\n\t\t\t\t  <div class=\"wpsm_panel wpsm_panel-default\">\r\n\t\t\t\t\t<div class=\"wpsm_panel-heading\" role=\"tab\" >\r\n\t\t\t\t\t  <h4 class=\"wpsm_panel-title\">\r\n\t\t\t\t\t\t<a  class=\"collapsed\"  data-toggle=\"collapse\" data-parent=\"\" href=\"#ac_511_collapse7\"  >\r\n\t\t\t\t\t\t\t\t\t\t\t\t\t\t\t<span  class=\"ac_open_cl_icon fa fa-minus\"><\/span>\r\n\t\t\t\t\t\t\t\t\t\t\t\t\t\t\t\t\t\t\t\t\t<span class=\"ac_title_class\">\r\n\t\t\t\t\t\t\t\t\t\t\t\t\t\t\t\t\t\t<span style=\"margin-right:6px;\" class=\"fa fa-laptop\"><\/span>\r\n\t\t\t\t\t\t\t\tO que seria uma integra\u00e7\u00e3o via API ?\t\t\t\t\t\t\t<\/span>\r\n\t\t\t\t\t\t<\/a>\r\n\t\t\t\t\t  <\/h4>\r\n\t\t\t\t\t<\/div>\r\n\t\t\t\t\t<div id=\"ac_511_collapse7\" class=\"wpsm_panel-collapse collapse_511 collapse in\"  >\r\n\t\t\t\t\t  <div class=\"wpsm_panel-body\">\r\n\t\t\t\t\t\t<p>A principal caracter\u00edstica da integra\u00e7\u00e3o via API \u00e9 que os dados de pagamentos s\u00e3o informados no site do estabelecimento e ent\u00e3o enviados para a maxiPago!. Nesse processo n\u00e3o h\u00e1 exist\u00eancia de pop-up ou redirecionamentos.<\/p>\t\t\t\t\t  <\/div>\r\n\t\t\t\t\t<\/div>\r\n\t\t\t\t  <\/div>\r\n\t\t\t\t   <!-- Inner panel End -->\r\n\t\t\t\t\r\n\t\t\t\t\t\t\r\n\t\t\t\t  <!-- Inner panel Start -->\r\n\t\t\t\t  <div class=\"wpsm_panel wpsm_panel-default\">\r\n\t\t\t\t\t<div class=\"wpsm_panel-heading\" role=\"tab\" >\r\n\t\t\t\t\t  <h4 class=\"wpsm_panel-title\">\r\n\t\t\t\t\t\t<a  class=\"collapsed\"  data-toggle=\"collapse\" data-parent=\"\" href=\"#ac_511_collapse8\"  >\r\n\t\t\t\t\t\t\t\t\t\t\t\t\t\t\t<span  class=\"ac_open_cl_icon fa fa-minus\"><\/span>\r\n\t\t\t\t\t\t\t\t\t\t\t\t\t\t\t\t\t\t\t\t\t<span class=\"ac_title_class\">\r\n\t\t\t\t\t\t\t\t\t\t\t\t\t\t\t\t\t\t<span style=\"margin-right:6px;\" class=\"fa fa-laptop\"><\/span>\r\n\t\t\t\t\t\t\t\tO que seria uma integra\u00e7\u00e3o via smartPage! ?\t\t\t\t\t\t\t<\/span>\r\n\t\t\t\t\t\t<\/a>\r\n\t\t\t\t\t  <\/h4>\r\n\t\t\t\t\t<\/div>\r\n\t\t\t\t\t<div id=\"ac_511_collapse8\" class=\"wpsm_panel-collapse collapse_511 collapse in\"  >\r\n\t\t\t\t\t  <div class=\"wpsm_panel-body\">\r\n\t\t\t\t\t\t<p>Na integra\u00e7\u00e3o smartPage!, o comprador ap\u00f3s finalizar o pedido \u00e9 redirecionado para o nosso ambiente e nesse ambiente ele informa os dados do cart\u00e3o de cr\u00e9dito para realizar o pagamento. O redirecionamento pode ocorrer via lightbox, iframe e ainda via redirect (podendo ser aberto na mesma janela, nova janela ou via nova guia).<\/p>\t\t\t\t\t  <\/div>\r\n\t\t\t\t\t<\/div>\r\n\t\t\t\t  <\/div>\r\n\t\t\t\t   <!-- Inner panel End -->\r\n\t\t\t\t\r\n\t\t\t\t\t\t\r\n\t\t\t\t  <!-- Inner panel Start -->\r\n\t\t\t\t  <div class=\"wpsm_panel wpsm_panel-default\">\r\n\t\t\t\t\t<div class=\"wpsm_panel-heading\" role=\"tab\" >\r\n\t\t\t\t\t  <h4 class=\"wpsm_panel-title\">\r\n\t\t\t\t\t\t<a  class=\"collapsed\"  data-toggle=\"collapse\" data-parent=\"\" href=\"#ac_511_collapse9\"  >\r\n\t\t\t\t\t\t\t\t\t\t\t\t\t\t\t<span  class=\"ac_open_cl_icon fa fa-minus\"><\/span>\r\n\t\t\t\t\t\t\t\t\t\t\t\t\t\t\t\t\t\t\t\t\t<span class=\"ac_title_class\">\r\n\t\t\t\t\t\t\t\t\t\t\t\t\t\t\t\t\t\t<span style=\"margin-right:6px;\" class=\"fa fa-laptop\"><\/span>\r\n\t\t\t\t\t\t\t\tA maxiPago! disponibiliza plugin para a plataforma Magento ?\t\t\t\t\t\t\t<\/span>\r\n\t\t\t\t\t\t<\/a>\r\n\t\t\t\t\t  <\/h4>\r\n\t\t\t\t\t<\/div>\r\n\t\t\t\t\t<div id=\"ac_511_collapse9\" class=\"wpsm_panel-collapse collapse_511 collapse in\"  >\r\n\t\t\t\t\t  <div class=\"wpsm_panel-body\">\r\n\t\t\t\t\t\t<p>Sim, n\u00f3s disponibilizamos plugin para a plataforma Magento atrav\u00e9s do nosso canal do GitHub. Para acess\u00e1-lo <a href=\"https:\/\/github.com\/maxipago\/modulo-magento\" target=\"_blank\" style=\"color: #e06b08;\")>clique aqui<\/a>. <\/p>\t\t\t\t\t  <\/div>\r\n\t\t\t\t\t<\/div>\r\n\t\t\t\t  <\/div>\r\n\t\t\t\t   <!-- Inner panel End -->\r\n\t\t\t\t\r\n\t\t\t\t\t\t\r\n\t\t\t\t  <!-- Inner panel Start -->\r\n\t\t\t\t  <div class=\"wpsm_panel wpsm_panel-default\">\r\n\t\t\t\t\t<div class=\"wpsm_panel-heading\" role=\"tab\" >\r\n\t\t\t\t\t  <h4 class=\"wpsm_panel-title\">\r\n\t\t\t\t\t\t<a  class=\"collapsed\"  data-toggle=\"collapse\" data-parent=\"\" href=\"#ac_511_collapse10\"  >\r\n\t\t\t\t\t\t\t\t\t\t\t\t\t\t\t<span  class=\"ac_open_cl_icon fa fa-minus\"><\/span>\r\n\t\t\t\t\t\t\t\t\t\t\t\t\t\t\t\t\t\t\t\t\t<span class=\"ac_title_class\">\r\n\t\t\t\t\t\t\t\t\t\t\t\t\t\t\t\t\t\t<span style=\"margin-right:6px;\" class=\"fa fa-laptop\"><\/span>\r\n\t\t\t\t\t\t\t\tN\u00e3o consigo desbloquear o meu login administrador de acesso ao portal da maxiPago!, o que devo fazer ?\t\t\t\t\t\t\t<\/span>\r\n\t\t\t\t\t\t<\/a>\r\n\t\t\t\t\t  <\/h4>\r\n\t\t\t\t\t<\/div>\r\n\t\t\t\t\t<div id=\"ac_511_collapse10\" class=\"wpsm_panel-collapse collapse_511 collapse in\"  >\r\n\t\t\t\t\t  <div class=\"wpsm_panel-body\">\r\n\t\t\t\t\t\t<p>Encaminhe um e-mail para o suporte@maxipago.com solicitando o reset de senha e informe o Merchant ID da loja, que se refere ao c\u00f3digo de identifica\u00e7\u00e3o da loja dentro da maxiPago!. Lembrando que conseguimos efetuar o reset apenas do login administrador.<\/p>\t\t\t\t\t  <\/div>\r\n\t\t\t\t\t<\/div>\r\n\t\t\t\t  <\/div>\r\n\t\t\t\t   <!-- Inner panel End -->\r\n\t\t\t\t\r\n\t\t\t\t\t\t\r\n\t\t\t\t  <!-- Inner panel Start -->\r\n\t\t\t\t  <div class=\"wpsm_panel wpsm_panel-default\">\r\n\t\t\t\t\t<div class=\"wpsm_panel-heading\" role=\"tab\" >\r\n\t\t\t\t\t  <h4 class=\"wpsm_panel-title\">\r\n\t\t\t\t\t\t<a  class=\"collapsed\"  data-toggle=\"collapse\" data-parent=\"\" href=\"#ac_511_collapse11\"  >\r\n\t\t\t\t\t\t\t\t\t\t\t\t\t\t\t<span  class=\"ac_open_cl_icon fa fa-minus\"><\/span>\r\n\t\t\t\t\t\t\t\t\t\t\t\t\t\t\t\t\t\t\t\t\t<span class=\"ac_title_class\">\r\n\t\t\t\t\t\t\t\t\t\t\t\t\t\t\t\t\t\t<span style=\"margin-right:6px;\" class=\"fa fa-laptop\"><\/span>\r\n\t\t\t\t\t\t\t\tA maxiPago! possui integra\u00e7\u00e3o com antifraude ?\t\t\t\t\t\t\t<\/span>\r\n\t\t\t\t\t\t<\/a>\r\n\t\t\t\t\t  <\/h4>\r\n\t\t\t\t\t<\/div>\r\n\t\t\t\t\t<div id=\"ac_511_collapse11\" class=\"wpsm_panel-collapse collapse_511 collapse in\"  >\r\n\t\t\t\t\t  <div class=\"wpsm_panel-body\">\r\n\t\t\t\t\t\t<p>Atualmente possu\u00edmos integra\u00e7\u00e3o com as ferramentas de antifraude Kount e ClearSale e para a sua utiliza\u00e7\u00e3o \u00e9 necess\u00e1rio a contrata\u00e7\u00e3o do servi\u00e7o atrav\u00e9s da nossa equipe comercial. Para maiores informa\u00e7\u00f5es, encaminhe e-mail para o nosso comercial <a href=\"mailto:comercial@maxipago.com?Subject=Interesse%20na%20solu\u00e7\u00e3o%20de%20antifraude\" style=\"color: #e06b08;\">(comercial@maxipago.com<\/a>).<\/p>\t\t\t\t\t  <\/div>\r\n\t\t\t\t\t<\/div>\r\n\t\t\t\t  <\/div>\r\n\t\t\t\t   <!-- Inner panel End -->\r\n\t\t\t\t\r\n\t\t\t\t\t\t\r\n\t\t\t\t  <!-- Inner panel Start -->\r\n\t\t\t\t  <div class=\"wpsm_panel wpsm_panel-default\">\r\n\t\t\t\t\t<div class=\"wpsm_panel-heading\" role=\"tab\" >\r\n\t\t\t\t\t  <h4 class=\"wpsm_panel-title\">\r\n\t\t\t\t\t\t<a  class=\"collapsed\"  data-toggle=\"collapse\" data-parent=\"\" href=\"#ac_511_collapse12\"  >\r\n\t\t\t\t\t\t\t\t\t\t\t\t\t\t\t<span  class=\"ac_open_cl_icon fa fa-minus\"><\/span>\r\n\t\t\t\t\t\t\t\t\t\t\t\t\t\t\t\t\t\t\t\t\t<span class=\"ac_title_class\">\r\n\t\t\t\t\t\t\t\t\t\t\t\t\t\t\t\t\t\t<span style=\"margin-right:6px;\" class=\"fa fa-laptop\"><\/span>\r\n\t\t\t\t\t\t\t\tEsqueci minha Chave de Loja\/Merchant Key\t\t\t\t\t\t\t<\/span>\r\n\t\t\t\t\t\t<\/a>\r\n\t\t\t\t\t  <\/h4>\r\n\t\t\t\t\t<\/div>\r\n\t\t\t\t\t<div id=\"ac_511_collapse12\" class=\"wpsm_panel-collapse collapse_511 collapse in\"  >\r\n\t\t\t\t\t  <div class=\"wpsm_panel-body\">\r\n\t\t\t\t\t\tSe voc\u00ea esqueceu sua Chave de Estabelecimento\/Merchant Key siga o passo a passo abaixo para recuperar:\r\n1. Acesse o Portal Maxipago com suas credencias (apenas dispon\u00edvel para perfil SuperUser - primeiro usu\u00e1rio criado no momento do credenciamento)\r\n\r\nLogin Portal\r\n<div class=\"mceTemp\">\u00a0<\/div>\r\n2. Acesse a aba: Admin \u2013 no menu superior (apenas dispon\u00edvel para perfil SuperUser - primeiro usu\u00e1rio criado no momento do credenciamento)\r\n\r\nO atributo alt desta imagem est\u00e1 vazio. O nome do arquivo \u00e9 tela_portal_2.jpg\r\n3. Acesse a aba: Dados da Loja \u2013 no menu lateral esquerdo e a informa\u00e7\u00e3o da Chave da Loja estar\u00e1 vis\u00edvel (apenas dispon\u00edvel para perfil SuperUser - primeiro usu\u00e1rio criado no momento do credenciamento)\r\nO atributo alt desta imagem est\u00e1 vazio. O nome do arquivo \u00e9 mascarado-1.png\t\t\t\t\t  <\/div>\r\n\t\t\t\t\t<\/div>\r\n\t\t\t\t  <\/div>\r\n\t\t\t\t   <!-- Inner panel End -->\r\n\t\t\t\t\r\n\t\t\t\t\t\t<\/div>\r\n\t\t\t\t<script>\r\n\tjQuery(document).ready(function() {\r\n\t\t\r\n\t\t\tjQuery('.collapse_511').on('shown.bs.collapse', function(){jQuery(this).parent().find(\".fa-plus\").removeClass(\"fa-minus\").addClass(\"fa-minus\"); jQuery(this).parent().find(\".wpsm_panel-heading\").addClass(\"acc-a\"); }).on('hidden.bs.collapse', function(){jQuery(this).parent().find(\".fa-minus\").removeClass(\"fa-minus\").addClass(\"fa-plus\"); jQuery(this).parent().find(\".wpsm_panel-heading\").removeClass(\"acc-a\");});\r\n\t\t\r\n\t\t});\r\n\t<\/script>\r\n\t\t\n","protected":false},"excerpt":{"rendered":"<p>Perguntas Frequentes<\/p>\n","protected":false},"author":1,"featured_media":0,"parent":9,"menu_order":0,"comment_status":"closed","ping_status":"closed","template":"","meta":{"spay_email":"","footnotes":""},"yoast_head":"<!-- This site is optimized with the Yoast SEO plugin v16.2 - https:\/\/yoast.com\/wordpress\/plugins\/seo\/ -->\n<title>Perguntas Frequentes - Gateway Rede! Developers<\/title>\n<meta name=\"robots\" content=\"noindex, follow, max-snippet:-1, max-image-preview:large, max-video-preview:-1\" \/>\n<meta property=\"og:locale\" content=\"pt_BR\" \/>\n<meta property=\"og:type\" content=\"article\" \/>\n<meta property=\"og:title\" content=\"Perguntas Frequentes - Gateway Rede! Developers\" \/>\n<meta property=\"og:description\" content=\"Perguntas Frequentes\" \/>\n<meta property=\"og:url\" content=\"https:\/\/www.maxipago.com\/developers\/suporte\/perguntas-frequentes\/\" \/>\n<meta property=\"og:site_name\" content=\"Gateway Rede! Developers\" \/>\n<meta property=\"article:publisher\" content=\"https:\/\/www.facebook.com\/maxiPago-193308344142172\/?fref=ts\" \/>\n<meta property=\"article:modified_time\" content=\"2023-05-15T19:45:04+00:00\" \/>\n<meta name=\"twitter:card\" content=\"summary\" \/>\n<meta name=\"twitter:label1\" content=\"Est. tempo de leitura\">\n\t<meta name=\"twitter:data1\" content=\"1 minuto\">\n<script type=\"application\/ld+json\" class=\"yoast-schema-graph\">{\"@context\":\"https:\/\/schema.org\",\"@graph\":[{\"@type\":\"WebSite\",\"@id\":\"https:\/\/www.maxipago.com\/developers\/#website\",\"url\":\"https:\/\/www.maxipago.com\/developers\/\",\"name\":\"Gateway Rede! Developers\",\"description\":\"Portal de Desenvolvedores - Gateway Rede!\",\"potentialAction\":[{\"@type\":\"SearchAction\",\"target\":\"https:\/\/www.maxipago.com\/developers\/?s={search_term_string}\",\"query-input\":\"required name=search_term_string\"}],\"inLanguage\":\"pt-BR\"},{\"@type\":\"WebPage\",\"@id\":\"https:\/\/www.maxipago.com\/developers\/suporte\/perguntas-frequentes\/#webpage\",\"url\":\"https:\/\/www.maxipago.com\/developers\/suporte\/perguntas-frequentes\/\",\"name\":\"Perguntas Frequentes - Gateway Rede! Developers\",\"isPartOf\":{\"@id\":\"https:\/\/www.maxipago.com\/developers\/#website\"},\"datePublished\":\"2017-02-06T16:10:02+00:00\",\"dateModified\":\"2023-05-15T19:45:04+00:00\",\"breadcrumb\":{\"@id\":\"https:\/\/www.maxipago.com\/developers\/suporte\/perguntas-frequentes\/#breadcrumb\"},\"inLanguage\":\"pt-BR\",\"potentialAction\":[{\"@type\":\"ReadAction\",\"target\":[\"https:\/\/www.maxipago.com\/developers\/suporte\/perguntas-frequentes\/\"]}]},{\"@type\":\"BreadcrumbList\",\"@id\":\"https:\/\/www.maxipago.com\/developers\/suporte\/perguntas-frequentes\/#breadcrumb\",\"itemListElement\":[{\"@type\":\"ListItem\",\"position\":1,\"item\":{\"@type\":\"WebPage\",\"@id\":\"https:\/\/www.maxipago.com\/developers\/\",\"url\":\"https:\/\/www.maxipago.com\/developers\/\",\"name\":\"In\\u00edcio\"}},{\"@type\":\"ListItem\",\"position\":2,\"item\":{\"@type\":\"WebPage\",\"@id\":\"https:\/\/www.maxipago.com\/developers\/suporte\/\",\"url\":\"https:\/\/www.maxipago.com\/developers\/suporte\/\",\"name\":\"Suporte\"}},{\"@type\":\"ListItem\",\"position\":3,\"item\":{\"@id\":\"https:\/\/www.maxipago.com\/developers\/suporte\/perguntas-frequentes\/#webpage\"}}]}]}<\/script>\n<!-- \/ Yoast SEO plugin. -->","_links":{"self":[{"href":"https:\/\/www.maxipago.com\/developers\/wp-json\/wp\/v2\/pages\/34"}],"collection":[{"href":"https:\/\/www.maxipago.com\/developers\/wp-json\/wp\/v2\/pages"}],"about":[{"href":"https:\/\/www.maxipago.com\/developers\/wp-json\/wp\/v2\/types\/page"}],"author":[{"embeddable":true,"href":"https:\/\/www.maxipago.com\/developers\/wp-json\/wp\/v2\/users\/1"}],"replies":[{"embeddable":true,"href":"https:\/\/www.maxipago.com\/developers\/wp-json\/wp\/v2\/comments?post=34"}],"version-history":[{"count":8,"href":"https:\/\/www.maxipago.com\/developers\/wp-json\/wp\/v2\/pages\/34\/revisions"}],"predecessor-version":[{"id":3564,"href":"https:\/\/www.maxipago.com\/developers\/wp-json\/wp\/v2\/pages\/34\/revisions\/3564"}],"up":[{"embeddable":true,"href":"https:\/\/www.maxipago.com\/developers\/wp-json\/wp\/v2\/pages\/9"}],"wp:attachment":[{"href":"https:\/\/www.maxipago.com\/developers\/wp-json\/wp\/v2\/media?parent=34"}],"curies":[{"name":"wp","href":"https:\/\/api.w.org\/{rel}","templated":true}]}}