{"id":3400,"date":"2023-04-25T15:43:15","date_gmt":"2023-04-25T18:43:15","guid":{"rendered":"https:\/\/www.maxipago.com\/developers\/?page_id=3400"},"modified":"2025-04-04T11:16:42","modified_gmt":"2025-04-04T14:16:42","slug":"mcc-dinamico-facilitadores-de-pagamento","status":"publish","type":"page","link":"https:\/\/www.maxipago.com\/developers\/mcc-dinamico-facilitadores-de-pagamento\/","title":{"rendered":"MCC din\u00e2mico \u2013 Facilitadores de pagamento"},"content":{"rendered":"\n<p>Todos os clientes de E-Commerce que s\u00e3o Facilitadores de Pagamento (ex. Subadquirente), por determina\u00e7\u00e3o das bandeiras e do Banco Central dever\u00e3o enviar dados referentes aos seus sub credenciados em cada requisi\u00e7\u00e3o transacional.<\/p>\n\n\n\n<p>O objeto <strong>&#8220;item&#8221; <\/strong>possibilita o envio de informa\u00e7\u00e3o de sub credenciados. Al\u00e9m dos campos deste objeto, os facilitadores tamb\u00e9m precisam enviar obrigatoriamente o campo <strong>&#8220;softDescriptor&#8221;<\/strong> do objeto Payment e o campo <strong>&#8220;paymentFacilitatorID&#8221; <\/strong>do objeto<strong> <\/strong>sale.<\/p>\n\n\n\n<hr class=\"wp-block-separator has-css-opacity\"\/>\n\n\n\n<h4 class=\"wp-block-heading\"><strong><span class=\"has-inline-color has-colibri-color-2-color\">URLs pra realizar a transa\u00e7\u00e3o<\/span><\/strong><\/h4>\n\n\n\n<p><strong>SANDBOX<\/strong>: https:\/\/testapi.maxipago.net\/UniversalAPI\/postXML<\/p>\n\n\n\n<p><strong>PRODU\u00c7\u00c3O<\/strong>: https:\/\/api.maxipago.net\/UniversalAPI\/postXML<\/p>\n\n\n\n<hr class=\"wp-block-separator has-css-opacity\"\/>\n\n\n\n<p style=\"font-size:17px\"><strong><span class=\"has-inline-color has-colibri-color-2-color\">Aten\u00e7\u00e3o: S\u00f3 dispon\u00edvel para transa\u00e7\u00f5es realizadas na adquirente e.Rede<\/span><\/strong><\/p>\n\n\n\n<p>Veja a seguir o exemplo da requisi\u00e7\u00e3o:<\/p>\n\n\n\n<pre class=\"EnlighterJSRAW\" data-enlighter-language=\"generic\" data-enlighter-theme=\"\" data-enlighter-highlight=\"\" data-enlighter-linenumbers=\"\" data-enlighter-lineoffset=\"\" data-enlighter-title=\"\" data-enlighter-group=\"\">&lt;?xml version=\"1.0\" encoding=\"UTF-8\" ?>\n&lt;transaction-request>\n\t&lt;version>3.1.1.15&lt;\/version>\n\t&lt;verification>\n\t\t&lt;merchantId>xxxx&lt;\/merchantId>\n\t\t&lt;merchantKey>xxxx&lt;\/merchantKey>\n\t&lt;\/verification>\n\t&lt;order>\n\t\t&lt;sale>\n\t\t\t&lt;processorID>6&lt;\/processorID>\n\t\t\t&lt;fraudCheck>N&lt;\/fraudCheck>\n\t\t\t&lt;referenceNum>2009171040&lt;\/referenceNum>\n\t\t\t&lt;paymentFacilitatorID>249171&lt;\/paymentFacilitatorID>\n\t\t\t&lt;independentSalesOrganizationID>1234567&lt;\/independentSalesOrganizationID>\n\t\t\t&lt;ipAddress>127.0.0.1&lt;\/ipAddress>\n\t\t\t&lt;transactionDetail>\n\t\t\t\t&lt;payType>\n\t\t\t\t\t&lt;creditCard>\n\t\t\t\t\t\t&lt;number>347386319238452&lt;\/number>\n\t\t\t\t\t\t&lt;expMonth>12&lt;\/expMonth>\n\t\t\t\t\t\t&lt;expYear>23&lt;\/expYear>\n\t\t\t\t\t\t&lt;cvvNumber>699&lt;\/cvvNumber>\n\t\t\t\t\t\t&lt;eci>07&lt;\/eci>\n\t\t\t\t\t&lt;\/creditCard>\n\t\t\t\t&lt;\/payType>\n\t\t\t&lt;\/transactionDetail>\n\t\t\t&lt;payment>\n\t\t\t\t&lt;chargeTotal>100.00&lt;\/chargeTotal>\n\t\t\t\t&lt;currencyCode>BRL&lt;\/currencyCode>\n\t\t\t\t&lt;softDescriptor>softDescriptorTest&lt;\/softDescriptor>\n\t\t\t&lt;\/payment>\n\t\t\t&lt;itemList itemCount='1'>\n\t\t\t\t&lt;item>\n\t\t\t\t\t&lt;itemIndex>1&lt;\/itemIndex>\n\t\t\t\t\t&lt;sellerMcc>1342&lt;\/sellerMcc>\n\t\t\t\t\t&lt;sellerId>a1234&lt;\/sellerId>\n\t\t\t\t\t&lt;sellerAddress>Teste endere\u00e7o&lt;\/sellerAddress>\n\t\t\t\t\t&lt;sellerCity>Teste cidade&lt;\/sellerCity>\n\t\t\t\t\t&lt;sellerState>SP&lt;\/sellerState>\n\t\t\t\t\t&lt;sellerCountry>BR&lt;\/sellerCountry>\n\t\t\t\t\t&lt;sellerCep>10948876&lt;\/sellerCep>\n\t\t\t\t\t&lt;sellerTaxId>12345678901234&lt;\/sellerTaxId>\n\t\t\t\t\t&lt;sellerTaxIdName>Nome do Estabelecimento&lt;\/sellerTaxIdName>\n\t\t\t\t&lt;\/item>\n\t\t\t&lt;\/itemList>\n\t\t\t&lt;customerIdExt>1234&lt;\/customerIdExt>\n\t\t&lt;\/sale>\n\t&lt;\/order>\n&lt;\/transaction-request><\/pre>\n\n\n\n<div id=\"footable_parent_3403\"\n         class=\" footable_parent ninja_table_wrapper loading_ninja_table wp_table_data_press_parent semantic_ui \">\n                <table data-ninja_table_instance=\"ninja_table_instance_0\" data-footable_id=\"3403\" data-filter-delay=\"1000\" aria-label=\"Tabela de MCC Din\u00e2mico\"            id=\"footable_3403\"\n           data-unique_identifier=\"ninja_table_unique_id_1177138302_3403\"\n           class=\" foo-table ninja_footable foo_table_3403 ninja_table_unique_id_1177138302_3403 ui table  nt_type_ajax_table selectable celled striped compact  footable-paging-right ninja_table_search_disabled\">\n                <colgroup>\n                            <col class=\"ninja_column_0 \">\n                            <col class=\"ninja_column_1 \">\n                            <col class=\"ninja_column_2 \">\n                            <col class=\"ninja_column_3 \">\n                    <\/colgroup>\n            <\/table>\n                    <style type=\"text\/css\" id='ninja_table_custom_css_3403'>\n                        #footable_3403  {\n        font-family: inherit;\n        font-size: 14px;\n    }\n\n                <\/style>\n                \n    \n    \n<\/div>\n\n\n\n\n<hr class=\"wp-block-separator has-css-opacity\"\/>\n\n\n\n<h4 class=\"wp-block-heading\"><strong><span class=\"has-inline-color has-colibri-color-2-color\">Libera\u00e7\u00e3o dos IP\u00b4s maxiPago!<\/span><\/strong><\/h4>\n\n\n\n<p>Algumas empresas necessitam dos IP\u00b4s de sa\u00edda da maxiPago!. Recomendamos a verifica\u00e7\u00e3o dessa permiss\u00e3o utilizando os IPs abaixo:<\/p>\n\n\n\n<ul>\n<li><strong>52.207.83.230<\/strong><\/li>\n\n\n\n<li><strong>54.237.160.163<\/strong><\/li>\n<\/ul>\n","protected":false},"excerpt":{"rendered":"<p>Todos os clientes de E-Commerce que s\u00e3o Facilitadores de Pagamento (ex. Subadquirente), por determina\u00e7\u00e3o das bandeiras e do Banco Central dever\u00e3o enviar dados referentes aos seus sub credenciados em cada requisi\u00e7\u00e3o transacional. O objeto &#8220;item&#8221; possibilita o envio de informa\u00e7\u00e3o de sub credenciados. Al\u00e9m dos campos deste objeto, os facilitadores tamb\u00e9m precisam enviar obrigatoriamente o [&hellip;]<\/p>\n","protected":false},"author":16,"featured_media":0,"parent":0,"menu_order":0,"comment_status":"closed","ping_status":"closed","template":"","meta":{"spay_email":"","footnotes":""},"yoast_head":"<!-- This site is optimized with the Yoast SEO plugin v16.2 - https:\/\/yoast.com\/wordpress\/plugins\/seo\/ -->\n<title>MCC din\u00e2mico \u2013 Facilitadores de pagamento - Gateway Rede! Developers<\/title>\n<meta name=\"robots\" content=\"noindex, follow, max-snippet:-1, max-image-preview:large, max-video-preview:-1\" \/>\n<meta property=\"og:locale\" content=\"pt_BR\" \/>\n<meta property=\"og:type\" content=\"article\" \/>\n<meta property=\"og:title\" content=\"MCC din\u00e2mico \u2013 Facilitadores de pagamento - Gateway Rede! Developers\" \/>\n<meta property=\"og:description\" content=\"Todos os clientes de E-Commerce que s\u00e3o Facilitadores de Pagamento (ex. Subadquirente), por determina\u00e7\u00e3o das bandeiras e do Banco Central dever\u00e3o enviar dados referentes aos seus sub credenciados em cada requisi\u00e7\u00e3o transacional. O objeto &#8220;item&#8221; possibilita o envio de informa\u00e7\u00e3o de sub credenciados. Al\u00e9m dos campos deste objeto, os facilitadores tamb\u00e9m precisam enviar obrigatoriamente o [&hellip;]\" \/>\n<meta property=\"og:url\" content=\"https:\/\/www.maxipago.com\/developers\/mcc-dinamico-facilitadores-de-pagamento\/\" \/>\n<meta property=\"og:site_name\" content=\"Gateway Rede! Developers\" \/>\n<meta property=\"article:publisher\" content=\"https:\/\/www.facebook.com\/maxiPago-193308344142172\/?fref=ts\" \/>\n<meta property=\"article:modified_time\" content=\"2025-04-04T14:16:42+00:00\" \/>\n<meta name=\"twitter:card\" content=\"summary\" \/>\n<meta name=\"twitter:label1\" content=\"Est. tempo de leitura\">\n\t<meta name=\"twitter:data1\" content=\"1 minuto\">\n<script type=\"application\/ld+json\" class=\"yoast-schema-graph\">{\"@context\":\"https:\/\/schema.org\",\"@graph\":[{\"@type\":\"WebSite\",\"@id\":\"https:\/\/www.maxipago.com\/developers\/#website\",\"url\":\"https:\/\/www.maxipago.com\/developers\/\",\"name\":\"Gateway Rede! Developers\",\"description\":\"Portal de Desenvolvedores - Gateway Rede!\",\"potentialAction\":[{\"@type\":\"SearchAction\",\"target\":\"https:\/\/www.maxipago.com\/developers\/?s={search_term_string}\",\"query-input\":\"required name=search_term_string\"}],\"inLanguage\":\"pt-BR\"},{\"@type\":\"WebPage\",\"@id\":\"https:\/\/www.maxipago.com\/developers\/mcc-dinamico-facilitadores-de-pagamento\/#webpage\",\"url\":\"https:\/\/www.maxipago.com\/developers\/mcc-dinamico-facilitadores-de-pagamento\/\",\"name\":\"MCC din\\u00e2mico \\u2013 Facilitadores de pagamento - Gateway Rede! Developers\",\"isPartOf\":{\"@id\":\"https:\/\/www.maxipago.com\/developers\/#website\"},\"datePublished\":\"2023-04-25T18:43:15+00:00\",\"dateModified\":\"2025-04-04T14:16:42+00:00\",\"breadcrumb\":{\"@id\":\"https:\/\/www.maxipago.com\/developers\/mcc-dinamico-facilitadores-de-pagamento\/#breadcrumb\"},\"inLanguage\":\"pt-BR\",\"potentialAction\":[{\"@type\":\"ReadAction\",\"target\":[\"https:\/\/www.maxipago.com\/developers\/mcc-dinamico-facilitadores-de-pagamento\/\"]}]},{\"@type\":\"BreadcrumbList\",\"@id\":\"https:\/\/www.maxipago.com\/developers\/mcc-dinamico-facilitadores-de-pagamento\/#breadcrumb\",\"itemListElement\":[{\"@type\":\"ListItem\",\"position\":1,\"item\":{\"@type\":\"WebPage\",\"@id\":\"https:\/\/www.maxipago.com\/developers\/\",\"url\":\"https:\/\/www.maxipago.com\/developers\/\",\"name\":\"In\\u00edcio\"}},{\"@type\":\"ListItem\",\"position\":2,\"item\":{\"@id\":\"https:\/\/www.maxipago.com\/developers\/mcc-dinamico-facilitadores-de-pagamento\/#webpage\"}}]}]}<\/script>\n<!-- \/ Yoast SEO plugin. -->","_links":{"self":[{"href":"https:\/\/www.maxipago.com\/developers\/wp-json\/wp\/v2\/pages\/3400"}],"collection":[{"href":"https:\/\/www.maxipago.com\/developers\/wp-json\/wp\/v2\/pages"}],"about":[{"href":"https:\/\/www.maxipago.com\/developers\/wp-json\/wp\/v2\/types\/page"}],"author":[{"embeddable":true,"href":"https:\/\/www.maxipago.com\/developers\/wp-json\/wp\/v2\/users\/16"}],"replies":[{"embeddable":true,"href":"https:\/\/www.maxipago.com\/developers\/wp-json\/wp\/v2\/comments?post=3400"}],"version-history":[{"count":10,"href":"https:\/\/www.maxipago.com\/developers\/wp-json\/wp\/v2\/pages\/3400\/revisions"}],"predecessor-version":[{"id":4398,"href":"https:\/\/www.maxipago.com\/developers\/wp-json\/wp\/v2\/pages\/3400\/revisions\/4398"}],"wp:attachment":[{"href":"https:\/\/www.maxipago.com\/developers\/wp-json\/wp\/v2\/media?parent=3400"}],"curies":[{"name":"wp","href":"https:\/\/api.w.org\/{rel}","templated":true}]}}