{"id":3459,"date":"2023-05-15T16:39:16","date_gmt":"2023-05-15T19:39:16","guid":{"rendered":"https:\/\/www.maxipago.com\/developers\/?page_id=3459"},"modified":"2024-10-22T10:39:29","modified_gmt":"2024-10-22T13:39:29","slug":"esqueci-a-chave-de-estabelecimento-merchant-key","status":"publish","type":"page","link":"https:\/\/www.maxipago.com\/developers\/esqueci-a-chave-de-estabelecimento-merchant-key\/","title":{"rendered":"Esqueci a Chave de Estabelecimento\/Merchant Key"},"content":{"rendered":"\n<p id=\"block-32f7b470-9da3-47c8-bf22-193ef6ce98db\"><strong>Se voc\u00ea esqueceu sua Chave de Estabelecimento\/Merchant Key siga o passo a passo abaixo para recuperar:<\/strong><\/p>\n\n\n\n<p id=\"block-804967de-8771-4599-95ff-0a134d8b0b38\"><strong>1.<\/strong>&nbsp;Acesse o<a href=\"https:\/\/portal.maxipago.net\/vpos\"><strong>&nbsp;Portal Maxipago<\/strong><\/a>&nbsp;com suas credenciais (a Chave de Estabelecimento\/Merchant Key estar\u00e1 apenas dispon\u00edvel para a exibi\u00e7\u00e3o no perfil SuperUser \u2013 usu\u00e1rio criado no momento do credenciamento)<\/p>\n\n\n\n<p><strong>Ambiente de Produ\u00e7\u00e3o:<\/strong>\u00a0<a href=\"https:\/\/portal.maxipago.net\/vpos\/VPOS\">https:\/\/portal.maxipago.net\/<\/a><\/p>\n\n\n\n<p><strong>Ambiente de Testes:<\/strong>&nbsp;<a style=\"font-size: inherit;\" href=\"https:\/\/testportal.maxipago.net\/vpos\/VPOS\">https:\/\/<\/a><a href=\"https:\/\/testportal.maxipago.net\/vpos\/VPOS\" target=\"_blank\" rel=\"noreferrer noopener\">testportal.maxipago.net\/<\/a><\/p>\n\n\n\n<figure class=\"wp-block-image\" id=\"block-880b289c-d714-4607-8ead-a09b4cf984f3\"><img decoding=\"async\" src=\"https:\/\/www.maxipago.com\/developers\/wp-content\/uploads\/2022\/02\/tela_portal_1.jpg\" alt=\"Login Portal\"\/><\/figure>\n\n\n\n<p id=\"block-6d8f7f69-a455-4a73-a7b2-794b7cd8a3ab\"><strong>2.<\/strong>&nbsp;Acesse a aba: <strong>Admin <\/strong>\u2013 no menu superior<\/p>\n\n\n\n<figure class=\"wp-block-image\" id=\"block-10853e53-6aea-4063-83d9-b235307ec494\"><img decoding=\"async\" src=\"https:\/\/www.maxipago.com\/developers\/wp-content\/uploads\/2022\/02\/tela_portal_2.jpg\" alt=\"O atributo alt desta imagem est\u00e1 vazio. O nome do arquivo \u00e9 tela_portal_2.jpg\"\/><\/figure>\n\n\n\n<p><strong>3.<\/strong>&nbsp;Acesse a aba: <strong>Configura\u00e7\u00f5es<\/strong>\u2013 no menu superior<\/p>\n\n\n\n<figure class=\"wp-block-image size-large is-resized\"><img decoding=\"async\" width=\"888\" height=\"343\" src=\"https:\/\/www.maxipago.com\/developers\/wp-content\/uploads\/2023\/05\/configadmin.png\" alt=\"\" class=\"wp-image-3466\" style=\"width:555px;height:214px\" srcset=\"https:\/\/www.maxipago.com\/developers\/wp-content\/uploads\/2023\/05\/configadmin.png 888w, https:\/\/www.maxipago.com\/developers\/wp-content\/uploads\/2023\/05\/configadmin-300x116.png 300w, https:\/\/www.maxipago.com\/developers\/wp-content\/uploads\/2023\/05\/configadmin-768x297.png 768w\" sizes=\"(max-width: 888px) 100vw, 888px\" \/><\/figure>\n\n\n\n<p><strong>4.<\/strong>&nbsp;Acesse a aba: <strong>Geral <\/strong>\u2013 no menu de op\u00e7\u00f5es <\/p>\n\n\n\n<figure class=\"wp-block-image size-large\"><img decoding=\"async\" width=\"1024\" height=\"149\" src=\"https:\/\/www.maxipago.com\/developers\/wp-content\/uploads\/2023\/05\/geral-1024x149.png\" alt=\"\" class=\"wp-image-3470\" srcset=\"https:\/\/www.maxipago.com\/developers\/wp-content\/uploads\/2023\/05\/geral-1024x149.png 1024w, https:\/\/www.maxipago.com\/developers\/wp-content\/uploads\/2023\/05\/geral-300x44.png 300w, https:\/\/www.maxipago.com\/developers\/wp-content\/uploads\/2023\/05\/geral-768x112.png 768w, https:\/\/www.maxipago.com\/developers\/wp-content\/uploads\/2023\/05\/geral-1536x224.png 1536w, https:\/\/www.maxipago.com\/developers\/wp-content\/uploads\/2023\/05\/geral-2048x298.png 2048w\" sizes=\"(max-width: 1024px) 100vw, 1024px\" \/><\/figure>\n\n\n\n<p id=\"block-d3d95569-c317-45d8-b306-864d2f9d5ed6\"><strong>5.<\/strong>&nbsp;Acesse a aba:<strong> Dados da Loja <\/strong>\u2013 no menu lateral esquerdo e a informa\u00e7\u00e3o da Chave da Loja estar\u00e1 vis\u00edvel (apenas dispon\u00edvel para perfil SuperUser \u2013 usu\u00e1rio criado no momento do credenciamento)<\/p>\n\n\n\n<figure class=\"wp-block-image size-large is-resized\"><img decoding=\"async\" width=\"1024\" height=\"584\" src=\"https:\/\/www.maxipago.com\/developers\/wp-content\/uploads\/2023\/05\/Imagem3-1024x584.png\" alt=\"\" class=\"wp-image-3471\" style=\"width:1024px;height:584px\" srcset=\"https:\/\/www.maxipago.com\/developers\/wp-content\/uploads\/2023\/05\/Imagem3-1024x584.png 1024w, https:\/\/www.maxipago.com\/developers\/wp-content\/uploads\/2023\/05\/Imagem3-300x171.png 300w, https:\/\/www.maxipago.com\/developers\/wp-content\/uploads\/2023\/05\/Imagem3-768x438.png 768w, https:\/\/www.maxipago.com\/developers\/wp-content\/uploads\/2023\/05\/Imagem3-1536x876.png 1536w, https:\/\/www.maxipago.com\/developers\/wp-content\/uploads\/2023\/05\/Imagem3-2048x1168.png 2048w\" sizes=\"(max-width: 1024px) 100vw, 1024px\" \/><\/figure>\n","protected":false},"excerpt":{"rendered":"<p>Se voc\u00ea esqueceu sua Chave de Estabelecimento\/Merchant Key siga o passo a passo abaixo para recuperar: 1.&nbsp;Acesse o&nbsp;Portal Maxipago&nbsp;com suas credenciais (a Chave de Estabelecimento\/Merchant Key estar\u00e1 apenas dispon\u00edvel para a exibi\u00e7\u00e3o no perfil SuperUser \u2013 usu\u00e1rio criado no momento do credenciamento) Ambiente de Produ\u00e7\u00e3o:\u00a0https:\/\/portal.maxipago.net\/ Ambiente de Testes:&nbsp;https:\/\/testportal.maxipago.net\/ 2.&nbsp;Acesse a aba: Admin \u2013 no menu [&hellip;]<\/p>\n","protected":false},"author":16,"featured_media":0,"parent":0,"menu_order":0,"comment_status":"closed","ping_status":"closed","template":"","meta":{"spay_email":"","footnotes":""},"yoast_head":"<!-- This site is optimized with the Yoast SEO plugin v16.2 - https:\/\/yoast.com\/wordpress\/plugins\/seo\/ -->\n<title>Esqueci a Chave de Estabelecimento\/Merchant Key - Gateway Rede! Developers<\/title>\n<meta name=\"robots\" content=\"noindex, follow, max-snippet:-1, max-image-preview:large, max-video-preview:-1\" \/>\n<meta property=\"og:locale\" content=\"pt_BR\" \/>\n<meta property=\"og:type\" content=\"article\" \/>\n<meta property=\"og:title\" content=\"Esqueci a Chave de Estabelecimento\/Merchant Key - Gateway Rede! Developers\" \/>\n<meta property=\"og:description\" content=\"Se voc\u00ea esqueceu sua Chave de Estabelecimento\/Merchant Key siga o passo a passo abaixo para recuperar: 1.&nbsp;Acesse o&nbsp;Portal Maxipago&nbsp;com suas credenciais (a Chave de Estabelecimento\/Merchant Key estar\u00e1 apenas dispon\u00edvel para a exibi\u00e7\u00e3o no perfil SuperUser \u2013 usu\u00e1rio criado no momento do credenciamento) Ambiente de Produ\u00e7\u00e3o:\u00a0https:\/\/portal.maxipago.net\/ Ambiente de Testes:&nbsp;https:\/\/testportal.maxipago.net\/ 2.&nbsp;Acesse a aba: Admin \u2013 no menu [&hellip;]\" \/>\n<meta property=\"og:url\" content=\"https:\/\/www.maxipago.com\/developers\/esqueci-a-chave-de-estabelecimento-merchant-key\/\" \/>\n<meta property=\"og:site_name\" content=\"Gateway Rede! Developers\" \/>\n<meta property=\"article:publisher\" content=\"https:\/\/www.facebook.com\/maxiPago-193308344142172\/?fref=ts\" \/>\n<meta property=\"article:modified_time\" content=\"2024-10-22T13:39:29+00:00\" \/>\n<meta property=\"og:image\" content=\"https:\/\/www.maxipago.com\/developers\/wp-content\/uploads\/2022\/02\/tela_portal_1.jpg\" \/>\n<meta name=\"twitter:card\" content=\"summary\" \/>\n<meta name=\"twitter:label1\" content=\"Est. tempo de leitura\">\n\t<meta name=\"twitter:data1\" content=\"2 minutos\">\n<script type=\"application\/ld+json\" class=\"yoast-schema-graph\">{\"@context\":\"https:\/\/schema.org\",\"@graph\":[{\"@type\":\"WebSite\",\"@id\":\"https:\/\/www.maxipago.com\/developers\/#website\",\"url\":\"https:\/\/www.maxipago.com\/developers\/\",\"name\":\"Gateway Rede! Developers\",\"description\":\"Portal de Desenvolvedores - Gateway Rede!\",\"potentialAction\":[{\"@type\":\"SearchAction\",\"target\":\"https:\/\/www.maxipago.com\/developers\/?s={search_term_string}\",\"query-input\":\"required name=search_term_string\"}],\"inLanguage\":\"pt-BR\"},{\"@type\":\"ImageObject\",\"@id\":\"https:\/\/www.maxipago.com\/developers\/esqueci-a-chave-de-estabelecimento-merchant-key\/#primaryimage\",\"inLanguage\":\"pt-BR\",\"url\":\"https:\/\/www.maxipago.com\/developers\/wp-content\/uploads\/2022\/02\/tela_portal_1.jpg\",\"contentUrl\":\"https:\/\/www.maxipago.com\/developers\/wp-content\/uploads\/2022\/02\/tela_portal_1.jpg\",\"width\":644,\"height\":278,\"caption\":\"Tela de Login\"},{\"@type\":\"WebPage\",\"@id\":\"https:\/\/www.maxipago.com\/developers\/esqueci-a-chave-de-estabelecimento-merchant-key\/#webpage\",\"url\":\"https:\/\/www.maxipago.com\/developers\/esqueci-a-chave-de-estabelecimento-merchant-key\/\",\"name\":\"Esqueci a Chave de Estabelecimento\/Merchant Key - Gateway Rede! Developers\",\"isPartOf\":{\"@id\":\"https:\/\/www.maxipago.com\/developers\/#website\"},\"primaryImageOfPage\":{\"@id\":\"https:\/\/www.maxipago.com\/developers\/esqueci-a-chave-de-estabelecimento-merchant-key\/#primaryimage\"},\"datePublished\":\"2023-05-15T19:39:16+00:00\",\"dateModified\":\"2024-10-22T13:39:29+00:00\",\"breadcrumb\":{\"@id\":\"https:\/\/www.maxipago.com\/developers\/esqueci-a-chave-de-estabelecimento-merchant-key\/#breadcrumb\"},\"inLanguage\":\"pt-BR\",\"potentialAction\":[{\"@type\":\"ReadAction\",\"target\":[\"https:\/\/www.maxipago.com\/developers\/esqueci-a-chave-de-estabelecimento-merchant-key\/\"]}]},{\"@type\":\"BreadcrumbList\",\"@id\":\"https:\/\/www.maxipago.com\/developers\/esqueci-a-chave-de-estabelecimento-merchant-key\/#breadcrumb\",\"itemListElement\":[{\"@type\":\"ListItem\",\"position\":1,\"item\":{\"@type\":\"WebPage\",\"@id\":\"https:\/\/www.maxipago.com\/developers\/\",\"url\":\"https:\/\/www.maxipago.com\/developers\/\",\"name\":\"In\\u00edcio\"}},{\"@type\":\"ListItem\",\"position\":2,\"item\":{\"@id\":\"https:\/\/www.maxipago.com\/developers\/esqueci-a-chave-de-estabelecimento-merchant-key\/#webpage\"}}]}]}<\/script>\n<!-- \/ Yoast SEO plugin. -->","_links":{"self":[{"href":"https:\/\/www.maxipago.com\/developers\/wp-json\/wp\/v2\/pages\/3459"}],"collection":[{"href":"https:\/\/www.maxipago.com\/developers\/wp-json\/wp\/v2\/pages"}],"about":[{"href":"https:\/\/www.maxipago.com\/developers\/wp-json\/wp\/v2\/types\/page"}],"author":[{"embeddable":true,"href":"https:\/\/www.maxipago.com\/developers\/wp-json\/wp\/v2\/users\/16"}],"replies":[{"embeddable":true,"href":"https:\/\/www.maxipago.com\/developers\/wp-json\/wp\/v2\/comments?post=3459"}],"version-history":[{"count":9,"href":"https:\/\/www.maxipago.com\/developers\/wp-json\/wp\/v2\/pages\/3459\/revisions"}],"predecessor-version":[{"id":4183,"href":"https:\/\/www.maxipago.com\/developers\/wp-json\/wp\/v2\/pages\/3459\/revisions\/4183"}],"wp:attachment":[{"href":"https:\/\/www.maxipago.com\/developers\/wp-json\/wp\/v2\/media?parent=3459"}],"curies":[{"name":"wp","href":"https:\/\/api.w.org\/{rel}","templated":true}]}}