{"id":347,"date":"2017-02-16T10:09:09","date_gmt":"2017-02-16T12:09:09","guid":{"rendered":"http:\/\/maxipago.com\/developers\/?page_id=347"},"modified":"2023-01-05T20:06:04","modified_gmt":"2023-01-05T23:06:04","slug":"clearsale","status":"publish","type":"page","link":"https:\/\/www.maxipago.com\/developers\/apidocs\/maxipago\/cartao-de-credito\/antifraude\/clearsale\/","title":{"rendered":"Clearsale"},"content":{"rendered":"\n<p><\/p>\n\n\n\n<div style=\"height:78px\" aria-hidden=\"true\" class=\"wp-block-spacer\"><\/div>\n\n\n\n<p><\/p>\n\n\n\n<h3 class=\"wp-block-heading\"><span class=\"has-inline-color has-luminous-vivid-orange-color\">Clearsale \u2013 URL de envio dos dados<\/span><\/h3>\n\n\n\n<div style=\"height:26px\" aria-hidden=\"true\" class=\"wp-block-spacer\"><\/div>\n\n\n\n<p><strong style=\"color: #878787;\"><span class=\"has-inline-color has-luminous-vivid-orange-color\">SANDBOX<\/span><\/strong>: https:\/\/testapi.maxipago.net\/UniversalAPI\/postXML<\/p>\n\n\n\n<p><strong style=\"color: #878787;\"><span class=\"has-inline-color has-luminous-vivid-orange-color\">PRODU\u00c7\u00c3O<\/span><\/strong>: https:\/\/api.maxipago.net\/UniversalAPI\/postXML<\/p>\n\n\n\n<div style=\"height:39px\" aria-hidden=\"true\" class=\"wp-block-spacer\"><\/div>\n\n\n\n<h2 class=\"wp-block-heading\"><span class=\"has-inline-color has-luminous-vivid-orange-color\">Clearsale \u2013 Device Fingerprint<\/span><\/h2>\n\n\n\n<div style=\"height:37px\" aria-hidden=\"true\" class=\"wp-block-spacer\"><\/div>\n\n\n\n<p>O Device Fingerprint \u00e9 um scprit em JavaScript que realiza coleta de dados e an\u00e1lise de informa\u00e7\u00f5es p\u00fablicas da m\u00e1quina do usu\u00e1rio. Atrav\u00e9s desse recurso \u00e9 poss\u00edvel identificar se uma m\u00e1quina j\u00e1 \u00e9 conhecida pela Clearsale e qual seu hist\u00f3rico de a\u00e7\u00f5es.<\/p>\n\n\n\n<ul><li><p align=\"justify\">\u00c9 necess\u00e1rio que o script esteja em somente uma \u00fanica p\u00e1gina do website.<\/p> <\/li><li><p align=\"justify\">\u00c9 obrigat\u00f3rio a inclus\u00e3o das tags do script ao final da p\u00e1gina html, antes do fechamento da tag body. Pois o cumprimento desta recomenda\u00e7\u00e3o garante que o website n\u00e3o sofra nenhum preju\u00edzo de performance na integra\u00e7\u00e3o.<\/p><\/li><\/ul>\n\n\n\n<p>O c\u00f3digo que dever\u00e1 ser inclu\u00eddo na p\u00e1gina, antes da tag body, est\u00e1 abaixo:<\/p>\n\n\n\n<pre class=\"EnlighterJSRAW\" data-enlighter-language=\"html\" data-enlighter-theme=\"\" data-enlighter-highlight=\"\" data-enlighter-linenumbers=\"\" data-enlighter-lineoffset=\"\" data-enlighter-title=\"\" data-enlighter-group=\"\">&lt;script>\n    (function (a, b, c, d, e, f, g){\n            a['CsdpObject'] = e; a[e] = a[e] || function () {\n                    (a[e].q = a[e].q || []).push(arguments)\n               },\n               a[e].l = 1 * new Date(); f = b.createElement(c),\n               g = b.getElementsByTagName(c)[0]; f.async = 1; f.src = d;\n               g.parentNode.insertBefore(f, g)\n    })\n    (window, document, 'script', '\/\/device.clearsale.com.br\/p\/fp.js','csdp');\n    csdp('app', 'seu_app');\n    csdp('sessionid', 'seu_id_de_sessao');\n&lt;\/script><\/pre>\n\n\n\n<p>A Clearsale dever\u00e1 informar qual valor deve ser utilizado na palavra sinalizada na vari\u00e1vel &#8220;seu-app&#8221;. Ele serve para identificar o seu website em nosso sistema.<\/p>\n\n\n\n<p>J\u00e1 o valor a ser informador na vari\u00e1vel &#8220;<strong><span class=\"has-inline-color has-luminous-vivid-orange-color\">seu-id-de-sessao<\/span><\/strong>&#8220;, trata-se do id da sess\u00e3o do usu\u00e1rio no website. Esta informa\u00e7\u00e3o \u00e9 extremamente relevante e dever\u00e1 ser armazenada para um envio posterior.<\/p>\n\n\n\n<div style=\"height:36px\" aria-hidden=\"true\" class=\"wp-block-spacer\"><\/div>\n\n\n\n<h3 class=\"wp-block-heading\"><strong><span class=\"has-inline-color has-luminous-vivid-orange-color\">Importante:<\/span><\/strong><\/h3>\n\n\n\n<p>\u00c9 preciso considerar que os par\u00e2metros: &lt;<strong>captureOnLowRisk<\/strong>&gt; e &lt;<strong>voidOnHighRisk<\/strong>&gt; devem estar com a op\u00e7\u00e3o \u201c<strong>Y<\/strong>\u201c; somente com a op\u00e7\u00e3o flag \u201cY\u201d as capturas e estornos ser\u00e3o feito de maneira autom\u00e1tica. Caso estejam com a op\u00e7\u00e3o \u201cN\u201d, capturas e estornos somente ser\u00e3o realizamos por a\u00e7\u00e3o manual do lojista.<\/p>\n","protected":false},"excerpt":{"rendered":"<p>Clearsale \u2013 URL de envio dos dados SANDBOX: https:\/\/testapi.maxipago.net\/UniversalAPI\/postXML PRODU\u00c7\u00c3O: https:\/\/api.maxipago.net\/UniversalAPI\/postXML Clearsale \u2013 Device Fingerprint O Device Fingerprint \u00e9 um scprit em JavaScript que realiza coleta de dados e an\u00e1lise de informa\u00e7\u00f5es p\u00fablicas da m\u00e1quina do usu\u00e1rio. Atrav\u00e9s desse recurso \u00e9 poss\u00edvel identificar se uma m\u00e1quina j\u00e1 \u00e9 conhecida pela Clearsale e qual seu hist\u00f3rico [&hellip;]<\/p>\n","protected":false},"author":1,"featured_media":0,"parent":25,"menu_order":0,"comment_status":"closed","ping_status":"closed","template":"page-full.php","meta":{"spay_email":"","footnotes":""},"yoast_head":"<!-- This site is optimized with the Yoast SEO plugin v16.2 - https:\/\/yoast.com\/wordpress\/plugins\/seo\/ -->\n<title>Clearsale - Gateway Rede! Developers<\/title>\n<meta name=\"robots\" content=\"noindex, follow, max-snippet:-1, max-image-preview:large, max-video-preview:-1\" \/>\n<meta property=\"og:locale\" content=\"pt_BR\" \/>\n<meta property=\"og:type\" content=\"article\" \/>\n<meta property=\"og:title\" content=\"Clearsale - Gateway Rede! Developers\" \/>\n<meta property=\"og:description\" content=\"Clearsale \u2013 URL de envio dos dados SANDBOX: https:\/\/testapi.maxipago.net\/UniversalAPI\/postXML PRODU\u00c7\u00c3O: https:\/\/api.maxipago.net\/UniversalAPI\/postXML Clearsale \u2013 Device Fingerprint O Device Fingerprint \u00e9 um scprit em JavaScript que realiza coleta de dados e an\u00e1lise de informa\u00e7\u00f5es p\u00fablicas da m\u00e1quina do usu\u00e1rio. Atrav\u00e9s desse recurso \u00e9 poss\u00edvel identificar se uma m\u00e1quina j\u00e1 \u00e9 conhecida pela Clearsale e qual seu hist\u00f3rico [&hellip;]\" \/>\n<meta property=\"og:url\" content=\"https:\/\/www.maxipago.com\/developers\/apidocs\/maxipago\/cartao-de-credito\/antifraude\/clearsale\/\" \/>\n<meta property=\"og:site_name\" content=\"Gateway Rede! Developers\" \/>\n<meta property=\"article:publisher\" content=\"https:\/\/www.facebook.com\/maxiPago-193308344142172\/?fref=ts\" \/>\n<meta property=\"article:modified_time\" content=\"2023-01-05T23:06:04+00:00\" \/>\n<meta name=\"twitter:card\" content=\"summary\" \/>\n<meta name=\"twitter:label1\" content=\"Est. tempo de leitura\">\n\t<meta name=\"twitter:data1\" content=\"2 minutos\">\n<script type=\"application\/ld+json\" class=\"yoast-schema-graph\">{\"@context\":\"https:\/\/schema.org\",\"@graph\":[{\"@type\":\"WebSite\",\"@id\":\"https:\/\/www.maxipago.com\/developers\/#website\",\"url\":\"https:\/\/www.maxipago.com\/developers\/\",\"name\":\"Gateway Rede! Developers\",\"description\":\"Portal de Desenvolvedores - Gateway Rede!\",\"potentialAction\":[{\"@type\":\"SearchAction\",\"target\":\"https:\/\/www.maxipago.com\/developers\/?s={search_term_string}\",\"query-input\":\"required name=search_term_string\"}],\"inLanguage\":\"pt-BR\"},{\"@type\":\"WebPage\",\"@id\":\"https:\/\/www.maxipago.com\/developers\/apidocs\/maxipago\/cartao-de-credito\/antifraude\/clearsale\/#webpage\",\"url\":\"https:\/\/www.maxipago.com\/developers\/apidocs\/maxipago\/cartao-de-credito\/antifraude\/clearsale\/\",\"name\":\"Clearsale - Gateway Rede! Developers\",\"isPartOf\":{\"@id\":\"https:\/\/www.maxipago.com\/developers\/#website\"},\"datePublished\":\"2017-02-16T12:09:09+00:00\",\"dateModified\":\"2023-01-05T23:06:04+00:00\",\"breadcrumb\":{\"@id\":\"https:\/\/www.maxipago.com\/developers\/apidocs\/maxipago\/cartao-de-credito\/antifraude\/clearsale\/#breadcrumb\"},\"inLanguage\":\"pt-BR\",\"potentialAction\":[{\"@type\":\"ReadAction\",\"target\":[\"https:\/\/www.maxipago.com\/developers\/apidocs\/maxipago\/cartao-de-credito\/antifraude\/clearsale\/\"]}]},{\"@type\":\"BreadcrumbList\",\"@id\":\"https:\/\/www.maxipago.com\/developers\/apidocs\/maxipago\/cartao-de-credito\/antifraude\/clearsale\/#breadcrumb\",\"itemListElement\":[{\"@type\":\"ListItem\",\"position\":1,\"item\":{\"@type\":\"WebPage\",\"@id\":\"https:\/\/www.maxipago.com\/developers\/\",\"url\":\"https:\/\/www.maxipago.com\/developers\/\",\"name\":\"In\\u00edcio\"}},{\"@type\":\"ListItem\",\"position\":2,\"item\":{\"@type\":\"WebPage\",\"@id\":\"https:\/\/www.maxipago.com\/developers\/apidocs\/\",\"url\":\"https:\/\/www.maxipago.com\/developers\/apidocs\/\",\"name\":\"API Docs\"}},{\"@type\":\"ListItem\",\"position\":3,\"item\":{\"@type\":\"WebPage\",\"@id\":\"https:\/\/www.maxipago.com\/developers\/apidocs\/maxipago\/\",\"url\":\"https:\/\/www.maxipago.com\/developers\/apidocs\/maxipago\/\",\"name\":\"Documenta\\u00e7\\u00f5es Online\"}},{\"@type\":\"ListItem\",\"position\":4,\"item\":{\"@type\":\"WebPage\",\"@id\":\"https:\/\/www.maxipago.com\/developers\/apidocs\/maxipago\/cartao-de-credito\/\",\"url\":\"https:\/\/www.maxipago.com\/developers\/apidocs\/maxipago\/cartao-de-credito\/\",\"name\":\"Cart\\u00e3o de Cr\\u00e9dito\"}},{\"@type\":\"ListItem\",\"position\":5,\"item\":{\"@type\":\"WebPage\",\"@id\":\"https:\/\/www.maxipago.com\/developers\/apidocs\/maxipago\/cartao-de-credito\/antifraude\/\",\"url\":\"https:\/\/www.maxipago.com\/developers\/apidocs\/maxipago\/cartao-de-credito\/antifraude\/\",\"name\":\"Antifraude\"}},{\"@type\":\"ListItem\",\"position\":6,\"item\":{\"@id\":\"https:\/\/www.maxipago.com\/developers\/apidocs\/maxipago\/cartao-de-credito\/antifraude\/clearsale\/#webpage\"}}]}]}<\/script>\n<!-- \/ Yoast SEO plugin. -->","_links":{"self":[{"href":"https:\/\/www.maxipago.com\/developers\/wp-json\/wp\/v2\/pages\/347"}],"collection":[{"href":"https:\/\/www.maxipago.com\/developers\/wp-json\/wp\/v2\/pages"}],"about":[{"href":"https:\/\/www.maxipago.com\/developers\/wp-json\/wp\/v2\/types\/page"}],"author":[{"embeddable":true,"href":"https:\/\/www.maxipago.com\/developers\/wp-json\/wp\/v2\/users\/1"}],"replies":[{"embeddable":true,"href":"https:\/\/www.maxipago.com\/developers\/wp-json\/wp\/v2\/comments?post=347"}],"version-history":[{"count":33,"href":"https:\/\/www.maxipago.com\/developers\/wp-json\/wp\/v2\/pages\/347\/revisions"}],"predecessor-version":[{"id":2929,"href":"https:\/\/www.maxipago.com\/developers\/wp-json\/wp\/v2\/pages\/347\/revisions\/2929"}],"up":[{"embeddable":true,"href":"https:\/\/www.maxipago.com\/developers\/wp-json\/wp\/v2\/pages\/25"}],"wp:attachment":[{"href":"https:\/\/www.maxipago.com\/developers\/wp-json\/wp\/v2\/media?parent=347"}],"curies":[{"name":"wp","href":"https:\/\/api.w.org\/{rel}","templated":true}]}}