{"id":3502,"date":"2023-05-25T16:36:45","date_gmt":"2023-05-25T19:36:45","guid":{"rendered":"https:\/\/www.maxipago.com\/developers\/?page_id=3502"},"modified":"2026-04-08T11:21:38","modified_gmt":"2026-04-08T14:21:38","slug":"certificado-atualizacao-digital-maxipago","status":"publish","type":"page","link":"https:\/\/www.maxipago.com\/developers\/certificado-atualizacao-digital-maxipago\/","title":{"rendered":"Atualiza\u00e7\u00e3o do Certificado Digital Gateway Rede (Maxipago) &#8211; 2026"},"content":{"rendered":"\n<p>No dia <strong>19\/04\/2026 <\/strong>realizaremos a atualiza\u00e7\u00e3o do Certificado Digital Rede.\u00a0Caso voc\u00ea j\u00e1 possua o Certificado do Gateway, para que continue transacionando normalmente at\u00e9 o dia <strong>19\/04\/2026<\/strong>, pedimos que n\u00e3o desinstale a vers\u00e3o atual do certificado, fazendo apenas a instala\u00e7\u00e3o da nova vers\u00e3o.<strong> Ap\u00f3s o dia <strong>19\/04\/2026<\/strong>, a vers\u00e3o anterior ser\u00e1 expirada automaticamente.<\/strong><\/p>\n\n\n\n<hr class=\"wp-block-separator has-css-opacity\"\/>\n\n\n\n<p><strong><span style=\"text-decoration: underline;\">Onde realizar o download?\u00a0<\/span><\/strong><\/p>\n\n\n\n<p><a href=\"https:\/\/www.maxipago.com\/developers\/certificado\/certificados_maxipago.zip\" target=\"_blank\" rel=\"noreferrer noopener\">Clique aqui para baixar<\/a><\/p>\n\n\n\n<hr class=\"wp-block-separator has-css-opacity\"\/>\n\n\n\n<p><strong><span style=\"text-decoration: underline;\">O que \u00e9 um certificado digital?&nbsp;<\/span><\/strong><\/p>\n\n\n\n<p>Certificado digital \u00e9 um arquivo eletr\u00f4nico que serve como identidade virtual para uma empresa e por ele pode se fazer transa\u00e7\u00f5es online com garantia de autenticidade.<\/p>\n\n\n\n<hr class=\"wp-block-separator has-css-opacity\"\/>\n\n\n\n<p><strong><u>Por que ele deve ser atualizado?<\/u><\/strong><\/p>\n\n\n\n<p>Para garantir ainda mais seguran\u00e7a em suas vendas online.<\/p>\n\n\n\n<hr class=\"wp-block-separator has-css-opacity\"\/>\n\n\n\n<p><strong><u>Quem deve realizar a atualiza\u00e7\u00e3o do Certificado Digital Gateway Rede (Maxipago)?<\/u><\/strong><\/p>\n\n\n\n<p>Devem realizar a atualiza\u00e7\u00e3o todas as plataformas e e-commerce que efetuam transa\u00e7\u00f5es <strong>via API<\/strong> do gateway Rede (Maxipago).<\/p>\n\n\n\n<p>As URL do Gateway Rede (Maxipago) descrito abaixo ser\u00e1 afetado pela atualiza\u00e7\u00e3o:<\/p>\n\n\n\n<ul>\n<li>&nbsp;<a href=\"https:\/\/api.maxipago.net\/\"><strong>https:\/\/api.maxipago.net\/<\/strong><\/a><\/li>\n<\/ul>\n\n\n\n<p>Os clientes que fazem uso apenas das fun\u00e7\u00f5es do portal maxiPago, como por exemplo o \u201cLink de Pagamento\u201d n\u00e3o necessitam de atualiza\u00e7\u00e3o.<\/p>\n\n\n\n<hr class=\"wp-block-separator has-css-opacity\"\/>\n\n\n\n<p><strong><u>Como fazer a atualiza\u00e7\u00e3o do Certificado Digital Gateway Rede?<\/u><\/strong><\/p>\n\n\n\n<p>Para que seja feita a atualiza\u00e7\u00e3o do certificado dentro da sua empresa, pedimos que o cliente direcione esta atividade ao seu time de tecnologia ou a quem tenha acesso ao seu servidor e seja respons\u00e1vel pela sua aplica\u00e7\u00e3o e-commerce.<\/p>\n\n\n\n<p>Ela deve ser realizada a partir do servidor que \u00e9 respons\u00e1vel pela comunica\u00e7\u00e3o entre a empresa e o Gateway e no qual o certificado j\u00e1 esteja instalado.<\/p>\n\n\n\n<p>Atualizamos o ambiente de integra\u00e7\u00e3o com o novo certificado, caso deseje realizar testes de valida\u00e7\u00e3o.<\/p>\n\n\n\n<hr class=\"wp-block-separator has-css-opacity\"\/>\n\n\n\n<p><strong><u>O que acontece se a atualiza\u00e7\u00e3o n\u00e3o for efetuada?<\/u><\/strong><\/p>\n\n\n\n<p>Se voc\u00ea n\u00e3o realizar a atualiza\u00e7\u00e3o a sua opera\u00e7\u00e3o \u00e9 interrompida e voc\u00ea passa a n\u00e3o transacionar mais conosco. Por isso, pedimos que siga a data limite para efetu\u00e1-la: <strong>19 de Abril de 2026<\/strong>.<\/p>\n","protected":false},"excerpt":{"rendered":"<p>No dia 19\/04\/2026 realizaremos a atualiza\u00e7\u00e3o do Certificado Digital Rede.\u00a0Caso voc\u00ea j\u00e1 possua o Certificado do Gateway, para que continue transacionando normalmente at\u00e9 o dia 19\/04\/2026, pedimos que n\u00e3o desinstale a vers\u00e3o atual do certificado, fazendo apenas a instala\u00e7\u00e3o da nova vers\u00e3o. Ap\u00f3s o dia 19\/04\/2026, a vers\u00e3o anterior ser\u00e1 expirada automaticamente. Onde realizar o [&hellip;]<\/p>\n","protected":false},"author":16,"featured_media":0,"parent":0,"menu_order":0,"comment_status":"closed","ping_status":"closed","template":"","meta":{"spay_email":"","footnotes":""},"yoast_head":"<!-- This site is optimized with the Yoast SEO plugin v16.2 - https:\/\/yoast.com\/wordpress\/plugins\/seo\/ -->\n<title>Atualiza\u00e7\u00e3o do Certificado Digital Gateway Rede (Maxipago) - 2026 - Gateway Rede! Developers<\/title>\n<meta name=\"robots\" content=\"noindex, follow, max-snippet:-1, max-image-preview:large, max-video-preview:-1\" \/>\n<meta property=\"og:locale\" content=\"pt_BR\" \/>\n<meta property=\"og:type\" content=\"article\" \/>\n<meta property=\"og:title\" content=\"Atualiza\u00e7\u00e3o do Certificado Digital Gateway Rede (Maxipago) - 2026 - Gateway Rede! Developers\" \/>\n<meta property=\"og:description\" content=\"No dia 19\/04\/2026 realizaremos a atualiza\u00e7\u00e3o do Certificado Digital Rede.\u00a0Caso voc\u00ea j\u00e1 possua o Certificado do Gateway, para que continue transacionando normalmente at\u00e9 o dia 19\/04\/2026, pedimos que n\u00e3o desinstale a vers\u00e3o atual do certificado, fazendo apenas a instala\u00e7\u00e3o da nova vers\u00e3o. Ap\u00f3s o dia 19\/04\/2026, a vers\u00e3o anterior ser\u00e1 expirada automaticamente. Onde realizar o [&hellip;]\" \/>\n<meta property=\"og:url\" content=\"https:\/\/www.maxipago.com\/developers\/certificado-atualizacao-digital-maxipago\/\" \/>\n<meta property=\"og:site_name\" content=\"Gateway Rede! Developers\" \/>\n<meta property=\"article:publisher\" content=\"https:\/\/www.facebook.com\/maxiPago-193308344142172\/?fref=ts\" \/>\n<meta property=\"article:modified_time\" content=\"2026-04-08T14:21:38+00:00\" \/>\n<meta name=\"twitter:card\" content=\"summary\" \/>\n<meta name=\"twitter:label1\" content=\"Est. tempo de leitura\">\n\t<meta name=\"twitter:data1\" content=\"2 minutos\">\n<script type=\"application\/ld+json\" class=\"yoast-schema-graph\">{\"@context\":\"https:\/\/schema.org\",\"@graph\":[{\"@type\":\"WebSite\",\"@id\":\"https:\/\/www.maxipago.com\/developers\/#website\",\"url\":\"https:\/\/www.maxipago.com\/developers\/\",\"name\":\"Gateway Rede! Developers\",\"description\":\"Portal de Desenvolvedores - Gateway Rede!\",\"potentialAction\":[{\"@type\":\"SearchAction\",\"target\":\"https:\/\/www.maxipago.com\/developers\/?s={search_term_string}\",\"query-input\":\"required name=search_term_string\"}],\"inLanguage\":\"pt-BR\"},{\"@type\":\"WebPage\",\"@id\":\"https:\/\/www.maxipago.com\/developers\/certificado-atualizacao-digital-maxipago\/#webpage\",\"url\":\"https:\/\/www.maxipago.com\/developers\/certificado-atualizacao-digital-maxipago\/\",\"name\":\"Atualiza\\u00e7\\u00e3o do Certificado Digital Gateway Rede (Maxipago) - 2026 - Gateway Rede! Developers\",\"isPartOf\":{\"@id\":\"https:\/\/www.maxipago.com\/developers\/#website\"},\"datePublished\":\"2023-05-25T19:36:45+00:00\",\"dateModified\":\"2026-04-08T14:21:38+00:00\",\"breadcrumb\":{\"@id\":\"https:\/\/www.maxipago.com\/developers\/certificado-atualizacao-digital-maxipago\/#breadcrumb\"},\"inLanguage\":\"pt-BR\",\"potentialAction\":[{\"@type\":\"ReadAction\",\"target\":[\"https:\/\/www.maxipago.com\/developers\/certificado-atualizacao-digital-maxipago\/\"]}]},{\"@type\":\"BreadcrumbList\",\"@id\":\"https:\/\/www.maxipago.com\/developers\/certificado-atualizacao-digital-maxipago\/#breadcrumb\",\"itemListElement\":[{\"@type\":\"ListItem\",\"position\":1,\"item\":{\"@type\":\"WebPage\",\"@id\":\"https:\/\/www.maxipago.com\/developers\/\",\"url\":\"https:\/\/www.maxipago.com\/developers\/\",\"name\":\"In\\u00edcio\"}},{\"@type\":\"ListItem\",\"position\":2,\"item\":{\"@id\":\"https:\/\/www.maxipago.com\/developers\/certificado-atualizacao-digital-maxipago\/#webpage\"}}]}]}<\/script>\n<!-- \/ Yoast SEO plugin. -->","_links":{"self":[{"href":"https:\/\/www.maxipago.com\/developers\/wp-json\/wp\/v2\/pages\/3502"}],"collection":[{"href":"https:\/\/www.maxipago.com\/developers\/wp-json\/wp\/v2\/pages"}],"about":[{"href":"https:\/\/www.maxipago.com\/developers\/wp-json\/wp\/v2\/types\/page"}],"author":[{"embeddable":true,"href":"https:\/\/www.maxipago.com\/developers\/wp-json\/wp\/v2\/users\/16"}],"replies":[{"embeddable":true,"href":"https:\/\/www.maxipago.com\/developers\/wp-json\/wp\/v2\/comments?post=3502"}],"version-history":[{"count":11,"href":"https:\/\/www.maxipago.com\/developers\/wp-json\/wp\/v2\/pages\/3502\/revisions"}],"predecessor-version":[{"id":4481,"href":"https:\/\/www.maxipago.com\/developers\/wp-json\/wp\/v2\/pages\/3502\/revisions\/4481"}],"wp:attachment":[{"href":"https:\/\/www.maxipago.com\/developers\/wp-json\/wp\/v2\/media?parent=3502"}],"curies":[{"name":"wp","href":"https:\/\/api.w.org\/{rel}","templated":true}]}}