{"id":3506,"date":"2023-05-25T16:37:52","date_gmt":"2023-05-25T19:37:52","guid":{"rendered":"https:\/\/www.maxipago.com\/developers\/?page_id=3506"},"modified":"2024-05-14T19:04:41","modified_gmt":"2024-05-14T22:04:41","slug":"remocao-de-cifras-fracas-weak","status":"publish","type":"page","link":"https:\/\/www.maxipago.com\/developers\/remocao-de-cifras-fracas-weak\/","title":{"rendered":"Remo\u00e7\u00e3o de cifras fracas (weak)"},"content":{"rendered":"\n<p>Algumas cifras de criptografia desatualizadas ser\u00e3o descontinuadas no endpoint de comunica\u00e7\u00e3o de API da maxiPago (<a href=\"https:\/\/api.maxipago.net\/UniversalAPI\/postXMLt\">https:\/\/api.maxipago.net\/UniversalAPI\/postXML<\/a>) para garantia de seguran\u00e7a em nossos servi\u00e7os.<\/p>\n\n\n\n<hr class=\"wp-block-separator has-css-opacity is-style-default\"\/>\n\n\n\n<p>As cifras abaixo listadas ser\u00e3o descontinuadas em <strong>19\/06 \u00e0s 09h<\/strong> (BRST):<\/p>\n\n\n\n<ul>\n<li>TLS_ECDHE_RSA_WITH_AES_256_CBC_SHA384 (0xc028)&nbsp;&nbsp; ECDH x25519 (eq. 3072 bits RSA)<\/li>\n\n\n\n<li>TLS_ECDHE_RSA_WITH_AES_128_CBC_SHA256 (0xc027)&nbsp;&nbsp; ECDH x25519 (eq. 3072 bits RSA)<\/li>\n<\/ul>\n\n\n\n<p><\/p>\n\n\n\n<hr class=\"wp-block-separator has-css-opacity\"\/>\n\n\n\n<p><strong>As cifras abaixo listadas ser\u00e3o descontinuadas em 19\/06 \u00e0s 09h (BRST):<\/strong><\/p>\n\n\n\n<p>\u2022&nbsp;&nbsp;&nbsp;&nbsp;&nbsp;&nbsp;&nbsp;&nbsp;&nbsp;&nbsp;&nbsp;&nbsp; TLS_ECDHE_RSA_WITH_AES_256_CBC_SHA384 (0xc028)&nbsp;&nbsp; ECDH x25519 (eq. 3072 bits RSA)<\/p>\n\n\n\n<p>\u2022&nbsp;&nbsp;&nbsp;&nbsp;&nbsp;&nbsp;&nbsp;&nbsp;&nbsp;&nbsp;&nbsp;&nbsp; TLS_ECDHE_RSA_WITH_AES_128_CBC_SHA256 (0xc027)&nbsp;&nbsp; ECDH x25519 (eq. 3072 bits RSA)<\/p>\n\n\n\n<hr class=\"wp-block-separator has-css-opacity\"\/>\n\n\n\n<p><strong><u>O que deve ser feito:<\/u><\/strong><\/p>\n\n\n\n<ol type=\"1\">\n<li>Possivelmente n\u00e3o haver\u00e1 necessidade de nenhum ajuste em sua aplica\u00e7\u00e3o se estiver utilizando softwares atualizados, mas recomendamos que sejam feitos testes atrav\u00e9s do ambiente de integra\u00e7\u00e3o (<a href=\"https:\/\/testapi.maxipago.net\/UniversaoAPI\/postXML\">https:\/\/testapi.maxipago.net\/UniversaoAPI\/postXML<\/a>), pois ele j\u00e1 se encontra com as referidas cifras removidas.<\/li>\n\n\n\n<li>Caso haja algum problema de comunica\u00e7\u00e3o relativo \u00e0 SSL (criptografia) durante os testes, sugerimos que contate seu time de suporte t\u00e9cnico para atualiza\u00e7\u00e3o dos softwares de sua aplica\u00e7\u00e3o.<\/li>\n<\/ol>\n\n\n\n<hr class=\"wp-block-separator has-css-opacity\"\/>\n\n\n\n<p>Seguem (<strong>em verde<\/strong>) as cifras que ser\u00e3o mantidas para comunica\u00e7\u00e3o:<\/p>\n\n\n\n<figure class=\"wp-block-image size-large is-resized\"><img decoding=\"async\" width=\"698\" height=\"264\" src=\"https:\/\/www.maxipago.com\/developers\/wp-content\/uploads\/2023\/05\/Imagem1.png\" alt=\"\" class=\"wp-image-3507\" style=\"width:812px;height:307px\" srcset=\"https:\/\/www.maxipago.com\/developers\/wp-content\/uploads\/2023\/05\/Imagem1.png 698w, https:\/\/www.maxipago.com\/developers\/wp-content\/uploads\/2023\/05\/Imagem1-300x113.png 300w\" sizes=\"(max-width: 698px) 100vw, 698px\" \/><\/figure>\n\n\n\n<p><\/p>\n","protected":false},"excerpt":{"rendered":"<p>Algumas cifras de criptografia desatualizadas ser\u00e3o descontinuadas no endpoint de comunica\u00e7\u00e3o de API da maxiPago (https:\/\/api.maxipago.net\/UniversalAPI\/postXML) para garantia de seguran\u00e7a em nossos servi\u00e7os. As cifras abaixo listadas ser\u00e3o descontinuadas em 19\/06 \u00e0s 09h (BRST): As cifras abaixo listadas ser\u00e3o descontinuadas em 19\/06 \u00e0s 09h (BRST): \u2022&nbsp;&nbsp;&nbsp;&nbsp;&nbsp;&nbsp;&nbsp;&nbsp;&nbsp;&nbsp;&nbsp;&nbsp; TLS_ECDHE_RSA_WITH_AES_256_CBC_SHA384 (0xc028)&nbsp;&nbsp; ECDH x25519 (eq. 3072 bits RSA) \u2022&nbsp;&nbsp;&nbsp;&nbsp;&nbsp;&nbsp;&nbsp;&nbsp;&nbsp;&nbsp;&nbsp;&nbsp; [&hellip;]<\/p>\n","protected":false},"author":16,"featured_media":0,"parent":0,"menu_order":0,"comment_status":"closed","ping_status":"closed","template":"","meta":{"spay_email":"","footnotes":""},"yoast_head":"<!-- This site is optimized with the Yoast SEO plugin v16.2 - https:\/\/yoast.com\/wordpress\/plugins\/seo\/ -->\n<title>Remo\u00e7\u00e3o de cifras fracas (weak) - Gateway Rede! Developers<\/title>\n<meta name=\"robots\" content=\"noindex, follow, max-snippet:-1, max-image-preview:large, max-video-preview:-1\" \/>\n<meta property=\"og:locale\" content=\"pt_BR\" \/>\n<meta property=\"og:type\" content=\"article\" \/>\n<meta property=\"og:title\" content=\"Remo\u00e7\u00e3o de cifras fracas (weak) - Gateway Rede! Developers\" \/>\n<meta property=\"og:description\" content=\"Algumas cifras de criptografia desatualizadas ser\u00e3o descontinuadas no endpoint de comunica\u00e7\u00e3o de API da maxiPago (https:\/\/api.maxipago.net\/UniversalAPI\/postXML) para garantia de seguran\u00e7a em nossos servi\u00e7os. As cifras abaixo listadas ser\u00e3o descontinuadas em 19\/06 \u00e0s 09h (BRST): As cifras abaixo listadas ser\u00e3o descontinuadas em 19\/06 \u00e0s 09h (BRST): \u2022&nbsp;&nbsp;&nbsp;&nbsp;&nbsp;&nbsp;&nbsp;&nbsp;&nbsp;&nbsp;&nbsp;&nbsp; TLS_ECDHE_RSA_WITH_AES_256_CBC_SHA384 (0xc028)&nbsp;&nbsp; ECDH x25519 (eq. 3072 bits RSA) \u2022&nbsp;&nbsp;&nbsp;&nbsp;&nbsp;&nbsp;&nbsp;&nbsp;&nbsp;&nbsp;&nbsp;&nbsp; [&hellip;]\" \/>\n<meta property=\"og:url\" content=\"https:\/\/www.maxipago.com\/developers\/remocao-de-cifras-fracas-weak\/\" \/>\n<meta property=\"og:site_name\" content=\"Gateway Rede! Developers\" \/>\n<meta property=\"article:publisher\" content=\"https:\/\/www.facebook.com\/maxiPago-193308344142172\/?fref=ts\" \/>\n<meta property=\"article:modified_time\" content=\"2024-05-14T22:04:41+00:00\" \/>\n<meta property=\"og:image\" content=\"https:\/\/www.maxipago.com\/developers\/wp-content\/uploads\/2023\/05\/Imagem1.png\" \/>\n<meta name=\"twitter:card\" content=\"summary\" \/>\n<meta name=\"twitter:label1\" content=\"Est. tempo de leitura\">\n\t<meta name=\"twitter:data1\" content=\"1 minuto\">\n<script type=\"application\/ld+json\" class=\"yoast-schema-graph\">{\"@context\":\"https:\/\/schema.org\",\"@graph\":[{\"@type\":\"WebSite\",\"@id\":\"https:\/\/www.maxipago.com\/developers\/#website\",\"url\":\"https:\/\/www.maxipago.com\/developers\/\",\"name\":\"Gateway Rede! Developers\",\"description\":\"Portal de Desenvolvedores - Gateway Rede!\",\"potentialAction\":[{\"@type\":\"SearchAction\",\"target\":\"https:\/\/www.maxipago.com\/developers\/?s={search_term_string}\",\"query-input\":\"required name=search_term_string\"}],\"inLanguage\":\"pt-BR\"},{\"@type\":\"ImageObject\",\"@id\":\"https:\/\/www.maxipago.com\/developers\/remocao-de-cifras-fracas-weak\/#primaryimage\",\"inLanguage\":\"pt-BR\",\"url\":\"https:\/\/www.maxipago.com\/developers\/wp-content\/uploads\/2023\/05\/Imagem1.png\",\"contentUrl\":\"https:\/\/www.maxipago.com\/developers\/wp-content\/uploads\/2023\/05\/Imagem1.png\",\"width\":698,\"height\":264},{\"@type\":\"WebPage\",\"@id\":\"https:\/\/www.maxipago.com\/developers\/remocao-de-cifras-fracas-weak\/#webpage\",\"url\":\"https:\/\/www.maxipago.com\/developers\/remocao-de-cifras-fracas-weak\/\",\"name\":\"Remo\\u00e7\\u00e3o de cifras fracas (weak) - Gateway Rede! Developers\",\"isPartOf\":{\"@id\":\"https:\/\/www.maxipago.com\/developers\/#website\"},\"primaryImageOfPage\":{\"@id\":\"https:\/\/www.maxipago.com\/developers\/remocao-de-cifras-fracas-weak\/#primaryimage\"},\"datePublished\":\"2023-05-25T19:37:52+00:00\",\"dateModified\":\"2024-05-14T22:04:41+00:00\",\"breadcrumb\":{\"@id\":\"https:\/\/www.maxipago.com\/developers\/remocao-de-cifras-fracas-weak\/#breadcrumb\"},\"inLanguage\":\"pt-BR\",\"potentialAction\":[{\"@type\":\"ReadAction\",\"target\":[\"https:\/\/www.maxipago.com\/developers\/remocao-de-cifras-fracas-weak\/\"]}]},{\"@type\":\"BreadcrumbList\",\"@id\":\"https:\/\/www.maxipago.com\/developers\/remocao-de-cifras-fracas-weak\/#breadcrumb\",\"itemListElement\":[{\"@type\":\"ListItem\",\"position\":1,\"item\":{\"@type\":\"WebPage\",\"@id\":\"https:\/\/www.maxipago.com\/developers\/\",\"url\":\"https:\/\/www.maxipago.com\/developers\/\",\"name\":\"In\\u00edcio\"}},{\"@type\":\"ListItem\",\"position\":2,\"item\":{\"@id\":\"https:\/\/www.maxipago.com\/developers\/remocao-de-cifras-fracas-weak\/#webpage\"}}]}]}<\/script>\n<!-- \/ Yoast SEO plugin. -->","_links":{"self":[{"href":"https:\/\/www.maxipago.com\/developers\/wp-json\/wp\/v2\/pages\/3506"}],"collection":[{"href":"https:\/\/www.maxipago.com\/developers\/wp-json\/wp\/v2\/pages"}],"about":[{"href":"https:\/\/www.maxipago.com\/developers\/wp-json\/wp\/v2\/types\/page"}],"author":[{"embeddable":true,"href":"https:\/\/www.maxipago.com\/developers\/wp-json\/wp\/v2\/users\/16"}],"replies":[{"embeddable":true,"href":"https:\/\/www.maxipago.com\/developers\/wp-json\/wp\/v2\/comments?post=3506"}],"version-history":[{"count":5,"href":"https:\/\/www.maxipago.com\/developers\/wp-json\/wp\/v2\/pages\/3506\/revisions"}],"predecessor-version":[{"id":4001,"href":"https:\/\/www.maxipago.com\/developers\/wp-json\/wp\/v2\/pages\/3506\/revisions\/4001"}],"wp:attachment":[{"href":"https:\/\/www.maxipago.com\/developers\/wp-json\/wp\/v2\/media?parent=3506"}],"curies":[{"name":"wp","href":"https:\/\/api.w.org\/{rel}","templated":true}]}}