{"id":3596,"date":"2023-09-29T19:02:52","date_gmt":"2023-09-29T22:02:52","guid":{"rendered":"https:\/\/www.maxipago.com\/developers\/?page_id=3596"},"modified":"2023-10-30T18:21:49","modified_gmt":"2023-10-30T21:21:49","slug":"layout-de-conciliacao","status":"publish","type":"page","link":"https:\/\/www.maxipago.com\/developers\/layout-de-conciliacao\/","title":{"rendered":"Layout de Concilia\u00e7\u00e3o"},"content":{"rendered":"\n<p><\/p>\n\n\n\n<h2 class=\"wp-block-heading has-colibri-color-2-color has-text-color\">Arquivo de Vendas<\/h2>\n\n\n\n<div style=\"height:15px\" aria-hidden=\"true\" class=\"wp-block-spacer\"><\/div>\n\n\n\n<p>Layout do Arquivo:<\/p>\n\n\n\n<ul>\n<li>O arquivo deve estar no formato \u201c.CSV\u201d delimitado por \u201c,\u201d (v\u00edrgula);<\/li>\n\n\n\n<li>Pode ser adicionado Cabe\u00e7alho ao arquivo identificando o nome do campo.<\/li>\n<\/ul>\n\n\n\n<div style=\"height:38px\" aria-hidden=\"true\" class=\"wp-block-spacer\"><\/div>\n\n\n\n<div id=\"footable_parent_3602\"\n         class=\" footable_parent ninja_table_wrapper loading_ninja_table wp_table_data_press_parent semantic_ui \">\n                <table data-ninja_table_instance=\"ninja_table_instance_0\" data-footable_id=\"3602\" data-filter-delay=\"1000\" aria-label=\"Tabela Arquivo de Vendas - Concilia\u00e7\u00e3o\"            id=\"footable_3602\"\n           data-unique_identifier=\"ninja_table_unique_id_1855846868_3602\"\n           class=\" foo-table ninja_footable foo_table_3602 ninja_table_unique_id_1855846868_3602 ui table  nt_type_ajax_table selectable celled striped compact  footable-paging-right ninja_table_search_disabled\">\n                <colgroup>\n                            <col class=\"ninja_column_0 \">\n                            <col class=\"ninja_column_1 \">\n                            <col class=\"ninja_column_2 \">\n                            <col class=\"ninja_column_3 \">\n                            <col class=\"ninja_column_4 \">\n                            <col class=\"ninja_column_5 \">\n                            <col class=\"ninja_column_6 \">\n                            <col class=\"ninja_column_7 \">\n                    <\/colgroup>\n            <\/table>\n                    <style type=\"text\/css\" id='ninja_table_custom_css_3602'>\n                        #footable_3602  {\n        font-family: inherit;\n        font-size: 14px;\n    }\n\n                <\/style>\n                \n    \n    \n<\/div>\n\n\n\n\n<div style=\"height:31px\" aria-hidden=\"true\" class=\"wp-block-spacer\"><\/div>\n\n\n\n<p><strong>Tabela I &#8211; Tipo de Transa\u00e7\u00f5es<\/strong><\/p>\n\n\n\n<figure class=\"wp-block-image size-full is-resized\"><img decoding=\"async\" width=\"862\" height=\"392\" src=\"https:\/\/www.maxipago.com\/developers\/wp-content\/uploads\/2023\/10\/image-61.png\" alt=\"\" class=\"wp-image-3761\" style=\"aspect-ratio:2.1989795918367347;width:343px;height:auto\" srcset=\"https:\/\/www.maxipago.com\/developers\/wp-content\/uploads\/2023\/10\/image-61.png 862w, https:\/\/www.maxipago.com\/developers\/wp-content\/uploads\/2023\/10\/image-61-300x136.png 300w, https:\/\/www.maxipago.com\/developers\/wp-content\/uploads\/2023\/10\/image-61-768x349.png 768w\" sizes=\"(max-width: 862px) 100vw, 862px\" \/><\/figure>\n\n\n\n<div style=\"height:19px\" aria-hidden=\"true\" class=\"wp-block-spacer\"><\/div>\n\n\n\n<p><strong>Tabela II &#8211; C\u00f3digo de Adquirentes<\/strong><\/p>\n\n\n\n<div style=\"height:18px\" aria-hidden=\"true\" class=\"wp-block-spacer\"><\/div>\n\n\n\n<figure class=\"wp-block-image size-full is-resized\"><img decoding=\"async\" width=\"870\" height=\"463\" src=\"https:\/\/www.maxipago.com\/developers\/wp-content\/uploads\/2023\/10\/image-62.png\" alt=\"\" class=\"wp-image-3763\" style=\"aspect-ratio:1.8790496760259179;width:372px;height:auto\" srcset=\"https:\/\/www.maxipago.com\/developers\/wp-content\/uploads\/2023\/10\/image-62.png 870w, https:\/\/www.maxipago.com\/developers\/wp-content\/uploads\/2023\/10\/image-62-300x160.png 300w, https:\/\/www.maxipago.com\/developers\/wp-content\/uploads\/2023\/10\/image-62-768x409.png 768w\" sizes=\"(max-width: 870px) 100vw, 870px\" \/><\/figure>\n\n\n\n<div style=\"height:23px\" aria-hidden=\"true\" class=\"wp-block-spacer\"><\/div>\n\n\n\n<p><strong>Tabela III &#8211; C\u00f3digo das Bandeiras<\/strong><\/p>\n\n\n\n<div style=\"height:21px\" aria-hidden=\"true\" class=\"wp-block-spacer\"><\/div>\n\n\n\n<figure class=\"wp-block-image size-large is-resized\"><img decoding=\"async\" width=\"1024\" height=\"847\" src=\"https:\/\/www.maxipago.com\/developers\/wp-content\/uploads\/2023\/09\/Tabela-III-1024x847.png\" alt=\"\" class=\"wp-image-3600\" style=\"width:352px;height:291px\" srcset=\"https:\/\/www.maxipago.com\/developers\/wp-content\/uploads\/2023\/09\/Tabela-III-1024x847.png 1024w, https:\/\/www.maxipago.com\/developers\/wp-content\/uploads\/2023\/09\/Tabela-III-300x248.png 300w, https:\/\/www.maxipago.com\/developers\/wp-content\/uploads\/2023\/09\/Tabela-III-768x635.png 768w, https:\/\/www.maxipago.com\/developers\/wp-content\/uploads\/2023\/09\/Tabela-III-1536x1270.png 1536w, https:\/\/www.maxipago.com\/developers\/wp-content\/uploads\/2023\/09\/Tabela-III.png 1666w\" sizes=\"(max-width: 1024px) 100vw, 1024px\" \/><\/figure>\n\n\n\n<div style=\"height:23px\" aria-hidden=\"true\" class=\"wp-block-spacer\"><\/div>\n\n\n\n<p><\/p>\n\n\n\n<p><strong>Tabela VI \u2013 C\u00f3digo de Moedas<\/strong><br><br><strong>Tabela Oficial: ISO \u2013 International Organization for Standardization:<\/strong><br><br>ISO Faqs: <a href=\"https:\/\/www.iso.org\/frequently-asked-questions-faqs.html\">https:\/\/www.iso.org\/frequently-asked-questions-faqs.html<\/a><br>ISSO Currency Codes: <a href=\"https:\/\/www.iso.org\/iso-4217-currency-codes.htm\">https:\/\/www.iso.org\/iso-4217-currency-codes.htm<\/a><\/p>\n","protected":false},"excerpt":{"rendered":"<p>Arquivo de Vendas Layout do Arquivo: Tabela I &#8211; Tipo de Transa\u00e7\u00f5es Tabela II &#8211; C\u00f3digo de Adquirentes Tabela III &#8211; C\u00f3digo das Bandeiras Tabela VI \u2013 C\u00f3digo de Moedas Tabela Oficial: ISO \u2013 International Organization for Standardization: ISO Faqs: https:\/\/www.iso.org\/frequently-asked-questions-faqs.htmlISSO Currency Codes: https:\/\/www.iso.org\/iso-4217-currency-codes.htm<\/p>\n","protected":false},"author":9,"featured_media":0,"parent":0,"menu_order":0,"comment_status":"closed","ping_status":"closed","template":"","meta":{"spay_email":"","footnotes":""},"yoast_head":"<!-- This site is optimized with the Yoast SEO plugin v16.2 - https:\/\/yoast.com\/wordpress\/plugins\/seo\/ -->\n<title>Layout de Concilia\u00e7\u00e3o - Gateway Rede! Developers<\/title>\n<meta name=\"robots\" content=\"noindex, follow, max-snippet:-1, max-image-preview:large, max-video-preview:-1\" \/>\n<meta property=\"og:locale\" content=\"pt_BR\" \/>\n<meta property=\"og:type\" content=\"article\" \/>\n<meta property=\"og:title\" content=\"Layout de Concilia\u00e7\u00e3o - Gateway Rede! Developers\" \/>\n<meta property=\"og:description\" content=\"Arquivo de Vendas Layout do Arquivo: Tabela I &#8211; Tipo de Transa\u00e7\u00f5es Tabela II &#8211; C\u00f3digo de Adquirentes Tabela III &#8211; C\u00f3digo das Bandeiras Tabela VI \u2013 C\u00f3digo de Moedas Tabela Oficial: ISO \u2013 International Organization for Standardization: ISO Faqs: https:\/\/www.iso.org\/frequently-asked-questions-faqs.htmlISSO Currency Codes: https:\/\/www.iso.org\/iso-4217-currency-codes.htm\" \/>\n<meta property=\"og:url\" content=\"https:\/\/www.maxipago.com\/developers\/layout-de-conciliacao\/\" \/>\n<meta property=\"og:site_name\" content=\"Gateway Rede! Developers\" \/>\n<meta property=\"article:publisher\" content=\"https:\/\/www.facebook.com\/maxiPago-193308344142172\/?fref=ts\" \/>\n<meta property=\"article:modified_time\" content=\"2023-10-30T21:21:49+00:00\" \/>\n<meta property=\"og:image\" content=\"https:\/\/www.maxipago.com\/developers\/wp-content\/uploads\/2023\/10\/image-61.png\" \/>\n<meta name=\"twitter:card\" content=\"summary\" \/>\n<meta name=\"twitter:label1\" content=\"Est. tempo de leitura\">\n\t<meta name=\"twitter:data1\" content=\"1 minuto\">\n<script type=\"application\/ld+json\" class=\"yoast-schema-graph\">{\"@context\":\"https:\/\/schema.org\",\"@graph\":[{\"@type\":\"WebSite\",\"@id\":\"https:\/\/www.maxipago.com\/developers\/#website\",\"url\":\"https:\/\/www.maxipago.com\/developers\/\",\"name\":\"Gateway Rede! Developers\",\"description\":\"Portal de Desenvolvedores - Gateway Rede!\",\"potentialAction\":[{\"@type\":\"SearchAction\",\"target\":\"https:\/\/www.maxipago.com\/developers\/?s={search_term_string}\",\"query-input\":\"required name=search_term_string\"}],\"inLanguage\":\"pt-BR\"},{\"@type\":\"ImageObject\",\"@id\":\"https:\/\/www.maxipago.com\/developers\/layout-de-conciliacao\/#primaryimage\",\"inLanguage\":\"pt-BR\",\"url\":\"https:\/\/www.maxipago.com\/developers\/wp-content\/uploads\/2023\/10\/image-61.png\",\"contentUrl\":\"https:\/\/www.maxipago.com\/developers\/wp-content\/uploads\/2023\/10\/image-61.png\",\"width\":862,\"height\":392},{\"@type\":\"WebPage\",\"@id\":\"https:\/\/www.maxipago.com\/developers\/layout-de-conciliacao\/#webpage\",\"url\":\"https:\/\/www.maxipago.com\/developers\/layout-de-conciliacao\/\",\"name\":\"Layout de Concilia\\u00e7\\u00e3o - Gateway Rede! Developers\",\"isPartOf\":{\"@id\":\"https:\/\/www.maxipago.com\/developers\/#website\"},\"primaryImageOfPage\":{\"@id\":\"https:\/\/www.maxipago.com\/developers\/layout-de-conciliacao\/#primaryimage\"},\"datePublished\":\"2023-09-29T22:02:52+00:00\",\"dateModified\":\"2023-10-30T21:21:49+00:00\",\"breadcrumb\":{\"@id\":\"https:\/\/www.maxipago.com\/developers\/layout-de-conciliacao\/#breadcrumb\"},\"inLanguage\":\"pt-BR\",\"potentialAction\":[{\"@type\":\"ReadAction\",\"target\":[\"https:\/\/www.maxipago.com\/developers\/layout-de-conciliacao\/\"]}]},{\"@type\":\"BreadcrumbList\",\"@id\":\"https:\/\/www.maxipago.com\/developers\/layout-de-conciliacao\/#breadcrumb\",\"itemListElement\":[{\"@type\":\"ListItem\",\"position\":1,\"item\":{\"@type\":\"WebPage\",\"@id\":\"https:\/\/www.maxipago.com\/developers\/\",\"url\":\"https:\/\/www.maxipago.com\/developers\/\",\"name\":\"In\\u00edcio\"}},{\"@type\":\"ListItem\",\"position\":2,\"item\":{\"@id\":\"https:\/\/www.maxipago.com\/developers\/layout-de-conciliacao\/#webpage\"}}]}]}<\/script>\n<!-- \/ Yoast SEO plugin. -->","_links":{"self":[{"href":"https:\/\/www.maxipago.com\/developers\/wp-json\/wp\/v2\/pages\/3596"}],"collection":[{"href":"https:\/\/www.maxipago.com\/developers\/wp-json\/wp\/v2\/pages"}],"about":[{"href":"https:\/\/www.maxipago.com\/developers\/wp-json\/wp\/v2\/types\/page"}],"author":[{"embeddable":true,"href":"https:\/\/www.maxipago.com\/developers\/wp-json\/wp\/v2\/users\/9"}],"replies":[{"embeddable":true,"href":"https:\/\/www.maxipago.com\/developers\/wp-json\/wp\/v2\/comments?post=3596"}],"version-history":[{"count":7,"href":"https:\/\/www.maxipago.com\/developers\/wp-json\/wp\/v2\/pages\/3596\/revisions"}],"predecessor-version":[{"id":3765,"href":"https:\/\/www.maxipago.com\/developers\/wp-json\/wp\/v2\/pages\/3596\/revisions\/3765"}],"wp:attachment":[{"href":"https:\/\/www.maxipago.com\/developers\/wp-json\/wp\/v2\/media?parent=3596"}],"curies":[{"name":"wp","href":"https:\/\/api.w.org\/{rel}","templated":true}]}}