{"id":3619,"date":"2023-10-06T20:55:04","date_gmt":"2023-10-06T23:55:04","guid":{"rendered":"https:\/\/www.maxipago.com\/developers\/?page_id=3619"},"modified":"2025-08-12T23:16:22","modified_gmt":"2025-08-13T02:16:22","slug":"guia-do-portal-maxipago","status":"publish","type":"page","link":"https:\/\/www.maxipago.com\/developers\/guia-do-portal-maxipago\/","title":{"rendered":"Guia do Portal maxiPago"},"content":{"rendered":"\n<p>Este guia tem como finalidade, auxiliar nossos clientes acerca do uso e funcionalidades no Portal<br>maxiPago!. <br><br>O manual cont\u00e9m passo a passo detalhado para facilitar seu entendimento e melhor explicar cada<br>processo.<\/p>\n\n\n\n<p>Nossa inten\u00e7\u00e3o \u00e9 minimizar suas d\u00favidas, no entanto, se elas surgirem estaremos \u00e0 disposi\u00e7\u00e3o para<br>auxili\u00e1-lo atrav\u00e9s do nosso e-mail: \u00a0<strong>ecommerce@userede.com.br<\/strong><\/p>\n\n\n\n<div style=\"height:23px\" aria-hidden=\"true\" class=\"wp-block-spacer\"><\/div>\n\n\n\n<h3 class=\"wp-block-heading\"><mark style=\"background-color:rgba(0, 0, 0, 0)\" class=\"has-inline-color has-colibri-color-2-color\"><strong>Acesso ao Portal<\/strong><\/mark><\/h3>\n\n\n\n<div style=\"height:21px\" aria-hidden=\"true\" class=\"wp-block-spacer\"><\/div>\n\n\n\n<p>Acesse o Portal maxiPago! em seu navegador atrav\u00e9s da URLs:<\/p>\n\n\n\n<p><strong>SANDBOX<\/strong>: https:\/\/testportal.maxipago.net<br><strong>PRODU\u00c7\u00c3O<\/strong>: <a href=\"https:\/\/portal.maxipago.net\/vpos\/VPOS\">https:\/\/portal.maxipago.net<\/a><\/p>\n\n\n\n<p><\/p>\n\n\n\n<p>Sua visualiza\u00e7\u00e3o ser\u00e1:<\/p>\n\n\n\n<figure class=\"wp-block-image size-full\"><img decoding=\"async\" width=\"729\" height=\"351\" src=\"https:\/\/www.maxipago.com\/developers\/wp-content\/uploads\/2023\/10\/image-2.png\" alt=\"\" class=\"wp-image-3631\" srcset=\"https:\/\/www.maxipago.com\/developers\/wp-content\/uploads\/2023\/10\/image-2.png 729w, https:\/\/www.maxipago.com\/developers\/wp-content\/uploads\/2023\/10\/image-2-300x144.png 300w\" sizes=\"(max-width: 729px) 100vw, 729px\" \/><\/figure>\n\n\n\n<div style=\"height:100px\" aria-hidden=\"true\" class=\"wp-block-spacer\"><\/div>\n\n\n\n<h3 class=\"wp-block-heading\"><mark style=\"background-color:rgba(0, 0, 0, 0)\" class=\"has-inline-color has-colibri-color-2-color\"><strong>Idioma do Portal<\/strong><\/mark><\/h3>\n\n\n\n<p>No Portal, \u00e9 poss\u00edvel escolher entre os idiomas Portugu\u00eas e Ingl\u00eas.<\/p>\n\n\n\n<p><br>Para fazer a escolha do idioma, basta clicar em uma das bandeiras na parte inferior da tela, conforme imagem abaixo:<\/p>\n\n\n\n<p>Para <strong>Portugu\u00eas<\/strong>:<\/p>\n\n\n\n<figure class=\"wp-block-image size-large is-resized\"><img decoding=\"async\" width=\"1024\" height=\"527\" src=\"https:\/\/www.maxipago.com\/developers\/wp-content\/uploads\/2023\/10\/image-3-1024x527.png\" alt=\"\" class=\"wp-image-3633\" style=\"width:730px;height:376px\" srcset=\"https:\/\/www.maxipago.com\/developers\/wp-content\/uploads\/2023\/10\/image-3-1024x527.png 1024w, https:\/\/www.maxipago.com\/developers\/wp-content\/uploads\/2023\/10\/image-3-300x154.png 300w, https:\/\/www.maxipago.com\/developers\/wp-content\/uploads\/2023\/10\/image-3-768x395.png 768w, https:\/\/www.maxipago.com\/developers\/wp-content\/uploads\/2023\/10\/image-3-1536x791.png 1536w, https:\/\/www.maxipago.com\/developers\/wp-content\/uploads\/2023\/10\/image-3.png 1830w\" sizes=\"(max-width: 1024px) 100vw, 1024px\" \/><\/figure>\n\n\n\n<p>Para <strong>Ingl\u00eas<\/strong>:<\/p>\n\n\n\n<figure class=\"wp-block-image size-large is-resized\"><img decoding=\"async\" width=\"1024\" height=\"527\" src=\"https:\/\/www.maxipago.com\/developers\/wp-content\/uploads\/2023\/10\/image-4-1024x527.png\" alt=\"\" class=\"wp-image-3634\" style=\"width:733px;height:377px\" srcset=\"https:\/\/www.maxipago.com\/developers\/wp-content\/uploads\/2023\/10\/image-4-1024x527.png 1024w, https:\/\/www.maxipago.com\/developers\/wp-content\/uploads\/2023\/10\/image-4-300x154.png 300w, https:\/\/www.maxipago.com\/developers\/wp-content\/uploads\/2023\/10\/image-4-768x395.png 768w, https:\/\/www.maxipago.com\/developers\/wp-content\/uploads\/2023\/10\/image-4-1536x791.png 1536w, https:\/\/www.maxipago.com\/developers\/wp-content\/uploads\/2023\/10\/image-4.png 1830w\" sizes=\"(max-width: 1024px) 100vw, 1024px\" \/><\/figure>\n\n\n\n<div style=\"height:15px\" aria-hidden=\"true\" class=\"wp-block-spacer\"><\/div>\n\n\n\n<h4 class=\"wp-block-heading\"><strong><mark style=\"background-color:rgba(0, 0, 0, 0)\" class=\"has-inline-color has-colibri-color-2-color\">Credenciais de Teste para Acesso ao Portal<\/mark><\/strong><\/h4>\n\n\n\n<p>A nossa \u00e1rea de Suporte e Integra\u00e7\u00e3o ir\u00e1 enviar por e-mail suas Credenciais de Teste, assim que receb\u00ea-las, poder\u00e1 realizar o Login no Portal maxiPago!:<\/p>\n\n\n\n<div style=\"height:53px\" aria-hidden=\"true\" class=\"wp-block-spacer\"><\/div>\n\n\n\n<figure class=\"wp-block-image size-full\"><img decoding=\"async\" width=\"726\" height=\"317\" src=\"https:\/\/www.maxipago.com\/developers\/wp-content\/uploads\/2023\/10\/image-5.png\" alt=\"\" class=\"wp-image-3636\" srcset=\"https:\/\/www.maxipago.com\/developers\/wp-content\/uploads\/2023\/10\/image-5.png 726w, https:\/\/www.maxipago.com\/developers\/wp-content\/uploads\/2023\/10\/image-5-300x131.png 300w\" sizes=\"(max-width: 726px) 100vw, 726px\" \/><\/figure>\n\n\n\n<ul>\n<li>Em <strong>\u201cUsu\u00e1rio\u201d (1)<\/strong>, coloque \u201cUsu\u00e1rio do Portal\u201d recebido no e-mail \u201cmaxiPago! &#8211; Kit de<br>Integra\u00e7\u00e3o\u201d;<br>Esse usu\u00e1rio \u00e9 composto por 4 n\u00fameros, seguidos da palavra admin. Para sucesso no Login, n\u00e3o esque\u00e7a de colocar neste campo, o usu\u00e1rio exatamente igual ao recebido por e-mail: Exemplo: <strong>1111admin (forma correta)<\/strong>, 1111 admin (forma incorreta);<br><\/li>\n\n\n\n<li>Em <strong>\u201cSenha\u201d (2)<\/strong>, colocar a mesma senha recebida no e-mail;<br><\/li>\n\n\n\n<li>Clicar em <strong>\u201cLogin\u201d<\/strong> <strong>(3)<\/strong>.<\/li>\n<\/ul>\n","protected":false},"excerpt":{"rendered":"<p>Este guia tem como finalidade, auxiliar nossos clientes acerca do uso e funcionalidades no PortalmaxiPago!. O manual cont\u00e9m passo a passo detalhado para facilitar seu entendimento e melhor explicar cadaprocesso. Nossa inten\u00e7\u00e3o \u00e9 minimizar suas d\u00favidas, no entanto, se elas surgirem estaremos \u00e0 disposi\u00e7\u00e3o paraauxili\u00e1-lo atrav\u00e9s do nosso e-mail: \u00a0ecommerce@userede.com.br Acesso ao Portal Acesse o [&hellip;]<\/p>\n","protected":false},"author":9,"featured_media":0,"parent":0,"menu_order":0,"comment_status":"closed","ping_status":"closed","template":"","meta":{"spay_email":"","footnotes":""},"yoast_head":"<!-- This site is optimized with the Yoast SEO plugin v16.2 - https:\/\/yoast.com\/wordpress\/plugins\/seo\/ -->\n<title>Guia do Portal maxiPago - Gateway Rede! Developers<\/title>\n<meta name=\"robots\" content=\"noindex, follow, max-snippet:-1, max-image-preview:large, max-video-preview:-1\" \/>\n<meta property=\"og:locale\" content=\"pt_BR\" \/>\n<meta property=\"og:type\" content=\"article\" \/>\n<meta property=\"og:title\" content=\"Guia do Portal maxiPago - Gateway Rede! Developers\" \/>\n<meta property=\"og:description\" content=\"Este guia tem como finalidade, auxiliar nossos clientes acerca do uso e funcionalidades no PortalmaxiPago!. O manual cont\u00e9m passo a passo detalhado para facilitar seu entendimento e melhor explicar cadaprocesso. Nossa inten\u00e7\u00e3o \u00e9 minimizar suas d\u00favidas, no entanto, se elas surgirem estaremos \u00e0 disposi\u00e7\u00e3o paraauxili\u00e1-lo atrav\u00e9s do nosso e-mail: \u00a0ecommerce@userede.com.br Acesso ao Portal Acesse o [&hellip;]\" \/>\n<meta property=\"og:url\" content=\"https:\/\/www.maxipago.com\/developers\/guia-do-portal-maxipago\/\" \/>\n<meta property=\"og:site_name\" content=\"Gateway Rede! Developers\" \/>\n<meta property=\"article:publisher\" content=\"https:\/\/www.facebook.com\/maxiPago-193308344142172\/?fref=ts\" \/>\n<meta property=\"article:modified_time\" content=\"2025-08-13T02:16:22+00:00\" \/>\n<meta property=\"og:image\" content=\"https:\/\/www.maxipago.com\/developers\/wp-content\/uploads\/2023\/10\/image-2.png\" \/>\n<meta name=\"twitter:card\" content=\"summary\" \/>\n<meta name=\"twitter:label1\" content=\"Est. tempo de leitura\">\n\t<meta name=\"twitter:data1\" content=\"2 minutos\">\n<script type=\"application\/ld+json\" class=\"yoast-schema-graph\">{\"@context\":\"https:\/\/schema.org\",\"@graph\":[{\"@type\":\"WebSite\",\"@id\":\"https:\/\/www.maxipago.com\/developers\/#website\",\"url\":\"https:\/\/www.maxipago.com\/developers\/\",\"name\":\"Gateway Rede! Developers\",\"description\":\"Portal de Desenvolvedores - Gateway Rede!\",\"potentialAction\":[{\"@type\":\"SearchAction\",\"target\":\"https:\/\/www.maxipago.com\/developers\/?s={search_term_string}\",\"query-input\":\"required name=search_term_string\"}],\"inLanguage\":\"pt-BR\"},{\"@type\":\"ImageObject\",\"@id\":\"https:\/\/www.maxipago.com\/developers\/guia-do-portal-maxipago\/#primaryimage\",\"inLanguage\":\"pt-BR\",\"url\":\"https:\/\/www.maxipago.com\/developers\/wp-content\/uploads\/2023\/10\/image-2.png\",\"contentUrl\":\"https:\/\/www.maxipago.com\/developers\/wp-content\/uploads\/2023\/10\/image-2.png\",\"width\":729,\"height\":351},{\"@type\":\"WebPage\",\"@id\":\"https:\/\/www.maxipago.com\/developers\/guia-do-portal-maxipago\/#webpage\",\"url\":\"https:\/\/www.maxipago.com\/developers\/guia-do-portal-maxipago\/\",\"name\":\"Guia do Portal maxiPago - Gateway Rede! Developers\",\"isPartOf\":{\"@id\":\"https:\/\/www.maxipago.com\/developers\/#website\"},\"primaryImageOfPage\":{\"@id\":\"https:\/\/www.maxipago.com\/developers\/guia-do-portal-maxipago\/#primaryimage\"},\"datePublished\":\"2023-10-06T23:55:04+00:00\",\"dateModified\":\"2025-08-13T02:16:22+00:00\",\"breadcrumb\":{\"@id\":\"https:\/\/www.maxipago.com\/developers\/guia-do-portal-maxipago\/#breadcrumb\"},\"inLanguage\":\"pt-BR\",\"potentialAction\":[{\"@type\":\"ReadAction\",\"target\":[\"https:\/\/www.maxipago.com\/developers\/guia-do-portal-maxipago\/\"]}]},{\"@type\":\"BreadcrumbList\",\"@id\":\"https:\/\/www.maxipago.com\/developers\/guia-do-portal-maxipago\/#breadcrumb\",\"itemListElement\":[{\"@type\":\"ListItem\",\"position\":1,\"item\":{\"@type\":\"WebPage\",\"@id\":\"https:\/\/www.maxipago.com\/developers\/\",\"url\":\"https:\/\/www.maxipago.com\/developers\/\",\"name\":\"In\\u00edcio\"}},{\"@type\":\"ListItem\",\"position\":2,\"item\":{\"@id\":\"https:\/\/www.maxipago.com\/developers\/guia-do-portal-maxipago\/#webpage\"}}]}]}<\/script>\n<!-- \/ Yoast SEO plugin. -->","_links":{"self":[{"href":"https:\/\/www.maxipago.com\/developers\/wp-json\/wp\/v2\/pages\/3619"}],"collection":[{"href":"https:\/\/www.maxipago.com\/developers\/wp-json\/wp\/v2\/pages"}],"about":[{"href":"https:\/\/www.maxipago.com\/developers\/wp-json\/wp\/v2\/types\/page"}],"author":[{"embeddable":true,"href":"https:\/\/www.maxipago.com\/developers\/wp-json\/wp\/v2\/users\/9"}],"replies":[{"embeddable":true,"href":"https:\/\/www.maxipago.com\/developers\/wp-json\/wp\/v2\/comments?post=3619"}],"version-history":[{"count":29,"href":"https:\/\/www.maxipago.com\/developers\/wp-json\/wp\/v2\/pages\/3619\/revisions"}],"predecessor-version":[{"id":4429,"href":"https:\/\/www.maxipago.com\/developers\/wp-json\/wp\/v2\/pages\/3619\/revisions\/4429"}],"wp:attachment":[{"href":"https:\/\/www.maxipago.com\/developers\/wp-json\/wp\/v2\/media?parent=3619"}],"curies":[{"name":"wp","href":"https:\/\/api.w.org\/{rel}","templated":true}]}}