{"id":3713,"date":"2023-10-18T19:10:42","date_gmt":"2023-10-18T22:10:42","guid":{"rendered":"https:\/\/www.maxipago.com\/developers\/?page_id=3713"},"modified":"2023-10-19T18:28:30","modified_gmt":"2023-10-19T21:28:30","slug":"senha","status":"publish","type":"page","link":"https:\/\/www.maxipago.com\/developers\/senha\/","title":{"rendered":"Primeiro Acesso &#8211; Senha"},"content":{"rendered":"\n<h3 class=\"wp-block-heading\"><mark style=\"background-color:rgba(0, 0, 0, 0)\" class=\"has-inline-color has-colibri-color-2-color\">1.1<\/mark> <mark style=\"background-color:rgba(0, 0, 0, 0)\" class=\"has-inline-color has-colibri-color-2-color\">Trocar a Senha (Primeiro Acesso)<\/mark><\/h3>\n\n\n\n<p>Ao realizar o primeiro acesso no Portal com suas credenciais de teste, o sistema automaticamente<br>o direcionar\u00e1 para a tela de Troca de Senha, informando que a senha expirou.<\/p>\n\n\n\n<figure class=\"wp-block-image size-full is-resized\"><img decoding=\"async\" width=\"976\" height=\"341\" src=\"https:\/\/www.maxipago.com\/developers\/wp-content\/uploads\/2023\/10\/image-6.png\" alt=\"\" class=\"wp-image-3640\" style=\"width:836px;height:292px\" srcset=\"https:\/\/www.maxipago.com\/developers\/wp-content\/uploads\/2023\/10\/image-6.png 976w, https:\/\/www.maxipago.com\/developers\/wp-content\/uploads\/2023\/10\/image-6-300x105.png 300w, https:\/\/www.maxipago.com\/developers\/wp-content\/uploads\/2023\/10\/image-6-768x268.png 768w\" sizes=\"(max-width: 976px) 100vw, 976px\" \/><\/figure>\n\n\n\n<p>Confira o passo a passo detalhado:<\/p>\n\n\n\n<div style=\"height:66px\" aria-hidden=\"true\" class=\"wp-block-spacer\"><\/div>\n\n\n\n<figure class=\"wp-block-image size-full is-resized\"><img decoding=\"async\" width=\"986\" height=\"358\" src=\"https:\/\/www.maxipago.com\/developers\/wp-content\/uploads\/2023\/10\/image-7.png\" alt=\"\" class=\"wp-image-3641\" style=\"width:761px;height:277px\" srcset=\"https:\/\/www.maxipago.com\/developers\/wp-content\/uploads\/2023\/10\/image-7.png 986w, https:\/\/www.maxipago.com\/developers\/wp-content\/uploads\/2023\/10\/image-7-300x109.png 300w, https:\/\/www.maxipago.com\/developers\/wp-content\/uploads\/2023\/10\/image-7-768x279.png 768w\" sizes=\"(max-width: 986px) 100vw, 986px\" \/><\/figure>\n\n\n\n<ul>\n<li>Em <strong>\u201cSenha atual*\u201d (1)<\/strong>, informe a senha recebida no e-mail;<\/li>\n\n\n\n<li>Em <strong>\u201cNova Senha*\u201d (2)<\/strong>, obede\u00e7a ao tamanho m\u00ednimo para a senha de 8 caracteres e crie<br>uma nova senha;<\/li>\n\n\n\n<li>Para o campo \u201c<strong>Confirma\u00e7\u00e3o da Nova Senha*\u201d (3)<\/strong>, repita a senha informada acima;<\/li>\n\n\n\n<li>Em \u201c<strong>Email\u201d (4)<\/strong> digite o e-mail que ser\u00e1 utilizado para receber o lembrete da senha, caso<br>voc\u00ea necessite<\/li>\n<\/ul>\n\n\n\n<div style=\"height:66px\" aria-hidden=\"true\" class=\"wp-block-spacer\"><\/div>\n\n\n\n<figure class=\"wp-block-image size-full is-resized\"><img decoding=\"async\" width=\"981\" height=\"315\" src=\"https:\/\/www.maxipago.com\/developers\/wp-content\/uploads\/2023\/10\/image-8.png\" alt=\"\" class=\"wp-image-3644\" style=\"width:772px;height:248px\" srcset=\"https:\/\/www.maxipago.com\/developers\/wp-content\/uploads\/2023\/10\/image-8.png 981w, https:\/\/www.maxipago.com\/developers\/wp-content\/uploads\/2023\/10\/image-8-300x96.png 300w, https:\/\/www.maxipago.com\/developers\/wp-content\/uploads\/2023\/10\/image-8-768x247.png 768w\" sizes=\"(max-width: 981px) 100vw, 981px\" \/><\/figure>\n\n\n\n<ul>\n<li>Em <strong>\u201cPergunta de Seguran\u00e7a\u201d (5)<\/strong>, escolha uma das perguntas dispon\u00edveis. Esse processo<br>lhe auxiliar\u00e1 na recupera\u00e7\u00e3o da senha, caso seja necess\u00e1rio.<\/li>\n\n\n\n<li>Escolha a pergunta que melhor se adequa a voc\u00ea, por exemplo: : \u201cQual a cor do seu<br>primeiro carro?\u201d<\/li>\n<\/ul>\n\n\n\n<div style=\"height:66px\" aria-hidden=\"true\" class=\"wp-block-spacer\"><\/div>\n\n\n\n<figure class=\"wp-block-image size-full is-resized\"><img decoding=\"async\" width=\"504\" height=\"223\" src=\"https:\/\/www.maxipago.com\/developers\/wp-content\/uploads\/2023\/10\/image-9.png\" alt=\"\" class=\"wp-image-3645\" style=\"width:436px;height:193px\" srcset=\"https:\/\/www.maxipago.com\/developers\/wp-content\/uploads\/2023\/10\/image-9.png 504w, https:\/\/www.maxipago.com\/developers\/wp-content\/uploads\/2023\/10\/image-9-300x133.png 300w\" sizes=\"(max-width: 504px) 100vw, 504px\" \/><\/figure>\n\n\n\n<ul>\n<li>Responda a pergunta que escolheu no campo <strong>\u201dResposta\u201d (6)<\/strong>;<\/li>\n<\/ul>\n\n\n\n<ul>\n<li>Como exemplo a Resposta poderia ser <strong>\u201cazul\u201d<\/strong>:<\/li>\n<\/ul>\n\n\n\n<div style=\"height:66px\" aria-hidden=\"true\" class=\"wp-block-spacer\"><\/div>\n\n\n\n<figure class=\"wp-block-image size-full is-resized\"><img decoding=\"async\" width=\"976\" height=\"330\" src=\"https:\/\/www.maxipago.com\/developers\/wp-content\/uploads\/2023\/10\/image-10.png\" alt=\"\" class=\"wp-image-3646\" style=\"width:758px;height:256px\" srcset=\"https:\/\/www.maxipago.com\/developers\/wp-content\/uploads\/2023\/10\/image-10.png 976w, https:\/\/www.maxipago.com\/developers\/wp-content\/uploads\/2023\/10\/image-10-300x101.png 300w, https:\/\/www.maxipago.com\/developers\/wp-content\/uploads\/2023\/10\/image-10-768x260.png 768w\" sizes=\"(max-width: 976px) 100vw, 976px\" \/><\/figure>\n\n\n\n<ul>\n<li>Clique em \u201cContinue\u201d para finalizar.<br><\/li>\n<\/ul>\n\n\n\n<div style=\"height:100px\" aria-hidden=\"true\" class=\"wp-block-spacer\"><\/div>\n\n\n\n<h3 class=\"wp-block-heading\"><mark style=\"background-color:rgba(0, 0, 0, 0)\" class=\"has-inline-color has-colibri-color-2-color\">1.2 Trocar a Senha (Acesso Bloqueado)<\/mark><\/h3>\n\n\n\n<p>Se ao tentar realizar o Login, voc\u00ea receber uma mensagem de Usu\u00e1rio bloqueado, ser\u00e1 necess\u00e1ria<br>a gera\u00e7\u00e3o de uma nova senha via Suporte maxiPago!.<br><br>Sendo assim, envie uma mensagem para o e-mail: <mark style=\"background-color:rgba(0, 0, 0, 0)\" class=\"has-inline-color has-colibri-color-4-color\">ecommerce@userede.com.br<\/mark>, solicitando o<br>desbloqueio da sua senha.<br><br>Recebido o e-mail com a nova senha, basta seguir as orienta\u00e7\u00f5es do item anterior \u201cTrocar a senha<br>(Primeiro Acesso)\u201d<\/p>\n\n\n\n<div style=\"height:100px\" aria-hidden=\"true\" class=\"wp-block-spacer\"><\/div>\n\n\n\n<h3 class=\"wp-block-heading\"><mark style=\"background-color:rgba(0, 0, 0, 0)\" class=\"has-inline-color has-colibri-color-2-color\">1.3 Trocar a Senha (Outros Motivos)<\/mark><\/h3>\n\n\n\n<p>Para realizar a troca da senha por qualquer outro motivo n\u00e3o listado nos itens anteriores, siga as<br>instru\u00e7\u00f5es abaixo:<\/p>\n\n\n\n<figure class=\"wp-block-image size-large is-resized\"><img decoding=\"async\" width=\"1024\" height=\"355\" src=\"https:\/\/www.maxipago.com\/developers\/wp-content\/uploads\/2023\/10\/image-11-1024x355.png\" alt=\"\" class=\"wp-image-3650\" style=\"width:748px;height:259px\" srcset=\"https:\/\/www.maxipago.com\/developers\/wp-content\/uploads\/2023\/10\/image-11-1024x355.png 1024w, https:\/\/www.maxipago.com\/developers\/wp-content\/uploads\/2023\/10\/image-11-300x104.png 300w, https:\/\/www.maxipago.com\/developers\/wp-content\/uploads\/2023\/10\/image-11-768x266.png 768w, https:\/\/www.maxipago.com\/developers\/wp-content\/uploads\/2023\/10\/image-11.png 1047w\" sizes=\"(max-width: 1024px) 100vw, 1024px\" \/><\/figure>\n\n\n\n<p>Clicar em <strong>\u201cAdmin\u201d (1)<\/strong>:<\/p>\n\n\n\n<div style=\"height:66px\" aria-hidden=\"true\" class=\"wp-block-spacer\"><\/div>\n\n\n\n<figure class=\"wp-block-image size-large is-resized\"><img decoding=\"async\" width=\"1024\" height=\"359\" src=\"https:\/\/www.maxipago.com\/developers\/wp-content\/uploads\/2023\/10\/image-12-1024x359.png\" alt=\"\" class=\"wp-image-3651\" style=\"width:758px;height:266px\" srcset=\"https:\/\/www.maxipago.com\/developers\/wp-content\/uploads\/2023\/10\/image-12-1024x359.png 1024w, https:\/\/www.maxipago.com\/developers\/wp-content\/uploads\/2023\/10\/image-12-300x105.png 300w, https:\/\/www.maxipago.com\/developers\/wp-content\/uploads\/2023\/10\/image-12-768x269.png 768w, https:\/\/www.maxipago.com\/developers\/wp-content\/uploads\/2023\/10\/image-12.png 1032w\" sizes=\"(max-width: 1024px) 100vw, 1024px\" \/><\/figure>\n\n\n\n<p>Clicar em <strong>\u201cSenha\u201d (2)<\/strong>:<\/p>\n\n\n\n<div style=\"height:66px\" aria-hidden=\"true\" class=\"wp-block-spacer\"><\/div>\n\n\n\n<figure class=\"wp-block-image size-full is-resized\"><img decoding=\"async\" width=\"1015\" height=\"345\" src=\"https:\/\/www.maxipago.com\/developers\/wp-content\/uploads\/2023\/10\/image-13.png\" alt=\"\" class=\"wp-image-3652\" style=\"width:780px;height:265px\" srcset=\"https:\/\/www.maxipago.com\/developers\/wp-content\/uploads\/2023\/10\/image-13.png 1015w, https:\/\/www.maxipago.com\/developers\/wp-content\/uploads\/2023\/10\/image-13-300x102.png 300w, https:\/\/www.maxipago.com\/developers\/wp-content\/uploads\/2023\/10\/image-13-768x261.png 768w\" sizes=\"(max-width: 1015px) 100vw, 1015px\" \/><\/figure>\n\n\n\n<ul>\n<li>Em <strong>\u201cSenha atual*\u201d (1)<\/strong>, informe a senha que voc\u00ea cadastrou;<\/li>\n\n\n\n<li>Em <strong>\u201cNova Senha*\u201d (2)<\/strong>, obede\u00e7a o tamanho m\u00ednimo para a senha de 8 caracteres, e crie uma nova senha;<\/li>\n\n\n\n<li>Para o campo <strong>\u201cConfirma\u00e7\u00e3o da Nova Senha*\u201d (3)<\/strong>, repita a senha informada acima;<\/li>\n\n\n\n<li>Em<strong> \u201cEmail\u201d (4)<\/strong> digite o e-mail que ser\u00e1 utilizado para receber o lembrete da senha, caso necessite:<\/li>\n<\/ul>\n\n\n\n<div style=\"height:65px\" aria-hidden=\"true\" class=\"wp-block-spacer\"><\/div>\n\n\n\n<figure class=\"wp-block-image size-large is-resized\"><img decoding=\"async\" width=\"1024\" height=\"338\" src=\"https:\/\/www.maxipago.com\/developers\/wp-content\/uploads\/2023\/10\/image-14-1024x338.png\" alt=\"\" class=\"wp-image-3653\" style=\"width:772px;height:255px\" srcset=\"https:\/\/www.maxipago.com\/developers\/wp-content\/uploads\/2023\/10\/image-14-1024x338.png 1024w, https:\/\/www.maxipago.com\/developers\/wp-content\/uploads\/2023\/10\/image-14-300x99.png 300w, https:\/\/www.maxipago.com\/developers\/wp-content\/uploads\/2023\/10\/image-14-768x254.png 768w, https:\/\/www.maxipago.com\/developers\/wp-content\/uploads\/2023\/10\/image-14.png 1044w\" sizes=\"(max-width: 1024px) 100vw, 1024px\" \/><\/figure>\n\n\n\n<ul>\n<li>Em <strong>\u201cPergunta de Seguran\u00e7a\u201d (5)<\/strong>, escolha uma das perguntas abaixo que podem te auxiliar a lembrar da senha.<\/li>\n\n\n\n<li>Escolha a pergunta que melhor se adequa a voc\u00ea, como exemplo: \u201cQual a cor do seu primeiro carro?\u201d<\/li>\n<\/ul>\n\n\n\n<div style=\"height:65px\" aria-hidden=\"true\" class=\"wp-block-spacer\"><\/div>\n\n\n\n<figure class=\"wp-block-image size-full\"><img decoding=\"async\" width=\"541\" height=\"209\" src=\"https:\/\/www.maxipago.com\/developers\/wp-content\/uploads\/2023\/10\/image-15.png\" alt=\"\" class=\"wp-image-3655\" srcset=\"https:\/\/www.maxipago.com\/developers\/wp-content\/uploads\/2023\/10\/image-15.png 541w, https:\/\/www.maxipago.com\/developers\/wp-content\/uploads\/2023\/10\/image-15-300x116.png 300w\" sizes=\"(max-width: 541px) 100vw, 541px\" \/><\/figure>\n\n\n\n<ul>\n<li>Responda a pergunta que escolheu no campo <strong>\u201dResposta\u201d (6)<\/strong>;<\/li>\n\n\n\n<li>Como exemplo a resposta poderia ser \u201cazul\u201d:<\/li>\n<\/ul>\n\n\n\n<div style=\"height:66px\" aria-hidden=\"true\" class=\"wp-block-spacer\"><\/div>\n\n\n\n<figure class=\"wp-block-image size-large is-resized\"><img decoding=\"async\" width=\"1024\" height=\"348\" src=\"https:\/\/www.maxipago.com\/developers\/wp-content\/uploads\/2023\/10\/image-16-1024x348.png\" alt=\"\" class=\"wp-image-3656\" style=\"width:777px;height:264px\" srcset=\"https:\/\/www.maxipago.com\/developers\/wp-content\/uploads\/2023\/10\/image-16-1024x348.png 1024w, https:\/\/www.maxipago.com\/developers\/wp-content\/uploads\/2023\/10\/image-16-300x102.png 300w, https:\/\/www.maxipago.com\/developers\/wp-content\/uploads\/2023\/10\/image-16-768x261.png 768w, https:\/\/www.maxipago.com\/developers\/wp-content\/uploads\/2023\/10\/image-16.png 1039w\" sizes=\"(max-width: 1024px) 100vw, 1024px\" \/><\/figure>\n\n\n\n<ul>\n<li>Clique em <strong>\u201cContinue\u201d (7)<\/strong> para finalizar.<br><\/li>\n<\/ul>\n","protected":false},"excerpt":{"rendered":"<p>1.1 Trocar a Senha (Primeiro Acesso) Ao realizar o primeiro acesso no Portal com suas credenciais de teste, o sistema automaticamenteo direcionar\u00e1 para a tela de Troca de Senha, informando que a senha expirou. Confira o passo a passo detalhado: 1.2 Trocar a Senha (Acesso Bloqueado) Se ao tentar realizar o Login, voc\u00ea receber uma [&hellip;]<\/p>\n","protected":false},"author":9,"featured_media":0,"parent":0,"menu_order":0,"comment_status":"closed","ping_status":"closed","template":"","meta":{"spay_email":"","footnotes":""},"yoast_head":"<!-- This site is optimized with the Yoast SEO plugin v16.2 - https:\/\/yoast.com\/wordpress\/plugins\/seo\/ -->\n<title>Primeiro Acesso - Senha - Gateway Rede! Developers<\/title>\n<meta name=\"robots\" content=\"noindex, follow, max-snippet:-1, max-image-preview:large, max-video-preview:-1\" \/>\n<meta property=\"og:locale\" content=\"pt_BR\" \/>\n<meta property=\"og:type\" content=\"article\" \/>\n<meta property=\"og:title\" content=\"Primeiro Acesso - Senha - Gateway Rede! Developers\" \/>\n<meta property=\"og:description\" content=\"1.1 Trocar a Senha (Primeiro Acesso) Ao realizar o primeiro acesso no Portal com suas credenciais de teste, o sistema automaticamenteo direcionar\u00e1 para a tela de Troca de Senha, informando que a senha expirou. Confira o passo a passo detalhado: 1.2 Trocar a Senha (Acesso Bloqueado) Se ao tentar realizar o Login, voc\u00ea receber uma [&hellip;]\" \/>\n<meta property=\"og:url\" content=\"https:\/\/www.maxipago.com\/developers\/senha\/\" \/>\n<meta property=\"og:site_name\" content=\"Gateway Rede! Developers\" \/>\n<meta property=\"article:publisher\" content=\"https:\/\/www.facebook.com\/maxiPago-193308344142172\/?fref=ts\" \/>\n<meta property=\"article:modified_time\" content=\"2023-10-19T21:28:30+00:00\" \/>\n<meta property=\"og:image\" content=\"https:\/\/www.maxipago.com\/developers\/wp-content\/uploads\/2023\/10\/image-6.png\" \/>\n<meta name=\"twitter:card\" content=\"summary\" \/>\n<meta name=\"twitter:label1\" content=\"Est. tempo de leitura\">\n\t<meta name=\"twitter:data1\" content=\"4 minutos\">\n<script type=\"application\/ld+json\" class=\"yoast-schema-graph\">{\"@context\":\"https:\/\/schema.org\",\"@graph\":[{\"@type\":\"WebSite\",\"@id\":\"https:\/\/www.maxipago.com\/developers\/#website\",\"url\":\"https:\/\/www.maxipago.com\/developers\/\",\"name\":\"Gateway Rede! Developers\",\"description\":\"Portal de Desenvolvedores - Gateway Rede!\",\"potentialAction\":[{\"@type\":\"SearchAction\",\"target\":\"https:\/\/www.maxipago.com\/developers\/?s={search_term_string}\",\"query-input\":\"required name=search_term_string\"}],\"inLanguage\":\"pt-BR\"},{\"@type\":\"ImageObject\",\"@id\":\"https:\/\/www.maxipago.com\/developers\/senha\/#primaryimage\",\"inLanguage\":\"pt-BR\",\"url\":\"https:\/\/www.maxipago.com\/developers\/wp-content\/uploads\/2023\/10\/image-6.png\",\"contentUrl\":\"https:\/\/www.maxipago.com\/developers\/wp-content\/uploads\/2023\/10\/image-6.png\",\"width\":976,\"height\":341},{\"@type\":\"WebPage\",\"@id\":\"https:\/\/www.maxipago.com\/developers\/senha\/#webpage\",\"url\":\"https:\/\/www.maxipago.com\/developers\/senha\/\",\"name\":\"Primeiro Acesso - Senha - Gateway Rede! Developers\",\"isPartOf\":{\"@id\":\"https:\/\/www.maxipago.com\/developers\/#website\"},\"primaryImageOfPage\":{\"@id\":\"https:\/\/www.maxipago.com\/developers\/senha\/#primaryimage\"},\"datePublished\":\"2023-10-18T22:10:42+00:00\",\"dateModified\":\"2023-10-19T21:28:30+00:00\",\"breadcrumb\":{\"@id\":\"https:\/\/www.maxipago.com\/developers\/senha\/#breadcrumb\"},\"inLanguage\":\"pt-BR\",\"potentialAction\":[{\"@type\":\"ReadAction\",\"target\":[\"https:\/\/www.maxipago.com\/developers\/senha\/\"]}]},{\"@type\":\"BreadcrumbList\",\"@id\":\"https:\/\/www.maxipago.com\/developers\/senha\/#breadcrumb\",\"itemListElement\":[{\"@type\":\"ListItem\",\"position\":1,\"item\":{\"@type\":\"WebPage\",\"@id\":\"https:\/\/www.maxipago.com\/developers\/\",\"url\":\"https:\/\/www.maxipago.com\/developers\/\",\"name\":\"In\\u00edcio\"}},{\"@type\":\"ListItem\",\"position\":2,\"item\":{\"@id\":\"https:\/\/www.maxipago.com\/developers\/senha\/#webpage\"}}]}]}<\/script>\n<!-- \/ Yoast SEO plugin. -->","_links":{"self":[{"href":"https:\/\/www.maxipago.com\/developers\/wp-json\/wp\/v2\/pages\/3713"}],"collection":[{"href":"https:\/\/www.maxipago.com\/developers\/wp-json\/wp\/v2\/pages"}],"about":[{"href":"https:\/\/www.maxipago.com\/developers\/wp-json\/wp\/v2\/types\/page"}],"author":[{"embeddable":true,"href":"https:\/\/www.maxipago.com\/developers\/wp-json\/wp\/v2\/users\/9"}],"replies":[{"embeddable":true,"href":"https:\/\/www.maxipago.com\/developers\/wp-json\/wp\/v2\/comments?post=3713"}],"version-history":[{"count":4,"href":"https:\/\/www.maxipago.com\/developers\/wp-json\/wp\/v2\/pages\/3713\/revisions"}],"predecessor-version":[{"id":3744,"href":"https:\/\/www.maxipago.com\/developers\/wp-json\/wp\/v2\/pages\/3713\/revisions\/3744"}],"wp:attachment":[{"href":"https:\/\/www.maxipago.com\/developers\/wp-json\/wp\/v2\/media?parent=3713"}],"curies":[{"name":"wp","href":"https:\/\/api.w.org\/{rel}","templated":true}]}}