{"id":3730,"date":"2023-10-18T19:55:56","date_gmt":"2023-10-18T22:55:56","guid":{"rendered":"https:\/\/www.maxipago.com\/developers\/?page_id=3730"},"modified":"2023-10-19T18:26:57","modified_gmt":"2023-10-19T21:26:57","slug":"clientes","status":"publish","type":"page","link":"https:\/\/www.maxipago.com\/developers\/clientes\/","title":{"rendered":"Gest\u00e3o de Clientes"},"content":{"rendered":"\n<h3 class=\"wp-block-heading\"><strong><mark style=\"background-color:rgba(0, 0, 0, 0)\" class=\"has-inline-color has-colibri-color-2-color\">1.1 Adicionando Clientes<\/mark><\/strong><\/h3>\n\n\n\n<p>No Portal maxiPago!, \u00e9 poss\u00edvel a cria\u00e7\u00e3o de clientes. Para isso, siga as instru\u00e7\u00f5es:<\/p>\n\n\n\n<figure class=\"wp-block-image size-full is-resized\"><img decoding=\"async\" width=\"1021\" height=\"239\" src=\"https:\/\/www.maxipago.com\/developers\/wp-content\/uploads\/2023\/10\/image-17.png\" alt=\"\" class=\"wp-image-3657\" style=\"width:748px;height:175px\" srcset=\"https:\/\/www.maxipago.com\/developers\/wp-content\/uploads\/2023\/10\/image-17.png 1021w, https:\/\/www.maxipago.com\/developers\/wp-content\/uploads\/2023\/10\/image-17-300x70.png 300w, https:\/\/www.maxipago.com\/developers\/wp-content\/uploads\/2023\/10\/image-17-768x180.png 768w\" sizes=\"(max-width: 1021px) 100vw, 1021px\" \/><\/figure>\n\n\n\n<div style=\"height:8px\" aria-hidden=\"true\" class=\"wp-block-spacer\"><\/div>\n\n\n\n<ul>\n<li>Clicar em<strong> \u201cAdmin\u201d (1)<\/strong>:<\/li>\n<\/ul>\n\n\n\n<div style=\"height:100px\" aria-hidden=\"true\" class=\"wp-block-spacer\"><\/div>\n\n\n\n<figure class=\"wp-block-image size-full is-resized\"><img decoding=\"async\" width=\"1001\" height=\"227\" src=\"https:\/\/www.maxipago.com\/developers\/wp-content\/uploads\/2023\/10\/image-18.png\" alt=\"\" class=\"wp-image-3658\" style=\"width:830px;height:189px\" srcset=\"https:\/\/www.maxipago.com\/developers\/wp-content\/uploads\/2023\/10\/image-18.png 1001w, https:\/\/www.maxipago.com\/developers\/wp-content\/uploads\/2023\/10\/image-18-300x68.png 300w, https:\/\/www.maxipago.com\/developers\/wp-content\/uploads\/2023\/10\/image-18-768x174.png 768w\" sizes=\"(max-width: 1001px) 100vw, 1001px\" \/><\/figure>\n\n\n\n<ul>\n<li>Clicar em <strong>\u201cClientes\u201d (2)<\/strong>:<\/li>\n<\/ul>\n\n\n\n<div style=\"height:100px\" aria-hidden=\"true\" class=\"wp-block-spacer\"><\/div>\n\n\n\n<figure class=\"wp-block-image size-large\"><img decoding=\"async\" width=\"1024\" height=\"230\" src=\"https:\/\/www.maxipago.com\/developers\/wp-content\/uploads\/2023\/10\/image-19-1024x230.png\" alt=\"\" class=\"wp-image-3659\" srcset=\"https:\/\/www.maxipago.com\/developers\/wp-content\/uploads\/2023\/10\/image-19-1024x230.png 1024w, https:\/\/www.maxipago.com\/developers\/wp-content\/uploads\/2023\/10\/image-19-300x67.png 300w, https:\/\/www.maxipago.com\/developers\/wp-content\/uploads\/2023\/10\/image-19-768x172.png 768w, https:\/\/www.maxipago.com\/developers\/wp-content\/uploads\/2023\/10\/image-19.png 1111w\" sizes=\"(max-width: 1024px) 100vw, 1024px\" \/><\/figure>\n\n\n\n<ul>\n<li>Clicar em <strong>\u201cAdicionar um cliente\u201d (3)<\/strong>:<\/li>\n<\/ul>\n\n\n\n<div style=\"height:100px\" aria-hidden=\"true\" class=\"wp-block-spacer\"><\/div>\n\n\n\n<figure class=\"wp-block-image size-large\"><img decoding=\"async\" width=\"1024\" height=\"365\" src=\"https:\/\/www.maxipago.com\/developers\/wp-content\/uploads\/2023\/10\/image-20-1024x365.png\" alt=\"\" class=\"wp-image-3663\" srcset=\"https:\/\/www.maxipago.com\/developers\/wp-content\/uploads\/2023\/10\/image-20-1024x365.png 1024w, https:\/\/www.maxipago.com\/developers\/wp-content\/uploads\/2023\/10\/image-20-300x107.png 300w, https:\/\/www.maxipago.com\/developers\/wp-content\/uploads\/2023\/10\/image-20-768x274.png 768w, https:\/\/www.maxipago.com\/developers\/wp-content\/uploads\/2023\/10\/image-20.png 1088w\" sizes=\"(max-width: 1024px) 100vw, 1024px\" \/><\/figure>\n\n\n\n<ul>\n<li>Para clientes do Brasil, basta escolher o <strong>\u201cEstado\u201d (1)<\/strong> e o <strong>\u201cPa\u00eds\u201d (2)<\/strong>, nos campos destacados na imagem:<\/li>\n<\/ul>\n\n\n\n<div style=\"height:100px\" aria-hidden=\"true\" class=\"wp-block-spacer\"><\/div>\n\n\n\n<figure class=\"wp-block-image size-large\"><img decoding=\"async\" width=\"1024\" height=\"478\" src=\"https:\/\/www.maxipago.com\/developers\/wp-content\/uploads\/2023\/10\/image-21-1024x478.png\" alt=\"\" class=\"wp-image-3664\" srcset=\"https:\/\/www.maxipago.com\/developers\/wp-content\/uploads\/2023\/10\/image-21-1024x478.png 1024w, https:\/\/www.maxipago.com\/developers\/wp-content\/uploads\/2023\/10\/image-21-300x140.png 300w, https:\/\/www.maxipago.com\/developers\/wp-content\/uploads\/2023\/10\/image-21-768x358.png 768w, https:\/\/www.maxipago.com\/developers\/wp-content\/uploads\/2023\/10\/image-21.png 1065w\" sizes=\"(max-width: 1024px) 100vw, 1024px\" \/><\/figure>\n\n\n\n<ul>\n<li>Para clientes de outros pa\u00edses, em <strong>\u201cEstado\u201d (1)<\/strong>, escolha: <strong>\u201cOutros\u201d<\/strong>:<\/li>\n<\/ul>\n\n\n\n<ul>\n<li>Em <strong>\u201cPa\u00eds\u201d (2)<\/strong>, selecionaremos o Pa\u00eds desejado na lista:<\/li>\n<\/ul>\n\n\n\n<div style=\"height:100px\" aria-hidden=\"true\" class=\"wp-block-spacer\"><\/div>\n\n\n\n<figure class=\"wp-block-image size-full\"><img decoding=\"async\" width=\"1019\" height=\"357\" src=\"https:\/\/www.maxipago.com\/developers\/wp-content\/uploads\/2023\/10\/image-22.png\" alt=\"\" class=\"wp-image-3665\" srcset=\"https:\/\/www.maxipago.com\/developers\/wp-content\/uploads\/2023\/10\/image-22.png 1019w, https:\/\/www.maxipago.com\/developers\/wp-content\/uploads\/2023\/10\/image-22-300x105.png 300w, https:\/\/www.maxipago.com\/developers\/wp-content\/uploads\/2023\/10\/image-22-768x269.png 768w\" sizes=\"(max-width: 1019px) 100vw, 1019px\" \/><\/figure>\n\n\n\n<ul>\n<li>Ap\u00f3s preenchimento dos dados obrigat\u00f3rios, clique em<strong> \u201cAdicionar\u201d<\/strong>. Recomendamos que o m\u00e1ximo de dados sejam preenchidos, isso facilita caso seja necess\u00e1rio contatar o cliente.<\/li>\n<\/ul>\n\n\n\n<div style=\"height:100px\" aria-hidden=\"true\" class=\"wp-block-spacer\"><\/div>\n\n\n\n<h3 class=\"wp-block-heading\"><mark style=\"background-color:rgba(0, 0, 0, 0)\" class=\"has-inline-color has-colibri-color-2-color\">1.2 Editar um Cliente<\/mark><\/h3>\n\n\n\n<p><\/p>\n\n\n\n<p>Caso queira alterar alguma informa\u00e7\u00e3o de um cliente j\u00e1 cadastrado, basta localizar o cliente como<br>mostrado abaixo:<\/p>\n\n\n\n<figure class=\"wp-block-image size-large\"><img decoding=\"async\" width=\"1024\" height=\"208\" src=\"https:\/\/www.maxipago.com\/developers\/wp-content\/uploads\/2023\/10\/image-23-1024x208.png\" alt=\"\" class=\"wp-image-3666\" srcset=\"https:\/\/www.maxipago.com\/developers\/wp-content\/uploads\/2023\/10\/image-23-1024x208.png 1024w, https:\/\/www.maxipago.com\/developers\/wp-content\/uploads\/2023\/10\/image-23-300x61.png 300w, https:\/\/www.maxipago.com\/developers\/wp-content\/uploads\/2023\/10\/image-23-768x156.png 768w, https:\/\/www.maxipago.com\/developers\/wp-content\/uploads\/2023\/10\/image-23.png 1169w\" sizes=\"(max-width: 1024px) 100vw, 1024px\" \/><\/figure>\n\n\n\n<ul>\n<li>Clique em <strong>\u201cAdmin\u201d (1)<\/strong>:<\/li>\n<\/ul>\n\n\n\n<div style=\"height:100px\" aria-hidden=\"true\" class=\"wp-block-spacer\"><\/div>\n\n\n\n<figure class=\"wp-block-image size-large\"><img decoding=\"async\" width=\"1024\" height=\"215\" src=\"https:\/\/www.maxipago.com\/developers\/wp-content\/uploads\/2023\/10\/image-24-1024x215.png\" alt=\"\" class=\"wp-image-3667\" srcset=\"https:\/\/www.maxipago.com\/developers\/wp-content\/uploads\/2023\/10\/image-24-1024x215.png 1024w, https:\/\/www.maxipago.com\/developers\/wp-content\/uploads\/2023\/10\/image-24-300x63.png 300w, https:\/\/www.maxipago.com\/developers\/wp-content\/uploads\/2023\/10\/image-24-768x161.png 768w, https:\/\/www.maxipago.com\/developers\/wp-content\/uploads\/2023\/10\/image-24.png 1179w\" sizes=\"(max-width: 1024px) 100vw, 1024px\" \/><\/figure>\n\n\n\n<ul>\n<li>Clique em <strong>\u201cClientes\u201d (2)<\/strong>:<\/li>\n<\/ul>\n\n\n\n<div style=\"height:100px\" aria-hidden=\"true\" class=\"wp-block-spacer\"><\/div>\n\n\n\n<figure class=\"wp-block-image size-large\"><img decoding=\"async\" width=\"1024\" height=\"200\" src=\"https:\/\/www.maxipago.com\/developers\/wp-content\/uploads\/2023\/10\/image-25-1024x200.png\" alt=\"\" class=\"wp-image-3668\" srcset=\"https:\/\/www.maxipago.com\/developers\/wp-content\/uploads\/2023\/10\/image-25-1024x200.png 1024w, https:\/\/www.maxipago.com\/developers\/wp-content\/uploads\/2023\/10\/image-25-300x59.png 300w, https:\/\/www.maxipago.com\/developers\/wp-content\/uploads\/2023\/10\/image-25-768x150.png 768w, https:\/\/www.maxipago.com\/developers\/wp-content\/uploads\/2023\/10\/image-25.png 1181w\" sizes=\"(max-width: 1024px) 100vw, 1024px\" \/><\/figure>\n\n\n\n<p>Localize o cliente mais facilmente atrav\u00e9s da primeira letra do seu nome <strong>(3)<\/strong>:<\/p>\n\n\n\n<div style=\"height:100px\" aria-hidden=\"true\" class=\"wp-block-spacer\"><\/div>\n\n\n\n<figure class=\"wp-block-image size-large\"><img decoding=\"async\" width=\"1024\" height=\"218\" src=\"https:\/\/www.maxipago.com\/developers\/wp-content\/uploads\/2023\/10\/image-27-1024x218.png\" alt=\"\" class=\"wp-image-3670\" srcset=\"https:\/\/www.maxipago.com\/developers\/wp-content\/uploads\/2023\/10\/image-27-1024x218.png 1024w, https:\/\/www.maxipago.com\/developers\/wp-content\/uploads\/2023\/10\/image-27-300x64.png 300w, https:\/\/www.maxipago.com\/developers\/wp-content\/uploads\/2023\/10\/image-27-768x163.png 768w, https:\/\/www.maxipago.com\/developers\/wp-content\/uploads\/2023\/10\/image-27.png 1167w\" sizes=\"(max-width: 1024px) 100vw, 1024px\" \/><\/figure>\n\n\n\n<p>Clique na imagem indicada na figura <strong>(4)<\/strong> e fa\u00e7a a edi\u00e7\u00e3o da informa\u00e7\u00e3odesejada:<\/p>\n\n\n\n<div style=\"height:100px\" aria-hidden=\"true\" class=\"wp-block-spacer\"><\/div>\n\n\n\n<figure class=\"wp-block-image size-large\"><img decoding=\"async\" width=\"1024\" height=\"361\" src=\"https:\/\/www.maxipago.com\/developers\/wp-content\/uploads\/2023\/10\/image-28-1024x361.png\" alt=\"\" class=\"wp-image-3671\" srcset=\"https:\/\/www.maxipago.com\/developers\/wp-content\/uploads\/2023\/10\/image-28-1024x361.png 1024w, https:\/\/www.maxipago.com\/developers\/wp-content\/uploads\/2023\/10\/image-28-300x106.png 300w, https:\/\/www.maxipago.com\/developers\/wp-content\/uploads\/2023\/10\/image-28-768x271.png 768w, https:\/\/www.maxipago.com\/developers\/wp-content\/uploads\/2023\/10\/image-28.png 1132w\" sizes=\"(max-width: 1024px) 100vw, 1024px\" \/><\/figure>\n\n\n\n<ul>\n<li>Modifique todos os dados que desejar e ent\u00e3o clique em <strong>\u201cAdicionar\u201d<\/strong> parafinalizar.<\/li>\n<\/ul>\n\n\n\n<div style=\"height:100px\" aria-hidden=\"true\" class=\"wp-block-spacer\"><\/div>\n\n\n\n<h3 class=\"wp-block-heading\"><mark style=\"background-color:rgba(0, 0, 0, 0)\" class=\"has-inline-color has-colibri-color-2-color\">1.3 Excluir um Cliente<\/mark><\/h3>\n\n\n\n<p>Para excluir um cliente, basta que, ap\u00f3s localizar o cadastro, <strong>clique no \u201cx\u201d <\/strong>(imagem identificada em<br>vermelho):<\/p>\n\n\n\n<figure class=\"wp-block-image size-large\"><img decoding=\"async\" width=\"1024\" height=\"205\" src=\"https:\/\/www.maxipago.com\/developers\/wp-content\/uploads\/2023\/10\/image-29-1024x205.png\" alt=\"\" class=\"wp-image-3672\" srcset=\"https:\/\/www.maxipago.com\/developers\/wp-content\/uploads\/2023\/10\/image-29-1024x205.png 1024w, https:\/\/www.maxipago.com\/developers\/wp-content\/uploads\/2023\/10\/image-29-300x60.png 300w, https:\/\/www.maxipago.com\/developers\/wp-content\/uploads\/2023\/10\/image-29-768x154.png 768w, https:\/\/www.maxipago.com\/developers\/wp-content\/uploads\/2023\/10\/image-29.png 1124w\" sizes=\"(max-width: 1024px) 100vw, 1024px\" \/><\/figure>\n","protected":false},"excerpt":{"rendered":"<p>1.1 Adicionando Clientes No Portal maxiPago!, \u00e9 poss\u00edvel a cria\u00e7\u00e3o de clientes. Para isso, siga as instru\u00e7\u00f5es: 1.2 Editar um Cliente Caso queira alterar alguma informa\u00e7\u00e3o de um cliente j\u00e1 cadastrado, basta localizar o cliente comomostrado abaixo: Localize o cliente mais facilmente atrav\u00e9s da primeira letra do seu nome (3): Clique na imagem indicada na [&hellip;]<\/p>\n","protected":false},"author":9,"featured_media":0,"parent":0,"menu_order":0,"comment_status":"closed","ping_status":"closed","template":"","meta":{"spay_email":"","footnotes":""},"yoast_head":"<!-- This site is optimized with the Yoast SEO plugin v16.2 - https:\/\/yoast.com\/wordpress\/plugins\/seo\/ -->\n<title>Gest\u00e3o de Clientes - Gateway Rede! Developers<\/title>\n<meta name=\"robots\" content=\"noindex, follow, max-snippet:-1, max-image-preview:large, max-video-preview:-1\" \/>\n<meta property=\"og:locale\" content=\"pt_BR\" \/>\n<meta property=\"og:type\" content=\"article\" \/>\n<meta property=\"og:title\" content=\"Gest\u00e3o de Clientes - Gateway Rede! Developers\" \/>\n<meta property=\"og:description\" content=\"1.1 Adicionando Clientes No Portal maxiPago!, \u00e9 poss\u00edvel a cria\u00e7\u00e3o de clientes. Para isso, siga as instru\u00e7\u00f5es: 1.2 Editar um Cliente Caso queira alterar alguma informa\u00e7\u00e3o de um cliente j\u00e1 cadastrado, basta localizar o cliente comomostrado abaixo: Localize o cliente mais facilmente atrav\u00e9s da primeira letra do seu nome (3): Clique na imagem indicada na [&hellip;]\" \/>\n<meta property=\"og:url\" content=\"https:\/\/www.maxipago.com\/developers\/clientes\/\" \/>\n<meta property=\"og:site_name\" content=\"Gateway Rede! Developers\" \/>\n<meta property=\"article:publisher\" content=\"https:\/\/www.facebook.com\/maxiPago-193308344142172\/?fref=ts\" \/>\n<meta property=\"article:modified_time\" content=\"2023-10-19T21:26:57+00:00\" \/>\n<meta property=\"og:image\" content=\"https:\/\/www.maxipago.com\/developers\/wp-content\/uploads\/2023\/10\/image-17.png\" \/>\n<meta name=\"twitter:card\" content=\"summary\" \/>\n<meta name=\"twitter:label1\" content=\"Est. tempo de leitura\">\n\t<meta name=\"twitter:data1\" content=\"4 minutos\">\n<script type=\"application\/ld+json\" class=\"yoast-schema-graph\">{\"@context\":\"https:\/\/schema.org\",\"@graph\":[{\"@type\":\"WebSite\",\"@id\":\"https:\/\/www.maxipago.com\/developers\/#website\",\"url\":\"https:\/\/www.maxipago.com\/developers\/\",\"name\":\"Gateway Rede! Developers\",\"description\":\"Portal de Desenvolvedores - Gateway Rede!\",\"potentialAction\":[{\"@type\":\"SearchAction\",\"target\":\"https:\/\/www.maxipago.com\/developers\/?s={search_term_string}\",\"query-input\":\"required name=search_term_string\"}],\"inLanguage\":\"pt-BR\"},{\"@type\":\"ImageObject\",\"@id\":\"https:\/\/www.maxipago.com\/developers\/clientes\/#primaryimage\",\"inLanguage\":\"pt-BR\",\"url\":\"https:\/\/www.maxipago.com\/developers\/wp-content\/uploads\/2023\/10\/image-17.png\",\"contentUrl\":\"https:\/\/www.maxipago.com\/developers\/wp-content\/uploads\/2023\/10\/image-17.png\",\"width\":1021,\"height\":239},{\"@type\":\"WebPage\",\"@id\":\"https:\/\/www.maxipago.com\/developers\/clientes\/#webpage\",\"url\":\"https:\/\/www.maxipago.com\/developers\/clientes\/\",\"name\":\"Gest\\u00e3o de Clientes - Gateway Rede! Developers\",\"isPartOf\":{\"@id\":\"https:\/\/www.maxipago.com\/developers\/#website\"},\"primaryImageOfPage\":{\"@id\":\"https:\/\/www.maxipago.com\/developers\/clientes\/#primaryimage\"},\"datePublished\":\"2023-10-18T22:55:56+00:00\",\"dateModified\":\"2023-10-19T21:26:57+00:00\",\"breadcrumb\":{\"@id\":\"https:\/\/www.maxipago.com\/developers\/clientes\/#breadcrumb\"},\"inLanguage\":\"pt-BR\",\"potentialAction\":[{\"@type\":\"ReadAction\",\"target\":[\"https:\/\/www.maxipago.com\/developers\/clientes\/\"]}]},{\"@type\":\"BreadcrumbList\",\"@id\":\"https:\/\/www.maxipago.com\/developers\/clientes\/#breadcrumb\",\"itemListElement\":[{\"@type\":\"ListItem\",\"position\":1,\"item\":{\"@type\":\"WebPage\",\"@id\":\"https:\/\/www.maxipago.com\/developers\/\",\"url\":\"https:\/\/www.maxipago.com\/developers\/\",\"name\":\"In\\u00edcio\"}},{\"@type\":\"ListItem\",\"position\":2,\"item\":{\"@id\":\"https:\/\/www.maxipago.com\/developers\/clientes\/#webpage\"}}]}]}<\/script>\n<!-- \/ Yoast SEO plugin. -->","_links":{"self":[{"href":"https:\/\/www.maxipago.com\/developers\/wp-json\/wp\/v2\/pages\/3730"}],"collection":[{"href":"https:\/\/www.maxipago.com\/developers\/wp-json\/wp\/v2\/pages"}],"about":[{"href":"https:\/\/www.maxipago.com\/developers\/wp-json\/wp\/v2\/types\/page"}],"author":[{"embeddable":true,"href":"https:\/\/www.maxipago.com\/developers\/wp-json\/wp\/v2\/users\/9"}],"replies":[{"embeddable":true,"href":"https:\/\/www.maxipago.com\/developers\/wp-json\/wp\/v2\/comments?post=3730"}],"version-history":[{"count":2,"href":"https:\/\/www.maxipago.com\/developers\/wp-json\/wp\/v2\/pages\/3730\/revisions"}],"predecessor-version":[{"id":3743,"href":"https:\/\/www.maxipago.com\/developers\/wp-json\/wp\/v2\/pages\/3730\/revisions\/3743"}],"wp:attachment":[{"href":"https:\/\/www.maxipago.com\/developers\/wp-json\/wp\/v2\/media?parent=3730"}],"curies":[{"name":"wp","href":"https:\/\/api.w.org\/{rel}","templated":true}]}}