{"id":3813,"date":"2024-01-03T20:36:11","date_gmt":"2024-01-03T23:36:11","guid":{"rendered":"https:\/\/www.maxipago.com\/developers\/?page_id=3813"},"modified":"2024-01-03T20:36:12","modified_gmt":"2024-01-03T23:36:12","slug":"cartoes-salvos-na-base-tokenizacao","status":"publish","type":"page","link":"https:\/\/www.maxipago.com\/developers\/cartoes-salvos-na-base-tokenizacao\/","title":{"rendered":"Cart\u00f5es Salvos na Base (Tokeniza\u00e7\u00e3o)"},"content":{"rendered":"\n<h3 class=\"wp-block-heading\"><mark style=\"background-color:rgba(0, 0, 0, 0)\" class=\"has-inline-color has-colibri-color-2-color\">1.1 Salvando Cart\u00f5es<\/mark><\/h3>\n\n\n\n<p>\u00c9 poss\u00edvel salvar (tokenizar) o cart\u00e3o do usu\u00e1rio para futuras transa\u00e7\u00f5es tamb\u00e9m atrav\u00e9s do Portal da maxipago. Confira:<\/p>\n\n\n\n<p><\/p>\n\n\n\n<figure class=\"wp-block-image size-full\"><img decoding=\"async\" width=\"763\" height=\"141\" src=\"https:\/\/www.maxipago.com\/developers\/wp-content\/uploads\/2024\/01\/image-32.png\" alt=\"\" class=\"wp-image-3814\" srcset=\"https:\/\/www.maxipago.com\/developers\/wp-content\/uploads\/2024\/01\/image-32.png 763w, https:\/\/www.maxipago.com\/developers\/wp-content\/uploads\/2024\/01\/image-32-300x55.png 300w\" sizes=\"(max-width: 763px) 100vw, 763px\" \/><\/figure>\n\n\n\n<p>Clique em <strong>\u201cAdmin\u201d (1):<\/strong><\/p>\n\n\n\n<figure class=\"wp-block-image size-full\"><img decoding=\"async\" width=\"774\" height=\"149\" src=\"https:\/\/www.maxipago.com\/developers\/wp-content\/uploads\/2024\/01\/image-33.png\" alt=\"\" class=\"wp-image-3815\" srcset=\"https:\/\/www.maxipago.com\/developers\/wp-content\/uploads\/2024\/01\/image-33.png 774w, https:\/\/www.maxipago.com\/developers\/wp-content\/uploads\/2024\/01\/image-33-300x58.png 300w, https:\/\/www.maxipago.com\/developers\/wp-content\/uploads\/2024\/01\/image-33-768x148.png 768w\" sizes=\"(max-width: 774px) 100vw, 774px\" \/><\/figure>\n\n\n\n<p>Clique em <strong>\u201cCart\u00f5es salvos\u201d (2):<\/strong><\/p>\n\n\n\n<figure class=\"wp-block-image size-full\"><img decoding=\"async\" width=\"768\" height=\"143\" src=\"https:\/\/www.maxipago.com\/developers\/wp-content\/uploads\/2024\/01\/image-34.png\" alt=\"\" class=\"wp-image-3816\" srcset=\"https:\/\/www.maxipago.com\/developers\/wp-content\/uploads\/2024\/01\/image-34.png 768w, https:\/\/www.maxipago.com\/developers\/wp-content\/uploads\/2024\/01\/image-34-300x56.png 300w\" sizes=\"(max-width: 768px) 100vw, 768px\" \/><\/figure>\n\n\n\n<p><\/p>\n\n\n\n<p>Clique em <strong>\u201cAdicionar novo cart\u00e3o\u201d (3):<\/strong><\/p>\n\n\n\n<figure class=\"wp-block-image size-full\"><img decoding=\"async\" width=\"766\" height=\"288\" src=\"https:\/\/www.maxipago.com\/developers\/wp-content\/uploads\/2024\/01\/image-35.png\" alt=\"\" class=\"wp-image-3817\" srcset=\"https:\/\/www.maxipago.com\/developers\/wp-content\/uploads\/2024\/01\/image-35.png 766w, https:\/\/www.maxipago.com\/developers\/wp-content\/uploads\/2024\/01\/image-35-300x113.png 300w\" sizes=\"(max-width: 766px) 100vw, 766px\" \/><\/figure>\n\n\n\n<p>Preencha os campos na tela \u201c<strong>Adicionar cart\u00e3o na base<\/strong>\u201d e ent\u00e3o, clique em <strong>\u201cSalvar<br>cart\u00e3o\u201d<\/strong><\/p>\n\n\n\n<p><\/p>\n\n\n\n<h2 class=\"wp-block-heading\"><mark style=\"background-color:rgba(0, 0, 0, 0)\" class=\"has-inline-color has-colibri-color-2-color\"><strong>1.2 Editar Cart\u00e3o Salvo (tokenizado)<\/strong><\/mark><\/h2>\n\n\n\n<p>Para corrigir ou editar uma informa\u00e7\u00e3o de Cart\u00e3o salva, siga os seguintes passos:<\/p>\n\n\n\n<figure class=\"wp-block-image size-full\"><img decoding=\"async\" width=\"742\" height=\"137\" src=\"https:\/\/www.maxipago.com\/developers\/wp-content\/uploads\/2024\/01\/image-36.png\" alt=\"\" class=\"wp-image-3818\" srcset=\"https:\/\/www.maxipago.com\/developers\/wp-content\/uploads\/2024\/01\/image-36.png 742w, https:\/\/www.maxipago.com\/developers\/wp-content\/uploads\/2024\/01\/image-36-300x55.png 300w\" sizes=\"(max-width: 742px) 100vw, 742px\" \/><\/figure>\n\n\n\n<p>Clique em <strong>\u201cAdmin\u201d (1):<\/strong><\/p>\n\n\n\n<figure class=\"wp-block-image size-full\"><img decoding=\"async\" width=\"770\" height=\"159\" src=\"https:\/\/www.maxipago.com\/developers\/wp-content\/uploads\/2024\/01\/image-37.png\" alt=\"\" class=\"wp-image-3819\" srcset=\"https:\/\/www.maxipago.com\/developers\/wp-content\/uploads\/2024\/01\/image-37.png 770w, https:\/\/www.maxipago.com\/developers\/wp-content\/uploads\/2024\/01\/image-37-300x62.png 300w, https:\/\/www.maxipago.com\/developers\/wp-content\/uploads\/2024\/01\/image-37-768x159.png 768w\" sizes=\"(max-width: 770px) 100vw, 770px\" \/><\/figure>\n\n\n\n<p>Clique em<strong> \u201cCart\u00f5es Salvos\u201d (2):<\/strong><\/p>\n\n\n\n<figure class=\"wp-block-image size-full\"><img decoding=\"async\" width=\"769\" height=\"166\" src=\"https:\/\/www.maxipago.com\/developers\/wp-content\/uploads\/2024\/01\/image-38.png\" alt=\"\" class=\"wp-image-3820\" srcset=\"https:\/\/www.maxipago.com\/developers\/wp-content\/uploads\/2024\/01\/image-38.png 769w, https:\/\/www.maxipago.com\/developers\/wp-content\/uploads\/2024\/01\/image-38-300x65.png 300w\" sizes=\"(max-width: 769px) 100vw, 769px\" \/><\/figure>\n\n\n\n<p>Clique no controle de edi\u00e7\u00e3o, conforme imagem destacada na figura acima <strong>(3):<\/strong><br>A pr\u00f3xima tela permitir\u00e1 a edi\u00e7\u00e3o dos campos desejados:<\/p>\n\n\n\n<figure class=\"wp-block-image size-full\"><img decoding=\"async\" width=\"776\" height=\"255\" src=\"https:\/\/www.maxipago.com\/developers\/wp-content\/uploads\/2024\/01\/image-39.png\" alt=\"\" class=\"wp-image-3821\" srcset=\"https:\/\/www.maxipago.com\/developers\/wp-content\/uploads\/2024\/01\/image-39.png 776w, https:\/\/www.maxipago.com\/developers\/wp-content\/uploads\/2024\/01\/image-39-300x99.png 300w, https:\/\/www.maxipago.com\/developers\/wp-content\/uploads\/2024\/01\/image-39-768x252.png 768w\" sizes=\"(max-width: 776px) 100vw, 776px\" \/><\/figure>\n\n\n\n<p>Clicar em <strong>\u201cSalvar cart\u00e3o\u201d.<\/strong><\/p>\n\n\n\n<p><\/p>\n\n\n\n<p><mark style=\"background-color:rgba(0, 0, 0, 0)\" class=\"has-inline-color has-colibri-color-2-color\"><strong>1.3 Excluir Cart\u00e3o Salvo (tokenizado)<\/strong><\/mark><\/p>\n\n\n\n<figure class=\"wp-block-image size-full\"><img decoding=\"async\" width=\"740\" height=\"177\" src=\"https:\/\/www.maxipago.com\/developers\/wp-content\/uploads\/2024\/01\/image-40.png\" alt=\"\" class=\"wp-image-3822\" srcset=\"https:\/\/www.maxipago.com\/developers\/wp-content\/uploads\/2024\/01\/image-40.png 740w, https:\/\/www.maxipago.com\/developers\/wp-content\/uploads\/2024\/01\/image-40-300x72.png 300w\" sizes=\"(max-width: 740px) 100vw, 740px\" \/><\/figure>\n\n\n\n<p>Clique em <strong>\u201cAdmin\u201d (1):<\/strong><\/p>\n\n\n\n<figure class=\"wp-block-image size-full\"><img decoding=\"async\" width=\"753\" height=\"165\" src=\"https:\/\/www.maxipago.com\/developers\/wp-content\/uploads\/2024\/01\/image-41.png\" alt=\"\" class=\"wp-image-3823\" srcset=\"https:\/\/www.maxipago.com\/developers\/wp-content\/uploads\/2024\/01\/image-41.png 753w, https:\/\/www.maxipago.com\/developers\/wp-content\/uploads\/2024\/01\/image-41-300x66.png 300w\" sizes=\"(max-width: 753px) 100vw, 753px\" \/><\/figure>\n\n\n\n<p>Clique em <strong>\u201cCart\u00f5es Salvos\u201d (2):<\/strong><\/p>\n\n\n\n<figure class=\"wp-block-image size-full\"><img decoding=\"async\" width=\"763\" height=\"169\" src=\"https:\/\/www.maxipago.com\/developers\/wp-content\/uploads\/2024\/01\/image-42.png\" alt=\"\" class=\"wp-image-3824\" srcset=\"https:\/\/www.maxipago.com\/developers\/wp-content\/uploads\/2024\/01\/image-42.png 763w, https:\/\/www.maxipago.com\/developers\/wp-content\/uploads\/2024\/01\/image-42-300x66.png 300w\" sizes=\"(max-width: 763px) 100vw, 763px\" \/><\/figure>\n\n\n\n<p>Clique sobre a imagem indicada na figura acima <strong>(3)<\/strong>:<\/p>\n\n\n<div class=\"wp-block-image\">\n<figure class=\"aligncenter size-full\"><img decoding=\"async\" width=\"342\" height=\"151\" src=\"https:\/\/www.maxipago.com\/developers\/wp-content\/uploads\/2024\/01\/image-43.png\" alt=\"\" class=\"wp-image-3825\" srcset=\"https:\/\/www.maxipago.com\/developers\/wp-content\/uploads\/2024\/01\/image-43.png 342w, https:\/\/www.maxipago.com\/developers\/wp-content\/uploads\/2024\/01\/image-43-300x132.png 300w\" sizes=\"(max-width: 342px) 100vw, 342px\" \/><\/figure><\/div>\n\n\n<p>Clique em <strong>\u201cOK\u201d.<\/strong><\/p>\n\n\n\n<p><\/p>\n\n\n\n<p><\/p>\n\n\n\n<p><\/p>\n\n\n\n<p><\/p>\n\n\n\n<p><\/p>\n","protected":false},"excerpt":{"rendered":"<p>1.1 Salvando Cart\u00f5es \u00c9 poss\u00edvel salvar (tokenizar) o cart\u00e3o do usu\u00e1rio para futuras transa\u00e7\u00f5es tamb\u00e9m atrav\u00e9s do Portal da maxipago. Confira: Clique em \u201cAdmin\u201d (1): Clique em \u201cCart\u00f5es salvos\u201d (2): Clique em \u201cAdicionar novo cart\u00e3o\u201d (3): Preencha os campos na tela \u201cAdicionar cart\u00e3o na base\u201d e ent\u00e3o, clique em \u201cSalvarcart\u00e3o\u201d 1.2 Editar Cart\u00e3o Salvo (tokenizado) [&hellip;]<\/p>\n","protected":false},"author":9,"featured_media":0,"parent":0,"menu_order":0,"comment_status":"closed","ping_status":"closed","template":"","meta":{"spay_email":"","footnotes":""},"yoast_head":"<!-- This site is optimized with the Yoast SEO plugin v16.2 - https:\/\/yoast.com\/wordpress\/plugins\/seo\/ -->\n<title>Cart\u00f5es Salvos na Base (Tokeniza\u00e7\u00e3o) - Gateway Rede! Developers<\/title>\n<meta name=\"robots\" content=\"noindex, follow, max-snippet:-1, max-image-preview:large, max-video-preview:-1\" \/>\n<meta property=\"og:locale\" content=\"pt_BR\" \/>\n<meta property=\"og:type\" content=\"article\" \/>\n<meta property=\"og:title\" content=\"Cart\u00f5es Salvos na Base (Tokeniza\u00e7\u00e3o) - Gateway Rede! Developers\" \/>\n<meta property=\"og:description\" content=\"1.1 Salvando Cart\u00f5es \u00c9 poss\u00edvel salvar (tokenizar) o cart\u00e3o do usu\u00e1rio para futuras transa\u00e7\u00f5es tamb\u00e9m atrav\u00e9s do Portal da maxipago. Confira: Clique em \u201cAdmin\u201d (1): Clique em \u201cCart\u00f5es salvos\u201d (2): Clique em \u201cAdicionar novo cart\u00e3o\u201d (3): Preencha os campos na tela \u201cAdicionar cart\u00e3o na base\u201d e ent\u00e3o, clique em \u201cSalvarcart\u00e3o\u201d 1.2 Editar Cart\u00e3o Salvo (tokenizado) [&hellip;]\" \/>\n<meta property=\"og:url\" content=\"https:\/\/www.maxipago.com\/developers\/cartoes-salvos-na-base-tokenizacao\/\" \/>\n<meta property=\"og:site_name\" content=\"Gateway Rede! Developers\" \/>\n<meta property=\"article:publisher\" content=\"https:\/\/www.facebook.com\/maxiPago-193308344142172\/?fref=ts\" \/>\n<meta property=\"article:modified_time\" content=\"2024-01-03T23:36:12+00:00\" \/>\n<meta property=\"og:image\" content=\"https:\/\/www.maxipago.com\/developers\/wp-content\/uploads\/2024\/01\/image-32.png\" \/>\n<meta name=\"twitter:card\" content=\"summary\" \/>\n<meta name=\"twitter:label1\" content=\"Est. tempo de leitura\">\n\t<meta name=\"twitter:data1\" content=\"3 minutos\">\n<script type=\"application\/ld+json\" class=\"yoast-schema-graph\">{\"@context\":\"https:\/\/schema.org\",\"@graph\":[{\"@type\":\"WebSite\",\"@id\":\"https:\/\/www.maxipago.com\/developers\/#website\",\"url\":\"https:\/\/www.maxipago.com\/developers\/\",\"name\":\"Gateway Rede! Developers\",\"description\":\"Portal de Desenvolvedores - Gateway Rede!\",\"potentialAction\":[{\"@type\":\"SearchAction\",\"target\":\"https:\/\/www.maxipago.com\/developers\/?s={search_term_string}\",\"query-input\":\"required name=search_term_string\"}],\"inLanguage\":\"pt-BR\"},{\"@type\":\"ImageObject\",\"@id\":\"https:\/\/www.maxipago.com\/developers\/cartoes-salvos-na-base-tokenizacao\/#primaryimage\",\"inLanguage\":\"pt-BR\",\"url\":\"https:\/\/www.maxipago.com\/developers\/wp-content\/uploads\/2024\/01\/image-32.png\",\"contentUrl\":\"https:\/\/www.maxipago.com\/developers\/wp-content\/uploads\/2024\/01\/image-32.png\",\"width\":763,\"height\":141},{\"@type\":\"WebPage\",\"@id\":\"https:\/\/www.maxipago.com\/developers\/cartoes-salvos-na-base-tokenizacao\/#webpage\",\"url\":\"https:\/\/www.maxipago.com\/developers\/cartoes-salvos-na-base-tokenizacao\/\",\"name\":\"Cart\\u00f5es Salvos na Base (Tokeniza\\u00e7\\u00e3o) - Gateway Rede! Developers\",\"isPartOf\":{\"@id\":\"https:\/\/www.maxipago.com\/developers\/#website\"},\"primaryImageOfPage\":{\"@id\":\"https:\/\/www.maxipago.com\/developers\/cartoes-salvos-na-base-tokenizacao\/#primaryimage\"},\"datePublished\":\"2024-01-03T23:36:11+00:00\",\"dateModified\":\"2024-01-03T23:36:12+00:00\",\"breadcrumb\":{\"@id\":\"https:\/\/www.maxipago.com\/developers\/cartoes-salvos-na-base-tokenizacao\/#breadcrumb\"},\"inLanguage\":\"pt-BR\",\"potentialAction\":[{\"@type\":\"ReadAction\",\"target\":[\"https:\/\/www.maxipago.com\/developers\/cartoes-salvos-na-base-tokenizacao\/\"]}]},{\"@type\":\"BreadcrumbList\",\"@id\":\"https:\/\/www.maxipago.com\/developers\/cartoes-salvos-na-base-tokenizacao\/#breadcrumb\",\"itemListElement\":[{\"@type\":\"ListItem\",\"position\":1,\"item\":{\"@type\":\"WebPage\",\"@id\":\"https:\/\/www.maxipago.com\/developers\/\",\"url\":\"https:\/\/www.maxipago.com\/developers\/\",\"name\":\"In\\u00edcio\"}},{\"@type\":\"ListItem\",\"position\":2,\"item\":{\"@id\":\"https:\/\/www.maxipago.com\/developers\/cartoes-salvos-na-base-tokenizacao\/#webpage\"}}]}]}<\/script>\n<!-- \/ Yoast SEO plugin. -->","_links":{"self":[{"href":"https:\/\/www.maxipago.com\/developers\/wp-json\/wp\/v2\/pages\/3813"}],"collection":[{"href":"https:\/\/www.maxipago.com\/developers\/wp-json\/wp\/v2\/pages"}],"about":[{"href":"https:\/\/www.maxipago.com\/developers\/wp-json\/wp\/v2\/types\/page"}],"author":[{"embeddable":true,"href":"https:\/\/www.maxipago.com\/developers\/wp-json\/wp\/v2\/users\/9"}],"replies":[{"embeddable":true,"href":"https:\/\/www.maxipago.com\/developers\/wp-json\/wp\/v2\/comments?post=3813"}],"version-history":[{"count":1,"href":"https:\/\/www.maxipago.com\/developers\/wp-json\/wp\/v2\/pages\/3813\/revisions"}],"predecessor-version":[{"id":3826,"href":"https:\/\/www.maxipago.com\/developers\/wp-json\/wp\/v2\/pages\/3813\/revisions\/3826"}],"wp:attachment":[{"href":"https:\/\/www.maxipago.com\/developers\/wp-json\/wp\/v2\/media?parent=3813"}],"curies":[{"name":"wp","href":"https:\/\/api.w.org\/{rel}","templated":true}]}}