{"id":3870,"date":"2024-01-23T18:12:30","date_gmt":"2024-01-23T21:12:30","guid":{"rendered":"https:\/\/www.maxipago.com\/developers\/?page_id=3870"},"modified":"2024-01-23T18:12:31","modified_gmt":"2024-01-23T21:12:31","slug":"konduto","status":"publish","type":"page","link":"https:\/\/www.maxipago.com\/developers\/konduto\/","title":{"rendered":"Konduto"},"content":{"rendered":"\n<p>O antifraude da Konduto oferece Inova\u00e7\u00e3o, performance e agilidade. A melhor tecnologia<br>contra fraudes.<\/p>\n\n\n\n<h2 class=\"wp-block-heading\"><mark style=\"background-color:rgba(0, 0, 0, 0)\" class=\"has-inline-color has-colibri-color-2-color\">Konduto \u2013 URL de envio dos dados<\/mark><\/h2>\n\n\n\n<p><strong>SANDBOX<\/strong>: https:\/\/testapi.maxipago.net\/UniversalAPI\/postXML<\/p>\n\n\n\n<p><strong>PRODU\u00c7\u00c3O<\/strong>: https:\/\/api.maxipago.net\/UniversalAPI\/postXML<\/p>\n\n\n\n<div style=\"height:100px\" aria-hidden=\"true\" class=\"wp-block-spacer\"><\/div>\n\n\n\n<h2 class=\"wp-block-heading\"><mark style=\"background-color:rgba(0, 0, 0, 0)\" class=\"has-inline-color has-colibri-color-2-color\">Cen\u00e1rios de Teste<\/mark><\/h2>\n\n\n\n<p><\/p>\n\n\n\n<div id=\"footable_parent_3874\"\n         class=\" footable_parent ninja_table_wrapper loading_ninja_table wp_table_data_press_parent semantic_ui \">\n                <table data-ninja_table_instance=\"ninja_table_instance_0\" data-footable_id=\"3874\" data-filter-delay=\"1000\" aria-label=\"Konduto - Cen\u00e1rios de Testes\"            id=\"footable_3874\"\n           data-unique_identifier=\"ninja_table_unique_id_112026885_3874\"\n           class=\" foo-table ninja_footable foo_table_3874 ninja_table_unique_id_112026885_3874 ui table  nt_type_ajax_table selectable celled striped compact  footable-paging-right ninja_table_search_disabled\">\n                <colgroup>\n                            <col class=\"ninja_column_0 \">\n                            <col class=\"ninja_column_1 \">\n                    <\/colgroup>\n            <\/table>\n                    <style type=\"text\/css\" id='ninja_table_custom_css_3874'>\n                        #footable_3874  {\n        font-family: inherit;\n        font-size: 14px;\n    }\n\n                <\/style>\n                \n    \n    \n<\/div>\n\n\n\n\n<div style=\"height:60px\" aria-hidden=\"true\" class=\"wp-block-spacer\"><\/div>\n\n\n\n<p><\/p>\n\n\n\n<h2 class=\"wp-block-heading\"><mark style=\"background-color:rgba(0, 0, 0, 0)\" class=\"has-inline-color has-colibri-color-2-color\">Importante:<\/mark><\/h2>\n\n\n\n<p>\u00c9 preciso considerar que os par\u00e2metros: &lt;<strong>captureOnLowRisk<\/strong>&gt; e &lt;<strong>voidOnHighRisk<\/strong>&gt; devem estar com a op\u00e7\u00e3o \u201c<strong>Y<\/strong>\u201c; somente com a op\u00e7\u00e3o flag \u201cY\u201d as capturas e estornos ser\u00e3o feito de maneira autom\u00e1tica. Caso estejam com a op\u00e7\u00e3o \u201cN\u201d, capturas e estornos somente ser\u00e3o realizamos por a\u00e7\u00e3o manual do lojista.<\/p>\n\n\n\n<p><\/p>\n\n\n\n<h2 class=\"wp-block-heading\"><strong><mark style=\"background-color:rgba(0, 0, 0, 0)\" class=\"has-inline-color has-colibri-color-2-color\">Exemplo de Requisi\u00e7\u00e3o<\/mark><\/strong><mark style=\"background-color:rgba(0, 0, 0, 0)\" class=\"has-inline-color has-colibri-color-2-color\">:<\/mark><\/h2>\n\n\n\n<pre class=\"EnlighterJSRAW\" data-enlighter-language=\"generic\" data-enlighter-theme=\"\" data-enlighter-highlight=\"\" data-enlighter-linenumbers=\"\" data-enlighter-lineoffset=\"\" data-enlighter-title=\"\" data-enlighter-group=\"\">&lt;?xml version=\"1.0\" encoding=\"UTF-8\"?>\n&lt;transaction-request>\n\t&lt;version>3.1.1.15&lt;\/version>\n\t&lt;verification>\n\t\t&lt;merchantId>storeID&lt;\/merchantId>\n\t\t&lt;merchantKey>merchantID&lt;\/merchantKey>\n\t&lt;\/verification>\n\t&lt;order>\n\t\t&lt;auth>\n\t\t\t&lt;processorID>1&lt;\/processorID>\n\t\t\t&lt;fraudCheck>Y&lt;\/fraudCheck>\n\t\t\t&lt;referenceNum>********&lt;\/referenceNum>\n\t\t\t&lt;billing>\n\t\t\t\t&lt;name>Cliente Gateway&lt;\/name>\n\t\t\t\t&lt;address>R. Volkswagen 1&lt;\/address>\n\t\t\t\t&lt;address2>11\u00ba Andar&lt;\/address2>\n\t\t\t\t&lt;district>Jabaquara&lt;\/district>\n\t\t\t\t&lt;city>Sao Paulo&lt;\/city>\n\t\t\t\t&lt;state>SP&lt;\/state>\n\t\t\t\t&lt;postalcode>04344902&lt;\/postalcode>\n\t\t\t\t&lt;country>BR&lt;\/country>\n\t\t\t\t&lt;phone>1140044828&lt;\/phone>\n\t\t\t\t&lt;email>clientegateway@clientegateway.com.br&lt;\/email>\n\t\t\t\t&lt;id>2546582&lt;\/id>\n\t\t\t\t&lt;type>Individual&lt;\/type>\n\t\t\t\t&lt;gender>F&lt;\/gender>\n\t\t\t\t&lt;birthDate>1982-03-08&lt;\/birthDate>\n\t\t\t\t&lt;phones>\n\t\t\t\t\t&lt;phone>\n\t\t\t\t\t\t&lt;phoneType>Commercial&lt;\/phoneType>\n\t\t\t\t\t\t&lt;phoneCountryCode>55&lt;\/phoneCountryCode>\n\t\t\t\t\t\t&lt;phoneAreaCode>11&lt;\/phoneAreaCode>\n\t\t\t\t\t\t&lt;phoneNumber>55554444&lt;\/phoneNumber>\n\t\t\t\t\t\t&lt;phoneExtension>B101&lt;\/phoneExtension>\n\t\t\t\t\t&lt;\/phone>\n\t\t\t\t\t&lt;phone>\n\t\t\t\t\t\t&lt;phoneType>Residential&lt;\/phoneType>\n\t\t\t\t\t\t&lt;phoneCountryCode>55&lt;\/phoneCountryCode>\n\t\t\t\t\t\t&lt;phoneAreaCode>11&lt;\/phoneAreaCode>\n\t\t\t\t\t\t&lt;phoneNumber>55554444&lt;\/phoneNumber>\n\t\t\t\t\t\t&lt;phoneExtension>B101&lt;\/phoneExtension>\n\t\t\t\t\t&lt;\/phone>\n\t\t\t\t&lt;\/phones>\n\t\t\t\t&lt;documents>\n\t\t\t\t\t&lt;document>\n\t\t\t\t\t\t&lt;documentType>CPF&lt;\/documentType>\n\t\t\t\t\t\t&lt;documentValue>08648885205&lt;\/documentValue>\n\t\t\t\t\t&lt;\/document>\n\t\t\t\t\t&lt;document>\n\t\t\t\t\t\t&lt;documentType>RG&lt;\/documentType>\n\t\t\t\t\t\t&lt;documentValue>125465874-2Y&lt;\/documentValue>\n\t\t\t\t\t&lt;\/document>\n\t\t\t\t&lt;\/documents>\n\t\t\t&lt;\/billing>\n\t\t\t&lt;shipping>\n\t\t\t\t&lt;name>Cliente Gateway&lt;\/name>\n\t\t\t\t&lt;address>R. Volkswagen 1&lt;\/address>\n\t\t\t\t&lt;address2>11\u00ba Andar&lt;\/address2>\n\t\t\t\t&lt;district>Jabaquara&lt;\/district>\n\t\t\t\t&lt;city>Sao Paulo&lt;\/city>\n\t\t\t\t&lt;state>SP&lt;\/state>\n\t\t\t\t&lt;postalcode>04344902&lt;\/postalcode>\n\t\t\t\t&lt;country>BR&lt;\/country>\n\t\t\t\t&lt;id>5557&lt;\/id>\n\t\t\t\t&lt;type>Individual&lt;\/type>\n\t\t\t\t&lt;gender>F&lt;\/gender>\n\t\t\t\t&lt;phones>\n\t\t\t\t\t&lt;phone>\n\t\t\t\t\t\t&lt;phoneType>Commercial&lt;\/phoneType>\n\t\t\t\t\t\t&lt;phoneCountryCode>55&lt;\/phoneCountryCode>\n\t\t\t\t\t\t&lt;phoneAreaCode>11&lt;\/phoneAreaCode>\n\t\t\t\t\t\t&lt;phoneNumber>55554444&lt;\/phoneNumber>\n\t\t\t\t\t\t&lt;phoneExtension>B101&lt;\/phoneExtension>\n\t\t\t\t\t&lt;\/phone>\n\t\t\t\t\t&lt;phone>\n\t\t\t\t\t\t&lt;phoneType>Residential&lt;\/phoneType>\n\t\t\t\t\t\t&lt;phoneCountryCode>55&lt;\/phoneCountryCode>\n\t\t\t\t\t\t&lt;phoneAreaCode>11&lt;\/phoneAreaCode>\n\t\t\t\t\t\t&lt;phoneNumber>55554444&lt;\/phoneNumber>\n\t\t\t\t\t\t&lt;phoneExtension>B101&lt;\/phoneExtension>\n\t\t\t\t\t&lt;\/phone>\n\t\t\t\t&lt;\/phones>\n\t\t\t\t&lt;documents>\n\t\t\t\t\t&lt;document>\n\t\t\t\t\t\t&lt;documentType>CPF&lt;\/documentType>\n\t\t\t\t\t\t&lt;documentValue>08635595220&lt;\/documentValue>\n\t\t\t\t\t&lt;\/document>\n\t\t\t\t\t&lt;document>\n\t\t\t\t\t\t&lt;documentType>CTPS&lt;\/documentType>\n\t\t\t\t\t\t&lt;documentValue>123456789-60Z&lt;\/documentValue>\n\t\t\t\t\t&lt;\/document>\n\t\t\t\t&lt;\/documents>\n\t\t\t&lt;\/shipping>\n\t\t\t&lt;fraudDetails>\n\t\t\t\t&lt;fraudProcessorID>100&lt;\/fraudProcessorID>\n\t\t\t\t&lt;captureOnLowRisk>Y&lt;\/captureOnLowRisk>\n\t\t\t\t&lt;voidOnHighRisk>Y&lt;\/voidOnHighRisk>\n\t\t\t\t&lt;fraudToken>q1234564987981alksf43549138&lt;\/fraudToken>\n\t\t\t&lt;\/fraudDetails>\n\t\t\t&lt;transactionDetail>\n\t\t\t\t&lt;payType>\n\t\t\t\t\t&lt;creditCard>\n\t\t\t\t\t\t&lt;number>4111111111111111&lt;\/number>\n\t\t\t\t\t\t&lt;expMonth>12&lt;\/expMonth>\n\t\t\t\t\t\t&lt;expYear>2030&lt;\/expYear>\n\t\t\t\t\t\t&lt;cvvNumber>123&lt;\/cvvNumber>\n\t\t\t\t\t&lt;\/creditCard>\n\t\t\t\t&lt;\/payType>\n\t\t\t&lt;\/transactionDetail>\n\t\t\t&lt;payment>\n\t\t\t\t&lt;chargeTotal>1.00&lt;\/chargeTotal>\n\t\t\t\t&lt;shippingTotal>0.00&lt;\/shippingTotal>\n\t\t\t&lt;\/payment>\n\t\t\t&lt;itemList itemCount=\"1\">\n\t\t\t\t&lt;item>\n\t\t\t\t\t&lt;itemIndex>1&lt;\/itemIndex>\n\t\t\t\t\t&lt;itemProductCode>881287212&lt;\/itemProductCode>\n\t\t\t\t\t&lt;itemDescription>Vendas de E-commerce&lt;\/itemDescription>\n\t\t\t\t\t&lt;itemQuantity>1&lt;\/itemQuantity>\n\t\t\t\t\t&lt;itemTotalAmount>1.00&lt;\/itemTotalAmount>\n\t\t\t\t\t&lt;itemUnitCost>1.00&lt;\/itemUnitCost>\n\t\t\t\t&lt;\/item>\n\t\t\t&lt;\/itemList>\n\t\t&lt;\/auth>\n\t&lt;\/order>\n&lt;\/transaction-request><\/pre>\n\n\n\n<div style=\"height:56px\" aria-hidden=\"true\" class=\"wp-block-spacer\"><\/div>\n\n\n\n<h2 class=\"wp-block-heading\"><mark style=\"background-color:rgba(0, 0, 0, 0)\" class=\"has-inline-color has-colibri-color-2-color\">Exemplo de Requisi\u00e7\u00e3o &#8211; Retorno &#8220;em an\u00e1lise&#8221;<\/mark><\/h2>\n\n\n\n<p><br>Observar que sempre que for <strong>&lt;responseMessage&gt;FRAUD&lt;\/responseMessage&gt;<\/strong>, significa que o pedido est\u00e1 em an\u00e1lise. <\/p>\n\n\n\n<pre class=\"EnlighterJSRAW\" data-enlighter-language=\"generic\" data-enlighter-theme=\"\" data-enlighter-highlight=\"\" data-enlighter-linenumbers=\"\" data-enlighter-lineoffset=\"\" data-enlighter-title=\"\" data-enlighter-group=\"\">&lt;?xml version=\"1.0\" encoding=\"UTF-8\"?>\n&lt;transaction-response>\n\t&lt;authCode>123456&lt;\/authCode>\n\t&lt;orderID>0A01048A:018D1E47649C:87BD:58F2A562&lt;\/orderID>\n\t&lt;referenceNum>********&lt;\/referenceNum>\n\t&lt;transactionID>15709751&lt;\/transactionID>\n\t&lt;transactionTimestamp>1705610011&lt;\/transactionTimestamp>\n\t&lt;responseCode>0&lt;\/responseCode>\n\t&lt;responseMessage>FRAUD&lt;\/responseMessage>\n\t&lt;avsResponseCode>YYY&lt;\/avsResponseCode>\n\t&lt;cvvResponseCode>M&lt;\/cvvResponseCode>\n\t&lt;processorCode>A&lt;\/processorCode>\n\t&lt;processorMessage>APPROVED&lt;\/processorMessage>\n\t&lt;processorName>SIMULATOR&lt;\/processorName>\n\t&lt;creditCardBin>550209&lt;\/creditCardBin>\n\t&lt;creditCardLast4>1322&lt;\/creditCardLast4>\n\t&lt;errorMessage\/>\n\t&lt;processorTransactionID>15709752&lt;\/processorTransactionID>\n\t&lt;processorReferenceNumber>191328&lt;\/processorReferenceNumber>\n\t&lt;fraudScore>0.38&lt;\/fraudScore>\n\t&lt;creditCardCountry>US&lt;\/creditCardCountry>\n\t&lt;creditCardScheme>Mastercard&lt;\/creditCardScheme>\n\t&lt;brandCode>0&lt;\/brandCode>\n\t&lt;brandMessage>BRAND MESSAGE&lt;\/brandMessage>\n\t&lt;brandTransactionID>123456&lt;\/brandTransactionID>\n&lt;\/transaction-response><\/pre>\n\n\n\n<div style=\"height:35px\" aria-hidden=\"true\" class=\"wp-block-spacer\"><\/div>\n\n\n\n<h2 class=\"wp-block-heading\"><mark style=\"background-color:rgba(0, 0, 0, 0)\" class=\"has-inline-color has-colibri-color-2-color\">Exemplo de Requisi\u00e7\u00e3o &#8211; Retorno &#8220;Aprovado&#8221;<\/mark><\/h2>\n\n\n\n<p>Observar que sempre que for <strong>&lt;responseMessage&gt;CAPTURE&lt;\/responseMessage&gt;<\/strong>, significa que o pedido est\u00e1 capturado ou seja, a opera\u00e7\u00e3o foi conclu\u00edda com sucesso.<\/p>\n\n\n\n<pre class=\"EnlighterJSRAW\" data-enlighter-language=\"generic\" data-enlighter-theme=\"\" data-enlighter-highlight=\"\" data-enlighter-linenumbers=\"\" data-enlighter-lineoffset=\"\" data-enlighter-title=\"\" data-enlighter-group=\"\">&lt;?xml version=\"1.0\" encoding=\"UTF-8\"?>\n&lt;transaction-response>\n\t&lt;authCode>123456&lt;\/authCode>\n\t&lt;orderID>0A01048A:018D1E72A664:7978:14A9D302&lt;\/orderID>\n\t&lt;referenceNum>********&lt;\/referenceNum>\n\t&lt;transactionID>15709829&lt;\/transactionID>\n\t&lt;transactionTimestamp>1705612846&lt;\/transactionTimestamp>\n\t&lt;responseCode>0&lt;\/responseCode>\n\t&lt;responseMessage>CAPTURED&lt;\/responseMessage>\n\t&lt;avsResponseCode>YYY&lt;\/avsResponseCode>\n\t&lt;cvvResponseCode>M&lt;\/cvvResponseCode>\n\t&lt;processorCode>A&lt;\/processorCode>\n\t&lt;processorMessage>APPROVED&lt;\/processorMessage>\n\t&lt;processorName>SIMULATOR&lt;\/processorName>\n\t&lt;creditCardBin>550209&lt;\/creditCardBin>\n\t&lt;creditCardLast4>1322&lt;\/creditCardLast4>\n\t&lt;errorMessage\/>\n\t&lt;processorTransactionID>1070525&lt;\/processorTransactionID>\n\t&lt;processorReferenceNumber>396798&lt;\/processorReferenceNumber>\n\t&lt;fraudScore>0.0&lt;\/fraudScore>\n\t&lt;creditCardCountry>US&lt;\/creditCardCountry>\n\t&lt;creditCardScheme>Mastercard&lt;\/creditCardScheme>\n\t&lt;brandCode>0&lt;\/brandCode>\n\t&lt;brandMessage>BRAND MESSAGE&lt;\/brandMessage>\n\t&lt;brandTransactionID>123456&lt;\/brandTransactionID>\n&lt;\/transaction-response><\/pre>\n\n\n\n<h2 class=\"wp-block-heading\"><mark style=\"background-color:rgba(0, 0, 0, 0)\" class=\"has-inline-color has-colibri-color-2-color\">Exemplo de Requisi\u00e7\u00e3o &#8211; Retorno &#8220;Negado&#8221;<\/mark><\/h2>\n\n\n\n<p>Observar que sempre que no par\u00e2metro <strong>&lt;responseMessage&gt;VOIDED&lt;\/responseMessage&gt;<\/strong>, significa que o pedido foi negado e por este motivo, a autoriza\u00e7\u00e3o foi cancelada e o valor retornou ao limite do cliente.<\/p>\n\n\n\n<pre class=\"EnlighterJSRAW\" data-enlighter-language=\"generic\" data-enlighter-theme=\"\" data-enlighter-highlight=\"\" data-enlighter-linenumbers=\"\" data-enlighter-lineoffset=\"\" data-enlighter-title=\"\" data-enlighter-group=\"\">&lt;?xml version=\"1.0\" encoding=\"UTF-8\"?>\n&lt;transaction-response>\n\t&lt;authCode>123456&lt;\/authCode>\n\t&lt;orderID>0A01048A:018D1E7DD42C:5FA1:42B6885E&lt;\/orderID>\n\t&lt;referenceNum>********&lt;\/referenceNum>\n\t&lt;transactionID>15709833&lt;\/transactionID>\n\t&lt;transactionTimestamp>1705613579&lt;\/transactionTimestamp>\n\t&lt;responseCode>2&lt;\/responseCode>\n\t&lt;responseMessage>VOIDED&lt;\/responseMessage>\n\t&lt;avsResponseCode>YYY&lt;\/avsResponseCode>\n\t&lt;cvvResponseCode>M&lt;\/cvvResponseCode>\n\t&lt;processorCode>declined&lt;\/processorCode>\n\t&lt;processorMessage>declined&lt;\/processorMessage>\n\t&lt;processorName>SIMULATOR&lt;\/processorName>\n\t&lt;creditCardBin>550209&lt;\/creditCardBin>\n\t&lt;creditCardLast4>1322&lt;\/creditCardLast4>\n\t&lt;errorMessage\/>\n\t&lt;processorTransactionID>15709834&lt;\/processorTransactionID>\n\t&lt;processorReferenceNumber>300476&lt;\/processorReferenceNumber>\n\t&lt;fraudScore>0.98&lt;\/fraudScore>\n\t&lt;creditCardCountry>US&lt;\/creditCardCountry>\n\t&lt;creditCardScheme>Mastercard&lt;\/creditCardScheme>\n\t&lt;brandCode>0&lt;\/brandCode>\n\t&lt;brandMessage>BRAND MESSAGE&lt;\/brandMessage>\n\t&lt;brandTransactionID>123456&lt;\/brandTransactionID>\n&lt;\/transaction-response><\/pre>\n\n\n\n<div style=\"height:100px\" aria-hidden=\"true\" class=\"wp-block-spacer\"><\/div>\n\n\n\n<h2 class=\"wp-block-heading\"><strong><mark style=\"background-color:rgba(0, 0, 0, 0)\" class=\"has-inline-color has-colibri-color-2-color\">Tabela de Par\u00e2metros<\/mark><\/strong><\/h2>\n\n\n\n<div style=\"height:37px\" aria-hidden=\"true\" class=\"wp-block-spacer\"><\/div>\n\n\n<div id=\"footable_parent_3884\"\n         class=\" footable_parent ninja_table_wrapper loading_ninja_table wp_table_data_press_parent semantic_ui \">\n                <table data-ninja_table_instance=\"ninja_table_instance_1\" data-footable_id=\"3884\" data-filter-delay=\"1000\" aria-label=\"Konduto-tabela-de-par\u00e2metros.csv\"            id=\"footable_3884\"\n           data-unique_identifier=\"ninja_table_unique_id_7887994_3884\"\n           class=\" foo-table ninja_footable foo_table_3884 ninja_table_unique_id_7887994_3884 ui table  nt_type_ajax_table selectable celled striped compact  footable-paging-right ninja_table_search_disabled\">\n                <colgroup>\n                            <col class=\"ninja_column_0 \">\n                            <col class=\"ninja_column_1 \">\n                            <col class=\"ninja_column_2 \">\n                            <col class=\"ninja_column_3 \">\n                    <\/colgroup>\n            <\/table>\n                    <style type=\"text\/css\" id='ninja_table_custom_css_3874'>\n                        #footable_3874  {\n        font-family: inherit;\n        font-size: 14px;\n    }\n\n                <\/style>\n                                <style type=\"text\/css\" id='ninja_table_custom_css_3884'>\n                        #footable_3884  {\n        font-family: inherit;\n        font-size: 14px;\n    }\n\n                <\/style>\n                \n    \n    \n<\/div>\n\n","protected":false},"excerpt":{"rendered":"<p>O antifraude da Konduto oferece Inova\u00e7\u00e3o, performance e agilidade. A melhor tecnologiacontra fraudes. Konduto \u2013 URL de envio dos dados SANDBOX: https:\/\/testapi.maxipago.net\/UniversalAPI\/postXML PRODU\u00c7\u00c3O: https:\/\/api.maxipago.net\/UniversalAPI\/postXML Cen\u00e1rios de Teste Importante: \u00c9 preciso considerar que os par\u00e2metros: &lt;captureOnLowRisk&gt; e &lt;voidOnHighRisk&gt; devem estar com a op\u00e7\u00e3o \u201cY\u201c; somente com a op\u00e7\u00e3o flag \u201cY\u201d as capturas e estornos ser\u00e3o feito [&hellip;]<\/p>\n","protected":false},"author":9,"featured_media":0,"parent":0,"menu_order":0,"comment_status":"closed","ping_status":"closed","template":"","meta":{"spay_email":"","footnotes":""},"yoast_head":"<!-- This site is optimized with the Yoast SEO plugin v16.2 - https:\/\/yoast.com\/wordpress\/plugins\/seo\/ -->\n<title>Konduto - Gateway Rede! Developers<\/title>\n<meta name=\"robots\" content=\"noindex, follow, max-snippet:-1, max-image-preview:large, max-video-preview:-1\" \/>\n<meta property=\"og:locale\" content=\"pt_BR\" \/>\n<meta property=\"og:type\" content=\"article\" \/>\n<meta property=\"og:title\" content=\"Konduto - Gateway Rede! Developers\" \/>\n<meta property=\"og:description\" content=\"O antifraude da Konduto oferece Inova\u00e7\u00e3o, performance e agilidade. A melhor tecnologiacontra fraudes. Konduto \u2013 URL de envio dos dados SANDBOX: https:\/\/testapi.maxipago.net\/UniversalAPI\/postXML PRODU\u00c7\u00c3O: https:\/\/api.maxipago.net\/UniversalAPI\/postXML Cen\u00e1rios de Teste Importante: \u00c9 preciso considerar que os par\u00e2metros: &lt;captureOnLowRisk&gt; e &lt;voidOnHighRisk&gt; devem estar com a op\u00e7\u00e3o \u201cY\u201c; somente com a op\u00e7\u00e3o flag \u201cY\u201d as capturas e estornos ser\u00e3o feito [&hellip;]\" \/>\n<meta property=\"og:url\" content=\"https:\/\/www.maxipago.com\/developers\/konduto\/\" \/>\n<meta property=\"og:site_name\" content=\"Gateway Rede! Developers\" \/>\n<meta property=\"article:publisher\" content=\"https:\/\/www.facebook.com\/maxiPago-193308344142172\/?fref=ts\" \/>\n<meta property=\"article:modified_time\" content=\"2024-01-23T21:12:31+00:00\" \/>\n<meta name=\"twitter:card\" content=\"summary\" \/>\n<meta name=\"twitter:label1\" content=\"Est. tempo de leitura\">\n\t<meta name=\"twitter:data1\" content=\"2 minutos\">\n<script type=\"application\/ld+json\" class=\"yoast-schema-graph\">{\"@context\":\"https:\/\/schema.org\",\"@graph\":[{\"@type\":\"WebSite\",\"@id\":\"https:\/\/www.maxipago.com\/developers\/#website\",\"url\":\"https:\/\/www.maxipago.com\/developers\/\",\"name\":\"Gateway Rede! Developers\",\"description\":\"Portal de Desenvolvedores - Gateway Rede!\",\"potentialAction\":[{\"@type\":\"SearchAction\",\"target\":\"https:\/\/www.maxipago.com\/developers\/?s={search_term_string}\",\"query-input\":\"required name=search_term_string\"}],\"inLanguage\":\"pt-BR\"},{\"@type\":\"WebPage\",\"@id\":\"https:\/\/www.maxipago.com\/developers\/konduto\/#webpage\",\"url\":\"https:\/\/www.maxipago.com\/developers\/konduto\/\",\"name\":\"Konduto - Gateway Rede! Developers\",\"isPartOf\":{\"@id\":\"https:\/\/www.maxipago.com\/developers\/#website\"},\"datePublished\":\"2024-01-23T21:12:30+00:00\",\"dateModified\":\"2024-01-23T21:12:31+00:00\",\"breadcrumb\":{\"@id\":\"https:\/\/www.maxipago.com\/developers\/konduto\/#breadcrumb\"},\"inLanguage\":\"pt-BR\",\"potentialAction\":[{\"@type\":\"ReadAction\",\"target\":[\"https:\/\/www.maxipago.com\/developers\/konduto\/\"]}]},{\"@type\":\"BreadcrumbList\",\"@id\":\"https:\/\/www.maxipago.com\/developers\/konduto\/#breadcrumb\",\"itemListElement\":[{\"@type\":\"ListItem\",\"position\":1,\"item\":{\"@type\":\"WebPage\",\"@id\":\"https:\/\/www.maxipago.com\/developers\/\",\"url\":\"https:\/\/www.maxipago.com\/developers\/\",\"name\":\"In\\u00edcio\"}},{\"@type\":\"ListItem\",\"position\":2,\"item\":{\"@id\":\"https:\/\/www.maxipago.com\/developers\/konduto\/#webpage\"}}]}]}<\/script>\n<!-- \/ Yoast SEO plugin. -->","_links":{"self":[{"href":"https:\/\/www.maxipago.com\/developers\/wp-json\/wp\/v2\/pages\/3870"}],"collection":[{"href":"https:\/\/www.maxipago.com\/developers\/wp-json\/wp\/v2\/pages"}],"about":[{"href":"https:\/\/www.maxipago.com\/developers\/wp-json\/wp\/v2\/types\/page"}],"author":[{"embeddable":true,"href":"https:\/\/www.maxipago.com\/developers\/wp-json\/wp\/v2\/users\/9"}],"replies":[{"embeddable":true,"href":"https:\/\/www.maxipago.com\/developers\/wp-json\/wp\/v2\/comments?post=3870"}],"version-history":[{"count":13,"href":"https:\/\/www.maxipago.com\/developers\/wp-json\/wp\/v2\/pages\/3870\/revisions"}],"predecessor-version":[{"id":3887,"href":"https:\/\/www.maxipago.com\/developers\/wp-json\/wp\/v2\/pages\/3870\/revisions\/3887"}],"wp:attachment":[{"href":"https:\/\/www.maxipago.com\/developers\/wp-json\/wp\/v2\/media?parent=3870"}],"curies":[{"name":"wp","href":"https:\/\/api.w.org\/{rel}","templated":true}]}}