{"id":4111,"date":"2024-11-04T12:21:43","date_gmt":"2024-11-04T15:21:43","guid":{"rendered":"https:\/\/www.maxipago.com\/developers\/?page_id=4111"},"modified":"2024-11-04T12:21:45","modified_gmt":"2024-11-04T15:21:45","slug":"autosservico-para-ambiente-de-teste-homolog","status":"publish","type":"page","link":"https:\/\/www.maxipago.com\/developers\/autosservico-para-ambiente-de-teste-homolog\/","title":{"rendered":"Autosservi\u00e7o para ambiente de teste (homolog)"},"content":{"rendered":"\n<p>No Portal do Desenvolvedor Rede \u00e9 poss\u00edvel criar suas credenciais para utilizar no ambiente de homologa\u00e7\u00e3o (testes)  da maxiPago!. <\/p>\n\n\n\n<p>Para isso, acesso o site https:\/\/developer.userede.com.br\/ e siga as instru\u00e7\u00f5es:<\/p>\n\n\n\n<figure class=\"wp-block-image size-full\"><img decoding=\"async\" width=\"600\" height=\"215\" src=\"https:\/\/www.maxipago.com\/developers\/wp-content\/uploads\/2024\/09\/image.png\" alt=\"\" class=\"wp-image-4115\" srcset=\"https:\/\/www.maxipago.com\/developers\/wp-content\/uploads\/2024\/09\/image.png 600w, https:\/\/www.maxipago.com\/developers\/wp-content\/uploads\/2024\/09\/image-300x108.png 300w\" sizes=\"(max-width: 600px) 100vw, 600px\" \/><\/figure>\n\n\n\n<p>Caso n\u00e3o tenha perfil para logar, ser\u00e1 necess\u00e1rio se cadastrar:<\/p>\n\n\n\n<figure class=\"wp-block-image size-full\"><img decoding=\"async\" width=\"885\" height=\"356\" src=\"https:\/\/www.maxipago.com\/developers\/wp-content\/uploads\/2024\/09\/image-1.png\" alt=\"\" class=\"wp-image-4116\" srcset=\"https:\/\/www.maxipago.com\/developers\/wp-content\/uploads\/2024\/09\/image-1.png 885w, https:\/\/www.maxipago.com\/developers\/wp-content\/uploads\/2024\/09\/image-1-300x121.png 300w, https:\/\/www.maxipago.com\/developers\/wp-content\/uploads\/2024\/09\/image-1-768x309.png 768w\" sizes=\"(max-width: 885px) 100vw, 885px\" \/><\/figure>\n\n\n\n<ul>\n<li>Clicar em<strong> \u201cclique aqui e cadastre-se\u201d<\/strong>:<\/li>\n<\/ul>\n\n\n\n<p><\/p>\n\n\n\n<figure class=\"wp-block-image size-large\"><img decoding=\"async\" width=\"1024\" height=\"551\" src=\"https:\/\/www.maxipago.com\/developers\/wp-content\/uploads\/2024\/09\/image-2-1024x551.png\" alt=\"\" class=\"wp-image-4117\" srcset=\"https:\/\/www.maxipago.com\/developers\/wp-content\/uploads\/2024\/09\/image-2-1024x551.png 1024w, https:\/\/www.maxipago.com\/developers\/wp-content\/uploads\/2024\/09\/image-2-300x161.png 300w, https:\/\/www.maxipago.com\/developers\/wp-content\/uploads\/2024\/09\/image-2-768x413.png 768w, https:\/\/www.maxipago.com\/developers\/wp-content\/uploads\/2024\/09\/image-2.png 1043w\" sizes=\"(max-width: 1024px) 100vw, 1024px\" \/><\/figure>\n\n\n\n<ul>\n<li>Inclua seu e-mail para cadastrar <strong>\u201ce-mail\u201d (2)<\/strong>:<\/li>\n<\/ul>\n\n\n<div class=\"wp-block-image\">\n<figure class=\"aligncenter size-full\"><img decoding=\"async\" width=\"810\" height=\"535\" src=\"https:\/\/www.maxipago.com\/developers\/wp-content\/uploads\/2024\/09\/image-9.png\" alt=\"\" class=\"wp-image-4126\" srcset=\"https:\/\/www.maxipago.com\/developers\/wp-content\/uploads\/2024\/09\/image-9.png 810w, https:\/\/www.maxipago.com\/developers\/wp-content\/uploads\/2024\/09\/image-9-300x198.png 300w, https:\/\/www.maxipago.com\/developers\/wp-content\/uploads\/2024\/09\/image-9-768x507.png 768w\" sizes=\"(max-width: 810px) 100vw, 810px\" \/><\/figure><\/div>\n\n\n<ul>\n<li>Preencha todas informa\u00e7\u00f5es solicitadas, leia os termos e condi\u00e7\u00f5es, caso esteja de acordo, clique em <strong>\u201cCadastrar<\/strong>&#8220;:<\/li>\n<\/ul>\n\n\n\n<p><\/p>\n\n\n<div class=\"wp-block-image\">\n<figure class=\"aligncenter size-full\"><img decoding=\"async\" width=\"581\" height=\"425\" src=\"https:\/\/www.maxipago.com\/developers\/wp-content\/uploads\/2024\/09\/image-10.png\" alt=\"\" class=\"wp-image-4127\" srcset=\"https:\/\/www.maxipago.com\/developers\/wp-content\/uploads\/2024\/09\/image-10.png 581w, https:\/\/www.maxipago.com\/developers\/wp-content\/uploads\/2024\/09\/image-10-300x219.png 300w\" sizes=\"(max-width: 581px) 100vw, 581px\" \/><\/figure><\/div>\n\n\n<ul>\n<li>No e-mail cadastrado ser\u00e1 encaminhado um c\u00f3digo de 6 d\u00edgitos para verifica\u00e7\u00e3o. Preencha-o e em seguida d\u00ea o <strong>\u201cConfirmar\u201d<\/strong>:<\/li>\n<\/ul>\n\n\n<div class=\"wp-block-image\">\n<figure class=\"aligncenter size-full\"><img decoding=\"async\" width=\"681\" height=\"275\" src=\"https:\/\/www.maxipago.com\/developers\/wp-content\/uploads\/2024\/09\/image-5.png\" alt=\"\" class=\"wp-image-4121\" srcset=\"https:\/\/www.maxipago.com\/developers\/wp-content\/uploads\/2024\/09\/image-5.png 681w, https:\/\/www.maxipago.com\/developers\/wp-content\/uploads\/2024\/09\/image-5-300x121.png 300w\" sizes=\"(max-width: 681px) 100vw, 681px\" \/><\/figure><\/div>\n\n\n<p>Para utilizar o gateway, teremos que criar um projeto para gerar as credenciais do ambiente de teste, para isso, \u00e9 necess\u00e1rio criar um projeto de Gateway.<\/p>\n\n\n\n<ul>\n<li>Clique em  <strong>\u201cCriar Projeto\u201d<\/strong>:<\/li>\n<\/ul>\n\n\n<div class=\"wp-block-image\">\n<figure class=\"aligncenter size-full is-resized\"><img decoding=\"async\" width=\"703\" height=\"410\" src=\"https:\/\/www.maxipago.com\/developers\/wp-content\/uploads\/2024\/09\/image-6.png\" alt=\"\" class=\"wp-image-4122\" style=\"aspect-ratio:1.7146341463414634;width:761px;height:auto\" srcset=\"https:\/\/www.maxipago.com\/developers\/wp-content\/uploads\/2024\/09\/image-6.png 703w, https:\/\/www.maxipago.com\/developers\/wp-content\/uploads\/2024\/09\/image-6-300x175.png 300w\" sizes=\"(max-width: 703px) 100vw, 703px\" \/><\/figure><\/div>\n\n\n<ul>\n<li>D\u00ea o nome de sua prefer\u00eancia ao projeto e escolha em &#8220;<em>Pacote de API<\/em>&#8221; por <strong>&#8220;Gateway de Pagamento (maxiPago!)&#8221;<\/strong> e a descri\u00e7\u00e3o de sua prefer\u00eancia tamb\u00e9m e em <strong>&#8220;Finalizar<\/strong>&#8220;:<\/li>\n<\/ul>\n\n\n\n<p><strong>Suas credencias para o ambiente de teste est\u00e3o prontas e dispon\u00edveis para utilizar, conforme abaixo:<\/strong><\/p>\n\n\n<div class=\"wp-block-image\">\n<figure class=\"aligncenter size-full\"><img decoding=\"async\" width=\"1002\" height=\"345\" src=\"https:\/\/www.maxipago.com\/developers\/wp-content\/uploads\/2024\/09\/image-11.png\" alt=\"\" class=\"wp-image-4128\" srcset=\"https:\/\/www.maxipago.com\/developers\/wp-content\/uploads\/2024\/09\/image-11.png 1002w, https:\/\/www.maxipago.com\/developers\/wp-content\/uploads\/2024\/09\/image-11-300x103.png 300w, https:\/\/www.maxipago.com\/developers\/wp-content\/uploads\/2024\/09\/image-11-768x264.png 768w\" sizes=\"(max-width: 1002px) 100vw, 1002px\" \/><\/figure><\/div>\n\n\n<p>Com as credenciais em m\u00e3os, basta acessar o link abaixo e come\u00e7ar a testar a aplica\u00e7\u00e3o do Gateway Rede maxiPago!<\/p>\n\n\n\n<p><a href=\"https:\/\/testportal.maxipago.net\/vpos\/Login\">https:\/\/testportal.maxipago.net\/vpos\/Login<\/a><\/p>\n","protected":false},"excerpt":{"rendered":"<p>No Portal do Desenvolvedor Rede \u00e9 poss\u00edvel criar suas credenciais para utilizar no ambiente de homologa\u00e7\u00e3o (testes) da maxiPago!. Para isso, acesso o site https:\/\/developer.userede.com.br\/ e siga as instru\u00e7\u00f5es: Caso n\u00e3o tenha perfil para logar, ser\u00e1 necess\u00e1rio se cadastrar: Para utilizar o gateway, teremos que criar um projeto para gerar as credenciais do ambiente de [&hellip;]<\/p>\n","protected":false},"author":17,"featured_media":0,"parent":0,"menu_order":0,"comment_status":"closed","ping_status":"closed","template":"","meta":{"spay_email":"","footnotes":""},"yoast_head":"<!-- This site is optimized with the Yoast SEO plugin v16.2 - https:\/\/yoast.com\/wordpress\/plugins\/seo\/ -->\n<title>Autosservi\u00e7o para ambiente de teste (homolog) - Gateway Rede! Developers<\/title>\n<meta name=\"robots\" content=\"noindex, follow, max-snippet:-1, max-image-preview:large, max-video-preview:-1\" \/>\n<meta property=\"og:locale\" content=\"pt_BR\" \/>\n<meta property=\"og:type\" content=\"article\" \/>\n<meta property=\"og:title\" content=\"Autosservi\u00e7o para ambiente de teste (homolog) - Gateway Rede! Developers\" \/>\n<meta property=\"og:description\" content=\"No Portal do Desenvolvedor Rede \u00e9 poss\u00edvel criar suas credenciais para utilizar no ambiente de homologa\u00e7\u00e3o (testes) da maxiPago!. Para isso, acesso o site https:\/\/developer.userede.com.br\/ e siga as instru\u00e7\u00f5es: Caso n\u00e3o tenha perfil para logar, ser\u00e1 necess\u00e1rio se cadastrar: Para utilizar o gateway, teremos que criar um projeto para gerar as credenciais do ambiente de [&hellip;]\" \/>\n<meta property=\"og:url\" content=\"https:\/\/www.maxipago.com\/developers\/autosservico-para-ambiente-de-teste-homolog\/\" \/>\n<meta property=\"og:site_name\" content=\"Gateway Rede! Developers\" \/>\n<meta property=\"article:publisher\" content=\"https:\/\/www.facebook.com\/maxiPago-193308344142172\/?fref=ts\" \/>\n<meta property=\"article:modified_time\" content=\"2024-11-04T15:21:45+00:00\" \/>\n<meta property=\"og:image\" content=\"https:\/\/www.maxipago.com\/developers\/wp-content\/uploads\/2024\/09\/image.png\" \/>\n<meta name=\"twitter:card\" content=\"summary\" \/>\n<meta name=\"twitter:label1\" content=\"Est. tempo de leitura\">\n\t<meta name=\"twitter:data1\" content=\"3 minutos\">\n<script type=\"application\/ld+json\" class=\"yoast-schema-graph\">{\"@context\":\"https:\/\/schema.org\",\"@graph\":[{\"@type\":\"WebSite\",\"@id\":\"https:\/\/www.maxipago.com\/developers\/#website\",\"url\":\"https:\/\/www.maxipago.com\/developers\/\",\"name\":\"Gateway Rede! Developers\",\"description\":\"Portal de Desenvolvedores - Gateway Rede!\",\"potentialAction\":[{\"@type\":\"SearchAction\",\"target\":\"https:\/\/www.maxipago.com\/developers\/?s={search_term_string}\",\"query-input\":\"required name=search_term_string\"}],\"inLanguage\":\"pt-BR\"},{\"@type\":\"ImageObject\",\"@id\":\"https:\/\/www.maxipago.com\/developers\/autosservico-para-ambiente-de-teste-homolog\/#primaryimage\",\"inLanguage\":\"pt-BR\",\"url\":\"https:\/\/www.maxipago.com\/developers\/wp-content\/uploads\/2024\/09\/image.png\",\"contentUrl\":\"https:\/\/www.maxipago.com\/developers\/wp-content\/uploads\/2024\/09\/image.png\",\"width\":600,\"height\":215},{\"@type\":\"WebPage\",\"@id\":\"https:\/\/www.maxipago.com\/developers\/autosservico-para-ambiente-de-teste-homolog\/#webpage\",\"url\":\"https:\/\/www.maxipago.com\/developers\/autosservico-para-ambiente-de-teste-homolog\/\",\"name\":\"Autosservi\\u00e7o para ambiente de teste (homolog) - Gateway Rede! Developers\",\"isPartOf\":{\"@id\":\"https:\/\/www.maxipago.com\/developers\/#website\"},\"primaryImageOfPage\":{\"@id\":\"https:\/\/www.maxipago.com\/developers\/autosservico-para-ambiente-de-teste-homolog\/#primaryimage\"},\"datePublished\":\"2024-11-04T15:21:43+00:00\",\"dateModified\":\"2024-11-04T15:21:45+00:00\",\"breadcrumb\":{\"@id\":\"https:\/\/www.maxipago.com\/developers\/autosservico-para-ambiente-de-teste-homolog\/#breadcrumb\"},\"inLanguage\":\"pt-BR\",\"potentialAction\":[{\"@type\":\"ReadAction\",\"target\":[\"https:\/\/www.maxipago.com\/developers\/autosservico-para-ambiente-de-teste-homolog\/\"]}]},{\"@type\":\"BreadcrumbList\",\"@id\":\"https:\/\/www.maxipago.com\/developers\/autosservico-para-ambiente-de-teste-homolog\/#breadcrumb\",\"itemListElement\":[{\"@type\":\"ListItem\",\"position\":1,\"item\":{\"@type\":\"WebPage\",\"@id\":\"https:\/\/www.maxipago.com\/developers\/\",\"url\":\"https:\/\/www.maxipago.com\/developers\/\",\"name\":\"In\\u00edcio\"}},{\"@type\":\"ListItem\",\"position\":2,\"item\":{\"@id\":\"https:\/\/www.maxipago.com\/developers\/autosservico-para-ambiente-de-teste-homolog\/#webpage\"}}]}]}<\/script>\n<!-- \/ Yoast SEO plugin. -->","_links":{"self":[{"href":"https:\/\/www.maxipago.com\/developers\/wp-json\/wp\/v2\/pages\/4111"}],"collection":[{"href":"https:\/\/www.maxipago.com\/developers\/wp-json\/wp\/v2\/pages"}],"about":[{"href":"https:\/\/www.maxipago.com\/developers\/wp-json\/wp\/v2\/types\/page"}],"author":[{"embeddable":true,"href":"https:\/\/www.maxipago.com\/developers\/wp-json\/wp\/v2\/users\/17"}],"replies":[{"embeddable":true,"href":"https:\/\/www.maxipago.com\/developers\/wp-json\/wp\/v2\/comments?post=4111"}],"version-history":[{"count":5,"href":"https:\/\/www.maxipago.com\/developers\/wp-json\/wp\/v2\/pages\/4111\/revisions"}],"predecessor-version":[{"id":4232,"href":"https:\/\/www.maxipago.com\/developers\/wp-json\/wp\/v2\/pages\/4111\/revisions\/4232"}],"wp:attachment":[{"href":"https:\/\/www.maxipago.com\/developers\/wp-json\/wp\/v2\/media?parent=4111"}],"curies":[{"name":"wp","href":"https:\/\/api.w.org\/{rel}","templated":true}]}}