{"id":4368,"date":"2025-02-07T22:18:23","date_gmt":"2025-02-08T01:18:23","guid":{"rendered":"https:\/\/www.maxipago.com\/developers\/?page_id=4368"},"modified":"2025-02-07T22:18:25","modified_gmt":"2025-02-08T01:18:25","slug":"relatorios","status":"publish","type":"page","link":"https:\/\/www.maxipago.com\/developers\/relatorios\/","title":{"rendered":"Relat\u00f3rios"},"content":{"rendered":"\n<h3 class=\"wp-block-heading\"><strong><mark style=\"background-color:rgba(0, 0, 0, 0)\" class=\"has-inline-color has-colibri-color-2-color\">1.1 Relat\u00f3rio de Transa\u00e7\u00f5es<\/mark><\/strong><\/h3>\n\n\n\n<p>O Portal da maxiPago! disponibiliza ao lojista a possibilidade de obter um relat\u00f3rio de suas<br>transa\u00e7\u00f5es.<\/p>\n\n\n\n<figure class=\"wp-block-image size-large\"><img decoding=\"async\" width=\"1024\" height=\"438\" src=\"https:\/\/www.maxipago.com\/developers\/wp-content\/uploads\/2025\/02\/image-1-1024x438.png\" alt=\"\" class=\"wp-image-4370\" srcset=\"https:\/\/www.maxipago.com\/developers\/wp-content\/uploads\/2025\/02\/image-1-1024x438.png 1024w, https:\/\/www.maxipago.com\/developers\/wp-content\/uploads\/2025\/02\/image-1-300x128.png 300w, https:\/\/www.maxipago.com\/developers\/wp-content\/uploads\/2025\/02\/image-1-768x329.png 768w, https:\/\/www.maxipago.com\/developers\/wp-content\/uploads\/2025\/02\/image-1.png 1180w\" sizes=\"(max-width: 1024px) 100vw, 1024px\" \/><\/figure>\n\n\n\n<ul>\n<li>Clique em &#8220;<strong>Relat\u00f3rios<\/strong>&#8220;<\/li>\n\n\n\n<li>Clique em &#8220;<strong>Transa\u00e7\u00f5es<\/strong>&#8220;<\/li>\n<\/ul>\n\n\n\n<div style=\"height:27px\" aria-hidden=\"true\" class=\"wp-block-spacer\"><\/div>\n\n\n\n<figure class=\"wp-block-image size-large\"><img decoding=\"async\" width=\"1024\" height=\"418\" src=\"https:\/\/www.maxipago.com\/developers\/wp-content\/uploads\/2025\/02\/image-2-1024x418.png\" alt=\"\" class=\"wp-image-4371\" srcset=\"https:\/\/www.maxipago.com\/developers\/wp-content\/uploads\/2025\/02\/image-2-1024x418.png 1024w, https:\/\/www.maxipago.com\/developers\/wp-content\/uploads\/2025\/02\/image-2-300x122.png 300w, https:\/\/www.maxipago.com\/developers\/wp-content\/uploads\/2025\/02\/image-2-768x314.png 768w, https:\/\/www.maxipago.com\/developers\/wp-content\/uploads\/2025\/02\/image-2.png 1166w\" sizes=\"(max-width: 1024px) 100vw, 1024px\" \/><\/figure>\n\n\n\n<div style=\"height:24px\" aria-hidden=\"true\" class=\"wp-block-spacer\"><\/div>\n\n\n\n<ul>\n<li>No campo &#8220;<strong>Mostrar opera\u00e7\u00f5es<\/strong>&#8221; selecione &#8220;<strong>Todas<\/strong>&#8221; ou &#8220;<strong>Somente as selecionadas<\/strong>&#8220;:<\/li>\n<\/ul>\n\n\n\n<div style=\"height:27px\" aria-hidden=\"true\" class=\"wp-block-spacer\"><\/div>\n\n\n\n<figure class=\"wp-block-image size-large\"><img decoding=\"async\" width=\"1024\" height=\"422\" src=\"https:\/\/www.maxipago.com\/developers\/wp-content\/uploads\/2025\/02\/image-3-1024x422.png\" alt=\"\" class=\"wp-image-4372\" srcset=\"https:\/\/www.maxipago.com\/developers\/wp-content\/uploads\/2025\/02\/image-3-1024x422.png 1024w, https:\/\/www.maxipago.com\/developers\/wp-content\/uploads\/2025\/02\/image-3-300x124.png 300w, https:\/\/www.maxipago.com\/developers\/wp-content\/uploads\/2025\/02\/image-3-768x317.png 768w, https:\/\/www.maxipago.com\/developers\/wp-content\/uploads\/2025\/02\/image-3.png 1166w\" sizes=\"(max-width: 1024px) 100vw, 1024px\" \/><\/figure>\n\n\n\n<ul>\n<li>Se optar por localizar \u201c<strong>Somente as selecionadas<\/strong>\u201d, n\u00e3o se esque\u00e7a de marcar os campos indicados em vermelho na imagem acima que correspondam a sua busca:<\/li>\n<\/ul>\n\n\n\n<div style=\"height:26px\" aria-hidden=\"true\" class=\"wp-block-spacer\"><\/div>\n\n\n\n<figure class=\"wp-block-image size-large\"><img decoding=\"async\" width=\"1024\" height=\"426\" src=\"https:\/\/www.maxipago.com\/developers\/wp-content\/uploads\/2025\/02\/image-4-1024x426.png\" alt=\"\" class=\"wp-image-4373\" srcset=\"https:\/\/www.maxipago.com\/developers\/wp-content\/uploads\/2025\/02\/image-4-1024x426.png 1024w, https:\/\/www.maxipago.com\/developers\/wp-content\/uploads\/2025\/02\/image-4-300x125.png 300w, https:\/\/www.maxipago.com\/developers\/wp-content\/uploads\/2025\/02\/image-4-768x319.png 768w, https:\/\/www.maxipago.com\/developers\/wp-content\/uploads\/2025\/02\/image-4.png 1164w\" sizes=\"(max-width: 1024px) 100vw, 1024px\" \/><\/figure>\n\n\n\n<ul>\n<li>Em \u201c<strong>Mostrar Datas<\/strong>\u201d selecione o per\u00edodo de busca:<\/li>\n<\/ul>\n\n\n\n<div style=\"height:24px\" aria-hidden=\"true\" class=\"wp-block-spacer\"><\/div>\n\n\n\n<figure class=\"wp-block-image size-large\"><img decoding=\"async\" width=\"1024\" height=\"415\" src=\"https:\/\/www.maxipago.com\/developers\/wp-content\/uploads\/2025\/02\/image-5-1024x415.png\" alt=\"\" class=\"wp-image-4374\" srcset=\"https:\/\/www.maxipago.com\/developers\/wp-content\/uploads\/2025\/02\/image-5-1024x415.png 1024w, https:\/\/www.maxipago.com\/developers\/wp-content\/uploads\/2025\/02\/image-5-300x122.png 300w, https:\/\/www.maxipago.com\/developers\/wp-content\/uploads\/2025\/02\/image-5-768x311.png 768w, https:\/\/www.maxipago.com\/developers\/wp-content\/uploads\/2025\/02\/image-5.png 1180w\" sizes=\"(max-width: 1024px) 100vw, 1024px\" \/><\/figure>\n\n\n\n<div style=\"height:13px\" aria-hidden=\"true\" class=\"wp-block-spacer\"><\/div>\n\n\n\n<ul>\n<li>Clique em \u201c<strong>Gerar relat\u00f3rio<\/strong>\u201d:<\/li>\n<\/ul>\n\n\n\n<div style=\"height:22px\" aria-hidden=\"true\" class=\"wp-block-spacer\"><\/div>\n\n\n\n<figure class=\"wp-block-image size-large\"><img decoding=\"async\" width=\"1024\" height=\"402\" src=\"https:\/\/www.maxipago.com\/developers\/wp-content\/uploads\/2025\/02\/image-6-1024x402.png\" alt=\"\" class=\"wp-image-4375\" srcset=\"https:\/\/www.maxipago.com\/developers\/wp-content\/uploads\/2025\/02\/image-6-1024x402.png 1024w, https:\/\/www.maxipago.com\/developers\/wp-content\/uploads\/2025\/02\/image-6-300x118.png 300w, https:\/\/www.maxipago.com\/developers\/wp-content\/uploads\/2025\/02\/image-6-768x302.png 768w, https:\/\/www.maxipago.com\/developers\/wp-content\/uploads\/2025\/02\/image-6.png 1219w\" sizes=\"(max-width: 1024px) 100vw, 1024px\" \/><\/figure>\n\n\n\n<p>Caso o lojista possua o sistema de hierarquia configurado, a loja matriz, se desejar, ter\u00e1 acesso aos dados<br>das transa\u00e7\u00f5es realizadas pelas suas filiais.<\/p>\n\n\n\n<p><br>Para isso, basta selecionar o tipo de relat\u00f3rio que deseja > depois na op\u00e7\u00e3o destacada no box, escolher<br>entre: \u201cselecionar todas\u201d ou \u201cclicar sobre a loja desejada\u201d > depois finalize clicando no bot\u00e3o \u201cGerar<br>Relat\u00f3rio\u201d.<\/p>\n\n\n\n<p><\/p>\n\n\n\n<p><\/p>\n\n\n\n<p><\/p>\n\n\n\n<p><\/p>\n\n\n\n<p><\/p>\n\n\n\n<p><\/p>\n\n\n\n<p><\/p>\n\n\n\n<p><\/p>\n\n\n\n<p><\/p>\n\n\n\n<p><\/p>\n\n\n\n<p><\/p>\n\n\n\n<p><\/p>\n\n\n\n<p><\/p>\n\n\n\n<p><\/p>\n\n\n\n<p><\/p>\n\n\n\n<p><\/p>\n\n\n\n<p><\/p>\n\n\n\n<p><\/p>\n\n\n\n<p><\/p>\n\n\n\n<p><\/p>\n\n\n\n<p><\/p>\n\n\n\n<p><\/p>\n\n\n\n<p><\/p>\n\n\n\n<p><\/p>\n\n\n\n<p><\/p>\n\n\n\n<p><\/p>\n\n\n\n<p><\/p>\n\n\n\n<p><\/p>\n\n\n\n<p><\/p>\n\n\n\n<p><\/p>\n\n\n\n<p><\/p>\n\n\n\n<p><\/p>\n\n\n\n<p><\/p>\n\n\n\n<p><\/p>\n\n\n\n<p><\/p>\n\n\n\n<p><\/p>\n\n\n\n<p><\/p>\n\n\n\n<p><\/p>\n","protected":false},"excerpt":{"rendered":"<p>1.1 Relat\u00f3rio de Transa\u00e7\u00f5es O Portal da maxiPago! disponibiliza ao lojista a possibilidade de obter um relat\u00f3rio de suastransa\u00e7\u00f5es. Caso o lojista possua o sistema de hierarquia configurado, a loja matriz, se desejar, ter\u00e1 acesso aos dadosdas transa\u00e7\u00f5es realizadas pelas suas filiais. Para isso, basta selecionar o tipo de relat\u00f3rio que deseja > depois na [&hellip;]<\/p>\n","protected":false},"author":9,"featured_media":0,"parent":0,"menu_order":0,"comment_status":"closed","ping_status":"closed","template":"","meta":{"spay_email":"","footnotes":""},"yoast_head":"<!-- This site is optimized with the Yoast SEO plugin v16.2 - https:\/\/yoast.com\/wordpress\/plugins\/seo\/ -->\n<title>Relat\u00f3rios - Gateway Rede! Developers<\/title>\n<meta name=\"robots\" content=\"noindex, follow, max-snippet:-1, max-image-preview:large, max-video-preview:-1\" \/>\n<meta property=\"og:locale\" content=\"pt_BR\" \/>\n<meta property=\"og:type\" content=\"article\" \/>\n<meta property=\"og:title\" content=\"Relat\u00f3rios - Gateway Rede! Developers\" \/>\n<meta property=\"og:description\" content=\"1.1 Relat\u00f3rio de Transa\u00e7\u00f5es O Portal da maxiPago! disponibiliza ao lojista a possibilidade de obter um relat\u00f3rio de suastransa\u00e7\u00f5es. Caso o lojista possua o sistema de hierarquia configurado, a loja matriz, se desejar, ter\u00e1 acesso aos dadosdas transa\u00e7\u00f5es realizadas pelas suas filiais. Para isso, basta selecionar o tipo de relat\u00f3rio que deseja &gt; depois na [&hellip;]\" \/>\n<meta property=\"og:url\" content=\"https:\/\/www.maxipago.com\/developers\/relatorios\/\" \/>\n<meta property=\"og:site_name\" content=\"Gateway Rede! Developers\" \/>\n<meta property=\"article:publisher\" content=\"https:\/\/www.facebook.com\/maxiPago-193308344142172\/?fref=ts\" \/>\n<meta property=\"article:modified_time\" content=\"2025-02-08T01:18:25+00:00\" \/>\n<meta property=\"og:image\" content=\"https:\/\/www.maxipago.com\/developers\/wp-content\/uploads\/2025\/02\/image-1-1024x438.png\" \/>\n<meta name=\"twitter:card\" content=\"summary\" \/>\n<meta name=\"twitter:label1\" content=\"Est. tempo de leitura\">\n\t<meta name=\"twitter:data1\" content=\"2 minutos\">\n<script type=\"application\/ld+json\" class=\"yoast-schema-graph\">{\"@context\":\"https:\/\/schema.org\",\"@graph\":[{\"@type\":\"WebSite\",\"@id\":\"https:\/\/www.maxipago.com\/developers\/#website\",\"url\":\"https:\/\/www.maxipago.com\/developers\/\",\"name\":\"Gateway Rede! Developers\",\"description\":\"Portal de Desenvolvedores - Gateway Rede!\",\"potentialAction\":[{\"@type\":\"SearchAction\",\"target\":\"https:\/\/www.maxipago.com\/developers\/?s={search_term_string}\",\"query-input\":\"required name=search_term_string\"}],\"inLanguage\":\"pt-BR\"},{\"@type\":\"ImageObject\",\"@id\":\"https:\/\/www.maxipago.com\/developers\/relatorios\/#primaryimage\",\"inLanguage\":\"pt-BR\",\"url\":\"https:\/\/www.maxipago.com\/developers\/wp-content\/uploads\/2025\/02\/image-1.png\",\"contentUrl\":\"https:\/\/www.maxipago.com\/developers\/wp-content\/uploads\/2025\/02\/image-1.png\",\"width\":1180,\"height\":505},{\"@type\":\"WebPage\",\"@id\":\"https:\/\/www.maxipago.com\/developers\/relatorios\/#webpage\",\"url\":\"https:\/\/www.maxipago.com\/developers\/relatorios\/\",\"name\":\"Relat\\u00f3rios - Gateway Rede! Developers\",\"isPartOf\":{\"@id\":\"https:\/\/www.maxipago.com\/developers\/#website\"},\"primaryImageOfPage\":{\"@id\":\"https:\/\/www.maxipago.com\/developers\/relatorios\/#primaryimage\"},\"datePublished\":\"2025-02-08T01:18:23+00:00\",\"dateModified\":\"2025-02-08T01:18:25+00:00\",\"breadcrumb\":{\"@id\":\"https:\/\/www.maxipago.com\/developers\/relatorios\/#breadcrumb\"},\"inLanguage\":\"pt-BR\",\"potentialAction\":[{\"@type\":\"ReadAction\",\"target\":[\"https:\/\/www.maxipago.com\/developers\/relatorios\/\"]}]},{\"@type\":\"BreadcrumbList\",\"@id\":\"https:\/\/www.maxipago.com\/developers\/relatorios\/#breadcrumb\",\"itemListElement\":[{\"@type\":\"ListItem\",\"position\":1,\"item\":{\"@type\":\"WebPage\",\"@id\":\"https:\/\/www.maxipago.com\/developers\/\",\"url\":\"https:\/\/www.maxipago.com\/developers\/\",\"name\":\"In\\u00edcio\"}},{\"@type\":\"ListItem\",\"position\":2,\"item\":{\"@id\":\"https:\/\/www.maxipago.com\/developers\/relatorios\/#webpage\"}}]}]}<\/script>\n<!-- \/ Yoast SEO plugin. -->","_links":{"self":[{"href":"https:\/\/www.maxipago.com\/developers\/wp-json\/wp\/v2\/pages\/4368"}],"collection":[{"href":"https:\/\/www.maxipago.com\/developers\/wp-json\/wp\/v2\/pages"}],"about":[{"href":"https:\/\/www.maxipago.com\/developers\/wp-json\/wp\/v2\/types\/page"}],"author":[{"embeddable":true,"href":"https:\/\/www.maxipago.com\/developers\/wp-json\/wp\/v2\/users\/9"}],"replies":[{"embeddable":true,"href":"https:\/\/www.maxipago.com\/developers\/wp-json\/wp\/v2\/comments?post=4368"}],"version-history":[{"count":1,"href":"https:\/\/www.maxipago.com\/developers\/wp-json\/wp\/v2\/pages\/4368\/revisions"}],"predecessor-version":[{"id":4376,"href":"https:\/\/www.maxipago.com\/developers\/wp-json\/wp\/v2\/pages\/4368\/revisions\/4376"}],"wp:attachment":[{"href":"https:\/\/www.maxipago.com\/developers\/wp-json\/wp\/v2\/media?parent=4368"}],"curies":[{"name":"wp","href":"https:\/\/api.w.org\/{rel}","templated":true}]}}